{"id":18638,"date":"2025-10-31T19:45:38","date_gmt":"2025-10-31T18:45:38","guid":{"rendered":"https:\/\/rakosliget.hu\/wordpress\/?page_id=18638"},"modified":"2026-01-17T17:43:31","modified_gmt":"2026-01-17T16:43:31","slug":"penzintezetek","status":"publish","type":"page","link":"https:\/\/rakosliget.hu\/wordpress\/index.php\/penzintezetek\/","title":{"rendered":"P\u00c9NZINT\u00c9ZETEK"},"content":{"rendered":"\n<p><a href=\"https:\/\/rakosliget.hu\/wordpress\/index.php\/rakosligeti-takarek-mint-szovetkezet\/\">R\u00c1KOSLIGETI TAKAR\u00c9KP\u00c9NZT\u00c1R mint sz\u00f6vetkezet<\/a><\/p>\n\n\n\n<p><a href=\"https:\/\/rakosliget.hu\/wordpress\/index.php\/rakosvideki-takarekpenztar-mint-szovetkezet-rakosliget\/\">R\u00c1KOSLIGETI SEG\u00c9LYEZ\u0150 SZ\u00d6VETKEZET<\/a><\/p>\n\n\n\n<p><a href=\"https:\/\/rakosliget.hu\/wordpress\/index.php\/takarekpenztar\/\">TAKAR\u00c9KP\u00c9NZT\u00c1R<\/a><\/p>\n\n\n\n<p><a href=\"https:\/\/rakosliget.hu\/wordpress\/index.php\/rakosligeti-takarekpenztar-rt\/\">R\u00c1KOSLIGETI TAKAR\u00c9KP\u00c9NZT\u00c1R Rt.<\/a><\/p>\n\n\n\n<p><\/p>\n","protected":false},"excerpt":{"rendered":"<p>R\u00c1KOSLIGETI TAKAR\u00c9KP\u00c9NZT\u00c1R mint sz\u00f6vetkezet R\u00c1KOSLIGETI SEG\u00c9LYEZ\u0150 SZ\u00d6VETKEZET TAKAR\u00c9KP\u00c9NZT\u00c1R R\u00c1KOSLIGETI TAKAR\u00c9KP\u00c9NZT\u00c1R Rt.<\/p>\n","protected":false},"author":1,"featured_media":0,"parent":0,"menu_order":0,"comment_status":"closed","ping_status":"closed","template":"","meta":{"footnotes":""},"class_list":["post-18638","page","type-page","status-publish","hentry"],"_links":{"self":[{"href":"https:\/\/rakosliget.hu\/wordpress\/index.php\/wp-json\/wp\/v2\/pages\/18638","targetHints":{"allow":["GET"]}}],"collection":[{"href":"https:\/\/rakosliget.hu\/wordpress\/index.php\/wp-json\/wp\/v2\/pages"}],"about":[{"href":"https:\/\/rakosliget.hu\/wordpress\/index.php\/wp-json\/wp\/v2\/types\/page"}],"author":[{"embeddable":true,"href":"https:\/\/rakosliget.hu\/wordpress\/index.php\/wp-json\/wp\/v2\/users\/1"}],"replies":[{"embeddable":true,"href":"https:\/\/rakosliget.hu\/wordpress\/index.php\/wp-json\/wp\/v2\/comments?post=18638"}],"version-history":[{"count":7,"href":"https:\/\/rakosliget.hu\/wordpress\/index.php\/wp-json\/wp\/v2\/pages\/18638\/revisions"}],"predecessor-version":[{"id":21811,"href":"https:\/\/rakosliget.hu\/wordpress\/index.php\/wp-json\/wp\/v2\/pages\/18638\/revisions\/21811"}],"wp:attachment":[{"href":"https:\/\/rakosliget.hu\/wordpress\/index.php\/wp-json\/wp\/v2\/media?parent=18638"}],"curies":[{"name":"wp","href":"https:\/\/api.w.org\/{rel}","templated":true}]}}