{"id":18634,"date":"2025-10-31T19:43:52","date_gmt":"2025-10-31T18:43:52","guid":{"rendered":"https:\/\/rakosliget.hu\/wordpress\/?page_id=18634"},"modified":"2026-01-17T17:29:08","modified_gmt":"2026-01-17T16:29:08","slug":"rakosligeti-takarek-mint-szovetkezet","status":"publish","type":"page","link":"https:\/\/rakosliget.hu\/wordpress\/index.php\/rakosligeti-takarek-mint-szovetkezet\/","title":{"rendered":"R\u00c1KOSLIGETI  TAKAR\u00c9KP\u00c9NZT\u00c1R mint sz\u00f6vetkezet"},"content":{"rendered":"\n<h3 class=\"wp-block-heading\"><a href=\"https:\/\/rakosliget.hu\/wordpress\/index.php\/penzintezetek\/\">VISSZA A P\u00c9NZINT\u00c9ZETEK LAPRA<\/a><\/h3>\n\n\n\n<p>R\u00e1kosvid\u00e9ki Takar\u00e9kp\u00e9nzt\u00e1r mint Sz\u00f6vetkezet, R\u00e1kosliget. 1906.<\/p>\n\n\n\n<p>Forr\u00e1s: Magyarorsz\u00e1g tiszti c\u00edm- \u00e9s n\u00e9vt\u00e1ra &#8211; 25. \u00e9vfolyam, 1906, 1908<\/p>\n\n\n\n<h2 class=\"wp-block-heading\">1912<\/h2>\n\n\n<div class=\"wp-block-image\">\n<figure class=\"aligncenter size-full\"><img loading=\"lazy\" decoding=\"async\" width=\"1473\" height=\"213\" src=\"https:\/\/rakosliget.hu\/wordpress\/wp-content\/uploads\/2025\/10\/takarek-szovetkezet-1912.jpg\" alt=\"\" class=\"wp-image-18632\" srcset=\"https:\/\/rakosliget.hu\/wordpress\/wp-content\/uploads\/2025\/10\/takarek-szovetkezet-1912.jpg 1473w, https:\/\/rakosliget.hu\/wordpress\/wp-content\/uploads\/2025\/10\/takarek-szovetkezet-1912-300x43.jpg 300w, https:\/\/rakosliget.hu\/wordpress\/wp-content\/uploads\/2025\/10\/takarek-szovetkezet-1912-768x111.jpg 768w\" sizes=\"auto, (max-width: 1473px) 100vw, 1473px\" \/><figcaption class=\"wp-element-caption\">Forr\u00e1s: Magyar Compass 401. (1912)III. Hitelsz\u00f6vetkezetek Magyarorsz\u00e1gon<\/figcaption><\/figure>\n<\/div>\n\n\n<h2 class=\"wp-block-heading\">1913<\/h2>\n\n\n<div class=\"wp-block-image\">\n<figure class=\"aligncenter size-full\"><img loading=\"lazy\" decoding=\"async\" width=\"1463\" height=\"191\" src=\"https:\/\/rakosliget.hu\/wordpress\/wp-content\/uploads\/2025\/11\/takarek-szovetkezet-1913.jpg\" alt=\"\" class=\"wp-image-18673\" srcset=\"https:\/\/rakosliget.hu\/wordpress\/wp-content\/uploads\/2025\/11\/takarek-szovetkezet-1913.jpg 1463w, https:\/\/rakosliget.hu\/wordpress\/wp-content\/uploads\/2025\/11\/takarek-szovetkezet-1913-300x39.jpg 300w, https:\/\/rakosliget.hu\/wordpress\/wp-content\/uploads\/2025\/11\/takarek-szovetkezet-1913-768x100.jpg 768w\" sizes=\"auto, (max-width: 1463px) 100vw, 1463px\" \/><figcaption class=\"wp-element-caption\">Forr\u00e1s: Magyar Compass 1913<\/figcaption><\/figure>\n<\/div>\n\n\n<h2 class=\"wp-block-heading\">1914<\/h2>\n\n\n<div class=\"wp-block-image\">\n<figure class=\"aligncenter size-full\"><img loading=\"lazy\" decoding=\"async\" width=\"1388\" height=\"160\" src=\"https:\/\/rakosliget.hu\/wordpress\/wp-content\/uploads\/2025\/11\/takarek-szovetkezet-1914.jpg\" alt=\"\" class=\"wp-image-18675\" srcset=\"https:\/\/rakosliget.hu\/wordpress\/wp-content\/uploads\/2025\/11\/takarek-szovetkezet-1914.jpg 1388w, https:\/\/rakosliget.hu\/wordpress\/wp-content\/uploads\/2025\/11\/takarek-szovetkezet-1914-300x35.jpg 300w, https:\/\/rakosliget.hu\/wordpress\/wp-content\/uploads\/2025\/11\/takarek-szovetkezet-1914-768x89.jpg 768w\" sizes=\"auto, (max-width: 1388px) 100vw, 1388px\" \/><figcaption class=\"wp-element-caption\">Forr\u00e1s: Magyar Compass 1914<\/figcaption><\/figure>\n<\/div>\n\n\n<h2 class=\"wp-block-heading\">1915<\/h2>\n\n\n\n<figure class=\"wp-block-image size-full\"><img loading=\"lazy\" decoding=\"async\" width=\"1430\" height=\"156\" src=\"https:\/\/rakosliget.hu\/wordpress\/wp-content\/uploads\/2025\/11\/takarek-mint-szovetkezet-1915.jpg\" alt=\"\" class=\"wp-image-18693\" srcset=\"https:\/\/rakosliget.hu\/wordpress\/wp-content\/uploads\/2025\/11\/takarek-mint-szovetkezet-1915.jpg 1430w, https:\/\/rakosliget.hu\/wordpress\/wp-content\/uploads\/2025\/11\/takarek-mint-szovetkezet-1915-300x33.jpg 300w, https:\/\/rakosliget.hu\/wordpress\/wp-content\/uploads\/2025\/11\/takarek-mint-szovetkezet-1915-768x84.jpg 768w\" sizes=\"auto, (max-width: 1430px) 100vw, 1430px\" \/><figcaption class=\"wp-element-caption\">Forr\u00e1s: Magyar Compass 1915<\/figcaption><\/figure>\n\n\n\n<h2 class=\"wp-block-heading\">1916<\/h2>\n\n\n<div class=\"wp-block-image\">\n<figure class=\"aligncenter size-full\"><img loading=\"lazy\" decoding=\"async\" width=\"1424\" height=\"185\" src=\"https:\/\/rakosliget.hu\/wordpress\/wp-content\/uploads\/2025\/11\/takarek-mint-szovetkezet-1916.jpg\" alt=\"\" class=\"wp-image-18710\" srcset=\"https:\/\/rakosliget.hu\/wordpress\/wp-content\/uploads\/2025\/11\/takarek-mint-szovetkezet-1916.jpg 1424w, https:\/\/rakosliget.hu\/wordpress\/wp-content\/uploads\/2025\/11\/takarek-mint-szovetkezet-1916-300x39.jpg 300w, https:\/\/rakosliget.hu\/wordpress\/wp-content\/uploads\/2025\/11\/takarek-mint-szovetkezet-1916-768x100.jpg 768w\" sizes=\"auto, (max-width: 1424px) 100vw, 1424px\" \/><figcaption class=\"wp-element-caption\">Forr\u00e1s: Magyar Compass 1916<\/figcaption><\/figure>\n<\/div>\n\n\n<h2 class=\"wp-block-heading\">1920<\/h2>\n\n\n<div class=\"wp-block-image\">\n<figure class=\"aligncenter size-full\"><img loading=\"lazy\" decoding=\"async\" width=\"1455\" height=\"208\" src=\"https:\/\/rakosliget.hu\/wordpress\/wp-content\/uploads\/2025\/11\/Takarek-mint-szovetkezet-1920.jpg\" alt=\"\" class=\"wp-image-18726\" srcset=\"https:\/\/rakosliget.hu\/wordpress\/wp-content\/uploads\/2025\/11\/Takarek-mint-szovetkezet-1920.jpg 1455w, https:\/\/rakosliget.hu\/wordpress\/wp-content\/uploads\/2025\/11\/Takarek-mint-szovetkezet-1920-300x43.jpg 300w, https:\/\/rakosliget.hu\/wordpress\/wp-content\/uploads\/2025\/11\/Takarek-mint-szovetkezet-1920-768x110.jpg 768w\" sizes=\"auto, (max-width: 1455px) 100vw, 1455px\" \/><figcaption class=\"wp-element-caption\">Forr\u00e1s: Magyar Compass 1920<\/figcaption><\/figure>\n<\/div>\n\n\n<p><a href=\"https:\/\/rakosliget.hu\/wordpress\/index.php\/penzintezetek\/\">VISSZA A P\u00c9NZINT\u00c9ZETEK LAPRA<\/a><\/p>\n","protected":false},"excerpt":{"rendered":"<p>VISSZA A P\u00c9NZINT\u00c9ZETEK LAPRA R\u00e1kosvid\u00e9ki Takar\u00e9kp\u00e9nzt\u00e1r mint Sz\u00f6vetkezet, R\u00e1kosliget. 1906. Forr\u00e1s: Magyarorsz\u00e1g tiszti c\u00edm- \u00e9s n\u00e9vt\u00e1ra &#8211; 25. \u00e9vfolyam, 1906, 1908 1912 1913 1914 1915 1916 1920 VISSZA A P\u00c9NZINT\u00c9ZETEK LAPRA<\/p>\n","protected":false},"author":1,"featured_media":0,"parent":0,"menu_order":0,"comment_status":"closed","ping_status":"closed","template":"","meta":{"footnotes":""},"class_list":["post-18634","page","type-page","status-publish","hentry"],"_links":{"self":[{"href":"https:\/\/rakosliget.hu\/wordpress\/index.php\/wp-json\/wp\/v2\/pages\/18634","targetHints":{"allow":["GET"]}}],"collection":[{"href":"https:\/\/rakosliget.hu\/wordpress\/index.php\/wp-json\/wp\/v2\/pages"}],"about":[{"href":"https:\/\/rakosliget.hu\/wordpress\/index.php\/wp-json\/wp\/v2\/types\/page"}],"author":[{"embeddable":true,"href":"https:\/\/rakosliget.hu\/wordpress\/index.php\/wp-json\/wp\/v2\/users\/1"}],"replies":[{"embeddable":true,"href":"https:\/\/rakosliget.hu\/wordpress\/index.php\/wp-json\/wp\/v2\/comments?post=18634"}],"version-history":[{"count":12,"href":"https:\/\/rakosliget.hu\/wordpress\/index.php\/wp-json\/wp\/v2\/pages\/18634\/revisions"}],"predecessor-version":[{"id":21802,"href":"https:\/\/rakosliget.hu\/wordpress\/index.php\/wp-json\/wp\/v2\/pages\/18634\/revisions\/21802"}],"wp:attachment":[{"href":"https:\/\/rakosliget.hu\/wordpress\/index.php\/wp-json\/wp\/v2\/media?parent=18634"}],"curies":[{"name":"wp","href":"https:\/\/api.w.org\/{rel}","templated":true}]}}