{"id":18471,"date":"2025-10-25T17:30:32","date_gmt":"2025-10-25T16:30:32","guid":{"rendered":"https:\/\/rakosliget.hu\/wordpress\/?page_id=18471"},"modified":"2025-10-25T17:39:48","modified_gmt":"2025-10-25T16:39:48","slug":"mai-nap","status":"publish","type":"page","link":"https:\/\/rakosliget.hu\/wordpress\/index.php\/mai-nap\/","title":{"rendered":"MAI NAP"},"content":{"rendered":"\n<figure class=\"wp-block-image size-full\"><img loading=\"lazy\" decoding=\"async\" width=\"1195\" height=\"1062\" src=\"https:\/\/rakosliget.hu\/wordpress\/wp-content\/uploads\/2025\/10\/logo-3.jpg\" alt=\"\" class=\"wp-image-18470\" srcset=\"https:\/\/rakosliget.hu\/wordpress\/wp-content\/uploads\/2025\/10\/logo-3.jpg 1195w, https:\/\/rakosliget.hu\/wordpress\/wp-content\/uploads\/2025\/10\/logo-3-300x267.jpg 300w, https:\/\/rakosliget.hu\/wordpress\/wp-content\/uploads\/2025\/10\/logo-3-768x683.jpg 768w\" sizes=\"auto, (max-width: 1195px) 100vw, 1195px\" \/><\/figure>\n\n\n\n<h2 class=\"wp-block-heading\">1994<\/h2>\n\n\n\n<figure class=\"wp-block-image size-full\"><img loading=\"lazy\" decoding=\"async\" width=\"1050\" height=\"2013\" src=\"https:\/\/rakosliget.hu\/wordpress\/wp-content\/uploads\/2025\/10\/Csatornazas.jpg\" alt=\"\" class=\"wp-image-18476\" srcset=\"https:\/\/rakosliget.hu\/wordpress\/wp-content\/uploads\/2025\/10\/Csatornazas.jpg 1050w, https:\/\/rakosliget.hu\/wordpress\/wp-content\/uploads\/2025\/10\/Csatornazas-156x300.jpg 156w, https:\/\/rakosliget.hu\/wordpress\/wp-content\/uploads\/2025\/10\/Csatornazas-768x1472.jpg 768w, https:\/\/rakosliget.hu\/wordpress\/wp-content\/uploads\/2025\/10\/Csatornazas-801x1536.jpg 801w\" sizes=\"auto, (max-width: 1050px) 100vw, 1050px\" \/><figcaption class=\"wp-element-caption\">1994. febru\u00e1r 15. Csatorn\u00e1z\u00e1s.<\/figcaption><\/figure>\n\n\n\n<h2 class=\"wp-block-heading\">1997<\/h2>\n\n\n<div class=\"wp-block-image\">\n<figure class=\"aligncenter size-full\"><img loading=\"lazy\" decoding=\"async\" width=\"465\" height=\"1077\" src=\"https:\/\/rakosliget.hu\/wordpress\/wp-content\/uploads\/2025\/10\/Vasuti-baleset.jpg\" alt=\"\" class=\"wp-image-18479\" srcset=\"https:\/\/rakosliget.hu\/wordpress\/wp-content\/uploads\/2025\/10\/Vasuti-baleset.jpg 465w, https:\/\/rakosliget.hu\/wordpress\/wp-content\/uploads\/2025\/10\/Vasuti-baleset-130x300.jpg 130w\" sizes=\"auto, (max-width: 465px) 100vw, 465px\" \/><figcaption class=\"wp-element-caption\">1997. szeptember 7. Vas\u00fati baleset R\u00e1kosligeten.<\/figcaption><\/figure>\n<\/div>\n\n\n<p><a href=\"https:\/\/rakosliget.hu\/wordpress\/index.php\/sajto-1950-2\/\">VISSZA a SAJT\u00d3 1950 &#8211; lapra<\/a><\/p>\n\n\n\n<p><\/p>\n","protected":false},"excerpt":{"rendered":"<p>1994 1997 VISSZA a SAJT\u00d3 1950 &#8211; lapra<\/p>\n","protected":false},"author":1,"featured_media":0,"parent":0,"menu_order":0,"comment_status":"closed","ping_status":"closed","template":"","meta":{"footnotes":""},"class_list":["post-18471","page","type-page","status-publish","hentry"],"_links":{"self":[{"href":"https:\/\/rakosliget.hu\/wordpress\/index.php\/wp-json\/wp\/v2\/pages\/18471","targetHints":{"allow":["GET"]}}],"collection":[{"href":"https:\/\/rakosliget.hu\/wordpress\/index.php\/wp-json\/wp\/v2\/pages"}],"about":[{"href":"https:\/\/rakosliget.hu\/wordpress\/index.php\/wp-json\/wp\/v2\/types\/page"}],"author":[{"embeddable":true,"href":"https:\/\/rakosliget.hu\/wordpress\/index.php\/wp-json\/wp\/v2\/users\/1"}],"replies":[{"embeddable":true,"href":"https:\/\/rakosliget.hu\/wordpress\/index.php\/wp-json\/wp\/v2\/comments?post=18471"}],"version-history":[{"count":6,"href":"https:\/\/rakosliget.hu\/wordpress\/index.php\/wp-json\/wp\/v2\/pages\/18471\/revisions"}],"predecessor-version":[{"id":18484,"href":"https:\/\/rakosliget.hu\/wordpress\/index.php\/wp-json\/wp\/v2\/pages\/18471\/revisions\/18484"}],"wp:attachment":[{"href":"https:\/\/rakosliget.hu\/wordpress\/index.php\/wp-json\/wp\/v2\/media?parent=18471"}],"curies":[{"name":"wp","href":"https:\/\/api.w.org\/{rel}","templated":true}]}}