{"id":18448,"date":"2025-10-25T16:59:28","date_gmt":"2025-10-25T15:59:28","guid":{"rendered":"https:\/\/rakosliget.hu\/wordpress\/?page_id=18448"},"modified":"2026-02-08T18:43:33","modified_gmt":"2026-02-08T17:43:33","slug":"magyarsag","status":"publish","type":"page","link":"https:\/\/rakosliget.hu\/wordpress\/index.php\/magyarsag\/","title":{"rendered":"MAGYARS\u00c1G"},"content":{"rendered":"\n<div class=\"wp-block-buttons is-content-justification-center is-layout-flex wp-container-core-buttons-is-layout-16018d1d wp-block-buttons-is-layout-flex\" id=\"Eleje\">\n<div class=\"wp-block-button\"><a class=\"wp-block-button__link wp-element-button\" href=\"https:\/\/rakosliget.hu\/wordpress\/index.php\/rakosliget-a-korabeli-hirekben\/\">Vissza a SAJT\u00d3H\u00cdREK lapra<\/a><\/div>\n<\/div>\n\n\n\n<p><\/p>\n\n\n<div class=\"wp-block-image\">\n<figure class=\"aligncenter size-large\"><img loading=\"lazy\" decoding=\"async\" width=\"2048\" height=\"523\" src=\"https:\/\/rakosliget.hu\/wordpress\/wp-content\/uploads\/2025\/10\/logo-2-2048x523.jpg\" alt=\"\" class=\"wp-image-18447\" srcset=\"https:\/\/rakosliget.hu\/wordpress\/wp-content\/uploads\/2025\/10\/logo-2-2048x523.jpg 2048w, https:\/\/rakosliget.hu\/wordpress\/wp-content\/uploads\/2025\/10\/logo-2-300x77.jpg 300w, https:\/\/rakosliget.hu\/wordpress\/wp-content\/uploads\/2025\/10\/logo-2-768x196.jpg 768w, https:\/\/rakosliget.hu\/wordpress\/wp-content\/uploads\/2025\/10\/logo-2-1536x392.jpg 1536w\" sizes=\"auto, (max-width: 2048px) 100vw, 2048px\" \/><\/figure>\n<\/div>\n\n\n<h2 class=\"wp-block-heading\" id=\"Eleje\"><a href=\"#1921\">1921<\/a>  <a href=\"#1925\">1925<\/a>   <a href=\"#1926\">1926<\/a>  <a href=\"#1938\">1938<\/a><\/h2>\n\n\n\n<h2 class=\"wp-block-heading\" id=\"1921\">1921<\/h2>\n\n\n<div class=\"wp-block-image\">\n<figure class=\"aligncenter size-full\"><img loading=\"lazy\" decoding=\"async\" width=\"720\" height=\"1678\" src=\"https:\/\/rakosliget.hu\/wordpress\/wp-content\/uploads\/2025\/10\/Arvaszek-arverese.jpg\" alt=\"\" class=\"wp-image-18450\" srcset=\"https:\/\/rakosliget.hu\/wordpress\/wp-content\/uploads\/2025\/10\/Arvaszek-arverese.jpg 720w, https:\/\/rakosliget.hu\/wordpress\/wp-content\/uploads\/2025\/10\/Arvaszek-arverese-129x300.jpg 129w, https:\/\/rakosliget.hu\/wordpress\/wp-content\/uploads\/2025\/10\/Arvaszek-arverese-659x1536.jpg 659w\" sizes=\"auto, (max-width: 720px) 100vw, 720px\" \/><figcaption class=\"wp-element-caption\">1921. okt\u00f3ber 27. \u00c1rvasz\u00e9k \u00e1rver\u00e9s.<\/figcaption><\/figure>\n<\/div>\n\n\n<div class=\"wp-block-buttons is-content-justification-center is-layout-flex wp-container-core-buttons-is-layout-16018d1d wp-block-buttons-is-layout-flex\">\n<div class=\"wp-block-button\"><a class=\"wp-block-button__link wp-element-button\" href=\"#Eleje\">LAP TET\u00c9J\u00c9RE ugr\u00e1s<\/a><\/div>\n<\/div>\n\n\n\n<p><\/p>\n\n\n\n<h2 class=\"wp-block-heading\" id=\"1925\">1925<\/h2>\n\n\n<div class=\"wp-block-image\">\n<figure class=\"aligncenter size-full\"><img loading=\"lazy\" decoding=\"async\" width=\"724\" height=\"674\" src=\"https:\/\/rakosliget.hu\/wordpress\/wp-content\/uploads\/2025\/10\/I-vilaghaborus-emlekmu.jpg\" alt=\"\" class=\"wp-image-18455\" srcset=\"https:\/\/rakosliget.hu\/wordpress\/wp-content\/uploads\/2025\/10\/I-vilaghaborus-emlekmu.jpg 724w, https:\/\/rakosliget.hu\/wordpress\/wp-content\/uploads\/2025\/10\/I-vilaghaborus-emlekmu-300x279.jpg 300w\" sizes=\"auto, (max-width: 724px) 100vw, 724px\" \/><figcaption class=\"wp-element-caption\">1925. m\u00e1jus 20. I. vil\u00e1gh\u00e1bor\u00fas eml\u00e9km\u0171 felavat\u00e1sa.<\/figcaption><\/figure>\n<\/div>\n\n\n<div class=\"wp-block-buttons is-content-justification-center is-layout-flex wp-container-core-buttons-is-layout-16018d1d wp-block-buttons-is-layout-flex\">\n<div class=\"wp-block-button\"><a class=\"wp-block-button__link wp-element-button\" href=\"#Eleje\">LAP TET\u00c9J\u00c9RE ugr\u00e1s<\/a><\/div>\n<\/div>\n\n\n\n<p><\/p>\n\n\n\n<h2 class=\"wp-block-heading\" id=\"1926\">1926<\/h2>\n\n\n<div class=\"wp-block-image\">\n<figure class=\"aligncenter size-full\"><img loading=\"lazy\" decoding=\"async\" width=\"1074\" height=\"2560\" src=\"https:\/\/rakosliget.hu\/wordpress\/wp-content\/uploads\/2025\/10\/Udulotelep-scaled.jpg\" alt=\"\" class=\"wp-image-18458\" srcset=\"https:\/\/rakosliget.hu\/wordpress\/wp-content\/uploads\/2025\/10\/Udulotelep-scaled.jpg 1074w, https:\/\/rakosliget.hu\/wordpress\/wp-content\/uploads\/2025\/10\/Udulotelep-126x300.jpg 126w, https:\/\/rakosliget.hu\/wordpress\/wp-content\/uploads\/2025\/10\/Udulotelep-768x1830.jpg 768w, https:\/\/rakosliget.hu\/wordpress\/wp-content\/uploads\/2025\/10\/Udulotelep-645x1536.jpg 645w\" sizes=\"auto, (max-width: 1074px) 100vw, 1074px\" \/><figcaption class=\"wp-element-caption\">1926. j\u00fanius 6. R\u00e1kosliget \u00fcd\u00fcl\u0151telep.<\/figcaption><\/figure>\n<\/div>\n\n<div class=\"wp-block-image\">\n<figure class=\"aligncenter size-full\"><img loading=\"lazy\" decoding=\"async\" width=\"792\" height=\"481\" src=\"https:\/\/rakosliget.hu\/wordpress\/wp-content\/uploads\/2025\/10\/Muveszestely-Dunaharaszti-templom.jpg\" alt=\"\" class=\"wp-image-18460\" srcset=\"https:\/\/rakosliget.hu\/wordpress\/wp-content\/uploads\/2025\/10\/Muveszestely-Dunaharaszti-templom.jpg 792w, https:\/\/rakosliget.hu\/wordpress\/wp-content\/uploads\/2025\/10\/Muveszestely-Dunaharaszti-templom-300x182.jpg 300w, https:\/\/rakosliget.hu\/wordpress\/wp-content\/uploads\/2025\/10\/Muveszestely-Dunaharaszti-templom-768x466.jpg 768w\" sizes=\"auto, (max-width: 792px) 100vw, 792px\" \/><figcaption class=\"wp-element-caption\">1926. j\u00fanius 6. M\u0171v\u00e9szest\u00e9ly a dunaharaszti templom\u00e9p\u00edt\u00e9s jav\u00e1ra.<\/figcaption><\/figure>\n<\/div>\n\n\n<div class=\"wp-block-buttons is-content-justification-center is-layout-flex wp-container-core-buttons-is-layout-16018d1d wp-block-buttons-is-layout-flex\">\n<div class=\"wp-block-button\"><a class=\"wp-block-button__link wp-element-button\" href=\"#Eleje\">LAP TET\u00c9J\u00c9RE ugr\u00e1s<\/a><\/div>\n<\/div>\n\n\n\n<p><\/p>\n\n\n\n<h2 class=\"wp-block-heading\" id=\"1938\">1938<\/h2>\n\n\n<div class=\"wp-block-image\">\n<figure class=\"aligncenter size-full\"><img loading=\"lazy\" decoding=\"async\" width=\"1615\" height=\"2184\" src=\"https:\/\/rakosliget.hu\/wordpress\/wp-content\/uploads\/2025\/10\/Per-Fabian-ellen.jpg\" alt=\"\" class=\"wp-image-18463\" srcset=\"https:\/\/rakosliget.hu\/wordpress\/wp-content\/uploads\/2025\/10\/Per-Fabian-ellen.jpg 1615w, https:\/\/rakosliget.hu\/wordpress\/wp-content\/uploads\/2025\/10\/Per-Fabian-ellen-222x300.jpg 222w, https:\/\/rakosliget.hu\/wordpress\/wp-content\/uploads\/2025\/10\/Per-Fabian-ellen-768x1039.jpg 768w, https:\/\/rakosliget.hu\/wordpress\/wp-content\/uploads\/2025\/10\/Per-Fabian-ellen-1136x1536.jpg 1136w, https:\/\/rakosliget.hu\/wordpress\/wp-content\/uploads\/2025\/10\/Per-Fabian-ellen-1514x2048.jpg 1514w\" sizes=\"auto, (max-width: 1615px) 100vw, 1615px\" \/><figcaption class=\"wp-element-caption\">1938. augusztus 3. Per F\u00e1bi\u00e1n B\u00e9la k\u00e9pvisel\u0151 ellen.<\/figcaption><\/figure>\n<\/div>\n\n\n<div class=\"wp-block-buttons is-content-justification-center is-layout-flex wp-container-core-buttons-is-layout-16018d1d wp-block-buttons-is-layout-flex\">\n<div class=\"wp-block-button\"><a class=\"wp-block-button__link wp-element-button\" href=\"#Eleje\">LAP TET\u00c9J\u00c9RE ugr\u00e1s<\/a><\/div>\n<\/div>\n\n\n\n<p><\/p>\n\n\n\n<div class=\"wp-block-buttons is-content-justification-center is-layout-flex wp-container-core-buttons-is-layout-16018d1d wp-block-buttons-is-layout-flex\" id=\"Eleje\">\n<div class=\"wp-block-button\"><a class=\"wp-block-button__link wp-element-button\" href=\"https:\/\/rakosliget.hu\/wordpress\/index.php\/rakosliget-a-korabeli-hirekben\/\">Vissza a SAJT\u00d3H\u00cdREK lapra<\/a><\/div>\n<\/div>\n","protected":false},"excerpt":{"rendered":"<p>1921 1925 1926 1938 1921 1925 1926 1938<\/p>\n","protected":false},"author":1,"featured_media":0,"parent":0,"menu_order":0,"comment_status":"closed","ping_status":"closed","template":"","meta":{"footnotes":""},"class_list":["post-18448","page","type-page","status-publish","hentry"],"_links":{"self":[{"href":"https:\/\/rakosliget.hu\/wordpress\/index.php\/wp-json\/wp\/v2\/pages\/18448","targetHints":{"allow":["GET"]}}],"collection":[{"href":"https:\/\/rakosliget.hu\/wordpress\/index.php\/wp-json\/wp\/v2\/pages"}],"about":[{"href":"https:\/\/rakosliget.hu\/wordpress\/index.php\/wp-json\/wp\/v2\/types\/page"}],"author":[{"embeddable":true,"href":"https:\/\/rakosliget.hu\/wordpress\/index.php\/wp-json\/wp\/v2\/users\/1"}],"replies":[{"embeddable":true,"href":"https:\/\/rakosliget.hu\/wordpress\/index.php\/wp-json\/wp\/v2\/comments?post=18448"}],"version-history":[{"count":11,"href":"https:\/\/rakosliget.hu\/wordpress\/index.php\/wp-json\/wp\/v2\/pages\/18448\/revisions"}],"predecessor-version":[{"id":23046,"href":"https:\/\/rakosliget.hu\/wordpress\/index.php\/wp-json\/wp\/v2\/pages\/18448\/revisions\/23046"}],"wp:attachment":[{"href":"https:\/\/rakosliget.hu\/wordpress\/index.php\/wp-json\/wp\/v2\/media?parent=18448"}],"curies":[{"name":"wp","href":"https:\/\/api.w.org\/{rel}","templated":true}]}}