{"id":18408,"date":"2025-10-24T18:10:09","date_gmt":"2025-10-24T17:10:09","guid":{"rendered":"https:\/\/rakosliget.hu\/wordpress\/?page_id=18408"},"modified":"2026-01-17T17:24:47","modified_gmt":"2026-01-17T16:24:47","slug":"rakosvideki-takarekpenztar-mint-szovetkezet-rakosliget","status":"publish","type":"page","link":"https:\/\/rakosliget.hu\/wordpress\/index.php\/rakosvideki-takarekpenztar-mint-szovetkezet-rakosliget\/","title":{"rendered":"R\u00c1KOSLIGETI SEG\u00c9LYEZ\u0150 SZ\u00d6VETKEZET"},"content":{"rendered":"\n<h3 class=\"wp-block-heading\"><a href=\"https:\/\/rakosliget.hu\/wordpress\/index.php\/gazdasag-vallalkozasok\/\">VISSZA A GAZDAS\u00c1G, V\u00c1LLALKOZ\u00c1SOK, SZ\u00d6VETKEZETEK LAPRA<\/a><\/h3>\n\n\n\n<h2 class=\"wp-block-heading\">1913<\/h2>\n\n\n\n<figure class=\"wp-block-image size-full\"><img loading=\"lazy\" decoding=\"async\" width=\"1468\" height=\"160\" src=\"https:\/\/rakosliget.hu\/wordpress\/wp-content\/uploads\/2025\/11\/segelyszovetkezet.jpg\" alt=\"\" class=\"wp-image-18667\" srcset=\"https:\/\/rakosliget.hu\/wordpress\/wp-content\/uploads\/2025\/11\/segelyszovetkezet.jpg 1468w, https:\/\/rakosliget.hu\/wordpress\/wp-content\/uploads\/2025\/11\/segelyszovetkezet-300x33.jpg 300w, https:\/\/rakosliget.hu\/wordpress\/wp-content\/uploads\/2025\/11\/segelyszovetkezet-768x84.jpg 768w\" sizes=\"auto, (max-width: 1468px) 100vw, 1468px\" \/><figcaption class=\"wp-element-caption\">Forr\u00e1s: Magyar Compass 1913<\/figcaption><\/figure>\n\n\n\n<h2 class=\"wp-block-heading\">1914<\/h2>\n\n\n<div class=\"wp-block-image\">\n<figure class=\"aligncenter size-full\"><img loading=\"lazy\" decoding=\"async\" width=\"1375\" height=\"567\" src=\"https:\/\/rakosliget.hu\/wordpress\/wp-content\/uploads\/2025\/11\/segelyszovetkezet-1.jpg\" alt=\"\" class=\"wp-image-18677\" srcset=\"https:\/\/rakosliget.hu\/wordpress\/wp-content\/uploads\/2025\/11\/segelyszovetkezet-1.jpg 1375w, https:\/\/rakosliget.hu\/wordpress\/wp-content\/uploads\/2025\/11\/segelyszovetkezet-1-300x124.jpg 300w, https:\/\/rakosliget.hu\/wordpress\/wp-content\/uploads\/2025\/11\/segelyszovetkezet-1-768x317.jpg 768w\" sizes=\"auto, (max-width: 1375px) 100vw, 1375px\" \/><figcaption class=\"wp-element-caption\">Forr\u00e1s: Magyar Compass 1914<\/figcaption><\/figure>\n<\/div>\n\n\n<h2 class=\"wp-block-heading\">1915<\/h2>\n\n\n<div class=\"wp-block-image\">\n<figure class=\"aligncenter size-full\"><img loading=\"lazy\" decoding=\"async\" width=\"1410\" height=\"559\" src=\"https:\/\/rakosliget.hu\/wordpress\/wp-content\/uploads\/2025\/11\/Segelyszovetkezet-1915.jpg\" alt=\"\" class=\"wp-image-18695\" srcset=\"https:\/\/rakosliget.hu\/wordpress\/wp-content\/uploads\/2025\/11\/Segelyszovetkezet-1915.jpg 1410w, https:\/\/rakosliget.hu\/wordpress\/wp-content\/uploads\/2025\/11\/Segelyszovetkezet-1915-300x119.jpg 300w, https:\/\/rakosliget.hu\/wordpress\/wp-content\/uploads\/2025\/11\/Segelyszovetkezet-1915-768x304.jpg 768w\" sizes=\"auto, (max-width: 1410px) 100vw, 1410px\" \/><figcaption class=\"wp-element-caption\">Forr\u00e1s: Magyar Compass 1915<\/figcaption><\/figure>\n<\/div>\n\n\n<h2 class=\"wp-block-heading\">1916 <\/h2>\n\n\n\n<h2 class=\"wp-block-heading\">R\u00e1kosligeti Seg\u00e9lyz\u0151 Sz\u00f6vetkezet<\/h2>\n\n\n\n<p>Forr\u00e1s: Magyarorsz\u00e1g tiszti c\u00edm- \u00e9s n\u00e9vt\u00e1ra &#8211; 35. \u00e9vfolyam, 1916<\/p>\n\n\n<div class=\"wp-block-image\">\n<figure class=\"aligncenter size-full\"><img loading=\"lazy\" decoding=\"async\" width=\"1402\" height=\"651\" src=\"https:\/\/rakosliget.hu\/wordpress\/wp-content\/uploads\/2025\/11\/Segelyszovetkezet-1916.jpg\" alt=\"\" class=\"wp-image-18712\" srcset=\"https:\/\/rakosliget.hu\/wordpress\/wp-content\/uploads\/2025\/11\/Segelyszovetkezet-1916.jpg 1402w, https:\/\/rakosliget.hu\/wordpress\/wp-content\/uploads\/2025\/11\/Segelyszovetkezet-1916-300x139.jpg 300w, https:\/\/rakosliget.hu\/wordpress\/wp-content\/uploads\/2025\/11\/Segelyszovetkezet-1916-768x357.jpg 768w\" sizes=\"auto, (max-width: 1402px) 100vw, 1402px\" \/><figcaption class=\"wp-element-caption\">Forr\u00e1s: Magyar Compass 1916<\/figcaption><\/figure>\n<\/div>\n\n\n<h2 class=\"wp-block-heading\">1920<\/h2>\n\n\n<div class=\"wp-block-image\">\n<figure class=\"aligncenter size-full\"><img loading=\"lazy\" decoding=\"async\" width=\"1452\" height=\"256\" src=\"https:\/\/rakosliget.hu\/wordpress\/wp-content\/uploads\/2025\/11\/Segelyszovetkezet-1920.jpg\" alt=\"\" class=\"wp-image-18724\" srcset=\"https:\/\/rakosliget.hu\/wordpress\/wp-content\/uploads\/2025\/11\/Segelyszovetkezet-1920.jpg 1452w, https:\/\/rakosliget.hu\/wordpress\/wp-content\/uploads\/2025\/11\/Segelyszovetkezet-1920-300x53.jpg 300w, https:\/\/rakosliget.hu\/wordpress\/wp-content\/uploads\/2025\/11\/Segelyszovetkezet-1920-768x135.jpg 768w\" sizes=\"auto, (max-width: 1452px) 100vw, 1452px\" \/><figcaption class=\"wp-element-caption\">Forr\u00e1s: Magyar Compass<\/figcaption><\/figure>\n<\/div>\n\n\n<p><a href=\"https:\/\/rakosliget.hu\/wordpress\/index.php\/gazdasag-vallalkozasok\/\">VISSZA A GAZDAS\u00c1G, V\u00c1LLALKOZ\u00c1SOK, SZ\u00d6VETKEZETEK LAPRA<\/a><\/p>\n","protected":false},"excerpt":{"rendered":"<p>VISSZA A GAZDAS\u00c1G, V\u00c1LLALKOZ\u00c1SOK, SZ\u00d6VETKEZETEK LAPRA 1913 1914 1915 1916 R\u00e1kosligeti Seg\u00e9lyz\u0151 Sz\u00f6vetkezet Forr\u00e1s: Magyarorsz\u00e1g tiszti c\u00edm- \u00e9s n\u00e9vt\u00e1ra &#8211; 35. \u00e9vfolyam, 1916 1920 VISSZA A GAZDAS\u00c1G, V\u00c1LLALKOZ\u00c1SOK, SZ\u00d6VETKEZETEK LAPRA<\/p>\n","protected":false},"author":1,"featured_media":0,"parent":0,"menu_order":0,"comment_status":"closed","ping_status":"closed","template":"","meta":{"footnotes":""},"class_list":["post-18408","page","type-page","status-publish","hentry"],"_links":{"self":[{"href":"https:\/\/rakosliget.hu\/wordpress\/index.php\/wp-json\/wp\/v2\/pages\/18408","targetHints":{"allow":["GET"]}}],"collection":[{"href":"https:\/\/rakosliget.hu\/wordpress\/index.php\/wp-json\/wp\/v2\/pages"}],"about":[{"href":"https:\/\/rakosliget.hu\/wordpress\/index.php\/wp-json\/wp\/v2\/types\/page"}],"author":[{"embeddable":true,"href":"https:\/\/rakosliget.hu\/wordpress\/index.php\/wp-json\/wp\/v2\/users\/1"}],"replies":[{"embeddable":true,"href":"https:\/\/rakosliget.hu\/wordpress\/index.php\/wp-json\/wp\/v2\/comments?post=18408"}],"version-history":[{"count":21,"href":"https:\/\/rakosliget.hu\/wordpress\/index.php\/wp-json\/wp\/v2\/pages\/18408\/revisions"}],"predecessor-version":[{"id":21798,"href":"https:\/\/rakosliget.hu\/wordpress\/index.php\/wp-json\/wp\/v2\/pages\/18408\/revisions\/21798"}],"wp:attachment":[{"href":"https:\/\/rakosliget.hu\/wordpress\/index.php\/wp-json\/wp\/v2\/media?parent=18408"}],"curies":[{"name":"wp","href":"https:\/\/api.w.org\/{rel}","templated":true}]}}