{"id":184,"date":"2017-12-18T04:25:07","date_gmt":"2017-12-18T04:25:07","guid":{"rendered":"http:\/\/rakosliget.hu\/wordpress\/?page_id=184"},"modified":"2026-02-28T17:14:59","modified_gmt":"2026-02-28T16:14:59","slug":"keptar","status":"publish","type":"page","link":"https:\/\/rakosliget.hu\/wordpress\/index.php\/keptar\/","title":{"rendered":"K\u00c9PT\u00c1R"},"content":{"rendered":"\n<p><em>Friss\u00edtve: 2026.01.04.<\/em><\/p>\n\n\n<h3 style=\"text-align: center;\">R\u00e1kosliget k\u00e9pt\u00e1r<\/h3>\n<p><a href=\"http:\/\/www.rakosliget.hu\/html\/filmek.html\">Arch\u00edv filmek a telep\u00fcl\u00e9sr\u0151l ( r\u00e9gi html oldal)<\/a><\/p>\n<p><a href=\"http:\/\/rakosliget.hu\/kepek.html\">F\u00e9nyk\u00e9pek R\u00e1kosligetr\u0151l (r\u00e9gi)<\/a><\/p>\n<p><a href=\"http:\/\/rakosliget.hu\/kepeslapok\/index.html\">R\u00e1kosliget k\u00e9peslapokon<\/a><\/p>\n<p><a href=\"https:\/\/rakosliget.hu\/wordpress\/index.php\/keruleti-vezetok-1989-tol\/\">Ker\u00fcleti vezet\u0151k 1989-t\u0151l<\/a><\/p>\n\n\n<p><\/p>\n","protected":false},"excerpt":{"rendered":"<p>Friss\u00edtve: 2026.01.04. R\u00e1kosliget k\u00e9pt\u00e1r Arch\u00edv filmek a telep\u00fcl\u00e9sr\u0151l ( r\u00e9gi html oldal) F\u00e9nyk\u00e9pek R\u00e1kosligetr\u0151l (r\u00e9gi) R\u00e1kosliget k\u00e9peslapokon Ker\u00fcleti vezet\u0151k 1989-t\u0151l<\/p>\n","protected":false},"author":1,"featured_media":0,"parent":0,"menu_order":0,"comment_status":"closed","ping_status":"closed","template":"","meta":{"footnotes":""},"class_list":["post-184","page","type-page","status-publish","hentry"],"_links":{"self":[{"href":"https:\/\/rakosliget.hu\/wordpress\/index.php\/wp-json\/wp\/v2\/pages\/184","targetHints":{"allow":["GET"]}}],"collection":[{"href":"https:\/\/rakosliget.hu\/wordpress\/index.php\/wp-json\/wp\/v2\/pages"}],"about":[{"href":"https:\/\/rakosliget.hu\/wordpress\/index.php\/wp-json\/wp\/v2\/types\/page"}],"author":[{"embeddable":true,"href":"https:\/\/rakosliget.hu\/wordpress\/index.php\/wp-json\/wp\/v2\/users\/1"}],"replies":[{"embeddable":true,"href":"https:\/\/rakosliget.hu\/wordpress\/index.php\/wp-json\/wp\/v2\/comments?post=184"}],"version-history":[{"count":15,"href":"https:\/\/rakosliget.hu\/wordpress\/index.php\/wp-json\/wp\/v2\/pages\/184\/revisions"}],"predecessor-version":[{"id":23525,"href":"https:\/\/rakosliget.hu\/wordpress\/index.php\/wp-json\/wp\/v2\/pages\/184\/revisions\/23525"}],"wp:attachment":[{"href":"https:\/\/rakosliget.hu\/wordpress\/index.php\/wp-json\/wp\/v2\/media?parent=184"}],"curies":[{"name":"wp","href":"https:\/\/api.w.org\/{rel}","templated":true}]}}