{"id":18339,"date":"2025-10-19T04:16:55","date_gmt":"2025-10-19T03:16:55","guid":{"rendered":"https:\/\/rakosliget.hu\/wordpress\/?page_id=18339"},"modified":"2026-02-08T18:25:47","modified_gmt":"2026-02-08T17:25:47","slug":"magyar-vasutas","status":"publish","type":"page","link":"https:\/\/rakosliget.hu\/wordpress\/index.php\/magyar-vasutas\/","title":{"rendered":"MAGYAR VASUTAS"},"content":{"rendered":"<div class=\"wp-block-image\">\n<figure class=\"aligncenter size-large\"><img loading=\"lazy\" decoding=\"async\" width=\"2048\" height=\"809\" src=\"https:\/\/rakosliget.hu\/wordpress\/wp-content\/uploads\/2025\/10\/logo-1-2048x809.jpg\" alt=\"\" class=\"wp-image-18337\" srcset=\"https:\/\/rakosliget.hu\/wordpress\/wp-content\/uploads\/2025\/10\/logo-1-2048x809.jpg 2048w, https:\/\/rakosliget.hu\/wordpress\/wp-content\/uploads\/2025\/10\/logo-1-300x119.jpg 300w, https:\/\/rakosliget.hu\/wordpress\/wp-content\/uploads\/2025\/10\/logo-1-768x303.jpg 768w, https:\/\/rakosliget.hu\/wordpress\/wp-content\/uploads\/2025\/10\/logo-1-1536x607.jpg 1536w\" sizes=\"auto, (max-width: 2048px) 100vw, 2048px\" \/><\/figure>\n<\/div>\n\n\n<div class=\"wp-block-buttons is-content-justification-center is-layout-flex wp-container-core-buttons-is-layout-16018d1d wp-block-buttons-is-layout-flex\">\n<div class=\"wp-block-button\"><a class=\"wp-block-button__link wp-element-button\" href=\"https:\/\/rakosliget.hu\/wordpress\/index.php\/rakosliget-a-korabeli-hirekben\/\">vissza a sajt\u00f3 lapra<\/a><\/div>\n<\/div>\n\n\n\n<p><\/p>\n\n\n\n<h2 class=\"wp-block-heading has-text-align-center\" id=\"Eleje\"><a href=\"#1905\">1905<\/a> <a href=\"#1906\">1906<\/a> <a href=\"#1906\"> <\/a><a href=\"#1914\">1914<\/a>   <a href=\"#1921\">1921<\/a>   <a href=\"#1986\">1986  <\/a><\/h2>\n\n\n\n<h2 class=\"wp-block-heading\" id=\"1905\">1905<\/h2>\n\n\n\n<p>1905. okt\u00f3ber 6.<\/p>\n\n\n<div class=\"wp-block-image\">\n<figure class=\"aligncenter size-full\"><img loading=\"lazy\" decoding=\"async\" width=\"966\" height=\"1822\" src=\"https:\/\/rakosliget.hu\/wordpress\/wp-content\/uploads\/2025\/10\/harom-makvirag.jpg\" alt=\"\" class=\"wp-image-18343\" srcset=\"https:\/\/rakosliget.hu\/wordpress\/wp-content\/uploads\/2025\/10\/harom-makvirag.jpg 966w, https:\/\/rakosliget.hu\/wordpress\/wp-content\/uploads\/2025\/10\/harom-makvirag-159x300.jpg 159w, https:\/\/rakosliget.hu\/wordpress\/wp-content\/uploads\/2025\/10\/harom-makvirag-768x1449.jpg 768w, https:\/\/rakosliget.hu\/wordpress\/wp-content\/uploads\/2025\/10\/harom-makvirag-814x1536.jpg 814w\" sizes=\"auto, (max-width: 966px) 100vw, 966px\" \/><\/figure>\n<\/div>\n\n\n<p>1905. november 3.<\/p>\n\n\n<div class=\"wp-block-image\">\n<figure class=\"aligncenter size-full\"><img loading=\"lazy\" decoding=\"async\" width=\"904\" height=\"1970\" src=\"https:\/\/rakosliget.hu\/wordpress\/wp-content\/uploads\/2025\/10\/Szen.jpg\" alt=\"\" class=\"wp-image-18346\" srcset=\"https:\/\/rakosliget.hu\/wordpress\/wp-content\/uploads\/2025\/10\/Szen.jpg 904w, https:\/\/rakosliget.hu\/wordpress\/wp-content\/uploads\/2025\/10\/Szen-138x300.jpg 138w, https:\/\/rakosliget.hu\/wordpress\/wp-content\/uploads\/2025\/10\/Szen-768x1674.jpg 768w, https:\/\/rakosliget.hu\/wordpress\/wp-content\/uploads\/2025\/10\/Szen-705x1536.jpg 705w\" sizes=\"auto, (max-width: 904px) 100vw, 904px\" \/><\/figure>\n<\/div>\n\n\n<p>1905. december 15.<\/p>\n\n\n<div class=\"wp-block-image\">\n<figure class=\"aligncenter size-full\"><img loading=\"lazy\" decoding=\"async\" width=\"826\" height=\"2560\" src=\"https:\/\/rakosliget.hu\/wordpress\/wp-content\/uploads\/2025\/10\/szakszervezet-scaled.jpg\" alt=\"\" class=\"wp-image-18348\" srcset=\"https:\/\/rakosliget.hu\/wordpress\/wp-content\/uploads\/2025\/10\/szakszervezet-scaled.jpg 826w, https:\/\/rakosliget.hu\/wordpress\/wp-content\/uploads\/2025\/10\/szakszervezet-97x300.jpg 97w, https:\/\/rakosliget.hu\/wordpress\/wp-content\/uploads\/2025\/10\/szakszervezet-768x2381.jpg 768w, https:\/\/rakosliget.hu\/wordpress\/wp-content\/uploads\/2025\/10\/szakszervezet-661x2048.jpg 661w\" sizes=\"auto, (max-width: 826px) 100vw, 826px\" \/><\/figure>\n<\/div>\n\n\n<div class=\"wp-block-buttons is-content-justification-center is-layout-flex wp-container-core-buttons-is-layout-16018d1d wp-block-buttons-is-layout-flex\">\n<div class=\"wp-block-button\"><a class=\"wp-block-button__link wp-element-button\" href=\"#Eleje\">VISSZA A LAP TETEJ\u00c9RE<\/a><\/div>\n<\/div>\n\n\n\n<p><\/p>\n\n\n\n<h2 class=\"wp-block-heading\" id=\"1906\">1906<\/h2>\n\n\n\n<p>1906. augusztus 31.<\/p>\n\n\n\n<figure class=\"wp-block-image size-full\"><img loading=\"lazy\" decoding=\"async\" width=\"716\" height=\"2560\" src=\"https:\/\/rakosliget.hu\/wordpress\/wp-content\/uploads\/2025\/10\/panasz-scaled.jpg\" alt=\"\" class=\"wp-image-18356\" srcset=\"https:\/\/rakosliget.hu\/wordpress\/wp-content\/uploads\/2025\/10\/panasz-scaled.jpg 716w, https:\/\/rakosliget.hu\/wordpress\/wp-content\/uploads\/2025\/10\/panasz-84x300.jpg 84w, https:\/\/rakosliget.hu\/wordpress\/wp-content\/uploads\/2025\/10\/panasz-768x2745.jpg 768w, https:\/\/rakosliget.hu\/wordpress\/wp-content\/uploads\/2025\/10\/panasz-430x1536.jpg 430w, https:\/\/rakosliget.hu\/wordpress\/wp-content\/uploads\/2025\/10\/panasz-573x2048.jpg 573w\" sizes=\"auto, (max-width: 716px) 100vw, 716px\" \/><\/figure>\n\n\n\n<p>1906. december 29. Munk\u00e1s-otthon<\/p>\n\n\n\n<figure class=\"wp-block-image size-large\"><img loading=\"lazy\" decoding=\"async\" width=\"2048\" height=\"3202\" src=\"https:\/\/rakosliget.hu\/wordpress\/wp-content\/uploads\/2026\/01\/1906-12-29-6_7-oldal-2048x3202.jpg\" alt=\"\" class=\"wp-image-20662\" srcset=\"https:\/\/rakosliget.hu\/wordpress\/wp-content\/uploads\/2026\/01\/1906-12-29-6_7-oldal-2048x3202.jpg 2048w, https:\/\/rakosliget.hu\/wordpress\/wp-content\/uploads\/2026\/01\/1906-12-29-6_7-oldal-192x300.jpg 192w, https:\/\/rakosliget.hu\/wordpress\/wp-content\/uploads\/2026\/01\/1906-12-29-6_7-oldal-768x1201.jpg 768w, https:\/\/rakosliget.hu\/wordpress\/wp-content\/uploads\/2026\/01\/1906-12-29-6_7-oldal-982x1536.jpg 982w, https:\/\/rakosliget.hu\/wordpress\/wp-content\/uploads\/2026\/01\/1906-12-29-6_7-oldal-1310x2048.jpg 1310w, https:\/\/rakosliget.hu\/wordpress\/wp-content\/uploads\/2026\/01\/1906-12-29-6_7-oldal-scaled.jpg 1637w\" sizes=\"auto, (max-width: 2048px) 100vw, 2048px\" \/><figcaption class=\"wp-element-caption\">1906. 12. 29. 6-7. oldalak Munk\u00e1s-otthon szervez\u00e9s<\/figcaption><\/figure>\n\n\n<div class=\"wp-block-image\">\n<figure class=\"aligncenter size-full\"><img loading=\"lazy\" decoding=\"async\" width=\"953\" height=\"2496\" src=\"https:\/\/rakosliget.hu\/wordpress\/wp-content\/uploads\/2025\/10\/munkasotthon2.jpg\" alt=\"\" class=\"wp-image-18358\" srcset=\"https:\/\/rakosliget.hu\/wordpress\/wp-content\/uploads\/2025\/10\/munkasotthon2.jpg 953w, https:\/\/rakosliget.hu\/wordpress\/wp-content\/uploads\/2025\/10\/munkasotthon2-115x300.jpg 115w, https:\/\/rakosliget.hu\/wordpress\/wp-content\/uploads\/2025\/10\/munkasotthon2-768x2011.jpg 768w, https:\/\/rakosliget.hu\/wordpress\/wp-content\/uploads\/2025\/10\/munkasotthon2-586x1536.jpg 586w, https:\/\/rakosliget.hu\/wordpress\/wp-content\/uploads\/2025\/10\/munkasotthon2-782x2048.jpg 782w\" sizes=\"auto, (max-width: 953px) 100vw, 953px\" \/><\/figure>\n<\/div>\n\n\n<div class=\"wp-block-buttons is-content-justification-center is-layout-flex wp-container-core-buttons-is-layout-16018d1d wp-block-buttons-is-layout-flex\">\n<div class=\"wp-block-button\"><a class=\"wp-block-button__link wp-element-button\" href=\"#Eleje\">VISSZA A LAP TETEJ\u00c9RE<\/a><\/div>\n<\/div>\n\n\n\n<p><\/p>\n\n\n\n<h2 class=\"wp-block-heading\" id=\"1914\">1914<\/h2>\n\n\n\n<p>1914. \u00e1prilis 20. Munkan\u00e9lk\u00fclis\u00e9g felm\u00e9r\u00e9se<\/p>\n\n\n<div class=\"wp-block-image\">\n<figure class=\"aligncenter size-full\"><img loading=\"lazy\" decoding=\"async\" width=\"683\" height=\"2560\" src=\"https:\/\/rakosliget.hu\/wordpress\/wp-content\/uploads\/2025\/10\/munkanelkuli-scaled.jpg\" alt=\"\" class=\"wp-image-18363\" srcset=\"https:\/\/rakosliget.hu\/wordpress\/wp-content\/uploads\/2025\/10\/munkanelkuli-scaled.jpg 683w, https:\/\/rakosliget.hu\/wordpress\/wp-content\/uploads\/2025\/10\/munkanelkuli-80x300.jpg 80w, https:\/\/rakosliget.hu\/wordpress\/wp-content\/uploads\/2025\/10\/munkanelkuli-768x2880.jpg 768w, https:\/\/rakosliget.hu\/wordpress\/wp-content\/uploads\/2025\/10\/munkanelkuli-410x1536.jpg 410w, https:\/\/rakosliget.hu\/wordpress\/wp-content\/uploads\/2025\/10\/munkanelkuli-546x2048.jpg 546w\" sizes=\"auto, (max-width: 683px) 100vw, 683px\" \/><\/figure>\n<\/div>\n\n\n<div class=\"wp-block-buttons is-content-justification-center is-layout-flex wp-container-core-buttons-is-layout-16018d1d wp-block-buttons-is-layout-flex\">\n<div class=\"wp-block-button\"><a class=\"wp-block-button__link wp-element-button\" href=\"#Eleje\">VISSZA A LAP TETEJ\u00c9RE<\/a><\/div>\n<\/div>\n\n\n\n<p><\/p>\n\n\n\n<h2 class=\"wp-block-heading\" id=\"1921\">1921<\/h2>\n\n\n\n<p>1921. m\u00e1jus 1. Holnapy Ern\u0151 hal\u00e1lh\u00edre<\/p>\n\n\n<div class=\"wp-block-image\">\n<figure class=\"aligncenter size-full\"><img loading=\"lazy\" decoding=\"async\" width=\"973\" height=\"929\" src=\"https:\/\/rakosliget.hu\/wordpress\/wp-content\/uploads\/2025\/10\/Holnapy-Erno-halalhire.jpg\" alt=\"\" class=\"wp-image-18365\" srcset=\"https:\/\/rakosliget.hu\/wordpress\/wp-content\/uploads\/2025\/10\/Holnapy-Erno-halalhire.jpg 973w, https:\/\/rakosliget.hu\/wordpress\/wp-content\/uploads\/2025\/10\/Holnapy-Erno-halalhire-300x286.jpg 300w, https:\/\/rakosliget.hu\/wordpress\/wp-content\/uploads\/2025\/10\/Holnapy-Erno-halalhire-768x733.jpg 768w\" sizes=\"auto, (max-width: 973px) 100vw, 973px\" \/><\/figure>\n<\/div>\n\n\n<div class=\"wp-block-buttons is-content-justification-center is-layout-flex wp-container-core-buttons-is-layout-16018d1d wp-block-buttons-is-layout-flex\">\n<div class=\"wp-block-button\"><a class=\"wp-block-button__link wp-element-button\" href=\"#Eleje\">VISSZA A LAP TETEJ\u00c9RE<\/a><\/div>\n<\/div>\n\n\n\n<p><\/p>\n\n\n\n<h2 class=\"wp-block-heading\" id=\"1986\">1986<\/h2>\n\n\n\n<p>1986. \u00e1prilis 23.<\/p>\n\n\n\n<figure class=\"wp-block-image size-full\"><img loading=\"lazy\" decoding=\"async\" width=\"1135\" height=\"1512\" src=\"https:\/\/rakosliget.hu\/wordpress\/wp-content\/uploads\/2025\/10\/palyafelujitas.jpg\" alt=\"\" class=\"wp-image-18379\" srcset=\"https:\/\/rakosliget.hu\/wordpress\/wp-content\/uploads\/2025\/10\/palyafelujitas.jpg 1135w, https:\/\/rakosliget.hu\/wordpress\/wp-content\/uploads\/2025\/10\/palyafelujitas-225x300.jpg 225w, https:\/\/rakosliget.hu\/wordpress\/wp-content\/uploads\/2025\/10\/palyafelujitas-768x1023.jpg 768w\" sizes=\"auto, (max-width: 1135px) 100vw, 1135px\" \/><\/figure>\n\n\n\n<p>1986. november 27.<\/p>\n\n\n\n<figure class=\"wp-block-image size-large\"><img loading=\"lazy\" decoding=\"async\" width=\"2048\" height=\"1653\" src=\"https:\/\/rakosliget.hu\/wordpress\/wp-content\/uploads\/2025\/10\/riport-palyafelujitas-2048x1653.jpg\" alt=\"\" class=\"wp-image-18380\" srcset=\"https:\/\/rakosliget.hu\/wordpress\/wp-content\/uploads\/2025\/10\/riport-palyafelujitas-2048x1653.jpg 2048w, https:\/\/rakosliget.hu\/wordpress\/wp-content\/uploads\/2025\/10\/riport-palyafelujitas-300x242.jpg 300w, https:\/\/rakosliget.hu\/wordpress\/wp-content\/uploads\/2025\/10\/riport-palyafelujitas-768x620.jpg 768w, https:\/\/rakosliget.hu\/wordpress\/wp-content\/uploads\/2025\/10\/riport-palyafelujitas-1536x1240.jpg 1536w\" sizes=\"auto, (max-width: 2048px) 100vw, 2048px\" \/><\/figure>\n\n\n\n<div class=\"wp-block-buttons is-content-justification-center is-layout-flex wp-container-core-buttons-is-layout-16018d1d wp-block-buttons-is-layout-flex\">\n<div class=\"wp-block-button\"><a class=\"wp-block-button__link wp-element-button\" href=\"#Eleje\">VISSZA A LAP TETEJ\u00c9RE<\/a><\/div>\n<\/div>\n\n\n\n<p><\/p>\n\n\n\n<div class=\"wp-block-buttons is-content-justification-center is-layout-flex wp-container-core-buttons-is-layout-16018d1d wp-block-buttons-is-layout-flex\">\n<div class=\"wp-block-button\"><a class=\"wp-block-button__link wp-element-button\" href=\"https:\/\/rakosliget.hu\/wordpress\/index.php\/rakosliget-a-korabeli-hirekben\/\">vissza a sajt\u00f3 lapra<\/a><\/div>\n<\/div>\n\n\n\n<p><\/p>\n\n\n\n<p><\/p>\n","protected":false},"excerpt":{"rendered":"<p>1905 1906 1914 1921 1986 1905 1905. okt\u00f3ber 6. 1905. november 3. 1905. december 15. 1906 1906. augusztus 31. 1906. december 29. Munk\u00e1s-otthon 1914 1914. \u00e1prilis 20. Munkan\u00e9lk\u00fclis\u00e9g felm\u00e9r\u00e9se 1921 1921. m\u00e1jus 1. Holnapy Ern\u0151 hal\u00e1lh\u00edre 1986 1986. \u00e1prilis 23. 1986. november 27.<\/p>\n","protected":false},"author":1,"featured_media":0,"parent":0,"menu_order":0,"comment_status":"closed","ping_status":"closed","template":"","meta":{"footnotes":""},"class_list":["post-18339","page","type-page","status-publish","hentry"],"_links":{"self":[{"href":"https:\/\/rakosliget.hu\/wordpress\/index.php\/wp-json\/wp\/v2\/pages\/18339","targetHints":{"allow":["GET"]}}],"collection":[{"href":"https:\/\/rakosliget.hu\/wordpress\/index.php\/wp-json\/wp\/v2\/pages"}],"about":[{"href":"https:\/\/rakosliget.hu\/wordpress\/index.php\/wp-json\/wp\/v2\/types\/page"}],"author":[{"embeddable":true,"href":"https:\/\/rakosliget.hu\/wordpress\/index.php\/wp-json\/wp\/v2\/users\/1"}],"replies":[{"embeddable":true,"href":"https:\/\/rakosliget.hu\/wordpress\/index.php\/wp-json\/wp\/v2\/comments?post=18339"}],"version-history":[{"count":14,"href":"https:\/\/rakosliget.hu\/wordpress\/index.php\/wp-json\/wp\/v2\/pages\/18339\/revisions"}],"predecessor-version":[{"id":23038,"href":"https:\/\/rakosliget.hu\/wordpress\/index.php\/wp-json\/wp\/v2\/pages\/18339\/revisions\/23038"}],"wp:attachment":[{"href":"https:\/\/rakosliget.hu\/wordpress\/index.php\/wp-json\/wp\/v2\/media?parent=18339"}],"curies":[{"name":"wp","href":"https:\/\/api.w.org\/{rel}","templated":true}]}}