{"id":18293,"date":"2025-10-19T03:03:47","date_gmt":"2025-10-19T02:03:47","guid":{"rendered":"https:\/\/rakosliget.hu\/wordpress\/?page_id=18293"},"modified":"2025-10-19T03:55:39","modified_gmt":"2025-10-19T02:55:39","slug":"magyar-sutok-lapja","status":"publish","type":"page","link":"https:\/\/rakosliget.hu\/wordpress\/index.php\/magyar-sutok-lapja\/","title":{"rendered":"MAGYAR S\u00dcT\u0150K LAPJA"},"content":{"rendered":"\n<figure class=\"wp-block-image size-large\"><img loading=\"lazy\" decoding=\"async\" width=\"2048\" height=\"793\" src=\"https:\/\/rakosliget.hu\/wordpress\/wp-content\/uploads\/2025\/10\/logo-2048x793.jpg\" alt=\"\" class=\"wp-image-18297\" srcset=\"https:\/\/rakosliget.hu\/wordpress\/wp-content\/uploads\/2025\/10\/logo-2048x793.jpg 2048w, https:\/\/rakosliget.hu\/wordpress\/wp-content\/uploads\/2025\/10\/logo-300x116.jpg 300w, https:\/\/rakosliget.hu\/wordpress\/wp-content\/uploads\/2025\/10\/logo-768x297.jpg 768w, https:\/\/rakosliget.hu\/wordpress\/wp-content\/uploads\/2025\/10\/logo-1536x595.jpg 1536w\" sizes=\"auto, (max-width: 2048px) 100vw, 2048px\" \/><\/figure>\n\n\n\n<p class=\"has-text-align-center\" id=\"Eleje\"><a href=\"#1928\">1928<\/a>  <a href=\"#1930\">1930 <\/a>  <a href=\"#1931\">1931<\/a>   <a href=\"#1932\">1932<\/a><\/p>\n\n\n\n<h2 class=\"wp-block-heading\" id=\"1928\">1928<\/h2>\n\n\n\n<p>1928. augusztus 25.<\/p>\n\n\n<div class=\"wp-block-image\">\n<figure class=\"aligncenter size-large\"><img loading=\"lazy\" decoding=\"async\" width=\"2048\" height=\"2892\" src=\"https:\/\/rakosliget.hu\/wordpress\/wp-content\/uploads\/2025\/10\/Videki-csoport-2048x2892.jpg\" alt=\"\" class=\"wp-image-18317\" srcset=\"https:\/\/rakosliget.hu\/wordpress\/wp-content\/uploads\/2025\/10\/Videki-csoport-2048x2892.jpg 2048w, https:\/\/rakosliget.hu\/wordpress\/wp-content\/uploads\/2025\/10\/Videki-csoport-212x300.jpg 212w, https:\/\/rakosliget.hu\/wordpress\/wp-content\/uploads\/2025\/10\/Videki-csoport-768x1084.jpg 768w, https:\/\/rakosliget.hu\/wordpress\/wp-content\/uploads\/2025\/10\/Videki-csoport-1088x1536.jpg 1088w, https:\/\/rakosliget.hu\/wordpress\/wp-content\/uploads\/2025\/10\/Videki-csoport-1451x2048.jpg 1451w, https:\/\/rakosliget.hu\/wordpress\/wp-content\/uploads\/2025\/10\/Videki-csoport-scaled.jpg 1813w\" sizes=\"auto, (max-width: 2048px) 100vw, 2048px\" \/><\/figure>\n<\/div>\n\n\n<p>1928. szeptember 01.<\/p>\n\n\n<div class=\"wp-block-image\">\n<figure class=\"aligncenter size-full\"><img loading=\"lazy\" decoding=\"async\" width=\"1042\" height=\"153\" src=\"https:\/\/rakosliget.hu\/wordpress\/wp-content\/uploads\/2025\/10\/Klaudusz-elado.jpg\" alt=\"\" class=\"wp-image-18321\" srcset=\"https:\/\/rakosliget.hu\/wordpress\/wp-content\/uploads\/2025\/10\/Klaudusz-elado.jpg 1042w, https:\/\/rakosliget.hu\/wordpress\/wp-content\/uploads\/2025\/10\/Klaudusz-elado-300x44.jpg 300w, https:\/\/rakosliget.hu\/wordpress\/wp-content\/uploads\/2025\/10\/Klaudusz-elado-768x113.jpg 768w\" sizes=\"auto, (max-width: 1042px) 100vw, 1042px\" \/><\/figure>\n<\/div>\n\n\n<p>1928. okt\u00f3ber 01. <\/p>\n\n\n<div class=\"wp-block-image\">\n<figure class=\"aligncenter size-full\"><img loading=\"lazy\" decoding=\"async\" width=\"1043\" height=\"242\" src=\"https:\/\/rakosliget.hu\/wordpress\/wp-content\/uploads\/2025\/10\/Markhard.jpg\" alt=\"\" class=\"wp-image-18322\" srcset=\"https:\/\/rakosliget.hu\/wordpress\/wp-content\/uploads\/2025\/10\/Markhard.jpg 1043w, https:\/\/rakosliget.hu\/wordpress\/wp-content\/uploads\/2025\/10\/Markhard-300x70.jpg 300w, https:\/\/rakosliget.hu\/wordpress\/wp-content\/uploads\/2025\/10\/Markhard-768x178.jpg 768w\" sizes=\"auto, (max-width: 1043px) 100vw, 1043px\" \/><\/figure>\n<\/div>\n\n\n<p><a href=\"#Eleje\">VISSZA a lap tetej\u00e9re<\/a><\/p>\n\n\n\n<h2 class=\"wp-block-heading\" id=\"1930\">1930<\/h2>\n\n\n\n<p>1930. febru\u00e1r<\/p>\n\n\n<div class=\"wp-block-image\">\n<figure class=\"aligncenter size-full\"><img loading=\"lazy\" decoding=\"async\" width=\"926\" height=\"2560\" src=\"https:\/\/rakosliget.hu\/wordpress\/wp-content\/uploads\/2025\/10\/pekszovetseg-scaled.jpg\" alt=\"\" class=\"wp-image-18313\" srcset=\"https:\/\/rakosliget.hu\/wordpress\/wp-content\/uploads\/2025\/10\/pekszovetseg-scaled.jpg 926w, https:\/\/rakosliget.hu\/wordpress\/wp-content\/uploads\/2025\/10\/pekszovetseg-109x300.jpg 109w, https:\/\/rakosliget.hu\/wordpress\/wp-content\/uploads\/2025\/10\/pekszovetseg-768x2122.jpg 768w, https:\/\/rakosliget.hu\/wordpress\/wp-content\/uploads\/2025\/10\/pekszovetseg-556x1536.jpg 556w, https:\/\/rakosliget.hu\/wordpress\/wp-content\/uploads\/2025\/10\/pekszovetseg-741x2048.jpg 741w\" sizes=\"auto, (max-width: 926px) 100vw, 926px\" \/><\/figure>\n<\/div>\n\n\n<p>1930. 05. 01.<\/p>\n\n\n\n<p>Igen nagy el\u0151rehalad\u00e1st mutat az elm\u00falt \u00e9v a vid\u00e9k megszervez\u00e9s\u00e9ben \u00e9s 14 helys\u00e9gben alakult a m\u00falt \u00e9v folyam\u00e1n sz\u00f6vets\u00e9gi helyicsoport. Ezek a helyis\u00e9gek a k\u00f6vetkez\u0151k: Sz\u00e9kesfeh\u00e9rv\u00e1r, R\u00e1ckeve, Tisza f\u00f6ldv\u00e1r, Soroks\u00e1r, Szolnok, Tata, Nagykanizsa, Monor, R\u00e1kosliget, Nagysz\u00e9n\u00e1s, Csepel, Pilisv\u00f6r\u00f6sv\u00e1r, Moson, Hatvan.<\/p>\n\n\n\n<div data-wp-interactive=\"core\/file\" class=\"wp-block-file\"><object data-wp-bind--hidden=\"!state.hasPdfPreview\" hidden class=\"wp-block-file__embed\" data=\"https:\/\/rakosliget.hu\/wordpress\/wp-content\/uploads\/2025\/10\/BME_MagyarSutokLapja_1930__pages132-132.pdf\" type=\"application\/pdf\" style=\"width:100%;height:600px\" aria-label=\"Magyar S\u00fct\u0151k Lapja 1930. 05. 01.  be\u00e1gyaz\u00e1sa\"><\/object><a id=\"wp-block-file--media-940fc255-1ce8-405c-8364-2e75d8b72d15\" href=\"https:\/\/rakosliget.hu\/wordpress\/wp-content\/uploads\/2025\/10\/BME_MagyarSutokLapja_1930__pages132-132.pdf\">Magyar S\u00fct\u0151k Lapja 1930. 05. 01. <\/a><a href=\"https:\/\/rakosliget.hu\/wordpress\/wp-content\/uploads\/2025\/10\/BME_MagyarSutokLapja_1930__pages132-132.pdf\" class=\"wp-block-file__button wp-element-button\" download aria-describedby=\"wp-block-file--media-940fc255-1ce8-405c-8364-2e75d8b72d15\">Let\u00f6lt\u00e9s<\/a><\/div>\n\n\n\n<p>1930. 05. 15. A Magyar S\u00fct\u0151k Orsz\u00e1gos Sz\u00f6vets\u00e9g\u00e9nek XXVI. \u00e9vi rendes k\u00f6zgy\u0171l\u00e9se:<\/p>\n\n\n\n<p>Gyorgyovits J\u00e1nos (R\u00e1kosliget) \u00e9s Ung\u00e1r S\u00e1ndor (Csepel) a f\u0151v\u00e1rosi keny\u00e9rgy\u00e1rak k\u00f6rny\u00e9kre val\u00f3 keny\u00e9rsz\u00e1ll\u00edt\u00e1s\u00e1t teszik sz\u00f3v\u00e1.<br><\/p>\n\n\n\n<p>1930. augusztus 15.<\/p>\n\n\n\n<figure class=\"wp-block-image size-full\"><img loading=\"lazy\" decoding=\"async\" width=\"1159\" height=\"205\" src=\"https:\/\/rakosliget.hu\/wordpress\/wp-content\/uploads\/2025\/10\/Klaudusz-pekseg-elado.jpg\" alt=\"\" class=\"wp-image-18308\" srcset=\"https:\/\/rakosliget.hu\/wordpress\/wp-content\/uploads\/2025\/10\/Klaudusz-pekseg-elado.jpg 1159w, https:\/\/rakosliget.hu\/wordpress\/wp-content\/uploads\/2025\/10\/Klaudusz-pekseg-elado-300x53.jpg 300w, https:\/\/rakosliget.hu\/wordpress\/wp-content\/uploads\/2025\/10\/Klaudusz-pekseg-elado-768x136.jpg 768w\" sizes=\"auto, (max-width: 1159px) 100vw, 1159px\" \/><\/figure>\n\n\n\n<p>1930. szeptember 01.<\/p>\n\n\n\n<figure class=\"wp-block-image size-full\"><img loading=\"lazy\" decoding=\"async\" width=\"1096\" height=\"97\" src=\"https:\/\/rakosliget.hu\/wordpress\/wp-content\/uploads\/2025\/10\/Klaudusz-pekseg-elado2.jpg\" alt=\"\" class=\"wp-image-18309\" srcset=\"https:\/\/rakosliget.hu\/wordpress\/wp-content\/uploads\/2025\/10\/Klaudusz-pekseg-elado2.jpg 1096w, https:\/\/rakosliget.hu\/wordpress\/wp-content\/uploads\/2025\/10\/Klaudusz-pekseg-elado2-300x27.jpg 300w, https:\/\/rakosliget.hu\/wordpress\/wp-content\/uploads\/2025\/10\/Klaudusz-pekseg-elado2-768x68.jpg 768w\" sizes=\"auto, (max-width: 1096px) 100vw, 1096px\" \/><\/figure>\n\n\n\n<p><a href=\"#1928\"><a href=\"#Eleje\">VISSZA a lap tetej\u00e9re<\/a><\/a><\/p>\n\n\n\n<h2 class=\"wp-block-heading\" id=\"1931\">1931<\/h2>\n\n\n\n<p>1931. janu\u00e1r 01.<\/p>\n\n\n<div class=\"wp-block-image\">\n<figure class=\"aligncenter size-full\"><img loading=\"lazy\" decoding=\"async\" width=\"1030\" height=\"1206\" src=\"https:\/\/rakosliget.hu\/wordpress\/wp-content\/uploads\/2025\/10\/elsosegelylap.jpg\" alt=\"\" class=\"wp-image-18324\" srcset=\"https:\/\/rakosliget.hu\/wordpress\/wp-content\/uploads\/2025\/10\/elsosegelylap.jpg 1030w, https:\/\/rakosliget.hu\/wordpress\/wp-content\/uploads\/2025\/10\/elsosegelylap-256x300.jpg 256w, https:\/\/rakosliget.hu\/wordpress\/wp-content\/uploads\/2025\/10\/elsosegelylap-768x899.jpg 768w\" sizes=\"auto, (max-width: 1030px) 100vw, 1030px\" \/><\/figure>\n<\/div>\n\n\n<p>1931. m\u00e1rcius 15.<\/p>\n\n\n<div class=\"wp-block-image\">\n<figure class=\"aligncenter size-full\"><img loading=\"lazy\" decoding=\"async\" width=\"1029\" height=\"960\" src=\"https:\/\/rakosliget.hu\/wordpress\/wp-content\/uploads\/2025\/10\/Rakosmente-szakcsoport.jpg\" alt=\"\" class=\"wp-image-18327\" srcset=\"https:\/\/rakosliget.hu\/wordpress\/wp-content\/uploads\/2025\/10\/Rakosmente-szakcsoport.jpg 1029w, https:\/\/rakosliget.hu\/wordpress\/wp-content\/uploads\/2025\/10\/Rakosmente-szakcsoport-300x280.jpg 300w, https:\/\/rakosliget.hu\/wordpress\/wp-content\/uploads\/2025\/10\/Rakosmente-szakcsoport-768x717.jpg 768w\" sizes=\"auto, (max-width: 1029px) 100vw, 1029px\" \/><\/figure>\n<\/div>\n\n\n<p><a href=\"#1928\"><a href=\"#Eleje\">VISSZA a lap tetej\u00e9re<\/a><\/a><\/p>\n\n\n\n<h2 class=\"wp-block-heading\" id=\"1932\">1932<\/h2>\n\n\n\n<p>1932. augusztus 15.<\/p>\n\n\n<div class=\"wp-block-image\">\n<figure class=\"aligncenter size-full\"><img loading=\"lazy\" decoding=\"async\" width=\"1018\" height=\"1150\" src=\"https:\/\/rakosliget.hu\/wordpress\/wp-content\/uploads\/2025\/10\/Kenyergyarak.jpg\" alt=\"\" class=\"wp-image-18330\" srcset=\"https:\/\/rakosliget.hu\/wordpress\/wp-content\/uploads\/2025\/10\/Kenyergyarak.jpg 1018w, https:\/\/rakosliget.hu\/wordpress\/wp-content\/uploads\/2025\/10\/Kenyergyarak-266x300.jpg 266w, https:\/\/rakosliget.hu\/wordpress\/wp-content\/uploads\/2025\/10\/Kenyergyarak-768x868.jpg 768w\" sizes=\"auto, (max-width: 1018px) 100vw, 1018px\" \/><\/figure>\n<\/div>\n\n\n<p><a href=\"#1928\"><a href=\"#Eleje\">VISSZA a lap tetej\u00e9re<\/a><\/a><\/p>\n\n\n\n<p><a href=\"https:\/\/rakosliget.hu\/wordpress\/index.php\/rakosliget-a-korabeli-hirekben\/\">Vissza a SAJT\u00d3H\u00cdREK oldalra<\/a><\/p>\n","protected":false},"excerpt":{"rendered":"<p>1928 1930 1931 1932 1928 1928. augusztus 25. 1928. szeptember 01. 1928. okt\u00f3ber 01. VISSZA a lap tetej\u00e9re 1930 1930. febru\u00e1r 1930. 05. 01. Igen nagy el\u0151rehalad\u00e1st mutat az elm\u00falt \u00e9v a vid\u00e9k megszervez\u00e9s\u00e9ben \u00e9s 14 helys\u00e9gben alakult a m\u00falt \u00e9v folyam\u00e1n sz\u00f6vets\u00e9gi helyicsoport. Ezek a helyis\u00e9gek a k\u00f6vetkez\u0151k: Sz\u00e9kesfeh\u00e9rv\u00e1r, R\u00e1ckeve, Tisza f\u00f6ldv\u00e1r, Soroks\u00e1r, Szolnok, &hellip; <a href=\"https:\/\/rakosliget.hu\/wordpress\/index.php\/magyar-sutok-lapja\/\" class=\"more-link\"><span class=\"screen-reader-text\">MAGYAR S\u00dcT\u0150K LAPJA<\/span> r\u00e9szletei&#8230;<\/a><\/p>\n","protected":false},"author":1,"featured_media":0,"parent":0,"menu_order":0,"comment_status":"closed","ping_status":"closed","template":"","meta":{"footnotes":""},"class_list":["post-18293","page","type-page","status-publish","hentry"],"_links":{"self":[{"href":"https:\/\/rakosliget.hu\/wordpress\/index.php\/wp-json\/wp\/v2\/pages\/18293","targetHints":{"allow":["GET"]}}],"collection":[{"href":"https:\/\/rakosliget.hu\/wordpress\/index.php\/wp-json\/wp\/v2\/pages"}],"about":[{"href":"https:\/\/rakosliget.hu\/wordpress\/index.php\/wp-json\/wp\/v2\/types\/page"}],"author":[{"embeddable":true,"href":"https:\/\/rakosliget.hu\/wordpress\/index.php\/wp-json\/wp\/v2\/users\/1"}],"replies":[{"embeddable":true,"href":"https:\/\/rakosliget.hu\/wordpress\/index.php\/wp-json\/wp\/v2\/comments?post=18293"}],"version-history":[{"count":18,"href":"https:\/\/rakosliget.hu\/wordpress\/index.php\/wp-json\/wp\/v2\/pages\/18293\/revisions"}],"predecessor-version":[{"id":18336,"href":"https:\/\/rakosliget.hu\/wordpress\/index.php\/wp-json\/wp\/v2\/pages\/18293\/revisions\/18336"}],"wp:attachment":[{"href":"https:\/\/rakosliget.hu\/wordpress\/index.php\/wp-json\/wp\/v2\/media?parent=18293"}],"curies":[{"name":"wp","href":"https:\/\/api.w.org\/{rel}","templated":true}]}}