{"id":18259,"date":"2025-09-27T05:49:07","date_gmt":"2025-09-27T04:49:07","guid":{"rendered":"https:\/\/rakosliget.hu\/wordpress\/?page_id=18259"},"modified":"2025-09-27T05:53:03","modified_gmt":"2025-09-27T04:53:03","slug":"toth-tibor-muveszetbarat-tarsasag-rakosligeten","status":"publish","type":"page","link":"https:\/\/rakosliget.hu\/wordpress\/index.php\/toth-tibor-muveszetbarat-tarsasag-rakosligeten\/","title":{"rendered":"T\u00f3th Tibor \u00e9s a Z\u00e1rt k\u00f6r (M\u0171v\u00e9szetbar\u00e1tok k\u00f6r\u00e9nek) m\u0171k\u00f6d\u00e9se R\u00e1kosligeten"},"content":{"rendered":"\n<figure class=\"wp-block-image size-full\"><img loading=\"lazy\" decoding=\"async\" width=\"1413\" height=\"1803\" src=\"https:\/\/rakosliget.hu\/wordpress\/wp-content\/uploads\/2025\/09\/Muveszetbarat-tarsasag.jpg\" alt=\"\" class=\"wp-image-18256\" srcset=\"https:\/\/rakosliget.hu\/wordpress\/wp-content\/uploads\/2025\/09\/Muveszetbarat-tarsasag.jpg 1413w, https:\/\/rakosliget.hu\/wordpress\/wp-content\/uploads\/2025\/09\/Muveszetbarat-tarsasag-235x300.jpg 235w, https:\/\/rakosliget.hu\/wordpress\/wp-content\/uploads\/2025\/09\/Muveszetbarat-tarsasag-768x980.jpg 768w, https:\/\/rakosliget.hu\/wordpress\/wp-content\/uploads\/2025\/09\/Muveszetbarat-tarsasag-1204x1536.jpg 1204w\" sizes=\"auto, (max-width: 1413px) 100vw, 1413px\" \/><figcaption class=\"wp-element-caption\">Forr\u00e1s: K\u00f6znevel\u00e9s 1965. 11. 08. 21. sz\u00e1m<\/figcaption><\/figure>\n\n\n\n<p><a href=\"http:\/\/rakosliget.hu\/pdf\/zart%20kor.pdf\">Kelemen S\u00e1ndor: Z\u00e1rt k\u00f6r. A M\u0171v\u00e9szetbar\u00e1tok K\u00f6r\u00e9nek m\u0171k\u00f6d\u00e9se R\u00e1kosligeten (1962-1969)\u00a0Copyright 2010. A szerz\u0151 enged\u00e9ly\u00e9vel.<\/a><\/p>\n\n\n\n<p><\/p>\n","protected":false},"excerpt":{"rendered":"<p>Kelemen S\u00e1ndor: Z\u00e1rt k\u00f6r. A M\u0171v\u00e9szetbar\u00e1tok K\u00f6r\u00e9nek m\u0171k\u00f6d\u00e9se R\u00e1kosligeten (1962-1969)\u00a0Copyright 2010. A szerz\u0151 enged\u00e9ly\u00e9vel.<\/p>\n","protected":false},"author":1,"featured_media":0,"parent":0,"menu_order":0,"comment_status":"closed","ping_status":"closed","template":"","meta":{"footnotes":""},"class_list":["post-18259","page","type-page","status-publish","hentry"],"_links":{"self":[{"href":"https:\/\/rakosliget.hu\/wordpress\/index.php\/wp-json\/wp\/v2\/pages\/18259","targetHints":{"allow":["GET"]}}],"collection":[{"href":"https:\/\/rakosliget.hu\/wordpress\/index.php\/wp-json\/wp\/v2\/pages"}],"about":[{"href":"https:\/\/rakosliget.hu\/wordpress\/index.php\/wp-json\/wp\/v2\/types\/page"}],"author":[{"embeddable":true,"href":"https:\/\/rakosliget.hu\/wordpress\/index.php\/wp-json\/wp\/v2\/users\/1"}],"replies":[{"embeddable":true,"href":"https:\/\/rakosliget.hu\/wordpress\/index.php\/wp-json\/wp\/v2\/comments?post=18259"}],"version-history":[{"count":3,"href":"https:\/\/rakosliget.hu\/wordpress\/index.php\/wp-json\/wp\/v2\/pages\/18259\/revisions"}],"predecessor-version":[{"id":18263,"href":"https:\/\/rakosliget.hu\/wordpress\/index.php\/wp-json\/wp\/v2\/pages\/18259\/revisions\/18263"}],"wp:attachment":[{"href":"https:\/\/rakosliget.hu\/wordpress\/index.php\/wp-json\/wp\/v2\/media?parent=18259"}],"curies":[{"name":"wp","href":"https:\/\/api.w.org\/{rel}","templated":true}]}}