{"id":18174,"date":"2025-09-14T10:33:44","date_gmt":"2025-09-14T09:33:44","guid":{"rendered":"https:\/\/rakosliget.hu\/wordpress\/?page_id=18174"},"modified":"2025-09-14T10:37:45","modified_gmt":"2025-09-14T09:37:45","slug":"delmagyarorszag","status":"publish","type":"page","link":"https:\/\/rakosliget.hu\/wordpress\/index.php\/delmagyarorszag\/","title":{"rendered":"D\u00c9LMAGYARORSZ\u00c1G"},"content":{"rendered":"<div class=\"wp-block-image\">\n<figure class=\"aligncenter size-large\"><img loading=\"lazy\" decoding=\"async\" width=\"2048\" height=\"595\" src=\"https:\/\/rakosliget.hu\/wordpress\/wp-content\/uploads\/2025\/09\/logo-2-2048x595.jpg\" alt=\"\" class=\"wp-image-18176\" srcset=\"https:\/\/rakosliget.hu\/wordpress\/wp-content\/uploads\/2025\/09\/logo-2-2048x595.jpg 2048w, https:\/\/rakosliget.hu\/wordpress\/wp-content\/uploads\/2025\/09\/logo-2-300x87.jpg 300w, https:\/\/rakosliget.hu\/wordpress\/wp-content\/uploads\/2025\/09\/logo-2-768x223.jpg 768w, https:\/\/rakosliget.hu\/wordpress\/wp-content\/uploads\/2025\/09\/logo-2-1536x446.jpg 1536w\" sizes=\"auto, (max-width: 2048px) 100vw, 2048px\" \/><\/figure>\n<\/div>\n\n<div class=\"wp-block-image\">\n<figure class=\"aligncenter size-large\"><img loading=\"lazy\" decoding=\"async\" width=\"2048\" height=\"1592\" src=\"https:\/\/rakosliget.hu\/wordpress\/wp-content\/uploads\/2025\/09\/1-2048x1592.jpg\" alt=\"\" class=\"wp-image-18177\" srcset=\"https:\/\/rakosliget.hu\/wordpress\/wp-content\/uploads\/2025\/09\/1-2048x1592.jpg 2048w, https:\/\/rakosliget.hu\/wordpress\/wp-content\/uploads\/2025\/09\/1-300x233.jpg 300w, https:\/\/rakosliget.hu\/wordpress\/wp-content\/uploads\/2025\/09\/1-768x597.jpg 768w, https:\/\/rakosliget.hu\/wordpress\/wp-content\/uploads\/2025\/09\/1-1536x1194.jpg 1536w\" sizes=\"auto, (max-width: 2048px) 100vw, 2048px\" \/><figcaption class=\"wp-element-caption\">Forr\u00e1s: D\u00e9lmagyarorsz\u00e1g, 1944. december\\1944. 12-.2. 19. sz\u00e1m<\/figcaption><\/figure>\n<\/div>\n\n\n<figure class=\"wp-block-image size-full\"><img loading=\"lazy\" decoding=\"async\" width=\"1460\" height=\"2161\" src=\"https:\/\/rakosliget.hu\/wordpress\/wp-content\/uploads\/2025\/09\/2.jpg\" alt=\"\" class=\"wp-image-18179\" srcset=\"https:\/\/rakosliget.hu\/wordpress\/wp-content\/uploads\/2025\/09\/2.jpg 1460w, https:\/\/rakosliget.hu\/wordpress\/wp-content\/uploads\/2025\/09\/2-203x300.jpg 203w, https:\/\/rakosliget.hu\/wordpress\/wp-content\/uploads\/2025\/09\/2-768x1137.jpg 768w, https:\/\/rakosliget.hu\/wordpress\/wp-content\/uploads\/2025\/09\/2-1038x1536.jpg 1038w, https:\/\/rakosliget.hu\/wordpress\/wp-content\/uploads\/2025\/09\/2-1384x2048.jpg 1384w\" sizes=\"auto, (max-width: 1460px) 100vw, 1460px\" \/><figcaption class=\"wp-element-caption\">Forr\u00e1s: D\u00e9lmagyarorsz\u00e1g, 1944. december\\1944. 12-.2. 19. sz\u00e1m<\/figcaption><\/figure>\n\n\n\n<p><a href=\"https:\/\/rakosliget.hu\/wordpress\/index.php\/rakosliget-a-korabeli-hirekben\/\">VISSZA a SAJT\u00d3 lapra<\/a><\/p>\n","protected":false},"excerpt":{"rendered":"<p>VISSZA a SAJT\u00d3 lapra<\/p>\n","protected":false},"author":1,"featured_media":0,"parent":0,"menu_order":0,"comment_status":"closed","ping_status":"closed","template":"","meta":{"footnotes":""},"class_list":["post-18174","page","type-page","status-publish","hentry"],"_links":{"self":[{"href":"https:\/\/rakosliget.hu\/wordpress\/index.php\/wp-json\/wp\/v2\/pages\/18174","targetHints":{"allow":["GET"]}}],"collection":[{"href":"https:\/\/rakosliget.hu\/wordpress\/index.php\/wp-json\/wp\/v2\/pages"}],"about":[{"href":"https:\/\/rakosliget.hu\/wordpress\/index.php\/wp-json\/wp\/v2\/types\/page"}],"author":[{"embeddable":true,"href":"https:\/\/rakosliget.hu\/wordpress\/index.php\/wp-json\/wp\/v2\/users\/1"}],"replies":[{"embeddable":true,"href":"https:\/\/rakosliget.hu\/wordpress\/index.php\/wp-json\/wp\/v2\/comments?post=18174"}],"version-history":[{"count":3,"href":"https:\/\/rakosliget.hu\/wordpress\/index.php\/wp-json\/wp\/v2\/pages\/18174\/revisions"}],"predecessor-version":[{"id":18182,"href":"https:\/\/rakosliget.hu\/wordpress\/index.php\/wp-json\/wp\/v2\/pages\/18174\/revisions\/18182"}],"wp:attachment":[{"href":"https:\/\/rakosliget.hu\/wordpress\/index.php\/wp-json\/wp\/v2\/media?parent=18174"}],"curies":[{"name":"wp","href":"https:\/\/api.w.org\/{rel}","templated":true}]}}