{"id":18161,"date":"2025-09-14T09:43:06","date_gmt":"2025-09-14T08:43:06","guid":{"rendered":"https:\/\/rakosliget.hu\/wordpress\/?page_id=18161"},"modified":"2025-09-14T09:48:57","modified_gmt":"2025-09-14T08:48:57","slug":"delamerikai-magyarsag","status":"publish","type":"page","link":"https:\/\/rakosliget.hu\/wordpress\/index.php\/delamerikai-magyarsag\/","title":{"rendered":"D\u00c9LAMERIKAI MAGYARS\u00c1G"},"content":{"rendered":"\n<figure class=\"wp-block-image size-large\"><img loading=\"lazy\" decoding=\"async\" width=\"2048\" height=\"741\" src=\"https:\/\/rakosliget.hu\/wordpress\/wp-content\/uploads\/2025\/09\/logo-2048x741.jpg\" alt=\"\" class=\"wp-image-18158\" srcset=\"https:\/\/rakosliget.hu\/wordpress\/wp-content\/uploads\/2025\/09\/logo-2048x741.jpg 2048w, https:\/\/rakosliget.hu\/wordpress\/wp-content\/uploads\/2025\/09\/logo-300x109.jpg 300w, https:\/\/rakosliget.hu\/wordpress\/wp-content\/uploads\/2025\/09\/logo-768x278.jpg 768w, https:\/\/rakosliget.hu\/wordpress\/wp-content\/uploads\/2025\/09\/logo-1536x556.jpg 1536w\" sizes=\"auto, (max-width: 2048px) 100vw, 2048px\" \/><\/figure>\n\n\n<div class=\"wp-block-image\">\n<figure class=\"aligncenter size-full\"><img loading=\"lazy\" decoding=\"async\" width=\"756\" height=\"388\" src=\"https:\/\/rakosliget.hu\/wordpress\/wp-content\/uploads\/2025\/09\/Rguczky-ongyilkos.jpg\" alt=\"\" class=\"wp-image-18165\" srcset=\"https:\/\/rakosliget.hu\/wordpress\/wp-content\/uploads\/2025\/09\/Rguczky-ongyilkos.jpg 756w, https:\/\/rakosliget.hu\/wordpress\/wp-content\/uploads\/2025\/09\/Rguczky-ongyilkos-300x154.jpg 300w\" sizes=\"auto, (max-width: 756px) 100vw, 756px\" \/><figcaption class=\"wp-element-caption\">Forr\u00e1s: D\u00e9lamerikai Magyars\u00e1g, 1933\\1933. 01. 17. 474. sz\u00e1m 2. oldal<\/figcaption><\/figure>\n<\/div>\n\n\n<p><a href=\"https:\/\/rakosliget.hu\/wordpress\/index.php\/rakosliget-a-korabeli-hirekben\/\">Vissza a sajt\u00f3 oldalra<\/a><\/p>\n","protected":false},"excerpt":{"rendered":"<p>Vissza a sajt\u00f3 oldalra<\/p>\n","protected":false},"author":1,"featured_media":0,"parent":0,"menu_order":0,"comment_status":"closed","ping_status":"closed","template":"","meta":{"footnotes":""},"class_list":["post-18161","page","type-page","status-publish","hentry"],"_links":{"self":[{"href":"https:\/\/rakosliget.hu\/wordpress\/index.php\/wp-json\/wp\/v2\/pages\/18161","targetHints":{"allow":["GET"]}}],"collection":[{"href":"https:\/\/rakosliget.hu\/wordpress\/index.php\/wp-json\/wp\/v2\/pages"}],"about":[{"href":"https:\/\/rakosliget.hu\/wordpress\/index.php\/wp-json\/wp\/v2\/types\/page"}],"author":[{"embeddable":true,"href":"https:\/\/rakosliget.hu\/wordpress\/index.php\/wp-json\/wp\/v2\/users\/1"}],"replies":[{"embeddable":true,"href":"https:\/\/rakosliget.hu\/wordpress\/index.php\/wp-json\/wp\/v2\/comments?post=18161"}],"version-history":[{"count":5,"href":"https:\/\/rakosliget.hu\/wordpress\/index.php\/wp-json\/wp\/v2\/pages\/18161\/revisions"}],"predecessor-version":[{"id":18169,"href":"https:\/\/rakosliget.hu\/wordpress\/index.php\/wp-json\/wp\/v2\/pages\/18161\/revisions\/18169"}],"wp:attachment":[{"href":"https:\/\/rakosliget.hu\/wordpress\/index.php\/wp-json\/wp\/v2\/media?parent=18161"}],"curies":[{"name":"wp","href":"https:\/\/api.w.org\/{rel}","templated":true}]}}