{"id":18043,"date":"2025-09-07T17:08:18","date_gmt":"2025-09-07T16:08:18","guid":{"rendered":"https:\/\/rakosliget.hu\/wordpress\/?page_id=18043"},"modified":"2025-10-26T05:00:35","modified_gmt":"2025-10-26T04:00:35","slug":"lakohazak-lakasok","status":"publish","type":"page","link":"https:\/\/rakosliget.hu\/wordpress\/index.php\/lakohazak-lakasok\/","title":{"rendered":"Lak\u00f3h\u00e1zak, lak\u00e1sok"},"content":{"rendered":"\n<h5 class=\"wp-block-heading\">Lak\u00f3h\u00e1zak sz\u00e1ma 1910 &#8211; 1949 k\u00f6z\u00f6tt<\/h5>\n\n\n\n<h5 class=\"wp-block-heading\">\u00d6sszes\u00edt\u0151 t\u00e1bl\u00e1zat<\/h5>\n\n\n\n<figure class=\"wp-block-table\"><table class=\"has-fixed-layout\"><tbody><tr><td>\u00e9v<\/td><td>db<\/td><\/tr><tr><td>1910<\/td><td>460<\/td><\/tr><tr><td>1920<\/td><td>1717 (?)<\/td><\/tr><tr><td>1930<\/td><td>688<\/td><\/tr><tr><td>1941<\/td><td>833<\/td><\/tr><tr><td>1949<\/td><td>868<\/td><\/tr><\/tbody><\/table><\/figure>\n\n\n\n<h2 class=\"wp-block-heading\">1937<\/h2>\n\n\n\n<figure class=\"wp-block-image size-large\"><img loading=\"lazy\" decoding=\"async\" width=\"2048\" height=\"763\" src=\"https:\/\/rakosliget.hu\/wordpress\/wp-content\/uploads\/2025\/10\/lakohazak-szerkezete-2048x763.jpg\" alt=\"\" class=\"wp-image-18488\" srcset=\"https:\/\/rakosliget.hu\/wordpress\/wp-content\/uploads\/2025\/10\/lakohazak-szerkezete-2048x763.jpg 2048w, https:\/\/rakosliget.hu\/wordpress\/wp-content\/uploads\/2025\/10\/lakohazak-szerkezete-300x112.jpg 300w, https:\/\/rakosliget.hu\/wordpress\/wp-content\/uploads\/2025\/10\/lakohazak-szerkezete-768x286.jpg 768w, https:\/\/rakosliget.hu\/wordpress\/wp-content\/uploads\/2025\/10\/lakohazak-szerkezete-1536x572.jpg 1536w\" sizes=\"auto, (max-width: 2048px) 100vw, 2048px\" \/><\/figure>\n\n\n\n<figure class=\"wp-block-image size-large\"><img loading=\"lazy\" decoding=\"async\" width=\"2048\" height=\"727\" src=\"https:\/\/rakosliget.hu\/wordpress\/wp-content\/uploads\/2025\/10\/lakohazak-felszereltsege-2048x727.jpg\" alt=\"\" class=\"wp-image-18503\" srcset=\"https:\/\/rakosliget.hu\/wordpress\/wp-content\/uploads\/2025\/10\/lakohazak-felszereltsege-2048x727.jpg 2048w, https:\/\/rakosliget.hu\/wordpress\/wp-content\/uploads\/2025\/10\/lakohazak-felszereltsege-300x106.jpg 300w, https:\/\/rakosliget.hu\/wordpress\/wp-content\/uploads\/2025\/10\/lakohazak-felszereltsege-768x273.jpg 768w, https:\/\/rakosliget.hu\/wordpress\/wp-content\/uploads\/2025\/10\/lakohazak-felszereltsege-1536x545.jpg 1536w\" sizes=\"auto, (max-width: 2048px) 100vw, 2048px\" \/><\/figure>\n\n\n\n<p><em>Forr\u00e1s: Statisztikai K\u00f6zlem\u00e9nyek. dr Melly J\u00f3zsef: Nagy-Budapest k\u00f6zeg\u00e9szs\u00e9g\u00fcgyi vonatkoz\u00e1sban Budapest 1937<\/em>.<\/p>\n\n\n\n<h2 class=\"wp-block-heading\">1948<\/h2>\n\n\n\n<p>Forr\u00e1s: Budapest Sz\u00e9kesf\u0151v\u00e1ros Statisztikai Havif\u00fczetei, 1949 (77. \u00e9vfolyam, 855-856. sz\u00e1m)1949.01.01. 855. sz\u00e1m<\/p>\n\n\n\n<figure class=\"wp-block-image size-full\"><img loading=\"lazy\" decoding=\"async\" width=\"2016\" height=\"1199\" src=\"https:\/\/rakosliget.hu\/wordpress\/wp-content\/uploads\/2025\/09\/lakasok-szama-1948.jpg\" alt=\"\" class=\"wp-image-18045\" srcset=\"https:\/\/rakosliget.hu\/wordpress\/wp-content\/uploads\/2025\/09\/lakasok-szama-1948.jpg 2016w, https:\/\/rakosliget.hu\/wordpress\/wp-content\/uploads\/2025\/09\/lakasok-szama-1948-300x178.jpg 300w, https:\/\/rakosliget.hu\/wordpress\/wp-content\/uploads\/2025\/09\/lakasok-szama-1948-768x457.jpg 768w, https:\/\/rakosliget.hu\/wordpress\/wp-content\/uploads\/2025\/09\/lakasok-szama-1948-1536x914.jpg 1536w\" sizes=\"auto, (max-width: 2016px) 100vw, 2016px\" \/><\/figure>\n\n\n\n<figure class=\"wp-block-image size-full\"><img loading=\"lazy\" decoding=\"async\" width=\"2026\" height=\"1086\" src=\"https:\/\/rakosliget.hu\/wordpress\/wp-content\/uploads\/2025\/09\/rendes-lakasok-szobak-szama-szerint.jpg\" alt=\"\" class=\"wp-image-18046\" srcset=\"https:\/\/rakosliget.hu\/wordpress\/wp-content\/uploads\/2025\/09\/rendes-lakasok-szobak-szama-szerint.jpg 2026w, https:\/\/rakosliget.hu\/wordpress\/wp-content\/uploads\/2025\/09\/rendes-lakasok-szobak-szama-szerint-300x161.jpg 300w, https:\/\/rakosliget.hu\/wordpress\/wp-content\/uploads\/2025\/09\/rendes-lakasok-szobak-szama-szerint-768x412.jpg 768w, https:\/\/rakosliget.hu\/wordpress\/wp-content\/uploads\/2025\/09\/rendes-lakasok-szobak-szama-szerint-1536x823.jpg 1536w\" sizes=\"auto, (max-width: 2026px) 100vw, 2026px\" \/><\/figure>\n\n\n\n<figure class=\"wp-block-image size-full\"><img loading=\"lazy\" decoding=\"async\" width=\"2033\" height=\"1059\" src=\"https:\/\/rakosliget.hu\/wordpress\/wp-content\/uploads\/2025\/09\/A-rendes-lakasok-szamanak-szazalekos-megoszlasa-a-szobak-szama-szerint.jpg\" alt=\"\" class=\"wp-image-18048\" srcset=\"https:\/\/rakosliget.hu\/wordpress\/wp-content\/uploads\/2025\/09\/A-rendes-lakasok-szamanak-szazalekos-megoszlasa-a-szobak-szama-szerint.jpg 2033w, https:\/\/rakosliget.hu\/wordpress\/wp-content\/uploads\/2025\/09\/A-rendes-lakasok-szamanak-szazalekos-megoszlasa-a-szobak-szama-szerint-300x156.jpg 300w, https:\/\/rakosliget.hu\/wordpress\/wp-content\/uploads\/2025\/09\/A-rendes-lakasok-szamanak-szazalekos-megoszlasa-a-szobak-szama-szerint-768x400.jpg 768w, https:\/\/rakosliget.hu\/wordpress\/wp-content\/uploads\/2025\/09\/A-rendes-lakasok-szamanak-szazalekos-megoszlasa-a-szobak-szama-szerint-1536x800.jpg 1536w\" sizes=\"auto, (max-width: 2033px) 100vw, 2033px\" \/><\/figure>\n\n\n\n<figure class=\"wp-block-image size-large\"><img loading=\"lazy\" decoding=\"async\" width=\"2048\" height=\"1146\" src=\"https:\/\/rakosliget.hu\/wordpress\/wp-content\/uploads\/2025\/09\/A-nepesseg-megoszlasa-a-rendes-lakasokban-a-szobak-szama-szerint-2048x1146.jpg\" alt=\"\" class=\"wp-image-18049\" srcset=\"https:\/\/rakosliget.hu\/wordpress\/wp-content\/uploads\/2025\/09\/A-nepesseg-megoszlasa-a-rendes-lakasokban-a-szobak-szama-szerint-2048x1146.jpg 2048w, https:\/\/rakosliget.hu\/wordpress\/wp-content\/uploads\/2025\/09\/A-nepesseg-megoszlasa-a-rendes-lakasokban-a-szobak-szama-szerint-300x168.jpg 300w, https:\/\/rakosliget.hu\/wordpress\/wp-content\/uploads\/2025\/09\/A-nepesseg-megoszlasa-a-rendes-lakasokban-a-szobak-szama-szerint-768x430.jpg 768w, https:\/\/rakosliget.hu\/wordpress\/wp-content\/uploads\/2025\/09\/A-nepesseg-megoszlasa-a-rendes-lakasokban-a-szobak-szama-szerint-1536x859.jpg 1536w\" sizes=\"auto, (max-width: 2048px) 100vw, 2048px\" \/><\/figure>\n\n\n\n<p><\/p>\n\n\n\n<h2 class=\"wp-block-heading\"><\/h2>\n\n\n\n<p>A n\u00e9pess\u00e9g megoszl\u00e1sa a rendeslak\u00e1sokban a szob\u00e1k sz\u00e1ma szerint. \u2014 1948. december 31.<\/p>\n\n\n<div class=\"wp-block-image\">\n<figure class=\"aligncenter size-full\"><img loading=\"lazy\" decoding=\"async\" width=\"2011\" height=\"514\" src=\"https:\/\/rakosliget.hu\/wordpress\/wp-content\/uploads\/2025\/09\/szobankenti-laksuruseg.jpg\" alt=\"\" class=\"wp-image-18072\" srcset=\"https:\/\/rakosliget.hu\/wordpress\/wp-content\/uploads\/2025\/09\/szobankenti-laksuruseg.jpg 2011w, https:\/\/rakosliget.hu\/wordpress\/wp-content\/uploads\/2025\/09\/szobankenti-laksuruseg-300x77.jpg 300w, https:\/\/rakosliget.hu\/wordpress\/wp-content\/uploads\/2025\/09\/szobankenti-laksuruseg-768x196.jpg 768w, https:\/\/rakosliget.hu\/wordpress\/wp-content\/uploads\/2025\/09\/szobankenti-laksuruseg-1536x393.jpg 1536w\" sizes=\"auto, (max-width: 2011px) 100vw, 2011px\" \/><\/figure>\n<\/div>\n\n<div class=\"wp-block-image\">\n<figure class=\"aligncenter size-large\"><img loading=\"lazy\" decoding=\"async\" width=\"2048\" height=\"434\" src=\"https:\/\/rakosliget.hu\/wordpress\/wp-content\/uploads\/2025\/09\/lakott-berlemenyek-2048x434.jpg\" alt=\"\" class=\"wp-image-18074\" srcset=\"https:\/\/rakosliget.hu\/wordpress\/wp-content\/uploads\/2025\/09\/lakott-berlemenyek-2048x434.jpg 2048w, https:\/\/rakosliget.hu\/wordpress\/wp-content\/uploads\/2025\/09\/lakott-berlemenyek-300x64.jpg 300w, https:\/\/rakosliget.hu\/wordpress\/wp-content\/uploads\/2025\/09\/lakott-berlemenyek-768x163.jpg 768w, https:\/\/rakosliget.hu\/wordpress\/wp-content\/uploads\/2025\/09\/lakott-berlemenyek-1536x326.jpg 1536w\" sizes=\"auto, (max-width: 2048px) 100vw, 2048px\" \/><\/figure>\n<\/div>\n\n<div class=\"wp-block-image\">\n<figure class=\"aligncenter size-large\"><img loading=\"lazy\" decoding=\"async\" width=\"2048\" height=\"236\" src=\"https:\/\/rakosliget.hu\/wordpress\/wp-content\/uploads\/2025\/09\/A-rendes-lakasok-szamanak-szazalekos-megoszlasa-a-szobak-szama-szerint-1-2048x236.jpg\" alt=\"\" class=\"wp-image-18076\" srcset=\"https:\/\/rakosliget.hu\/wordpress\/wp-content\/uploads\/2025\/09\/A-rendes-lakasok-szamanak-szazalekos-megoszlasa-a-szobak-szama-szerint-1-2048x236.jpg 2048w, https:\/\/rakosliget.hu\/wordpress\/wp-content\/uploads\/2025\/09\/A-rendes-lakasok-szamanak-szazalekos-megoszlasa-a-szobak-szama-szerint-1-300x35.jpg 300w, https:\/\/rakosliget.hu\/wordpress\/wp-content\/uploads\/2025\/09\/A-rendes-lakasok-szamanak-szazalekos-megoszlasa-a-szobak-szama-szerint-1-768x89.jpg 768w, https:\/\/rakosliget.hu\/wordpress\/wp-content\/uploads\/2025\/09\/A-rendes-lakasok-szamanak-szazalekos-megoszlasa-a-szobak-szama-szerint-1-1536x177.jpg 1536w\" sizes=\"auto, (max-width: 2048px) 100vw, 2048px\" \/><\/figure>\n<\/div>\n\n<div class=\"wp-block-image\">\n<figure class=\"aligncenter size-large\"><img loading=\"lazy\" decoding=\"async\" width=\"2048\" height=\"260\" src=\"https:\/\/rakosliget.hu\/wordpress\/wp-content\/uploads\/2025\/09\/helyisegek-szama-2048x260.jpg\" alt=\"\" class=\"wp-image-18078\" srcset=\"https:\/\/rakosliget.hu\/wordpress\/wp-content\/uploads\/2025\/09\/helyisegek-szama-2048x260.jpg 2048w, https:\/\/rakosliget.hu\/wordpress\/wp-content\/uploads\/2025\/09\/helyisegek-szama-300x38.jpg 300w, https:\/\/rakosliget.hu\/wordpress\/wp-content\/uploads\/2025\/09\/helyisegek-szama-768x97.jpg 768w, https:\/\/rakosliget.hu\/wordpress\/wp-content\/uploads\/2025\/09\/helyisegek-szama-1536x195.jpg 1536w\" sizes=\"auto, (max-width: 2048px) 100vw, 2048px\" \/><\/figure>\n<\/div>\n\n<div class=\"wp-block-image\">\n<figure class=\"aligncenter size-large\"><img loading=\"lazy\" decoding=\"async\" width=\"2048\" height=\"453\" src=\"https:\/\/rakosliget.hu\/wordpress\/wp-content\/uploads\/2025\/09\/szobak-padozata-2048x453.jpg\" alt=\"\" class=\"wp-image-18080\" srcset=\"https:\/\/rakosliget.hu\/wordpress\/wp-content\/uploads\/2025\/09\/szobak-padozata-2048x453.jpg 2048w, https:\/\/rakosliget.hu\/wordpress\/wp-content\/uploads\/2025\/09\/szobak-padozata-300x66.jpg 300w, https:\/\/rakosliget.hu\/wordpress\/wp-content\/uploads\/2025\/09\/szobak-padozata-768x170.jpg 768w, https:\/\/rakosliget.hu\/wordpress\/wp-content\/uploads\/2025\/09\/szobak-padozata-1536x340.jpg 1536w\" sizes=\"auto, (max-width: 2048px) 100vw, 2048px\" \/><\/figure>\n<\/div>\n\n<div class=\"wp-block-image\">\n<figure class=\"aligncenter size-large\"><img loading=\"lazy\" decoding=\"async\" width=\"2048\" height=\"409\" src=\"https:\/\/rakosliget.hu\/wordpress\/wp-content\/uploads\/2025\/09\/konyhak-padozata-2048x409.jpg\" alt=\"\" class=\"wp-image-18082\" srcset=\"https:\/\/rakosliget.hu\/wordpress\/wp-content\/uploads\/2025\/09\/konyhak-padozata-2048x409.jpg 2048w, https:\/\/rakosliget.hu\/wordpress\/wp-content\/uploads\/2025\/09\/konyhak-padozata-300x60.jpg 300w, https:\/\/rakosliget.hu\/wordpress\/wp-content\/uploads\/2025\/09\/konyhak-padozata-768x154.jpg 768w, https:\/\/rakosliget.hu\/wordpress\/wp-content\/uploads\/2025\/09\/konyhak-padozata-1536x307.jpg 1536w\" sizes=\"auto, (max-width: 2048px) 100vw, 2048px\" \/><\/figure>\n<\/div>\n\n\n<p><a href=\"http:\/\/rakosliget.hu\/wordpress\/index.php\/statisztikai-adatok-rakosligetrol\/\">Vissza<\/a><\/p>\n\n\n\n<p><\/p>\n","protected":false},"excerpt":{"rendered":"<p>Lak\u00f3h\u00e1zak sz\u00e1ma 1910 &#8211; 1949 k\u00f6z\u00f6tt \u00d6sszes\u00edt\u0151 t\u00e1bl\u00e1zat \u00e9v db 1910 460 1920 1717 (?) 1930 688 1941 833 1949 868 1937 Forr\u00e1s: Statisztikai K\u00f6zlem\u00e9nyek. dr Melly J\u00f3zsef: Nagy-Budapest k\u00f6zeg\u00e9szs\u00e9g\u00fcgyi vonatkoz\u00e1sban Budapest 1937. 1948 Forr\u00e1s: Budapest Sz\u00e9kesf\u0151v\u00e1ros Statisztikai Havif\u00fczetei, 1949 (77. \u00e9vfolyam, 855-856. sz\u00e1m)1949.01.01. 855. sz\u00e1m A n\u00e9pess\u00e9g megoszl\u00e1sa a rendeslak\u00e1sokban a szob\u00e1k sz\u00e1ma szerint. &hellip; <a href=\"https:\/\/rakosliget.hu\/wordpress\/index.php\/lakohazak-lakasok\/\" class=\"more-link\"><span class=\"screen-reader-text\">Lak\u00f3h\u00e1zak, lak\u00e1sok<\/span> r\u00e9szletei&#8230;<\/a><\/p>\n","protected":false},"author":1,"featured_media":0,"parent":0,"menu_order":0,"comment_status":"closed","ping_status":"closed","template":"","meta":{"footnotes":""},"class_list":["post-18043","page","type-page","status-publish","hentry"],"_links":{"self":[{"href":"https:\/\/rakosliget.hu\/wordpress\/index.php\/wp-json\/wp\/v2\/pages\/18043","targetHints":{"allow":["GET"]}}],"collection":[{"href":"https:\/\/rakosliget.hu\/wordpress\/index.php\/wp-json\/wp\/v2\/pages"}],"about":[{"href":"https:\/\/rakosliget.hu\/wordpress\/index.php\/wp-json\/wp\/v2\/types\/page"}],"author":[{"embeddable":true,"href":"https:\/\/rakosliget.hu\/wordpress\/index.php\/wp-json\/wp\/v2\/users\/1"}],"replies":[{"embeddable":true,"href":"https:\/\/rakosliget.hu\/wordpress\/index.php\/wp-json\/wp\/v2\/comments?post=18043"}],"version-history":[{"count":11,"href":"https:\/\/rakosliget.hu\/wordpress\/index.php\/wp-json\/wp\/v2\/pages\/18043\/revisions"}],"predecessor-version":[{"id":18504,"href":"https:\/\/rakosliget.hu\/wordpress\/index.php\/wp-json\/wp\/v2\/pages\/18043\/revisions\/18504"}],"wp:attachment":[{"href":"https:\/\/rakosliget.hu\/wordpress\/index.php\/wp-json\/wp\/v2\/media?parent=18043"}],"curies":[{"name":"wp","href":"https:\/\/api.w.org\/{rel}","templated":true}]}}