{"id":17999,"date":"2025-08-24T18:33:57","date_gmt":"2025-08-24T17:33:57","guid":{"rendered":"https:\/\/rakosliget.hu\/wordpress\/?page_id=17999"},"modified":"2026-02-08T18:49:42","modified_gmt":"2026-02-08T17:49:42","slug":"a-nap","status":"publish","type":"page","link":"https:\/\/rakosliget.hu\/wordpress\/index.php\/a-nap\/","title":{"rendered":"A NAP"},"content":{"rendered":"\n<figure class=\"wp-block-image size-large\"><img loading=\"lazy\" decoding=\"async\" width=\"2048\" height=\"474\" src=\"https:\/\/rakosliget.hu\/wordpress\/wp-content\/uploads\/2025\/08\/logo-2048x474.jpg\" alt=\"\" class=\"wp-image-17998\" srcset=\"https:\/\/rakosliget.hu\/wordpress\/wp-content\/uploads\/2025\/08\/logo-2048x474.jpg 2048w, https:\/\/rakosliget.hu\/wordpress\/wp-content\/uploads\/2025\/08\/logo-300x69.jpg 300w, https:\/\/rakosliget.hu\/wordpress\/wp-content\/uploads\/2025\/08\/logo-768x178.jpg 768w, https:\/\/rakosliget.hu\/wordpress\/wp-content\/uploads\/2025\/08\/logo-1536x356.jpg 1536w\" sizes=\"auto, (max-width: 2048px) 100vw, 2048px\" \/><\/figure>\n\n\n\n<p><\/p>\n\n\n\n<div class=\"wp-block-buttons is-content-justification-center is-layout-flex wp-container-core-buttons-is-layout-16018d1d wp-block-buttons-is-layout-flex\">\n<div class=\"wp-block-button\"><a class=\"wp-block-button__link wp-element-button\" href=\"https:\/\/rakosliget.hu\/wordpress\/index.php\/rakosliget-a-korabeli-hirekben\/\">Vissza a sajt\u00f3 lapra<\/a><\/div>\n<\/div>\n\n\n\n<p><\/p>\n\n\n\n<figure class=\"wp-block-image size-large\"><img loading=\"lazy\" decoding=\"async\" width=\"2033\" height=\"4078\" src=\"https:\/\/rakosliget.hu\/wordpress\/wp-content\/uploads\/2025\/08\/harcok-2033x4078.jpg\" alt=\"\" class=\"wp-image-18001\" srcset=\"https:\/\/rakosliget.hu\/wordpress\/wp-content\/uploads\/2025\/08\/harcok-2033x4078.jpg 2033w, https:\/\/rakosliget.hu\/wordpress\/wp-content\/uploads\/2025\/08\/harcok-150x300.jpg 150w, https:\/\/rakosliget.hu\/wordpress\/wp-content\/uploads\/2025\/08\/harcok-768x1541.jpg 768w, https:\/\/rakosliget.hu\/wordpress\/wp-content\/uploads\/2025\/08\/harcok-766x1536.jpg 766w, https:\/\/rakosliget.hu\/wordpress\/wp-content\/uploads\/2025\/08\/harcok-1021x2048.jpg 1021w, https:\/\/rakosliget.hu\/wordpress\/wp-content\/uploads\/2025\/08\/harcok-scaled.jpg 1276w\" sizes=\"auto, (max-width: 2033px) 100vw, 2033px\" \/><figcaption class=\"wp-element-caption\">1918.11.02. <\/figcaption><\/figure>\n\n\n\n<p><strong>T\u00f6rt\u00e9neti h\u00e1tt\u00e9r: <\/strong>Linder a kabinet \u00e9s a Nemzeti Tan\u00e1cs november 1-i egy\u00fcttes \u00fcl\u00e9s\u00e9n jelentette be, hogy \u201ea magyar korm\u00e1ny teljes felel\u0151ss\u00e9ge tudat\u00e1ban e neh\u00e9z viszonyok k\u00f6z\u00f6tt elhat\u00e1rozta, hogy a frontokon a katon\u00e1k azonnal tegy\u00e9k le a fegyvert.\u201d Ennek megfelel\u0151en m\u00e9g aznap este 11 \u00f3rakor t\u00e1viratot k\u00fcld\u00f6tt a Badenben sz\u00e9kel\u0151 osztr\u00e1k\u2013magyar hadsereg-f\u0151parancsnoks\u00e1ghoz (AOK). Ebben bejelentette, hogy Magyarorsz\u00e1got bels\u0151 helyzete k\u00e9ptelenn\u00e9 teszi a harc tov\u00e1bbfolytat\u00e1s\u00e1ra. Ez\u00e9rt \u0151, mint felel\u0151s magyar kir\u00e1lyi had\u00fcgyminiszter elrendeli a fegyverlet\u00e9telt. Utas\u00edtja az AOK-t valamint rajta kereszt\u00fcl a frontokon harcol\u00f3 hadsereg-parancsnoks\u00e1gokat, hogy ennek \u00e9rdek\u00e9ben azonnal l\u00e9pjenek kapcsolatba az antant parancsnoks\u00e1gaival. M\u00e1snap, ugyanezen az \u00faton, a frontokon harcol\u00f3 magyar katon\u00e1khoz int\u00e9zett ki\u00e1ltv\u00e1nyban tudatta a magyar korm\u00e1ny fegyverlet\u00e9telre vonatkoz\u00f3 d\u00f6nt\u00e9s\u00e9t. <em>Forr\u00e1s: <\/em><a href=\"https:\/\/nagyhaboru.blog.hu\/2018\/10\/31\/a_karolyi-kormany_fegyverleteteli_parancsa_1918_november\">https:\/\/nagyhaboru.blog.hu\/2018\/10\/31\/a_karolyi-kormany_fegyverleteteli_parancsa_1918_november<\/a><\/p>\n\n\n\n<div class=\"wp-block-buttons is-content-justification-center is-layout-flex wp-container-core-buttons-is-layout-16018d1d wp-block-buttons-is-layout-flex\">\n<div class=\"wp-block-button\"><a class=\"wp-block-button__link wp-element-button\" href=\"https:\/\/rakosliget.hu\/wordpress\/index.php\/rakosliget-a-korabeli-hirekben\/\">Vissza a sajt\u00f3 lapra<\/a><\/div>\n<\/div>\n\n\n\n<p><\/p>\n","protected":false},"excerpt":{"rendered":"<p>T\u00f6rt\u00e9neti h\u00e1tt\u00e9r: Linder a kabinet \u00e9s a Nemzeti Tan\u00e1cs november 1-i egy\u00fcttes \u00fcl\u00e9s\u00e9n jelentette be, hogy \u201ea magyar korm\u00e1ny teljes felel\u0151ss\u00e9ge tudat\u00e1ban e neh\u00e9z viszonyok k\u00f6z\u00f6tt elhat\u00e1rozta, hogy a frontokon a katon\u00e1k azonnal tegy\u00e9k le a fegyvert.\u201d Ennek megfelel\u0151en m\u00e9g aznap este 11 \u00f3rakor t\u00e1viratot k\u00fcld\u00f6tt a Badenben sz\u00e9kel\u0151 osztr\u00e1k\u2013magyar hadsereg-f\u0151parancsnoks\u00e1ghoz (AOK). Ebben bejelentette, hogy &hellip; <a href=\"https:\/\/rakosliget.hu\/wordpress\/index.php\/a-nap\/\" class=\"more-link\"><span class=\"screen-reader-text\">A NAP<\/span> r\u00e9szletei&#8230;<\/a><\/p>\n","protected":false},"author":1,"featured_media":0,"parent":0,"menu_order":0,"comment_status":"closed","ping_status":"closed","template":"","meta":{"footnotes":""},"class_list":["post-17999","page","type-page","status-publish","hentry"],"_links":{"self":[{"href":"https:\/\/rakosliget.hu\/wordpress\/index.php\/wp-json\/wp\/v2\/pages\/17999","targetHints":{"allow":["GET"]}}],"collection":[{"href":"https:\/\/rakosliget.hu\/wordpress\/index.php\/wp-json\/wp\/v2\/pages"}],"about":[{"href":"https:\/\/rakosliget.hu\/wordpress\/index.php\/wp-json\/wp\/v2\/types\/page"}],"author":[{"embeddable":true,"href":"https:\/\/rakosliget.hu\/wordpress\/index.php\/wp-json\/wp\/v2\/users\/1"}],"replies":[{"embeddable":true,"href":"https:\/\/rakosliget.hu\/wordpress\/index.php\/wp-json\/wp\/v2\/comments?post=17999"}],"version-history":[{"count":5,"href":"https:\/\/rakosliget.hu\/wordpress\/index.php\/wp-json\/wp\/v2\/pages\/17999\/revisions"}],"predecessor-version":[{"id":23049,"href":"https:\/\/rakosliget.hu\/wordpress\/index.php\/wp-json\/wp\/v2\/pages\/17999\/revisions\/23049"}],"wp:attachment":[{"href":"https:\/\/rakosliget.hu\/wordpress\/index.php\/wp-json\/wp\/v2\/media?parent=17999"}],"curies":[{"name":"wp","href":"https:\/\/api.w.org\/{rel}","templated":true}]}}