{"id":17981,"date":"2025-08-24T13:07:57","date_gmt":"2025-08-24T12:07:57","guid":{"rendered":"https:\/\/rakosliget.hu\/wordpress\/?page_id=17981"},"modified":"2026-02-08T18:47:18","modified_gmt":"2026-02-08T17:47:18","slug":"a-mai-nap","status":"publish","type":"page","link":"https:\/\/rakosliget.hu\/wordpress\/index.php\/a-mai-nap\/","title":{"rendered":"A MAI NAP"},"content":{"rendered":"\n<figure class=\"wp-block-image size-large\"><img loading=\"lazy\" decoding=\"async\" width=\"2048\" height=\"491\" src=\"https:\/\/rakosliget.hu\/wordpress\/wp-content\/uploads\/2025\/08\/a-mai-nap-logo-1-2048x491.jpg\" alt=\"\" class=\"wp-image-17983\" srcset=\"https:\/\/rakosliget.hu\/wordpress\/wp-content\/uploads\/2025\/08\/a-mai-nap-logo-1-2048x491.jpg 2048w, https:\/\/rakosliget.hu\/wordpress\/wp-content\/uploads\/2025\/08\/a-mai-nap-logo-1-300x72.jpg 300w, https:\/\/rakosliget.hu\/wordpress\/wp-content\/uploads\/2025\/08\/a-mai-nap-logo-1-768x184.jpg 768w, https:\/\/rakosliget.hu\/wordpress\/wp-content\/uploads\/2025\/08\/a-mai-nap-logo-1-1536x368.jpg 1536w\" sizes=\"auto, (max-width: 2048px) 100vw, 2048px\" \/><\/figure>\n\n\n\n<div class=\"wp-block-buttons is-content-justification-center is-layout-flex wp-container-core-buttons-is-layout-16018d1d wp-block-buttons-is-layout-flex\" id=\"Eleje\">\n<div class=\"wp-block-button\" id=\"Eleje\"><a class=\"wp-block-button__link wp-element-button\" href=\"https:\/\/rakosliget.hu\/wordpress\/index.php\/rakosliget-a-korabeli-hirekben\/\">VISSZA A SAJT\u00d3 LAPRA<\/a><\/div>\n<\/div>\n\n\n\n<h2 class=\"wp-block-heading\"><a href=\"#1927\">1927<\/a>  <a href=\"#1928\">1928<\/a>  <a href=\"#1929\">1929<\/a> <a href=\"#1935\">1935<\/a> <a href=\"#1936\">1936<\/a> <a href=\"#1938\">1938<\/a> <a href=\"#1943\">1943<\/a><\/h2>\n\n\n\n<h2 class=\"wp-block-heading\" id=\"1927\">1927<\/h2>\n\n\n<div class=\"wp-block-image\">\n<figure class=\"aligncenter size-large\"><img loading=\"lazy\" decoding=\"async\" width=\"2048\" height=\"817\" src=\"https:\/\/rakosliget.hu\/wordpress\/wp-content\/uploads\/2026\/01\/1927.-05-2048x817.jpg\" alt=\"\" class=\"wp-image-20859\" srcset=\"https:\/\/rakosliget.hu\/wordpress\/wp-content\/uploads\/2026\/01\/1927.-05-2048x817.jpg 2048w, https:\/\/rakosliget.hu\/wordpress\/wp-content\/uploads\/2026\/01\/1927.-05-300x120.jpg 300w, https:\/\/rakosliget.hu\/wordpress\/wp-content\/uploads\/2026\/01\/1927.-05-768x307.jpg 768w, https:\/\/rakosliget.hu\/wordpress\/wp-content\/uploads\/2026\/01\/1927.-05-1536x613.jpg 1536w\" sizes=\"auto, (max-width: 2048px) 100vw, 2048px\" \/><figcaption class=\"wp-element-caption\">1927. m\u00e1jus 1. 1 oldal<\/figcaption><\/figure>\n<\/div>\n\n\n<div class=\"wp-block-buttons is-content-justification-center is-layout-flex wp-container-core-buttons-is-layout-16018d1d wp-block-buttons-is-layout-flex\">\n<div class=\"wp-block-button\"><a class=\"wp-block-button__link wp-element-button\" href=\"#Eleje\">VISSZA A LAP TETEJ\u00c9RE<\/a><\/div>\n<\/div>\n\n\n\n<p><\/p>\n\n\n\n<h2 class=\"wp-block-heading\" id=\"1928\">1928<\/h2>\n\n\n\n<figure class=\"wp-block-image size-large\"><img loading=\"lazy\" decoding=\"async\" width=\"2048\" height=\"1317\" src=\"https:\/\/rakosliget.hu\/wordpress\/wp-content\/uploads\/2026\/01\/1928-majus-3-2048x1317.jpg\" alt=\"\" class=\"wp-image-20854\" srcset=\"https:\/\/rakosliget.hu\/wordpress\/wp-content\/uploads\/2026\/01\/1928-majus-3-2048x1317.jpg 2048w, https:\/\/rakosliget.hu\/wordpress\/wp-content\/uploads\/2026\/01\/1928-majus-3-300x193.jpg 300w, https:\/\/rakosliget.hu\/wordpress\/wp-content\/uploads\/2026\/01\/1928-majus-3-768x494.jpg 768w, https:\/\/rakosliget.hu\/wordpress\/wp-content\/uploads\/2026\/01\/1928-majus-3-1536x988.jpg 1536w\" sizes=\"auto, (max-width: 2048px) 100vw, 2048px\" \/><figcaption class=\"wp-element-caption\">1928 m\u00e1jus 3. <\/figcaption><\/figure>\n\n\n\n<div class=\"wp-block-buttons is-content-justification-center is-layout-flex wp-container-core-buttons-is-layout-16018d1d wp-block-buttons-is-layout-flex\">\n<div class=\"wp-block-button\"><a class=\"wp-block-button__link wp-element-button\" href=\"#Eleje\">VISSZA A LAP TETEJ\u00c9RE<\/a><\/div>\n<\/div>\n\n\n\n<p><\/p>\n\n\n\n<h2 class=\"wp-block-heading\" id=\"1929\">1929<\/h2>\n\n\n\n<figure class=\"wp-block-image size-full\"><img loading=\"lazy\" decoding=\"async\" width=\"1694\" height=\"842\" src=\"https:\/\/rakosliget.hu\/wordpress\/wp-content\/uploads\/2025\/08\/Blum-villa.jpg\" alt=\"\" class=\"wp-image-17984\" srcset=\"https:\/\/rakosliget.hu\/wordpress\/wp-content\/uploads\/2025\/08\/Blum-villa.jpg 1694w, https:\/\/rakosliget.hu\/wordpress\/wp-content\/uploads\/2025\/08\/Blum-villa-300x149.jpg 300w, https:\/\/rakosliget.hu\/wordpress\/wp-content\/uploads\/2025\/08\/Blum-villa-768x382.jpg 768w, https:\/\/rakosliget.hu\/wordpress\/wp-content\/uploads\/2025\/08\/Blum-villa-1536x763.jpg 1536w\" sizes=\"auto, (max-width: 1694px) 100vw, 1694px\" \/><figcaption class=\"wp-element-caption\">1929. okt\u00f3ber 9.<\/figcaption><\/figure>\n\n\n\n<div class=\"wp-block-buttons is-content-justification-center is-layout-flex wp-container-core-buttons-is-layout-16018d1d wp-block-buttons-is-layout-flex\">\n<div class=\"wp-block-button\"><a class=\"wp-block-button__link wp-element-button\" href=\"#Eleje\">VISSZA A LAP TETEJ\u00c9RE<\/a><\/div>\n<\/div>\n\n\n\n<p><\/p>\n\n\n\n<h2 class=\"wp-block-heading\" id=\"1935\">1935<\/h2>\n\n\n<div class=\"wp-block-image\">\n<figure class=\"aligncenter size-full\"><img loading=\"lazy\" decoding=\"async\" width=\"1701\" height=\"2553\" src=\"https:\/\/rakosliget.hu\/wordpress\/wp-content\/uploads\/2025\/08\/Gozon-vasarlas.jpg\" alt=\"\" class=\"wp-image-17991\" srcset=\"https:\/\/rakosliget.hu\/wordpress\/wp-content\/uploads\/2025\/08\/Gozon-vasarlas.jpg 1701w, https:\/\/rakosliget.hu\/wordpress\/wp-content\/uploads\/2025\/08\/Gozon-vasarlas-200x300.jpg 200w, https:\/\/rakosliget.hu\/wordpress\/wp-content\/uploads\/2025\/08\/Gozon-vasarlas-768x1153.jpg 768w, https:\/\/rakosliget.hu\/wordpress\/wp-content\/uploads\/2025\/08\/Gozon-vasarlas-1023x1536.jpg 1023w, https:\/\/rakosliget.hu\/wordpress\/wp-content\/uploads\/2025\/08\/Gozon-vasarlas-1365x2048.jpg 1365w\" sizes=\"auto, (max-width: 1701px) 100vw, 1701px\" \/><figcaption class=\"wp-element-caption\">1935. \u00e1prilis 15.<\/figcaption><\/figure>\n<\/div>\n\n<div class=\"wp-block-image\">\n<figure class=\"aligncenter size-full\"><img loading=\"lazy\" decoding=\"async\" width=\"858\" height=\"469\" src=\"https:\/\/rakosliget.hu\/wordpress\/wp-content\/uploads\/2026\/01\/1935-november-15.jpg\" alt=\"\" class=\"wp-image-20857\" srcset=\"https:\/\/rakosliget.hu\/wordpress\/wp-content\/uploads\/2026\/01\/1935-november-15.jpg 858w, https:\/\/rakosliget.hu\/wordpress\/wp-content\/uploads\/2026\/01\/1935-november-15-300x164.jpg 300w, https:\/\/rakosliget.hu\/wordpress\/wp-content\/uploads\/2026\/01\/1935-november-15-768x420.jpg 768w\" sizes=\"auto, (max-width: 858px) 100vw, 858px\" \/><figcaption class=\"wp-element-caption\">1935 november 15. 3. oldal<\/figcaption><\/figure>\n<\/div>\n\n\n<div class=\"wp-block-buttons is-content-justification-center is-layout-flex wp-container-core-buttons-is-layout-16018d1d wp-block-buttons-is-layout-flex\">\n<div class=\"wp-block-button\"><a class=\"wp-block-button__link wp-element-button\" href=\"#Eleje\">VISSZA A LAP TETEJ\u00c9RE<\/a><\/div>\n<\/div>\n\n\n\n<p><\/p>\n\n\n\n<h2 class=\"wp-block-heading\" id=\"1936\">1936<\/h2>\n\n\n<div class=\"wp-block-image\">\n<figure class=\"aligncenter size-full\"><img loading=\"lazy\" decoding=\"async\" width=\"1326\" height=\"2560\" src=\"https:\/\/rakosliget.hu\/wordpress\/wp-content\/uploads\/2025\/08\/Mergezes--scaled.jpg\" alt=\"\" class=\"wp-image-17994\" srcset=\"https:\/\/rakosliget.hu\/wordpress\/wp-content\/uploads\/2025\/08\/Mergezes--scaled.jpg 1326w, https:\/\/rakosliget.hu\/wordpress\/wp-content\/uploads\/2025\/08\/Mergezes--155x300.jpg 155w, https:\/\/rakosliget.hu\/wordpress\/wp-content\/uploads\/2025\/08\/Mergezes--768x1483.jpg 768w, https:\/\/rakosliget.hu\/wordpress\/wp-content\/uploads\/2025\/08\/Mergezes--795x1536.jpg 795w, https:\/\/rakosliget.hu\/wordpress\/wp-content\/uploads\/2025\/08\/Mergezes--1061x2048.jpg 1061w\" sizes=\"auto, (max-width: 1326px) 100vw, 1326px\" \/><figcaption class=\"wp-element-caption\">1936.06.01.<\/figcaption><\/figure>\n<\/div>\n\n\n<div class=\"wp-block-buttons is-content-justification-center is-layout-flex wp-container-core-buttons-is-layout-16018d1d wp-block-buttons-is-layout-flex\">\n<div class=\"wp-block-button\"><a class=\"wp-block-button__link wp-element-button\" href=\"#Eleje\">VISSZA A LAP TETEJ\u00c9RE<\/a><\/div>\n<\/div>\n\n\n\n<p><\/p>\n\n\n\n<h2 class=\"wp-block-heading\">1938<\/h2>\n\n\n\n<figure class=\"wp-block-image size-full\"><img loading=\"lazy\" decoding=\"async\" width=\"826\" height=\"396\" src=\"https:\/\/rakosliget.hu\/wordpress\/wp-content\/uploads\/2026\/01\/A-Mai-Nap-1938.-aprilis-junius-15.-evfolyam-73-144.-szam1938-05-05-100.-szam.jpg\" alt=\"\" class=\"wp-image-20757\" srcset=\"https:\/\/rakosliget.hu\/wordpress\/wp-content\/uploads\/2026\/01\/A-Mai-Nap-1938.-aprilis-junius-15.-evfolyam-73-144.-szam1938-05-05-100.-szam.jpg 826w, https:\/\/rakosliget.hu\/wordpress\/wp-content\/uploads\/2026\/01\/A-Mai-Nap-1938.-aprilis-junius-15.-evfolyam-73-144.-szam1938-05-05-100.-szam-300x144.jpg 300w, https:\/\/rakosliget.hu\/wordpress\/wp-content\/uploads\/2026\/01\/A-Mai-Nap-1938.-aprilis-junius-15.-evfolyam-73-144.-szam1938-05-05-100.-szam-768x368.jpg 768w\" sizes=\"auto, (max-width: 826px) 100vw, 826px\" \/><figcaption class=\"wp-element-caption\">A Mai Nap, 1938. \u00e1prilis-j\u00fanius (15. \u00e9vfolyam, 73-144. sz\u00e1m)1938-05-05 100. sz\u00e1m<\/figcaption><\/figure>\n\n\n\n<div class=\"wp-block-buttons is-content-justification-center is-layout-flex wp-container-core-buttons-is-layout-16018d1d wp-block-buttons-is-layout-flex\">\n<div class=\"wp-block-button\"><a class=\"wp-block-button__link wp-element-button\" href=\"#Eleje\">VISSZA A LAP TETEJ\u00c9RE<\/a><\/div>\n<\/div>\n\n\n\n<p><\/p>\n\n\n\n<h2 class=\"wp-block-heading\" id=\"1943\">1943<\/h2>\n\n\n\n<figure class=\"wp-block-image size-full\"><img loading=\"lazy\" decoding=\"async\" width=\"1397\" height=\"2417\" src=\"https:\/\/rakosliget.hu\/wordpress\/wp-content\/uploads\/2026\/01\/A-Mai-Nap-1943.-januar-marcius-20.-evfolyam-1-72.-szam1943-02-01-25.-szam.jpg\" alt=\"\" class=\"wp-image-20760\" srcset=\"https:\/\/rakosliget.hu\/wordpress\/wp-content\/uploads\/2026\/01\/A-Mai-Nap-1943.-januar-marcius-20.-evfolyam-1-72.-szam1943-02-01-25.-szam.jpg 1397w, https:\/\/rakosliget.hu\/wordpress\/wp-content\/uploads\/2026\/01\/A-Mai-Nap-1943.-januar-marcius-20.-evfolyam-1-72.-szam1943-02-01-25.-szam-173x300.jpg 173w, https:\/\/rakosliget.hu\/wordpress\/wp-content\/uploads\/2026\/01\/A-Mai-Nap-1943.-januar-marcius-20.-evfolyam-1-72.-szam1943-02-01-25.-szam-768x1329.jpg 768w, https:\/\/rakosliget.hu\/wordpress\/wp-content\/uploads\/2026\/01\/A-Mai-Nap-1943.-januar-marcius-20.-evfolyam-1-72.-szam1943-02-01-25.-szam-888x1536.jpg 888w, https:\/\/rakosliget.hu\/wordpress\/wp-content\/uploads\/2026\/01\/A-Mai-Nap-1943.-januar-marcius-20.-evfolyam-1-72.-szam1943-02-01-25.-szam-1184x2048.jpg 1184w\" sizes=\"auto, (max-width: 1397px) 100vw, 1397px\" \/><figcaption class=\"wp-element-caption\">A Mai Nap, 1943. janu\u00e1r-m\u00e1rcius (20. \u00e9vfolyam, 1-72. sz\u00e1m)1943-02-01 25. sz\u00e1m<\/figcaption><\/figure>\n\n\n\n<div class=\"wp-block-buttons is-content-justification-center is-layout-flex wp-container-core-buttons-is-layout-16018d1d wp-block-buttons-is-layout-flex\">\n<div class=\"wp-block-button\"><a class=\"wp-block-button__link wp-element-button\" href=\"#Eleje\">VISSZA A LAP TETEJ\u00c9RE<\/a><\/div>\n<\/div>\n\n\n\n<p><\/p>\n\n\n\n<p><a href=\"https:\/\/rakosliget.hu\/wordpress\/index.php\/rakosliget-a-korabeli-hirekben\/\"><\/a><\/p>\n\n\n\n<div class=\"wp-block-buttons is-content-justification-center is-layout-flex wp-container-core-buttons-is-layout-16018d1d wp-block-buttons-is-layout-flex\" id=\"Eleje\">\n<div class=\"wp-block-button\" id=\"Eleje\"><a class=\"wp-block-button__link wp-element-button\" href=\"https:\/\/rakosliget.hu\/wordpress\/index.php\/rakosliget-a-korabeli-hirekben\/\">VISSZA A SAJT\u00d3 LAPRA<\/a><\/div>\n<\/div>\n\n\n\n<p><\/p>\n","protected":false},"excerpt":{"rendered":"<p>1927 1928 1929 1935 1936 1938 1943 1927 1928 1929 1935 1936 1938 1943<\/p>\n","protected":false},"author":1,"featured_media":0,"parent":0,"menu_order":0,"comment_status":"closed","ping_status":"closed","template":"","meta":{"footnotes":""},"class_list":["post-17981","page","type-page","status-publish","hentry"],"_links":{"self":[{"href":"https:\/\/rakosliget.hu\/wordpress\/index.php\/wp-json\/wp\/v2\/pages\/17981","targetHints":{"allow":["GET"]}}],"collection":[{"href":"https:\/\/rakosliget.hu\/wordpress\/index.php\/wp-json\/wp\/v2\/pages"}],"about":[{"href":"https:\/\/rakosliget.hu\/wordpress\/index.php\/wp-json\/wp\/v2\/types\/page"}],"author":[{"embeddable":true,"href":"https:\/\/rakosliget.hu\/wordpress\/index.php\/wp-json\/wp\/v2\/users\/1"}],"replies":[{"embeddable":true,"href":"https:\/\/rakosliget.hu\/wordpress\/index.php\/wp-json\/wp\/v2\/comments?post=17981"}],"version-history":[{"count":13,"href":"https:\/\/rakosliget.hu\/wordpress\/index.php\/wp-json\/wp\/v2\/pages\/17981\/revisions"}],"predecessor-version":[{"id":23048,"href":"https:\/\/rakosliget.hu\/wordpress\/index.php\/wp-json\/wp\/v2\/pages\/17981\/revisions\/23048"}],"wp:attachment":[{"href":"https:\/\/rakosliget.hu\/wordpress\/index.php\/wp-json\/wp\/v2\/media?parent=17981"}],"curies":[{"name":"wp","href":"https:\/\/api.w.org\/{rel}","templated":true}]}}