{"id":17703,"date":"2025-04-19T08:50:49","date_gmt":"2025-04-19T07:50:49","guid":{"rendered":"https:\/\/rakosliget.hu\/wordpress\/?page_id=17703"},"modified":"2026-01-16T19:01:13","modified_gmt":"2026-01-16T18:01:13","slug":"kosa-laszlo-evangelikus-lelkesz","status":"publish","type":"page","link":"https:\/\/rakosliget.hu\/wordpress\/index.php\/kosa-laszlo-evangelikus-lelkesz\/","title":{"rendered":"K\u00d3SA L\u00c1SZL\u00d3 evang\u00e9likus lelk\u00e9sz"},"content":{"rendered":"\n<h3 class=\"wp-block-heading\"><a href=\"https:\/\/rakosliget.hu\/wordpress\/index.php\/egyhazak-rakosligeten\/\">VISSZA AZ EGYH\u00c1ZAK LAPRA<\/a><\/h3>\n\n\n\n<h2 class=\"wp-block-heading\">K\u00f3sa L\u00e1szl\u00f3 evang\u00e9likus lelk\u00e9sz eml\u00e9k\u00e9re <\/h2>\n\n\n\n<h5 class=\"wp-block-heading\"><strong><em>(1941\u20132025)<\/em><\/strong><\/h5>\n\n\n\n<p><br><em>Szer\u00adz\u0151: Detre J\u00e1nos<\/em><\/p>\n\n\n\n<p><br><strong>Min\u00addent meg\u00adka\u00adpott a gy\u00fc\u00adle\u00adke\u00adze\u00adt\u00e9\u00adt\u0151l, \u00e9s min\u00adde\u00adn\u00e9t oda\u00adad\u00adta \u00e9s be\u00adle\u00adad\u00adta a r\u00e1\u00adkos\u00adke\u00adreszt\u00ad\u00fari gy\u00fc\u00adle\u00adke\u00adzet \u00e9p\u00ed\u00adt\u00e9\u00ads\u00e9\u00adbe, ig\u00e9\u00advel j\u00f3l tar\u00adt\u00e1\u00ads\u00e1\u00adba. Sz\u00f3\u00adki\u00admon\u00add\u00f3 ige\u00adhir\u00adde\u00adt\u0151 volt. \u00c9lte \u00e9s el\u00adv\u00e1r\u00adta a ren\u00addet, a fe\u00adgyel\u00admet, a pon\u00adtos\u00ads\u00e1\u00adgot, a k\u00f6\u00advet\u00adke\u00adze\u00adtes\u00ads\u00e9\u00adget. Az igen\u00adje na\u00adgyon igen volt, a nem pedig ha\u00adt\u00e1\u00adro\u00adzott nem.<\/strong><\/p>\n\n\n\n<figure class=\"wp-block-image size-full\"><img loading=\"lazy\" decoding=\"async\" width=\"975\" height=\"1375\" src=\"https:\/\/rakosliget.hu\/wordpress\/wp-content\/uploads\/2025\/04\/image.png\" alt=\"\" class=\"wp-image-17706\" srcset=\"https:\/\/rakosliget.hu\/wordpress\/wp-content\/uploads\/2025\/04\/image.png 975w, https:\/\/rakosliget.hu\/wordpress\/wp-content\/uploads\/2025\/04\/image-213x300.png 213w, https:\/\/rakosliget.hu\/wordpress\/wp-content\/uploads\/2025\/04\/image-768x1083.png 768w\" sizes=\"auto, (max-width: 975px) 100vw, 975px\" \/><\/figure>\n\n\n\n<p>K\u00f3sa Laszl\u00f3 eml\u00e9k\u00e9re<\/p>\n\n\n\n<p>K\u00f3sa L\u00e1sz\u00adl\u00f3 1941. m\u00e1r\u00adci\u00adus 21-\u00e9n Bu\u00adda\u00adpes\u00adten sz\u00fc\u00adle\u00adtett. \u00c9des\u00adap\u00adja K\u00f3sa P\u00e1l r\u00e1\u00adkos\u00adke\u00adreszt\u00ad\u00fari pa\u00adr\u00f3\u00adkus lel\u00adk\u00e9sz, \u00e9des\u00adany\u00adja Csu\u00adtor Ilona.<\/p>\n\n\n\n<p>Alig t\u00f6l\u00adt\u00f6t\u00adte be a ti\u00adze\u00addik \u00e9let\u00ad\u00e9v\u00e9t, ami\u00adkor \u00e9des\u00adany\u00adja mel\u00adlett a ke\u00adreszt\u00ad\u00fari gy\u00fc\u00adle\u00adke\u00adzet ki\u00adse\u00adg\u00ed\u00adt\u0151 or\u00adgo\u00adnis\u00adta k\u00e1n\u00adto\u00adra lett. Ti\u00adzen\u00adn\u00e9gy \u00e9ve\u00adsen m\u00e1r \u00f6n\u00ad\u00e1l\u00adl\u00f3\u00adan szol\u00adg\u00e1lt az is\u00adten\u00adtisz\u00adte\u00adle\u00adte\u00adken. Eg\u00e9\u00adszen fi\u00ada\u00adta\u00adlon \u00e1llt be a rend\u00adsze\u00adres egy\u00adh\u00e1\u00adzi szol\u00adg\u00e1\u00adlat\u00adba. Lel\u00adk\u00e9\u00adszi el\u00adh\u00ed\u00adva\u00adt\u00e1\u00ads\u00e1\u00adban min\u00adden bi\u00adzonnyal fon\u00adtos hely\u00adsz\u00edn volt a ke\u00adreszt\u00ad\u00fari temp\u00adlom kar\u00adza\u00adta \u00e9s or\u00adgo\u00adn\u00e1\u00adja.<\/p>\n\n\n\n<p>1959 j\u00fa\u00adni\u00adu\u00ads\u00e1\u00adban Bu\u00adda\u00adpes\u00adten, a XVII. ke\u00adr\u00fc\u00adle\u00adti F\u00fcrst S\u00e1n\u00addor \u00c1l\u00adta\u00adl\u00e1\u00adnos Gim\u00adn\u00e1\u00adzi\u00adum\u00adban \u00e9rett\u00ads\u00e9\u00adgi\u00adzett, \u00e9s ugyan\u00adezen \u00e9v szep\u00adtem\u00adbe\u00adr\u00e9\u00adben el\u00adkezd\u00adte egye\u00adte\u00admi ta\u00adnul\u00adm\u00e1\u00adnya\u00adit az Evan\u00adg\u00e9\u00adli\u00adkus Teo\u00adl\u00f3\u00adgi\u00adai Aka\u00add\u00e9\u00admi\u00ad\u00e1n. Mi\u00adu\u00adt\u00e1n 1964. j\u00fa\u00adni\u00adus 15-\u00e9n tel\u00adje\u00ads\u00ed\u00adtet\u00adte a z\u00e1\u00adr\u00f3\u00adszi\u00adgor\u00adla\u00adtot, j\u00fa\u00adli\u00adus\u00adban K\u00e1ldy Zol\u00adt\u00e1n p\u00fcs\u00adp\u00f6k or\u00addi\u00adn\u00e1l\u00adta a r\u00e1\u00adkos\u00adke\u00adreszt\u00ad\u00fari temp\u00adlom\u00adban.<\/p>\n\n\n\n<p>1964. szep\u00adtem\u00adber 1-\u200bj\u00e9t\u0151l 1965 au\u00adgusz\u00adtu\u00ads\u00e1\u00adnak v\u00e9\u00adg\u00e9\u00adig P\u00e9\u00adcsett volt se\u00adg\u00e9d\u00adlel\u00adk\u00e9sz, majd 1966. au\u00adgusz\u00adtus 31-ig a budapest-\u200b\u00fajpesti evan\u00adg\u00e9\u00adli\u00adkus gy\u00fc\u00adle\u00adke\u00adzet\u00adben ki\u00adren\u00addelt he\u00adlyet\u00adte\u00ads\u00ed\u00adt\u0151 lel\u00adk\u00e9sz\u00adk\u00e9nt szol\u00adg\u00e1lt. 1966. feb\u00adru\u00ad\u00e1r 1-j\u00e9n tel\u00adje\u00ads\u00ed\u00adtet\u00adte a lel\u00adk\u00e9sz\u00advizs\u00adg\u00e1t, szep\u00adtem\u00adber ele\u00adj\u00e9\u00adt\u0151l pedig egy \u00e9vre a budapest-\u200bj\u00f3zsefv\u00e1rosi gy\u00fc\u00adle\u00adke\u00adzet\u00adbe ka\u00adpott be\u00adosz\u00adt\u00e1st. Az 1967\u20131968-as tan\u00ad\u00e9v\u00adben a Hel\u00adsin\u00adki Egye\u00adtem Teo\u00adl\u00f3\u00adgi\u00adai Fa\u00adkul\u00adt\u00e1\u00ads\u00e1n volt \u00f6sz\u00adt\u00f6n\u00add\u00ed\u00adjas. Meg\u00adta\u00adnul\u00adta a finn nyel\u00advet, be\u00adkap\u00adcso\u00adl\u00f3\u00addott a finn\u2013ma\u00adgyar test\u00adv\u00e9r\u00adegy\u00adh\u00e1\u00adzi kap\u00adcso\u00adla\u00adtok\u00adba. Finn\u00ador\u00adsz\u00e1g\u00adb\u00f3l ha\u00adza\u00adt\u00e9r\u00adve 1969. au\u00adgusz\u00adtus 31-ig a D\u00e9li Evan\u00adg\u00e9\u00adli\u00adkus Egy\u00adh\u00e1z\u00adke\u00adr\u00fc\u00adlet lel\u00adk\u00e9\u00adsze volt.<\/p>\n\n\n\n<p>1969-ben K\u00f3sa P\u00e1l pa\u00adr\u00f3\u00adkus lel\u00adk\u00e9sz a be\u00adteg\u00ads\u00e9\u00adge miatt kor\u00adl\u00e1\u00adtoz\u00adva volt a szol\u00adg\u00e1\u00adla\u00adtok v\u00e9g\u00adz\u00e9\u00ads\u00e9\u00adben, gyen\u00adg\u00e9l\u00adke\u00add\u00e9\u00adse \u00e9let\u00adm\u00f3d\u00adv\u00e1l\u00adto\u00adz\u00e1st ig\u00e9\u00adnyelt. Az egy\u00adh\u00e1z\u00adk\u00f6z\u00ads\u00e9g m\u00e1\u00adso\u00addik m\u00e1\u00adsod\u00adlel\u00adk\u00e9\u00adszi \u00e1l\u00adl\u00e1st l\u00e9\u00adte\u00ads\u00ed\u00adtett, ha\u00adza\u00adh\u00edv\u00adt\u00e1k \u00e9s meg\u00adv\u00e1\u00adlasz\u00adtot\u00adt\u00e1k a gy\u00fc\u00adle\u00adke\u00adzet\u00adben ne\u00advel\u00adke\u00addett lel\u00adk\u00e9szt, K\u00f3sa L\u00e1sz\u00adl\u00f3t.<\/p>\n\n\n\n<p>1969 de\u00adcem\u00adbe\u00adr\u00e9\u00adben h\u00e1\u00adzas\u00ads\u00e1\u00adgot k\u00f6\u00adt\u00f6tt Pav\u00adlik Aran\u00adka Zsu\u00adzsan\u00adn\u00e1\u00adval. K\u00e9t le\u00ad\u00e1\u00adnyuk sz\u00fc\u00adle\u00adtett, \u00c1gnes \u00e9s Anik\u00f3.<\/p>\n\n\n\n<p>1974 ok\u00adt\u00f3\u00adbe\u00adr\u00e9\u00adt\u0151l nyug\u00add\u00ed\u00adja\u00adz\u00e1\u00ads\u00e1\u00adig a Budapest-\u200bR\u00e1koskereszt\u00fari Evan\u00adg\u00e9\u00adli\u00adkus Egy\u00adh\u00e1z\u00adk\u00f6z\u00ads\u00e9g pa\u00adr\u00f3\u00adkus lel\u00adk\u00e9\u00adsze\u00adk\u00e9nt szol\u00adg\u00e1lt. Nem t\u00fal\u00adz\u00e1s ki\u00adje\u00adlen\u00adte\u00adni: \u00e9lete volt a ke\u00adreszt\u00ad\u00fari gy\u00fc\u00adle\u00adke\u00adzet. Hat \u00e9v\u00adti\u00adze\u00addet \u00e9lt benne. Nem volt olyan nap, ami\u00adkor va\u00adla\u00admi\u00adlyen for\u00adm\u00e1\u00adban ne ke\u00adr\u00fclt volna el\u0151 az egy\u00adh\u00e1z \u00e9s az itt \u00e9l\u0151 em\u00adbe\u00adrek \u00f6r\u00f6me, gond\u00adja, si\u00adke\u00adre, gy\u00e1\u00adsza, bol\u00addo\u00adgu\u00adl\u00e1\u00adsa.<\/p>\n\n\n\n<p>A gy\u00fc\u00adle\u00adke\u00adzet t\u00f6r\u00adt\u00e9\u00adne\u00adt\u00e9\u00adben az 1950. \u00e9vvel kap\u00adcso\u00adlat\u00adban ol\u00advas\u00adha\u00adt\u00f3 ez a mon\u00addat: \u201eA v\u00e1ros ki\u00adj\u00f6tt a fa\u00adlu\u00adba.\u201d Bu\u00adda\u00adpest ter\u00adjesz\u00adke\u00addett, l\u00e9t\u00adre\u00adhoz\u00adt\u00e1k a XVII. ke\u00adr\u00fc\u00adle\u00adtet, gran\u00addi\u00ad\u00f3\u00adzus \u00e1t\u00ad\u00e9p\u00ed\u00adt\u00e9\u00adsi el\u00adgon\u00addo\u00adl\u00e1\u00adsok sz\u00fc\u00adlet\u00adtek. A terv meg\u00adva\u00adl\u00f3\u00ads\u00ed\u00adt\u00e1\u00adsa h\u00fasz \u00e9vet to\u00adl\u00f3\u00addott, az 1960-as \u00e9vek v\u00e9g\u00e9n in\u00addult el a fo\u00adlya\u00admat. A v\u00e1ros nem\u00adcsak ki\u00adment fa\u00adlu\u00adra, hanem a f\u0151\u00adv\u00e1\u00adros el\u00adnyel\u00adte, fel\u00ad\u0151r\u00f6l\u00adte a falut, \u00e9s meg\u00adt\u00e9\u00adp\u00e1z\u00adta a sta\u00adbil, l\u00e9\u00adlek\u00adsz\u00e1\u00adm\u00e1\u00adban n\u00e9pes evan\u00adg\u00e9\u00adli\u00adkus gy\u00fc\u00adle\u00adke\u00adze\u00adtet.<\/p>\n\n\n\n<p>A k\u00f6\u00adz\u00f6s\u00ads\u00e9g l\u00e9\u00adlek\u00adsz\u00e1\u00adma je\u00adlen\u00adt\u0151s vesz\u00adte\u00ads\u00e9\u00adget szen\u00adve\u00addett. A temp\u00adlom k\u00f6\u00adr\u00fc\u00adli ut\u00adc\u00e1k\u00adb\u00f3l el\u00adke\u00adr\u00fcl\u00adtek az evan\u00adg\u00e9\u00adli\u00adkus csa\u00adl\u00e1\u00addok. A v\u00e1\u00adros\u00adk\u00f6z\u00adpon\u00adtot \u00e1t\u00ad\u00e9p\u00ed\u00adtet\u00adt\u00e9k. A por\u00adt\u00e1\u00adkat el\u00adbon\u00adtot\u00adt\u00e1k. A fa\u00adlu\u00adsi h\u00e1zak \u00e9s h\u00e1z\u00adt\u00e1\u00adji ker\u00adtek he\u00adly\u00e9n n\u00e9gy- \u00e9s t\u00edz\u00ademe\u00adle\u00adtes la\u00adk\u00f3\u00adte\u00adle\u00adpi pa\u00adnel\u00adh\u00e1\u00adzak \u00e9p\u00fcl\u00adtek. A temp\u00adlom, a gy\u00fc\u00adle\u00adke\u00adzet, a lel\u00adk\u00e9sz szol\u00adg\u00e1\u00adla\u00adta, ige\u00adhir\u00adde\u00adt\u00e9\u00adse, a sze\u00adm\u00e9\u00adlyes kap\u00adcso\u00adlat so\u00adkak\u00adnak az el\u00adt\u00e9\u00adpett gy\u00f6\u00adke\u00adrek \u00e1po\u00adl\u00e1\u00ads\u00e1t, il\u00adlet\u00adve re\u00adha\u00adbi\u00adli\u00adt\u00e1\u00adci\u00ad\u00f3\u00adj\u00e1t je\u00adlen\u00adtet\u00adte. Meg\u00adsza\u00adpo\u00adrod\u00adtak a sza\u00adn\u00e1\u00adl\u00e1s\u00adsal \u00f6ssze\u00adf\u00fcg\u00adg\u0151 ka\u00adzu\u00ad\u00e1\u00adlis fel\u00adada\u00adtok. A ke\u00adr\u00fc\u00adlet f\u0151\u00ador\u00advo\u00adsa \u201esza\u00adn\u00e1\u00adl\u00e1\u00adsi ne\u00adu\u00adr\u00f3\u00adzis\u00adnak\u201d ne\u00advez\u00adte a je\u00adlen\u00adt\u0151s sz\u00e1m\u00fa meg\u00adbe\u00adte\u00adge\u00add\u00e9\u00adse\u00adket \u00e9s ha\u00adl\u00e1\u00adlo\u00adz\u00e1\u00adso\u00adkat.<\/p>\n\n\n\n<p>K\u00f3sa L\u00e1sz\u00adl\u00f3 min\u00addent meg\u00adka\u00adpott a gy\u00fc\u00adle\u00adke\u00adze\u00adt\u00e9\u00adt\u0151l, \u00e9s min\u00adde\u00adn\u00e9t oda\u00adad\u00adta \u00e9s be\u00adle\u00adad\u00adta a gy\u00fc\u00adle\u00adke\u00adzet \u00e9p\u00ed\u00adt\u00e9\u00ads\u00e9\u00adbe, ig\u00e9\u00advel j\u00f3l tar\u00adt\u00e1\u00ads\u00e1\u00adba. Sz\u00f3\u00adki\u00admon\u00add\u00f3 ige\u00adhir\u00adde\u00adt\u0151 volt. \u00c9lte \u00e9s el\u00adv\u00e1r\u00adta a ren\u00addet, a fe\u00adgyel\u00admet, a pon\u00adtos\u00ads\u00e1\u00adgot, a k\u00f6\u00advet\u00adke\u00adze\u00adtes\u00ads\u00e9\u00adget. Az igen\u00adje na\u00adgyon igen volt, a nem pedig ha\u00adt\u00e1\u00adro\u00adzott nem.<\/p>\n\n\n\n<p>A rend\u00adszer\u00adv\u00e1l\u00adt\u00e1s ut\u00e1n lel\u00adkes mun\u00adk\u00e1\u00adsa \u00e9s t\u00e1\u00admo\u00adga\u00adt\u00f3\u00adja volt a XVII. ke\u00adr\u00fc\u00adle\u00adti egy\u00adh\u00e1\u00adzi ok\u00adta\u00adt\u00e1s \u00e9s ne\u00adve\u00adl\u00e9s \u00faj\u00adra\u00adin\u00add\u00ed\u00adt\u00e1\u00ads\u00e1\u00adnak. Szer\u00advez\u00adte \u00e9s \u00e9p\u00ed\u00adtet\u00adte a test\u00adv\u00e9r\u00adkap\u00adcso\u00adla\u00adtot R\u00e1\u00adkos\u00adke\u00adreszt\u00ad\u00far, va\u00adla\u00admint a finn\u00ador\u00adsz\u00e1\u00adgi Rauma \u00e9s No\u00ador\u00admark\u00adku gy\u00fc\u00adle\u00adke\u00adze\u00adtei k\u00f6\u00adz\u00f6tt. \u00dcgy\u00advi\u00adv\u0151\u00adje volt a Ma\u00adgyar\u00ador\u00adsz\u00e1\u00adgi Evan\u00adg\u00e9\u00adli\u00adkus Egy\u00adh\u00e1z \u00e9s a Finn Evan\u00adg\u00e9\u00adli\u00adkus Egy\u00adh\u00e1z k\u00f6\u00adz\u00f6t\u00adti hi\u00adva\u00adta\u00adlos kap\u00adcso\u00adlat\u00adnak. Rend\u00adsze\u00adre\u00adsen szol\u00adg\u00e1lt a bu\u00adda\u00adpes\u00adti finn nagy\u00adk\u00f6\u00advet\u00ads\u00e9\u00adgen, ahol ka\u00adr\u00e1\u00adcsony \u00e9s h\u00fas\u00adv\u00e9t al\u00adkal\u00adm\u00e1\u00adval finn nyel\u00adv\u0171 is\u00adten\u00adtisz\u00adte\u00adle\u00adte\u00adket tar\u00adta\u00adnak. 1992. j\u00fa\u00adli\u00adus\u00adt\u00f3l 1993. j\u00fa\u00adni\u00adus v\u00e9\u00adg\u00e9\u00adig a ra\u00adu\u00admai gy\u00fc\u00adle\u00adke\u00adzet\u00adben v\u00e9g\u00adzett finn nyel\u00adv\u0171 lel\u00adk\u00e9\u00adszi szol\u00adg\u00e1\u00adla\u00adtot.<\/p>\n\n\n\n<p>1992-t\u0151l 2007-ig a Ma\u00adgyar\u00ador\u00adsz\u00e1\u00adgi Evan\u00adg\u00e9\u00adli\u00adkus Egy\u00adh\u00e1z Or\u00adsz\u00e1\u00adgos Iro\u00add\u00e1\u00adja Nyug\u00add\u00edj\u00adosz\u00adt\u00e1\u00adly\u00e1\u00adnak \u00fcgy\u00advi\u00adv\u0151 lel\u00adk\u00e9\u00adsze volt. 2008-ban nyug\u00add\u00edj\u00adba vo\u00adnult. Bu\u00adda\u00adpest XVII. Ke\u00adr\u00fc\u00adle\u00adt\u00e9\u00adnek \u00d6n\u00adkor\u00adm\u00e1ny\u00adza\u00adta R\u00e1\u00adkos\u00adke\u00adreszt\u00ad\u00far\u00ad\u00e9rt d\u00edj\u00adjal t\u00fcn\u00adtet\u00adte ki. <strong>\u00dagy ter\u00advez\u00adte, hogy sze\u00adre\u00adtett gy\u00fc\u00adle\u00adke\u00adze\u00adt\u00e9\u00adben \u00e9li meg nyug\u00add\u00ed\u00adjas ke\u00adgyel\u00admi \u00e9veit.<\/strong> Le\u00ad\u00e1\u00adnyai f\u00e9rj\u00adhez men\u00adtek, csa\u00adl\u00e1d\u00adja\u00adik let\u00adtek. Id\u0151\u00adsebb le\u00ad\u00e1\u00adnya N\u00e9\u00admet\u00ador\u00adsz\u00e1g\u00adban \u00e9l, a m\u00e1sik le\u00ad\u00e1\u00adnya Sz\u00e9\u00adkes\u00adfe\u00adh\u00e9r\u00adv\u00e1\u00adron lakik f\u00e9r\u00adj\u00e9\u00advel \u00e9s gyer\u00adme\u00adke\u00adi\u00advel. Sz\u00fck\u00ads\u00e9g volt a nagy\u00adsz\u00fc\u00adl\u0151k szol\u00adg\u00e1\u00adla\u00adt\u00e1\u00adra. Fel\u00adsza\u00adba\u00addul\u00adtan \u00e9rez\u00adte mag\u00e1t csa\u00adl\u00e1d\u00adja k\u00f6\u00adr\u00e9\u00adben. Bol\u00addog volt, ami\u00adkor uno\u00adk\u00e1\u00adi\u00adval le\u00adhe\u00adtett. K\u00e9sz\u00ads\u00e9\u00adge\u00adsen vett r\u00e9szt a min\u00adden\u00adna\u00adpi fel\u00adada\u00adtok\u00adban. V\u00e1rta a ny\u00e1ri sz\u00fc\u00adne\u00adtek\u00adben a ti\u00adszai k\u00f6z\u00f6s nya\u00adra\u00adl\u00e1\u00adso\u00adkat, a n\u00e9\u00admet\u00ador\u00adsz\u00e1\u00adgi\u00adak\u00adkal val\u00f3 ta\u00adl\u00e1l\u00adko\u00adz\u00e1st.<\/p>\n\n\n\n<p>Az utol\u00ads\u00f3 he\u00adte\u00adket a sz\u00e9\u00adkes\u00adfe\u00adh\u00e9r\u00adv\u00e1\u00adri r\u00f3mai ka\u00adto\u00adli\u00adkus papi sze\u00adre\u00adtet\u00adh\u00e1z\u00adban t\u00f6l\u00adt\u00f6t\u00adte; sz\u00e9p \u00e9s sa\u00adj\u00e1\u00adtos p\u00e9l\u00add\u00e1\u00adja ez az \u00f6ku\u00adme\u00adni\u00adkus k\u00f6\u00adz\u00f6s\u00ads\u00e9g\u00adnek. Be\u00adfo\u00adgad\u00adt\u00e1k. \u00c1pol\u00adt\u00e1k. El\u00adk\u00ed\u00ads\u00e9r\u00adt\u00e9k. Csa\u00adl\u00e1d\u00adja mind\u00adv\u00e9\u00adgig vele volt, \u00e9s egy\u00fctt tet\u00adt\u00e9k meg a neh\u00e9z utat, amely K\u00f3sa L\u00e1sz\u00adl\u00f3 nyolc\u00advan\u00adh\u00e1\u00adrom \u00e9ves ko\u00adr\u00e1\u00adban, m\u00e1r\u00adci\u00adus 7-\u00e9n \u00e9rt v\u00e9get.<\/p>\n\n\n\n<p>Ki\u00adfe\u00adje\u00adzett k\u00e9\u00adr\u00e9\u00adse volt a te\u00adme\u00adt\u00e9\u00adsi ige\u00adhir\u00adde\u00adt\u00e9s alap\u00adig\u00e9\u00adje: <em>\u201e\u00d6r\u00fcl\u00adje\u00adtek az \u00darban min\u00adden\u00adkor! Ism\u00e9t mon\u00addom: \u00f6r\u00fcl\u00adje\u00adtek! Az \u00dar k\u00f6zel!\u201d <\/em>(Fil 4,4\u20135)<\/p>\n\n\n\n<p>H\u00e1la le\u00adgyen \u00e9rte Is\u00adten\u00adnek, \u00e9s min\u00adden rajta ke\u00adresz\u00adt\u00fcl osz\u00adtott \u00e1l\u00add\u00e1\u00ads\u00e1\u00ad\u00e9rt!<\/p>\n\n\n\n<p class=\"has-text-align-left\">H\u00e1l\u00e1s sz\u00edv\u00advel k\u00f6\u00adsz\u00f6n\u00adj\u00fck a K\u00f3sa L\u00e1sz\u00adl\u00f3 b\u00fa\u00adcs\u00faz\u00adta\u00adt\u00e1\u00adsa al\u00adkal\u00adm\u00e1\u00adval k\u00fcl\u00add\u00f6tt egy\u00fctt\u00ad\u00e9r\u00adz\u0151, vi\u00adgasz\u00adta\u00adl\u00f3 \u00fcze\u00adne\u00adte\u00adket, r\u00e9sz\u00adv\u00e9t\u00adnyil\u00adv\u00e1\u00adn\u00ed\u00adt\u00e1\u00adso\u00adkat \u00e9s az is\u00adten\u00adtisz\u00adte\u00adle\u00adte\u00adken val\u00f3 meg\u00adem\u00adl\u00e9\u00adke\u00adz\u00e9st.<\/p>\n\n\n\n<p class=\"has-text-align-right\">A gy\u00e1\u00adszo\u00adl\u00f3 csa\u00adl\u00e1d<\/p>\n\n\n\n<p class=\"has-text-align-left\"><em>Forr\u00e1s: <a href=\"https:\/\/evangelikus.hu\/hireink\/publicisztika\/kosa-laszlo-evangelikus-lelkesz-emlekere\">https:\/\/evangelikus.hu\/hireink\/publicisztika\/kosa-laszlo-evangelikus-lelkesz-emlekere<\/a><\/em><br><\/p>\n\n\n\n<p><a href=\"https:\/\/rakosliget.hu\/wordpress\/index.php\/egyhazak-rakosligeten\/\">VISSZA AZ EGYH\u00c1ZAK LAPRA<\/a><\/p>\n","protected":false},"excerpt":{"rendered":"<p>VISSZA AZ EGYH\u00c1ZAK LAPRA K\u00f3sa L\u00e1szl\u00f3 evang\u00e9likus lelk\u00e9sz eml\u00e9k\u00e9re (1941\u20132025) Szer\u00adz\u0151: Detre J\u00e1nos Min\u00addent meg\u00adka\u00adpott a gy\u00fc\u00adle\u00adke\u00adze\u00adt\u00e9\u00adt\u0151l, \u00e9s min\u00adde\u00adn\u00e9t oda\u00adad\u00adta \u00e9s be\u00adle\u00adad\u00adta a r\u00e1\u00adkos\u00adke\u00adreszt\u00ad\u00fari gy\u00fc\u00adle\u00adke\u00adzet \u00e9p\u00ed\u00adt\u00e9\u00ads\u00e9\u00adbe, ig\u00e9\u00advel j\u00f3l tar\u00adt\u00e1\u00ads\u00e1\u00adba. Sz\u00f3\u00adki\u00admon\u00add\u00f3 ige\u00adhir\u00adde\u00adt\u0151 volt. \u00c9lte \u00e9s el\u00adv\u00e1r\u00adta a ren\u00addet, a fe\u00adgyel\u00admet, a pon\u00adtos\u00ads\u00e1\u00adgot, a k\u00f6\u00advet\u00adke\u00adze\u00adtes\u00ads\u00e9\u00adget. Az igen\u00adje na\u00adgyon igen volt, a nem pedig ha\u00adt\u00e1\u00adro\u00adzott nem. K\u00f3sa Laszl\u00f3 &hellip; <a href=\"https:\/\/rakosliget.hu\/wordpress\/index.php\/kosa-laszlo-evangelikus-lelkesz\/\" class=\"more-link\"><span class=\"screen-reader-text\">K\u00d3SA L\u00c1SZL\u00d3 evang\u00e9likus lelk\u00e9sz<\/span> r\u00e9szletei&#8230;<\/a><\/p>\n","protected":false},"author":1,"featured_media":0,"parent":0,"menu_order":0,"comment_status":"closed","ping_status":"closed","template":"","meta":{"footnotes":""},"class_list":["post-17703","page","type-page","status-publish","hentry"],"_links":{"self":[{"href":"https:\/\/rakosliget.hu\/wordpress\/index.php\/wp-json\/wp\/v2\/pages\/17703","targetHints":{"allow":["GET"]}}],"collection":[{"href":"https:\/\/rakosliget.hu\/wordpress\/index.php\/wp-json\/wp\/v2\/pages"}],"about":[{"href":"https:\/\/rakosliget.hu\/wordpress\/index.php\/wp-json\/wp\/v2\/types\/page"}],"author":[{"embeddable":true,"href":"https:\/\/rakosliget.hu\/wordpress\/index.php\/wp-json\/wp\/v2\/users\/1"}],"replies":[{"embeddable":true,"href":"https:\/\/rakosliget.hu\/wordpress\/index.php\/wp-json\/wp\/v2\/comments?post=17703"}],"version-history":[{"count":4,"href":"https:\/\/rakosliget.hu\/wordpress\/index.php\/wp-json\/wp\/v2\/pages\/17703\/revisions"}],"predecessor-version":[{"id":21747,"href":"https:\/\/rakosliget.hu\/wordpress\/index.php\/wp-json\/wp\/v2\/pages\/17703\/revisions\/21747"}],"wp:attachment":[{"href":"https:\/\/rakosliget.hu\/wordpress\/index.php\/wp-json\/wp\/v2\/media?parent=17703"}],"curies":[{"name":"wp","href":"https:\/\/api.w.org\/{rel}","templated":true}]}}