{"id":17286,"date":"2025-03-23T15:04:12","date_gmt":"2025-03-23T14:04:12","guid":{"rendered":"https:\/\/rakosliget.hu\/wordpress\/?page_id=17286"},"modified":"2026-02-02T20:17:26","modified_gmt":"2026-02-02T19:17:26","slug":"aszlanyi-dezso","status":"publish","type":"page","link":"https:\/\/rakosliget.hu\/wordpress\/index.php\/aszlanyi-dezso\/","title":{"rendered":"ASZL\u00c1NYI DEZS\u0150"},"content":{"rendered":"\n<div class=\"wp-block-buttons is-content-justification-center is-layout-flex wp-container-core-buttons-is-layout-16018d1d wp-block-buttons-is-layout-flex\">\n<div class=\"wp-block-button\"><a class=\"wp-block-button__link wp-element-button\" href=\"https:\/\/rakosliget.hu\/wordpress\/index.php\/muveszet\/\">VISSZA A M\u0170V\u00c9SZET LAPRA<\/a><\/div>\n<\/div>\n\n\n\n<p><strong>Aszl\u00e1nyi Dezs\u0151<\/strong>,&nbsp;1911-ig:&nbsp;<em>Ausl\u00e4nder Dezs\u0151<\/em>&nbsp;(Szeged,&nbsp;1869.&nbsp;\u00e1prilis 7.<sup> <\/sup>\u2013&nbsp;Budapest,&nbsp;1947.&nbsp;j\u00falius 24.)&nbsp;\u00fajs\u00e1g\u00edr\u00f3,&nbsp;filoz\u00f3fus, k\u00f6lt\u0151.<\/p>\n\n\n\n<figure class=\"wp-block-image size-full\"><img loading=\"lazy\" decoding=\"async\" width=\"2011\" height=\"999\" src=\"https:\/\/rakosliget.hu\/wordpress\/wp-content\/uploads\/2025\/03\/BacsMegyeiNaplo_1928_12-17-8.-oldal.jpg\" alt=\"\" class=\"wp-image-17288\" srcset=\"https:\/\/rakosliget.hu\/wordpress\/wp-content\/uploads\/2025\/03\/BacsMegyeiNaplo_1928_12-17-8.-oldal.jpg 2011w, https:\/\/rakosliget.hu\/wordpress\/wp-content\/uploads\/2025\/03\/BacsMegyeiNaplo_1928_12-17-8.-oldal-300x149.jpg 300w, https:\/\/rakosliget.hu\/wordpress\/wp-content\/uploads\/2025\/03\/BacsMegyeiNaplo_1928_12-17-8.-oldal-768x382.jpg 768w, https:\/\/rakosliget.hu\/wordpress\/wp-content\/uploads\/2025\/03\/BacsMegyeiNaplo_1928_12-17-8.-oldal-1536x763.jpg 1536w\" sizes=\"auto, (max-width: 2011px) 100vw, 2011px\" \/><figcaption class=\"wp-element-caption\">B\u00e1cs Megyei Napl\u00f3_1928. 12. 17 8. oldal<\/figcaption><\/figure>\n\n\n\n<div class=\"wp-block-buttons is-content-justification-center is-layout-flex wp-container-core-buttons-is-layout-16018d1d wp-block-buttons-is-layout-flex\">\n<div class=\"wp-block-button\"><a class=\"wp-block-button__link wp-element-button\" href=\"https:\/\/rakosliget.hu\/wordpress\/index.php\/muveszet\/\">VISSZA A M\u0170V\u00c9SZET LAPRA<\/a><\/div>\n<\/div>\n","protected":false},"excerpt":{"rendered":"<p>Aszl\u00e1nyi Dezs\u0151,&nbsp;1911-ig:&nbsp;Ausl\u00e4nder Dezs\u0151&nbsp;(Szeged,&nbsp;1869.&nbsp;\u00e1prilis 7. \u2013&nbsp;Budapest,&nbsp;1947.&nbsp;j\u00falius 24.)&nbsp;\u00fajs\u00e1g\u00edr\u00f3,&nbsp;filoz\u00f3fus, k\u00f6lt\u0151.<\/p>\n","protected":false},"author":1,"featured_media":0,"parent":0,"menu_order":0,"comment_status":"closed","ping_status":"closed","template":"","meta":{"footnotes":""},"class_list":["post-17286","page","type-page","status-publish","hentry"],"_links":{"self":[{"href":"https:\/\/rakosliget.hu\/wordpress\/index.php\/wp-json\/wp\/v2\/pages\/17286","targetHints":{"allow":["GET"]}}],"collection":[{"href":"https:\/\/rakosliget.hu\/wordpress\/index.php\/wp-json\/wp\/v2\/pages"}],"about":[{"href":"https:\/\/rakosliget.hu\/wordpress\/index.php\/wp-json\/wp\/v2\/types\/page"}],"author":[{"embeddable":true,"href":"https:\/\/rakosliget.hu\/wordpress\/index.php\/wp-json\/wp\/v2\/users\/1"}],"replies":[{"embeddable":true,"href":"https:\/\/rakosliget.hu\/wordpress\/index.php\/wp-json\/wp\/v2\/comments?post=17286"}],"version-history":[{"count":4,"href":"https:\/\/rakosliget.hu\/wordpress\/index.php\/wp-json\/wp\/v2\/pages\/17286\/revisions"}],"predecessor-version":[{"id":22795,"href":"https:\/\/rakosliget.hu\/wordpress\/index.php\/wp-json\/wp\/v2\/pages\/17286\/revisions\/22795"}],"wp:attachment":[{"href":"https:\/\/rakosliget.hu\/wordpress\/index.php\/wp-json\/wp\/v2\/media?parent=17286"}],"curies":[{"name":"wp","href":"https:\/\/api.w.org\/{rel}","templated":true}]}}