{"id":17102,"date":"2025-03-16T14:51:18","date_gmt":"2025-03-16T13:51:18","guid":{"rendered":"https:\/\/rakosliget.hu\/wordpress\/?page_id=17102"},"modified":"2025-11-09T11:16:43","modified_gmt":"2025-11-09T10:16:43","slug":"levai-jeno-ujsagiro","status":"publish","type":"page","link":"https:\/\/rakosliget.hu\/wordpress\/index.php\/levai-jeno-ujsagiro\/","title":{"rendered":"L\u00c9VAI JEN\u0150 &#8211; \u00dajs\u00e1g\u00edr\u00f3"},"content":{"rendered":"\n<p>\u00c9desapja L\u00e9vai Miksa tan\u00edt\u00f3, iskolaigazgat\u00f3. 1922- es nyugd\u00edjaz\u00e1s\u00e1t k\u00f6vet\u0151en k\u00f6lt\u00f6z\u00f6tt R\u00e1kosligetre. 88 \u00e9ves kor\u00e1ban deport\u00e1lt\u00e1k. S\u00edrhelye a Kozma utcai temet\u0151ben van. A L\u00e9vai csal\u00e1d polg\u00e1ri zsid\u00f3 csal\u00e1d volt. Az els\u0151 vil\u00e1gh\u00e1bor\u00faban t\u00fcz\u00e9rk\u00e9nt esik orosz fogs\u00e1gba Przemyslben. Ezt hadifogolyt\u00e1bor k\u00f6vette Szib\u00e9ri\u00e1ban. 1920. j\u00fanius\u00e1ban t\u00e9rhetett hazakalandos \u00faton. Gyakorlatilag futballb\u00edr\u00f3i igazolv\u00e1nya seg\u00edts\u00e9g\u00e9vel tudott megsz\u00f6kni a t\u00e1borb\u00f3l. Kisebb kit\u00e9r\u0151k ut\u00e1n jutott el az Est c. laphoz. A g\u00f6d\u00f6ll\u0151i f\u0151szolgab\u00edr\u00f3 Endre L\u00e1szl\u00f3 m\u0171k\u00f6d\u00e9s\u00e9vel kapcsolatban 13 cikket \u00edrt, perek t\u00f6meg\u00e9t z\u00fad\u00edtva mag\u00e1ra. A Pest Napl\u00f3 \u00edgy v\u00e1laszolt Endre t\u00e1mad\u00e1saira: &#8222;Elv\u00e9gre Endre L\u00e1szl\u00f3nak is \u00e1t kell l\u00e1tnia, hogy mindenek f\u00f6l\u00f6tt val\u00f3 a nemzeti \u00e9rdek, hogy a k\u00f6zhivatalnok a t\u00f6rv\u00e9ny alapj\u00e1n \u00e1lljon, \u00e9s ugyancsak eminens nemzeti \u00e9rdek, hogy a nyilv\u00e1noss\u00e1g sz\u00f3sz\u00f3l\u00f3ja, a sajt\u00f3 foglalkozz\u00e9k annak a k\u00f6ztisztvisel\u0151nek a dolg\u00e1val, aki ak\u00e1r tudatosan, ak\u00e1r \u00f6ntudatlanul nem j\u00e1rja szigor\u00faan a t\u00f6rv\u00e9ny \u00fatj\u00e1t.&#8221; (Mi meg ezt \u00fczenj\u00fck, Pesti Napl\u00f3, 1925 m\u00e1rcius 31.)<\/p>\n\n\n\n<p>Az \u00fcgy m\u00e9g nemzetgy\u0171l\u00e9si interpell\u00e1ci\u00f3t is gener\u00e1lt:<\/p>\n\n\n\n<p>Pakots J\u00f3zsef nemzetgy\u0171l\u00e9si k\u00e9pvisel\u0151nek a L\u00e9vai Jen\u0151 r\u00e1kosligeti lakos ellen a g\u00f6d\u00f6ll\u0151i j\u00e1r\u00e1s f\u0151szolgabiraja \u00e1ltal inditott kih\u00e1g\u00e1si \u00fcgyben 1925. \u00e9vi j\u00falius h\u00f3 6-\u00e1n<br>hozz\u00e1m int\u00e9zett interpell\u00e1ci\u00f3j\u00e1ra a k\u00f6vetkez\u0151kben v\u00e1laszolok : vit\u00e9z Endre L\u00e1szl\u00f3, a g\u00f6d\u00f6ll\u0151i j\u00e1r\u00e1s f\u0151szolgabiraja L\u00e9vai Jen\u0151 h\u00edrlap\u00edr\u00f3 ellen k\u00f6ztisztas\u00e1gi kih\u00e1g\u00e1si el<br>\u00e1rast inditott meg, mert r\u00e1kosligeti lak\u00e1sa el\u0151tt 1925. \u00e9vi m\u00e1rcius h\u00f3 17-\u00e9n a leesett havat nem seperte el. L\u00e9vai Jen\u0151 az \u00fcgy folyam\u00e1n elfogults\u00e1gi kifog\u00e1st emelt,<br>illet\u0151leg bir\u00f3k\u00fcld\u00e9st k\u00e9rt Pest v\u00e1rmegye alisp\u00e1nj\u00e1t\u00f3l, az alisp\u00e1n azonban ezt a k\u00e9r\u00e9st elutas\u00edtotta. Ez ellen L\u00e9vai Jen\u0151 hozz\u00e1m felfolyamod\u00e1st jelentett be. A<br>felfolyamod\u00e1snak helyet adtam \u00e9s az 1925. \u00e9vi j\u00falius h\u00f3 18-\u00e1n 2818.\/kih. sz\u00e1m\u00fa rendeletemmel ebben a kih\u00e1g\u00e1si \u00fcgyben az elj\u00e1r\u00e1sra az asz\u00f3di j\u00e1r\u00e1s f\u0151szolgabir\u00e1j\u00e1t<br>deleg\u00e1ltam. Ezzel az interpell\u00e1ci\u00f3nak 3. pontj\u00e1ban foglalt k\u00edv\u00e1ns\u00e1gnak eleget tettem. Az interpell\u00e1ci\u00f3 1. \u00e9s 2. pontj\u00e1ra v\u00e1laszom az, hogy a tov\u00e1bbiak az el\u0151irt<br>szab\u00e1lyszer\u0171 kih\u00e1g\u00e1si b\u00fcntet\u0151 elj\u00e1r\u00e1s keret\u00e9be tartoznak. Budapest, 1925. \u00e9vi okt\u00f3ber h\u00f3 14-\u00e9n. Rakovszky, m. kir. bel\u00fcgyminister Nemzetgy\u0171l\u00e9si napl\u00f3, 1925. \u00e9vi<br>okt\u00f3ber h\u00f3 16-\u00e1n. A nemzetgy\u0171l\u00e9s 449. \u00fcl\u00e9se<\/p>\n\n\n\n<h2 class=\"wp-block-heading\">1925<\/h2>\n\n\n<div class=\"wp-block-image\">\n<figure class=\"aligncenter size-large\"><img loading=\"lazy\" decoding=\"async\" width=\"515\" height=\"1024\" src=\"https:\/\/rakosliget.hu\/wordpress\/wp-content\/uploads\/2025\/03\/Az-Est-1925.-november-6.-2.-oldal--515x1024.jpg\" alt=\"\" class=\"wp-image-17105\" srcset=\"https:\/\/rakosliget.hu\/wordpress\/wp-content\/uploads\/2025\/03\/Az-Est-1925.-november-6.-2.-oldal--515x1024.jpg 515w, https:\/\/rakosliget.hu\/wordpress\/wp-content\/uploads\/2025\/03\/Az-Est-1925.-november-6.-2.-oldal--151x300.jpg 151w, https:\/\/rakosliget.hu\/wordpress\/wp-content\/uploads\/2025\/03\/Az-Est-1925.-november-6.-2.-oldal--768x1528.jpg 768w, https:\/\/rakosliget.hu\/wordpress\/wp-content\/uploads\/2025\/03\/Az-Est-1925.-november-6.-2.-oldal--772x1536.jpg 772w, https:\/\/rakosliget.hu\/wordpress\/wp-content\/uploads\/2025\/03\/Az-Est-1925.-november-6.-2.-oldal--1030x2048.jpg 1030w, https:\/\/rakosliget.hu\/wordpress\/wp-content\/uploads\/2025\/03\/Az-Est-1925.-november-6.-2.-oldal--scaled.jpg 1287w\" sizes=\"auto, (max-width: 515px) 100vw, 515px\" \/><figcaption class=\"wp-element-caption\">Az Est 1925. november 6. 2. oldal<\/figcaption><\/figure>\n<\/div>\n\n<div class=\"wp-block-image\">\n<figure class=\"aligncenter size-full\"><img loading=\"lazy\" decoding=\"async\" width=\"1446\" height=\"2560\" src=\"https:\/\/rakosliget.hu\/wordpress\/wp-content\/uploads\/2025\/09\/Levai2-scaled.jpg\" alt=\"\" class=\"wp-image-18014\" srcset=\"https:\/\/rakosliget.hu\/wordpress\/wp-content\/uploads\/2025\/09\/Levai2-scaled.jpg 1446w, https:\/\/rakosliget.hu\/wordpress\/wp-content\/uploads\/2025\/09\/Levai2-169x300.jpg 169w, https:\/\/rakosliget.hu\/wordpress\/wp-content\/uploads\/2025\/09\/Levai2-768x1360.jpg 768w, https:\/\/rakosliget.hu\/wordpress\/wp-content\/uploads\/2025\/09\/Levai2-868x1536.jpg 868w, https:\/\/rakosliget.hu\/wordpress\/wp-content\/uploads\/2025\/09\/Levai2-1157x2048.jpg 1157w\" sizes=\"auto, (max-width: 1446px) 100vw, 1446px\" \/><figcaption class=\"wp-element-caption\">Az Est 1925. november 27. 2. oldal<\/figcaption><\/figure>\n<\/div>\n\n\n<p>De perbe vont\u00e1k az\u00e9rt is mert arr\u00f3l \u00edrt, hogy a helyi b\u00edr\u00f3,  Debreczeni Istv\u00e1nt, aki csal\u00e1ssal szerezte meg hivatal\u00e1t zaklatta a konkurens \u00fczletek tulajdonosait, vizsg\u00e1latokat kezdett ellen\u00fck, hogy t\u00f6nkretegye \u0151ket, vagy \u00e9ppen szombaton szuronyos csend\u0151r\u00f6ket k\u00fcld\u00f6tt a zsinag\u00f3g\u00e1ban im\u00e1dkoz\u00f3 zsid\u00f3kra.<\/p>\n\n\n\n<p>Endre  hossz\u00fa ideig meglehet\u0151sen piti\u00e1ner \u00fcgyekben jelentette fel. . \u00cdgy p\u00e9ld\u00e1ul feljelentette \u201ec\u00edmbitorl\u00e1s\u00e9rt\u201d, mert dragonyos hadnagynak nevezett egy alhadnagyot.<br>Ismeretlenek k\u0151vel dobt\u00e1k be L\u00e9vai\u00e9k h\u00e1z\u00e1nak az ablak\u00e1t, k\u00e9s\u0151bb valaki pisztollyal<br>bel\u0151tt. V\u00e9g\u00fcl az ad\u00f3hat\u00f3s\u00e1got usz\u00edtotta L\u00e9vaira, a p\u00e9nz\u00fcgy\u0151r\u00f6k zaklatt\u00e1k folyamatosan, am\u00edg \u201ekis r\u00e1kosligeti h\u00e1z\u00e1t potom p\u00e9nz\u00e9rt el kellett pr\u00e9d\u00e1lni.\u201d<\/p>\n\n\n\n<p>L\u00e9vai \u00e9letrajz\u00e1t D\u00e9si J\u00e1nos L\u00e9vai Jen\u0151 \u00e9s a zsid\u00f3sors c\u00edmen \u00edrta meg 2017-ben \u00e9s a Citoyen gondoz\u00e1s\u00e1ban jelent meg.<\/p>\n\n\n\n<p>Tov\u00e1bbi cikkei -R\u00e1kosligetr\u0151l a <a href=\"https:\/\/rakosliget.hu\/wordpress\/index.php\/magyarorszag\/\">Magyarorsz\u00e1g <\/a>\u00fajs\u00e1gban.<\/p>\n\n\n\n<h2 class=\"wp-block-heading\">1940<\/h2>\n\n\n<div class=\"wp-block-image\">\n<figure class=\"aligncenter size-full\"><img loading=\"lazy\" decoding=\"async\" width=\"859\" height=\"2151\" src=\"https:\/\/rakosliget.hu\/wordpress\/wp-content\/uploads\/2025\/11\/Levai-Miklosne-temetese.jpg\" alt=\"\" class=\"wp-image-18938\" srcset=\"https:\/\/rakosliget.hu\/wordpress\/wp-content\/uploads\/2025\/11\/Levai-Miklosne-temetese.jpg 859w, https:\/\/rakosliget.hu\/wordpress\/wp-content\/uploads\/2025\/11\/Levai-Miklosne-temetese-120x300.jpg 120w, https:\/\/rakosliget.hu\/wordpress\/wp-content\/uploads\/2025\/11\/Levai-Miklosne-temetese-768x1923.jpg 768w, https:\/\/rakosliget.hu\/wordpress\/wp-content\/uploads\/2025\/11\/Levai-Miklosne-temetese-613x1536.jpg 613w, https:\/\/rakosliget.hu\/wordpress\/wp-content\/uploads\/2025\/11\/Levai-Miklosne-temetese-818x2048.jpg 818w\" sizes=\"auto, (max-width: 859px) 100vw, 859px\" \/><figcaption class=\"wp-element-caption\">K\u00e9pes Csal\u00e1di Lapok 1940. 06. 16. L\u00e9vai Miks\u00e1n\u00e9 temet\u00e9se.<\/figcaption><\/figure>\n<\/div>","protected":false},"excerpt":{"rendered":"<p>\u00c9desapja L\u00e9vai Miksa tan\u00edt\u00f3, iskolaigazgat\u00f3. 1922- es nyugd\u00edjaz\u00e1s\u00e1t k\u00f6vet\u0151en k\u00f6lt\u00f6z\u00f6tt R\u00e1kosligetre. 88 \u00e9ves kor\u00e1ban deport\u00e1lt\u00e1k. S\u00edrhelye a Kozma utcai temet\u0151ben van. A L\u00e9vai csal\u00e1d polg\u00e1ri zsid\u00f3 csal\u00e1d volt. Az els\u0151 vil\u00e1gh\u00e1bor\u00faban t\u00fcz\u00e9rk\u00e9nt esik orosz fogs\u00e1gba Przemyslben. Ezt hadifogolyt\u00e1bor k\u00f6vette Szib\u00e9ri\u00e1ban. 1920. j\u00fanius\u00e1ban t\u00e9rhetett hazakalandos \u00faton. Gyakorlatilag futballb\u00edr\u00f3i igazolv\u00e1nya seg\u00edts\u00e9g\u00e9vel tudott megsz\u00f6kni a t\u00e1borb\u00f3l. Kisebb kit\u00e9r\u0151k &hellip; <a href=\"https:\/\/rakosliget.hu\/wordpress\/index.php\/levai-jeno-ujsagiro\/\" class=\"more-link\"><span class=\"screen-reader-text\">L\u00c9VAI JEN\u0150 &#8211; \u00dajs\u00e1g\u00edr\u00f3<\/span> r\u00e9szletei&#8230;<\/a><\/p>\n","protected":false},"author":1,"featured_media":0,"parent":0,"menu_order":0,"comment_status":"closed","ping_status":"closed","template":"","meta":{"footnotes":""},"class_list":["post-17102","page","type-page","status-publish","hentry"],"_links":{"self":[{"href":"https:\/\/rakosliget.hu\/wordpress\/index.php\/wp-json\/wp\/v2\/pages\/17102","targetHints":{"allow":["GET"]}}],"collection":[{"href":"https:\/\/rakosliget.hu\/wordpress\/index.php\/wp-json\/wp\/v2\/pages"}],"about":[{"href":"https:\/\/rakosliget.hu\/wordpress\/index.php\/wp-json\/wp\/v2\/types\/page"}],"author":[{"embeddable":true,"href":"https:\/\/rakosliget.hu\/wordpress\/index.php\/wp-json\/wp\/v2\/users\/1"}],"replies":[{"embeddable":true,"href":"https:\/\/rakosliget.hu\/wordpress\/index.php\/wp-json\/wp\/v2\/comments?post=17102"}],"version-history":[{"count":7,"href":"https:\/\/rakosliget.hu\/wordpress\/index.php\/wp-json\/wp\/v2\/pages\/17102\/revisions"}],"predecessor-version":[{"id":18940,"href":"https:\/\/rakosliget.hu\/wordpress\/index.php\/wp-json\/wp\/v2\/pages\/17102\/revisions\/18940"}],"wp:attachment":[{"href":"https:\/\/rakosliget.hu\/wordpress\/index.php\/wp-json\/wp\/v2\/media?parent=17102"}],"curies":[{"name":"wp","href":"https:\/\/api.w.org\/{rel}","templated":true}]}}