{"id":17013,"date":"2025-03-15T17:30:29","date_gmt":"2025-03-15T16:30:29","guid":{"rendered":"https:\/\/rakosliget.hu\/wordpress\/?page_id=17013"},"modified":"2026-01-16T18:37:34","modified_gmt":"2026-01-16T17:37:34","slug":"rakosligeti-hadviselt-katonak-szovetsege","status":"publish","type":"page","link":"https:\/\/rakosliget.hu\/wordpress\/index.php\/rakosligeti-hadviselt-katonak-szovetsege\/","title":{"rendered":"R\u00c1KOSLIGETI HADVISELT KATON\u00c1K SZ\u00d6VETS\u00c9GE"},"content":{"rendered":"\n<h3 class=\"wp-block-heading\"><a href=\"https:\/\/rakosliget.hu\/wordpress\/index.php\/1900-1948-kozott-rakosligeten-mukodott-egyesuletek\/\">VISSZA AZ EGYES\u00dcLETEK LAPRA<\/a><\/h3>\n\n\n<div class=\"wp-block-image\">\n<figure class=\"aligncenter size-full\"><img loading=\"lazy\" decoding=\"async\" width=\"568\" height=\"347\" src=\"https:\/\/rakosliget.hu\/wordpress\/wp-content\/uploads\/2025\/03\/hadviselt-katonak-szovetsege1.jpg\" alt=\"\" class=\"wp-image-17015\" srcset=\"https:\/\/rakosliget.hu\/wordpress\/wp-content\/uploads\/2025\/03\/hadviselt-katonak-szovetsege1.jpg 568w, https:\/\/rakosliget.hu\/wordpress\/wp-content\/uploads\/2025\/03\/hadviselt-katonak-szovetsege1-300x183.jpg 300w\" sizes=\"auto, (max-width: 568px) 100vw, 568px\" \/><\/figure>\n<\/div>\n\n<div class=\"wp-block-image\">\n<figure class=\"aligncenter size-full\"><img loading=\"lazy\" decoding=\"async\" width=\"566\" height=\"364\" src=\"https:\/\/rakosliget.hu\/wordpress\/wp-content\/uploads\/2025\/03\/hadviselt-katonak-szovetsege2.jpg\" alt=\"\" class=\"wp-image-17016\" srcset=\"https:\/\/rakosliget.hu\/wordpress\/wp-content\/uploads\/2025\/03\/hadviselt-katonak-szovetsege2.jpg 566w, https:\/\/rakosliget.hu\/wordpress\/wp-content\/uploads\/2025\/03\/hadviselt-katonak-szovetsege2-300x193.jpg 300w\" sizes=\"auto, (max-width: 566px) 100vw, 566px\" \/><\/figure>\n<\/div>\n\n\n<p><a href=\"https:\/\/rakosliget.hu\/wordpress\/index.php\/1900-1948-kozott-rakosligeten-mukodott-egyesuletek\/\">VISSZA AZ EGYES\u00dcLETEK LAPRA<\/a><\/p>\n","protected":false},"excerpt":{"rendered":"<p>VISSZA AZ EGYES\u00dcLETEK LAPRA VISSZA AZ EGYES\u00dcLETEK LAPRA<\/p>\n","protected":false},"author":1,"featured_media":0,"parent":0,"menu_order":0,"comment_status":"closed","ping_status":"closed","template":"","meta":{"footnotes":""},"class_list":["post-17013","page","type-page","status-publish","hentry"],"_links":{"self":[{"href":"https:\/\/rakosliget.hu\/wordpress\/index.php\/wp-json\/wp\/v2\/pages\/17013","targetHints":{"allow":["GET"]}}],"collection":[{"href":"https:\/\/rakosliget.hu\/wordpress\/index.php\/wp-json\/wp\/v2\/pages"}],"about":[{"href":"https:\/\/rakosliget.hu\/wordpress\/index.php\/wp-json\/wp\/v2\/types\/page"}],"author":[{"embeddable":true,"href":"https:\/\/rakosliget.hu\/wordpress\/index.php\/wp-json\/wp\/v2\/users\/1"}],"replies":[{"embeddable":true,"href":"https:\/\/rakosliget.hu\/wordpress\/index.php\/wp-json\/wp\/v2\/comments?post=17013"}],"version-history":[{"count":3,"href":"https:\/\/rakosliget.hu\/wordpress\/index.php\/wp-json\/wp\/v2\/pages\/17013\/revisions"}],"predecessor-version":[{"id":21732,"href":"https:\/\/rakosliget.hu\/wordpress\/index.php\/wp-json\/wp\/v2\/pages\/17013\/revisions\/21732"}],"wp:attachment":[{"href":"https:\/\/rakosliget.hu\/wordpress\/index.php\/wp-json\/wp\/v2\/media?parent=17013"}],"curies":[{"name":"wp","href":"https:\/\/api.w.org\/{rel}","templated":true}]}}