{"id":16998,"date":"2025-03-15T14:12:32","date_gmt":"2025-03-15T13:12:32","guid":{"rendered":"https:\/\/rakosliget.hu\/wordpress\/?page_id=16998"},"modified":"2026-02-02T20:23:18","modified_gmt":"2026-02-02T19:23:18","slug":"pinter-gabor-az-operahaz-fokellekese","status":"publish","type":"page","link":"https:\/\/rakosliget.hu\/wordpress\/index.php\/pinter-gabor-az-operahaz-fokellekese\/","title":{"rendered":"PINT\u00c9R G\u00c1BOR az OPERAH\u00c1Z f\u0151kell\u00e9kese"},"content":{"rendered":"\n<div class=\"wp-block-buttons is-content-justification-center is-layout-flex wp-container-core-buttons-is-layout-16018d1d wp-block-buttons-is-layout-flex\">\n<div class=\"wp-block-button\"><a class=\"wp-block-button__link wp-element-button\" href=\"https:\/\/rakosliget.hu\/wordpress\/index.php\/muveszet\/\">VISSZA A M\u0170V\u00c9SZET LAPRA<\/a><\/div>\n<\/div>\n\n\n\n<p><\/p>\n\n\n<div class=\"wp-block-image\">\n<figure class=\"aligncenter size-large\"><img loading=\"lazy\" decoding=\"async\" width=\"958\" height=\"1024\" src=\"https:\/\/rakosliget.hu\/wordpress\/wp-content\/uploads\/2025\/03\/Szolnok-Megyei-Neplap-1962-junius-13.-6.oldal_-958x1024.jpg\" alt=\"\" class=\"wp-image-17000\" srcset=\"https:\/\/rakosliget.hu\/wordpress\/wp-content\/uploads\/2025\/03\/Szolnok-Megyei-Neplap-1962-junius-13.-6.oldal_-958x1024.jpg 958w, https:\/\/rakosliget.hu\/wordpress\/wp-content\/uploads\/2025\/03\/Szolnok-Megyei-Neplap-1962-junius-13.-6.oldal_-281x300.jpg 281w, https:\/\/rakosliget.hu\/wordpress\/wp-content\/uploads\/2025\/03\/Szolnok-Megyei-Neplap-1962-junius-13.-6.oldal_-768x821.jpg 768w, https:\/\/rakosliget.hu\/wordpress\/wp-content\/uploads\/2025\/03\/Szolnok-Megyei-Neplap-1962-junius-13.-6.oldal_.jpg 1082w\" sizes=\"auto, (max-width: 958px) 100vw, 958px\" \/><figcaption class=\"wp-element-caption\">Szolnok Megyei N\u00e9plap 1962 j\u00fanius 13. 6.oldal<\/figcaption><\/figure>\n<\/div>\n\n\n<div class=\"wp-block-buttons is-content-justification-center is-layout-flex wp-container-core-buttons-is-layout-16018d1d wp-block-buttons-is-layout-flex\">\n<div class=\"wp-block-button\"><a class=\"wp-block-button__link wp-element-button\" href=\"https:\/\/rakosliget.hu\/wordpress\/index.php\/muveszet\/\">VISSZA A M\u0170V\u00c9SZET LAPRA<\/a><\/div>\n<\/div>\n","protected":false},"excerpt":{"rendered":"","protected":false},"author":1,"featured_media":0,"parent":0,"menu_order":0,"comment_status":"closed","ping_status":"closed","template":"","meta":{"footnotes":""},"class_list":["post-16998","page","type-page","status-publish","hentry"],"_links":{"self":[{"href":"https:\/\/rakosliget.hu\/wordpress\/index.php\/wp-json\/wp\/v2\/pages\/16998","targetHints":{"allow":["GET"]}}],"collection":[{"href":"https:\/\/rakosliget.hu\/wordpress\/index.php\/wp-json\/wp\/v2\/pages"}],"about":[{"href":"https:\/\/rakosliget.hu\/wordpress\/index.php\/wp-json\/wp\/v2\/types\/page"}],"author":[{"embeddable":true,"href":"https:\/\/rakosliget.hu\/wordpress\/index.php\/wp-json\/wp\/v2\/users\/1"}],"replies":[{"embeddable":true,"href":"https:\/\/rakosliget.hu\/wordpress\/index.php\/wp-json\/wp\/v2\/comments?post=16998"}],"version-history":[{"count":3,"href":"https:\/\/rakosliget.hu\/wordpress\/index.php\/wp-json\/wp\/v2\/pages\/16998\/revisions"}],"predecessor-version":[{"id":22800,"href":"https:\/\/rakosliget.hu\/wordpress\/index.php\/wp-json\/wp\/v2\/pages\/16998\/revisions\/22800"}],"wp:attachment":[{"href":"https:\/\/rakosliget.hu\/wordpress\/index.php\/wp-json\/wp\/v2\/media?parent=16998"}],"curies":[{"name":"wp","href":"https:\/\/api.w.org\/{rel}","templated":true}]}}