{"id":16753,"date":"2025-03-07T18:36:42","date_gmt":"2025-03-07T17:36:42","guid":{"rendered":"https:\/\/rakosliget.hu\/wordpress\/?page_id=16753"},"modified":"2025-03-07T18:42:00","modified_gmt":"2025-03-07T17:42:00","slug":"esti-ujsag","status":"publish","type":"page","link":"https:\/\/rakosliget.hu\/wordpress\/index.php\/esti-ujsag\/","title":{"rendered":"ESTI \u00daJS\u00c1G"},"content":{"rendered":"\n<p><a href=\"https:\/\/rakosliget.hu\/wordpress\/index.php\/rakosliget-a-korabeli-hirekben\/\">Vissza a SAJT\u00d3 lapra<\/a><\/p>\n\n\n\n<h2 class=\"wp-block-heading\">1940<\/h2>\n\n\n\n<figure class=\"wp-block-image size-large\"><img loading=\"lazy\" decoding=\"async\" width=\"674\" height=\"1024\" src=\"https:\/\/rakosliget.hu\/wordpress\/wp-content\/uploads\/2025\/03\/EstiUjsag-1940-02-20-Demeczky-gyilkossag-674x1024.jpg\" alt=\"\" class=\"wp-image-16760\" srcset=\"https:\/\/rakosliget.hu\/wordpress\/wp-content\/uploads\/2025\/03\/EstiUjsag-1940-02-20-Demeczky-gyilkossag-674x1024.jpg 674w, https:\/\/rakosliget.hu\/wordpress\/wp-content\/uploads\/2025\/03\/EstiUjsag-1940-02-20-Demeczky-gyilkossag-197x300.jpg 197w, https:\/\/rakosliget.hu\/wordpress\/wp-content\/uploads\/2025\/03\/EstiUjsag-1940-02-20-Demeczky-gyilkossag-768x1167.jpg 768w, https:\/\/rakosliget.hu\/wordpress\/wp-content\/uploads\/2025\/03\/EstiUjsag-1940-02-20-Demeczky-gyilkossag-1011x1536.jpg 1011w, https:\/\/rakosliget.hu\/wordpress\/wp-content\/uploads\/2025\/03\/EstiUjsag-1940-02-20-Demeczky-gyilkossag-1348x2048.jpg 1348w, https:\/\/rakosliget.hu\/wordpress\/wp-content\/uploads\/2025\/03\/EstiUjsag-1940-02-20-Demeczky-gyilkossag-scaled.jpg 1684w\" sizes=\"auto, (max-width: 674px) 100vw, 674px\" \/><figcaption class=\"wp-element-caption\">Esti \u00dajs\u00e1g 1940. 02. 20. Demeczky gyilkoss\u00e1g<\/figcaption><\/figure>\n\n\n\n<figure class=\"wp-block-image size-large\"><img loading=\"lazy\" decoding=\"async\" width=\"682\" height=\"1024\" src=\"https:\/\/rakosliget.hu\/wordpress\/wp-content\/uploads\/2025\/03\/Esti-Ujsag_1940_02_21-Demeczky-gyilkossag-682x1024.jpg\" alt=\"\" class=\"wp-image-16762\" srcset=\"https:\/\/rakosliget.hu\/wordpress\/wp-content\/uploads\/2025\/03\/Esti-Ujsag_1940_02_21-Demeczky-gyilkossag-682x1024.jpg 682w, https:\/\/rakosliget.hu\/wordpress\/wp-content\/uploads\/2025\/03\/Esti-Ujsag_1940_02_21-Demeczky-gyilkossag-200x300.jpg 200w, https:\/\/rakosliget.hu\/wordpress\/wp-content\/uploads\/2025\/03\/Esti-Ujsag_1940_02_21-Demeczky-gyilkossag-768x1154.jpg 768w, https:\/\/rakosliget.hu\/wordpress\/wp-content\/uploads\/2025\/03\/Esti-Ujsag_1940_02_21-Demeczky-gyilkossag-1023x1536.jpg 1023w, https:\/\/rakosliget.hu\/wordpress\/wp-content\/uploads\/2025\/03\/Esti-Ujsag_1940_02_21-Demeczky-gyilkossag-1363x2048.jpg 1363w, https:\/\/rakosliget.hu\/wordpress\/wp-content\/uploads\/2025\/03\/Esti-Ujsag_1940_02_21-Demeczky-gyilkossag-scaled.jpg 1704w\" sizes=\"auto, (max-width: 682px) 100vw, 682px\" \/><figcaption class=\"wp-element-caption\">Esti \u00dajs\u00e1g 1940.02.21. Demeczky gyilkoss\u00e1g<\/figcaption><\/figure>\n\n\n\n<figure class=\"wp-block-image size-large\"><img loading=\"lazy\" decoding=\"async\" width=\"1024\" height=\"1005\" src=\"https:\/\/rakosliget.hu\/wordpress\/wp-content\/uploads\/2025\/03\/Esti-Ujsag-1940-03-05-10-oldal-Demeczky-gyilkossag-1024x1005.jpg\" alt=\"\" class=\"wp-image-16763\" srcset=\"https:\/\/rakosliget.hu\/wordpress\/wp-content\/uploads\/2025\/03\/Esti-Ujsag-1940-03-05-10-oldal-Demeczky-gyilkossag-1024x1005.jpg 1024w, https:\/\/rakosliget.hu\/wordpress\/wp-content\/uploads\/2025\/03\/Esti-Ujsag-1940-03-05-10-oldal-Demeczky-gyilkossag-300x295.jpg 300w, https:\/\/rakosliget.hu\/wordpress\/wp-content\/uploads\/2025\/03\/Esti-Ujsag-1940-03-05-10-oldal-Demeczky-gyilkossag-768x754.jpg 768w, https:\/\/rakosliget.hu\/wordpress\/wp-content\/uploads\/2025\/03\/Esti-Ujsag-1940-03-05-10-oldal-Demeczky-gyilkossag-1536x1508.jpg 1536w, https:\/\/rakosliget.hu\/wordpress\/wp-content\/uploads\/2025\/03\/Esti-Ujsag-1940-03-05-10-oldal-Demeczky-gyilkossag.jpg 1643w\" sizes=\"auto, (max-width: 1024px) 100vw, 1024px\" \/><figcaption class=\"wp-element-caption\">Esti \u00dajs\u00e1g 1940. 0.3 05. 10 oldal Demeczky gyilkoss\u00e1g<\/figcaption><\/figure>\n\n\n<div class=\"wp-block-image\">\n<figure class=\"aligncenter size-large\"><img loading=\"lazy\" decoding=\"async\" width=\"216\" height=\"1024\" src=\"https:\/\/rakosliget.hu\/wordpress\/wp-content\/uploads\/2025\/03\/Esti-Ujsag-1940-04-04-9-oldal-Demeczky-gyilkossag-216x1024.jpg\" alt=\"\" class=\"wp-image-16764\" srcset=\"https:\/\/rakosliget.hu\/wordpress\/wp-content\/uploads\/2025\/03\/Esti-Ujsag-1940-04-04-9-oldal-Demeczky-gyilkossag-216x1024.jpg 216w, https:\/\/rakosliget.hu\/wordpress\/wp-content\/uploads\/2025\/03\/Esti-Ujsag-1940-04-04-9-oldal-Demeczky-gyilkossag-63x300.jpg 63w, https:\/\/rakosliget.hu\/wordpress\/wp-content\/uploads\/2025\/03\/Esti-Ujsag-1940-04-04-9-oldal-Demeczky-gyilkossag-768x3641.jpg 768w, https:\/\/rakosliget.hu\/wordpress\/wp-content\/uploads\/2025\/03\/Esti-Ujsag-1940-04-04-9-oldal-Demeczky-gyilkossag-324x1536.jpg 324w, https:\/\/rakosliget.hu\/wordpress\/wp-content\/uploads\/2025\/03\/Esti-Ujsag-1940-04-04-9-oldal-Demeczky-gyilkossag-432x2048.jpg 432w, https:\/\/rakosliget.hu\/wordpress\/wp-content\/uploads\/2025\/03\/Esti-Ujsag-1940-04-04-9-oldal-Demeczky-gyilkossag-scaled.jpg 540w\" sizes=\"auto, (max-width: 216px) 100vw, 216px\" \/><figcaption class=\"wp-element-caption\">Esti \u00dajs\u00e1g 1940. 04. 04. 9. oldal Demeczky gyilkoss\u00e1g<\/figcaption><\/figure>\n<\/div>\n\n\n<p><\/p>\n","protected":false},"excerpt":{"rendered":"<p>Vissza a SAJT\u00d3 lapra 1940<\/p>\n","protected":false},"author":1,"featured_media":0,"parent":0,"menu_order":0,"comment_status":"closed","ping_status":"closed","template":"","meta":{"footnotes":""},"class_list":["post-16753","page","type-page","status-publish","hentry"],"_links":{"self":[{"href":"https:\/\/rakosliget.hu\/wordpress\/index.php\/wp-json\/wp\/v2\/pages\/16753","targetHints":{"allow":["GET"]}}],"collection":[{"href":"https:\/\/rakosliget.hu\/wordpress\/index.php\/wp-json\/wp\/v2\/pages"}],"about":[{"href":"https:\/\/rakosliget.hu\/wordpress\/index.php\/wp-json\/wp\/v2\/types\/page"}],"author":[{"embeddable":true,"href":"https:\/\/rakosliget.hu\/wordpress\/index.php\/wp-json\/wp\/v2\/users\/1"}],"replies":[{"embeddable":true,"href":"https:\/\/rakosliget.hu\/wordpress\/index.php\/wp-json\/wp\/v2\/comments?post=16753"}],"version-history":[{"count":5,"href":"https:\/\/rakosliget.hu\/wordpress\/index.php\/wp-json\/wp\/v2\/pages\/16753\/revisions"}],"predecessor-version":[{"id":16766,"href":"https:\/\/rakosliget.hu\/wordpress\/index.php\/wp-json\/wp\/v2\/pages\/16753\/revisions\/16766"}],"wp:attachment":[{"href":"https:\/\/rakosliget.hu\/wordpress\/index.php\/wp-json\/wp\/v2\/media?parent=16753"}],"curies":[{"name":"wp","href":"https:\/\/api.w.org\/{rel}","templated":true}]}}