{"id":16597,"date":"2025-03-01T17:31:32","date_gmt":"2025-03-01T16:31:32","guid":{"rendered":"https:\/\/rakosliget.hu\/wordpress\/?page_id=16597"},"modified":"2025-03-01T18:13:33","modified_gmt":"2025-03-01T17:13:33","slug":"hungarocamion-rac-megszunese-1977","status":"publish","type":"page","link":"https:\/\/rakosliget.hu\/wordpress\/index.php\/hungarocamion-rac-megszunese-1977\/","title":{"rendered":"HUNGAROCAMION &#8211; RAC megsz\u00fcn\u00e9se 1977"},"content":{"rendered":"\n<p><a href=\"https:\/\/rakosliget.hu\/wordpress\/index.php\/rakosligeti-atletikai-club\/\">Vissza  a FOCI lapra<\/a><\/p>\n\n\n\n<p>A r\u00e1kosligeti futballp\u00e1ly\u00e1t a Hungarocamion csapata haszn\u00e1lta, mivel a RAC megsz\u00fcnt.<\/p>\n\n\n<div class=\"wp-block-image\">\n<figure class=\"aligncenter size-full\"><img loading=\"lazy\" decoding=\"async\" width=\"575\" height=\"356\" src=\"https:\/\/rakosliget.hu\/wordpress\/wp-content\/uploads\/2025\/03\/1977_07_21_2-oldal-foci-hungaro.jpg\" alt=\"\" class=\"wp-image-16600\" srcset=\"https:\/\/rakosliget.hu\/wordpress\/wp-content\/uploads\/2025\/03\/1977_07_21_2-oldal-foci-hungaro.jpg 575w, https:\/\/rakosliget.hu\/wordpress\/wp-content\/uploads\/2025\/03\/1977_07_21_2-oldal-foci-hungaro-300x186.jpg 300w\" sizes=\"auto, (max-width: 575px) 100vw, 575px\" \/><figcaption class=\"wp-element-caption\">N\u00e9psport 1977. 07. 21. 2. oldal <\/figcaption><\/figure>\n<\/div>\n\n<div class=\"wp-block-image\">\n<figure class=\"aligncenter size-large\"><img loading=\"lazy\" decoding=\"async\" width=\"524\" height=\"1024\" src=\"https:\/\/rakosliget.hu\/wordpress\/wp-content\/uploads\/2025\/03\/1977_07_30_-4-oldal-foci-tomeg-524x1024.jpg\" alt=\"\" class=\"wp-image-16603\" srcset=\"https:\/\/rakosliget.hu\/wordpress\/wp-content\/uploads\/2025\/03\/1977_07_30_-4-oldal-foci-tomeg-524x1024.jpg 524w, https:\/\/rakosliget.hu\/wordpress\/wp-content\/uploads\/2025\/03\/1977_07_30_-4-oldal-foci-tomeg-154x300.jpg 154w, https:\/\/rakosliget.hu\/wordpress\/wp-content\/uploads\/2025\/03\/1977_07_30_-4-oldal-foci-tomeg-768x1500.jpg 768w, https:\/\/rakosliget.hu\/wordpress\/wp-content\/uploads\/2025\/03\/1977_07_30_-4-oldal-foci-tomeg-787x1536.jpg 787w, https:\/\/rakosliget.hu\/wordpress\/wp-content\/uploads\/2025\/03\/1977_07_30_-4-oldal-foci-tomeg-1049x2048.jpg 1049w, https:\/\/rakosliget.hu\/wordpress\/wp-content\/uploads\/2025\/03\/1977_07_30_-4-oldal-foci-tomeg-scaled.jpg 1311w\" sizes=\"auto, (max-width: 524px) 100vw, 524px\" \/><figcaption class=\"wp-element-caption\">N\u00e9psport 1977. 07. 30. 4. oldal <\/figcaption><\/figure>\n<\/div>\n\n\n<p>R\u00e1kosligetr\u0151l a Ferencv\u00e1rosba. Martos Gy\u0151z\u0151.<\/p>\n\n\n<div class=\"wp-block-image\">\n<figure class=\"aligncenter size-large\"><img loading=\"lazy\" decoding=\"async\" width=\"471\" height=\"1024\" src=\"https:\/\/rakosliget.hu\/wordpress\/wp-content\/uploads\/2025\/03\/1977_08_02_-3-oldal-foci-471x1024.jpg\" alt=\"\" class=\"wp-image-16605\" srcset=\"https:\/\/rakosliget.hu\/wordpress\/wp-content\/uploads\/2025\/03\/1977_08_02_-3-oldal-foci-471x1024.jpg 471w, https:\/\/rakosliget.hu\/wordpress\/wp-content\/uploads\/2025\/03\/1977_08_02_-3-oldal-foci-138x300.jpg 138w, https:\/\/rakosliget.hu\/wordpress\/wp-content\/uploads\/2025\/03\/1977_08_02_-3-oldal-foci.jpg 649w\" sizes=\"auto, (max-width: 471px) 100vw, 471px\" \/><figcaption class=\"wp-element-caption\">N\u00e9psport 1977. 08. 02. 3. oldal <\/figcaption><\/figure>\n<\/div>\n\n<div class=\"wp-block-image\">\n<figure class=\"aligncenter size-full\"><img loading=\"lazy\" decoding=\"async\" width=\"579\" height=\"486\" src=\"https:\/\/rakosliget.hu\/wordpress\/wp-content\/uploads\/2025\/03\/1977_08_19_-4-oldal-foci-Hungarocamion.jpg\" alt=\"\" class=\"wp-image-16601\" srcset=\"https:\/\/rakosliget.hu\/wordpress\/wp-content\/uploads\/2025\/03\/1977_08_19_-4-oldal-foci-Hungarocamion.jpg 579w, https:\/\/rakosliget.hu\/wordpress\/wp-content\/uploads\/2025\/03\/1977_08_19_-4-oldal-foci-Hungarocamion-300x252.jpg 300w\" sizes=\"auto, (max-width: 579px) 100vw, 579px\" \/><figcaption class=\"wp-element-caption\">N\u00e9psport 1977. 08. 19. 4. oldal <\/figcaption><\/figure>\n<\/div>\n\n<div class=\"wp-block-image\">\n<figure class=\"aligncenter size-full\"><img loading=\"lazy\" decoding=\"async\" width=\"563\" height=\"244\" src=\"https:\/\/rakosliget.hu\/wordpress\/wp-content\/uploads\/2025\/03\/1977_09_02_-4-oldal-foci-hungarocamion.jpg\" alt=\"\" class=\"wp-image-16612\" srcset=\"https:\/\/rakosliget.hu\/wordpress\/wp-content\/uploads\/2025\/03\/1977_09_02_-4-oldal-foci-hungarocamion.jpg 563w, https:\/\/rakosliget.hu\/wordpress\/wp-content\/uploads\/2025\/03\/1977_09_02_-4-oldal-foci-hungarocamion-300x130.jpg 300w\" sizes=\"auto, (max-width: 563px) 100vw, 563px\" \/><figcaption class=\"wp-element-caption\">N\u00e9psport 1977. 09. 02. 4. oldal <\/figcaption><\/figure>\n<\/div>\n\n<div class=\"wp-block-image\">\n<figure class=\"aligncenter size-full\"><img loading=\"lazy\" decoding=\"async\" width=\"551\" height=\"299\" src=\"https:\/\/rakosliget.hu\/wordpress\/wp-content\/uploads\/2025\/03\/1977_09_16_-4-oldal-foci.jpg\" alt=\"\" class=\"wp-image-16613\" srcset=\"https:\/\/rakosliget.hu\/wordpress\/wp-content\/uploads\/2025\/03\/1977_09_16_-4-oldal-foci.jpg 551w, https:\/\/rakosliget.hu\/wordpress\/wp-content\/uploads\/2025\/03\/1977_09_16_-4-oldal-foci-300x163.jpg 300w\" sizes=\"auto, (max-width: 551px) 100vw, 551px\" \/><figcaption class=\"wp-element-caption\">N\u00e9psport 1977. 09. 16. 4. oldal<\/figcaption><\/figure>\n<\/div>\n\n<div class=\"wp-block-image\">\n<figure class=\"aligncenter size-full\"><img loading=\"lazy\" decoding=\"async\" width=\"565\" height=\"865\" src=\"https:\/\/rakosliget.hu\/wordpress\/wp-content\/uploads\/2025\/03\/1977_09_30_-4-oldal-foci.jpg\" alt=\"\" class=\"wp-image-16614\" srcset=\"https:\/\/rakosliget.hu\/wordpress\/wp-content\/uploads\/2025\/03\/1977_09_30_-4-oldal-foci.jpg 565w, https:\/\/rakosliget.hu\/wordpress\/wp-content\/uploads\/2025\/03\/1977_09_30_-4-oldal-foci-196x300.jpg 196w\" sizes=\"auto, (max-width: 565px) 100vw, 565px\" \/><figcaption class=\"wp-element-caption\">N\u00e9psport 1977. 09. 30. 4. oldal <\/figcaption><\/figure>\n<\/div>\n\n<div class=\"wp-block-image\">\n<figure class=\"aligncenter size-full\"><img loading=\"lazy\" decoding=\"async\" width=\"559\" height=\"411\" src=\"https:\/\/rakosliget.hu\/wordpress\/wp-content\/uploads\/2025\/03\/1977_10_14_-4-oldal-foci.jpg\" alt=\"\" class=\"wp-image-16615\" srcset=\"https:\/\/rakosliget.hu\/wordpress\/wp-content\/uploads\/2025\/03\/1977_10_14_-4-oldal-foci.jpg 559w, https:\/\/rakosliget.hu\/wordpress\/wp-content\/uploads\/2025\/03\/1977_10_14_-4-oldal-foci-300x221.jpg 300w\" sizes=\"auto, (max-width: 559px) 100vw, 559px\" \/><figcaption class=\"wp-element-caption\">N\u00e9psport 1977. 10. 14. 4. oldal <\/figcaption><\/figure>\n<\/div>\n\n<div class=\"wp-block-image\">\n<figure class=\"aligncenter size-full\"><img loading=\"lazy\" decoding=\"async\" width=\"565\" height=\"525\" src=\"https:\/\/rakosliget.hu\/wordpress\/wp-content\/uploads\/2025\/03\/1977_10_28_-4-oldal-foci.jpg\" alt=\"\" class=\"wp-image-16616\" srcset=\"https:\/\/rakosliget.hu\/wordpress\/wp-content\/uploads\/2025\/03\/1977_10_28_-4-oldal-foci.jpg 565w, https:\/\/rakosliget.hu\/wordpress\/wp-content\/uploads\/2025\/03\/1977_10_28_-4-oldal-foci-300x279.jpg 300w\" sizes=\"auto, (max-width: 565px) 100vw, 565px\" \/><figcaption class=\"wp-element-caption\">N\u00e9psport 1977. 10. 28. 4. oldal <\/figcaption><\/figure>\n<\/div>\n\n<div class=\"wp-block-image\">\n<figure class=\"aligncenter size-full\"><img loading=\"lazy\" decoding=\"async\" width=\"581\" height=\"764\" src=\"https:\/\/rakosliget.hu\/wordpress\/wp-content\/uploads\/2025\/03\/1977_11_11_-4-oldal-foci.jpg\" alt=\"\" class=\"wp-image-16617\" srcset=\"https:\/\/rakosliget.hu\/wordpress\/wp-content\/uploads\/2025\/03\/1977_11_11_-4-oldal-foci.jpg 581w, https:\/\/rakosliget.hu\/wordpress\/wp-content\/uploads\/2025\/03\/1977_11_11_-4-oldal-foci-228x300.jpg 228w\" sizes=\"auto, (max-width: 581px) 100vw, 581px\" \/><figcaption class=\"wp-element-caption\">N\u00e9psport 1977. 11. 11. 4. oldal <\/figcaption><\/figure>\n<\/div>\n\n<div class=\"wp-block-image\">\n<figure class=\"aligncenter size-full\"><img loading=\"lazy\" decoding=\"async\" width=\"563\" height=\"684\" src=\"https:\/\/rakosliget.hu\/wordpress\/wp-content\/uploads\/2025\/03\/1977_11_18_-4-oldal-foci.jpg\" alt=\"\" class=\"wp-image-16618\" srcset=\"https:\/\/rakosliget.hu\/wordpress\/wp-content\/uploads\/2025\/03\/1977_11_18_-4-oldal-foci.jpg 563w, https:\/\/rakosliget.hu\/wordpress\/wp-content\/uploads\/2025\/03\/1977_11_18_-4-oldal-foci-247x300.jpg 247w\" sizes=\"auto, (max-width: 563px) 100vw, 563px\" \/><figcaption class=\"wp-element-caption\">N\u00e9psport 1977. 11. 18. 4. oldal <\/figcaption><\/figure>\n<\/div>\n\n\n<p><a href=\"https:\/\/rakosliget.hu\/wordpress\/index.php\/rakosligeti-atletikai-club\/\">Vissza  a FOCI lapra<\/a><\/p>\n","protected":false},"excerpt":{"rendered":"<p>Vissza a FOCI lapra A r\u00e1kosligeti futballp\u00e1ly\u00e1t a Hungarocamion csapata haszn\u00e1lta, mivel a RAC megsz\u00fcnt. R\u00e1kosligetr\u0151l a Ferencv\u00e1rosba. Martos Gy\u0151z\u0151. Vissza a FOCI lapra<\/p>\n","protected":false},"author":1,"featured_media":0,"parent":0,"menu_order":0,"comment_status":"closed","ping_status":"closed","template":"","meta":{"footnotes":""},"class_list":["post-16597","page","type-page","status-publish","hentry"],"_links":{"self":[{"href":"https:\/\/rakosliget.hu\/wordpress\/index.php\/wp-json\/wp\/v2\/pages\/16597","targetHints":{"allow":["GET"]}}],"collection":[{"href":"https:\/\/rakosliget.hu\/wordpress\/index.php\/wp-json\/wp\/v2\/pages"}],"about":[{"href":"https:\/\/rakosliget.hu\/wordpress\/index.php\/wp-json\/wp\/v2\/types\/page"}],"author":[{"embeddable":true,"href":"https:\/\/rakosliget.hu\/wordpress\/index.php\/wp-json\/wp\/v2\/users\/1"}],"replies":[{"embeddable":true,"href":"https:\/\/rakosliget.hu\/wordpress\/index.php\/wp-json\/wp\/v2\/comments?post=16597"}],"version-history":[{"count":8,"href":"https:\/\/rakosliget.hu\/wordpress\/index.php\/wp-json\/wp\/v2\/pages\/16597\/revisions"}],"predecessor-version":[{"id":16619,"href":"https:\/\/rakosliget.hu\/wordpress\/index.php\/wp-json\/wp\/v2\/pages\/16597\/revisions\/16619"}],"wp:attachment":[{"href":"https:\/\/rakosliget.hu\/wordpress\/index.php\/wp-json\/wp\/v2\/media?parent=16597"}],"curies":[{"name":"wp","href":"https:\/\/api.w.org\/{rel}","templated":true}]}}