{"id":16524,"date":"2025-02-23T14:45:13","date_gmt":"2025-02-23T13:45:13","guid":{"rendered":"https:\/\/rakosliget.hu\/wordpress\/?page_id=16524"},"modified":"2025-02-23T21:09:16","modified_gmt":"2025-02-23T20:09:16","slug":"rakosliget-derkovits-msc-foci-1959","status":"publish","type":"page","link":"https:\/\/rakosliget.hu\/wordpress\/index.php\/rakosliget-derkovits-msc-foci-1959\/","title":{"rendered":"R\u00c1KOSLIGET &#8211; DERKOVITS MSC &#8211; FOCI 1959"},"content":{"rendered":"\n<p><a href=\"https:\/\/rakosliget.hu\/wordpress\/index.php\/rakosligeti-atletikai-club\/\">Vissza a FOCI lapra<\/a><\/p>\n\n\n<div class=\"wp-block-image\">\n<figure class=\"aligncenter size-full\"><img loading=\"lazy\" decoding=\"async\" width=\"661\" height=\"353\" src=\"https:\/\/rakosliget.hu\/wordpress\/wp-content\/uploads\/2025\/02\/1959_02_13_4-oldal-foci.jpg\" alt=\"\" class=\"wp-image-16527\" srcset=\"https:\/\/rakosliget.hu\/wordpress\/wp-content\/uploads\/2025\/02\/1959_02_13_4-oldal-foci.jpg 661w, https:\/\/rakosliget.hu\/wordpress\/wp-content\/uploads\/2025\/02\/1959_02_13_4-oldal-foci-300x160.jpg 300w\" sizes=\"auto, (max-width: 661px) 100vw, 661px\" \/><figcaption class=\"wp-element-caption\">N\u00e9psport 1959. 02. 13. 4. oldal <\/figcaption><\/figure>\n<\/div>\n\n<div class=\"wp-block-image\">\n<figure class=\"aligncenter size-full\"><img loading=\"lazy\" decoding=\"async\" width=\"658\" height=\"611\" src=\"https:\/\/rakosliget.hu\/wordpress\/wp-content\/uploads\/2025\/02\/1959_03_05_2-oldal-foci.jpg\" alt=\"\" class=\"wp-image-16528\" srcset=\"https:\/\/rakosliget.hu\/wordpress\/wp-content\/uploads\/2025\/02\/1959_03_05_2-oldal-foci.jpg 658w, https:\/\/rakosliget.hu\/wordpress\/wp-content\/uploads\/2025\/02\/1959_03_05_2-oldal-foci-300x279.jpg 300w\" sizes=\"auto, (max-width: 658px) 100vw, 658px\" \/><figcaption class=\"wp-element-caption\">N\u00e9psport 1959. 03. 05. 2. oldal <\/figcaption><\/figure>\n<\/div>\n\n<div class=\"wp-block-image\">\n<figure class=\"aligncenter size-full is-resized\"><img loading=\"lazy\" decoding=\"async\" width=\"659\" height=\"230\" src=\"https:\/\/rakosliget.hu\/wordpress\/wp-content\/uploads\/2025\/02\/1959_03_12_-oldal-foci.jpg\" alt=\"\" class=\"wp-image-16529\" style=\"width:690px;height:auto\" srcset=\"https:\/\/rakosliget.hu\/wordpress\/wp-content\/uploads\/2025\/02\/1959_03_12_-oldal-foci.jpg 659w, https:\/\/rakosliget.hu\/wordpress\/wp-content\/uploads\/2025\/02\/1959_03_12_-oldal-foci-300x105.jpg 300w\" sizes=\"auto, (max-width: 659px) 100vw, 659px\" \/><figcaption class=\"wp-element-caption\">N\u00e9psport 1959. 03. 12. <\/figcaption><\/figure>\n<\/div>\n\n<div class=\"wp-block-image\">\n<figure class=\"aligncenter size-full\"><img loading=\"lazy\" decoding=\"async\" width=\"683\" height=\"223\" src=\"https:\/\/rakosliget.hu\/wordpress\/wp-content\/uploads\/2025\/02\/1959_03_26_-4-oldal-foci.jpg\" alt=\"\" class=\"wp-image-16530\" srcset=\"https:\/\/rakosliget.hu\/wordpress\/wp-content\/uploads\/2025\/02\/1959_03_26_-4-oldal-foci.jpg 683w, https:\/\/rakosliget.hu\/wordpress\/wp-content\/uploads\/2025\/02\/1959_03_26_-4-oldal-foci-300x98.jpg 300w\" sizes=\"auto, (max-width: 683px) 100vw, 683px\" \/><figcaption class=\"wp-element-caption\">N\u00e9psport 1959. 03. 26. 4. oldal <\/figcaption><\/figure>\n<\/div>\n\n<div class=\"wp-block-image\">\n<figure class=\"aligncenter size-full\"><img loading=\"lazy\" decoding=\"async\" width=\"651\" height=\"222\" src=\"https:\/\/rakosliget.hu\/wordpress\/wp-content\/uploads\/2025\/02\/1959_04_09_-4-oldal-foci.jpg\" alt=\"\" class=\"wp-image-16531\" srcset=\"https:\/\/rakosliget.hu\/wordpress\/wp-content\/uploads\/2025\/02\/1959_04_09_-4-oldal-foci.jpg 651w, https:\/\/rakosliget.hu\/wordpress\/wp-content\/uploads\/2025\/02\/1959_04_09_-4-oldal-foci-300x102.jpg 300w\" sizes=\"auto, (max-width: 651px) 100vw, 651px\" \/><figcaption class=\"wp-element-caption\">N\u00e9psport 1959. 04. 09. 4. oldal <\/figcaption><\/figure>\n<\/div>\n\n\n<p class=\"has-text-align-center\"><strong>\u00daJABB N\u00c9VV\u00c1LT\u00c1S EGY R\u00d6VID ID\u0150RE. A R\u00c1KOSLIGET \u00daJ NEVE DERKOVITS MSC<\/strong><\/p>\n\n\n<div class=\"wp-block-image\">\n<figure class=\"aligncenter size-full\"><img loading=\"lazy\" decoding=\"async\" width=\"668\" height=\"281\" src=\"https:\/\/rakosliget.hu\/wordpress\/wp-content\/uploads\/2025\/02\/1959_04_30_-4-oldal-foci.jpg\" alt=\"\" class=\"wp-image-16532\" srcset=\"https:\/\/rakosliget.hu\/wordpress\/wp-content\/uploads\/2025\/02\/1959_04_30_-4-oldal-foci.jpg 668w, https:\/\/rakosliget.hu\/wordpress\/wp-content\/uploads\/2025\/02\/1959_04_30_-4-oldal-foci-300x126.jpg 300w\" sizes=\"auto, (max-width: 668px) 100vw, 668px\" \/><figcaption class=\"wp-element-caption\">N\u00e9psport 1959. 04. 30.  4. oldal <\/figcaption><\/figure>\n<\/div>\n\n<div class=\"wp-block-image\">\n<figure class=\"aligncenter size-full\"><img loading=\"lazy\" decoding=\"async\" width=\"664\" height=\"183\" src=\"https:\/\/rakosliget.hu\/wordpress\/wp-content\/uploads\/2025\/02\/1959_05_14_-3-oldal-foci.jpg\" alt=\"\" class=\"wp-image-16533\" srcset=\"https:\/\/rakosliget.hu\/wordpress\/wp-content\/uploads\/2025\/02\/1959_05_14_-3-oldal-foci.jpg 664w, https:\/\/rakosliget.hu\/wordpress\/wp-content\/uploads\/2025\/02\/1959_05_14_-3-oldal-foci-300x83.jpg 300w\" sizes=\"auto, (max-width: 664px) 100vw, 664px\" \/><figcaption class=\"wp-element-caption\">N\u00e9psport 1959. 05. 14. 3. oldal <\/figcaption><\/figure>\n<\/div>\n\n<div class=\"wp-block-image\">\n<figure class=\"aligncenter size-full\"><img loading=\"lazy\" decoding=\"async\" width=\"690\" height=\"221\" src=\"https:\/\/rakosliget.hu\/wordpress\/wp-content\/uploads\/2025\/02\/1959_05_21_-4-oldal-foci.jpg\" alt=\"\" class=\"wp-image-16534\" srcset=\"https:\/\/rakosliget.hu\/wordpress\/wp-content\/uploads\/2025\/02\/1959_05_21_-4-oldal-foci.jpg 690w, https:\/\/rakosliget.hu\/wordpress\/wp-content\/uploads\/2025\/02\/1959_05_21_-4-oldal-foci-300x96.jpg 300w\" sizes=\"auto, (max-width: 690px) 100vw, 690px\" \/><figcaption class=\"wp-element-caption\">N\u00e9psport 1959. 05. 21. 4. oldal <\/figcaption><\/figure>\n<\/div>\n\n\n<figure class=\"wp-block-image size-full\"><img loading=\"lazy\" decoding=\"async\" width=\"664\" height=\"714\" src=\"https:\/\/rakosliget.hu\/wordpress\/wp-content\/uploads\/2025\/02\/1959_05_28_4-oldal-foci.jpg\" alt=\"\" class=\"wp-image-16535\" srcset=\"https:\/\/rakosliget.hu\/wordpress\/wp-content\/uploads\/2025\/02\/1959_05_28_4-oldal-foci.jpg 664w, https:\/\/rakosliget.hu\/wordpress\/wp-content\/uploads\/2025\/02\/1959_05_28_4-oldal-foci-279x300.jpg 279w\" sizes=\"auto, (max-width: 664px) 100vw, 664px\" \/><figcaption class=\"wp-element-caption\">N\u00e9psport 1959. 05. 28. 4. oldal <\/figcaption><\/figure>\n\n\n<div class=\"wp-block-image\">\n<figure class=\"aligncenter size-full\"><img loading=\"lazy\" decoding=\"async\" width=\"675\" height=\"213\" src=\"https:\/\/rakosliget.hu\/wordpress\/wp-content\/uploads\/2025\/02\/1959_06_03_4-oldal-foci.jpg\" alt=\"\" class=\"wp-image-16536\" srcset=\"https:\/\/rakosliget.hu\/wordpress\/wp-content\/uploads\/2025\/02\/1959_06_03_4-oldal-foci.jpg 675w, https:\/\/rakosliget.hu\/wordpress\/wp-content\/uploads\/2025\/02\/1959_06_03_4-oldal-foci-300x95.jpg 300w\" sizes=\"auto, (max-width: 675px) 100vw, 675px\" \/><figcaption class=\"wp-element-caption\">N\u00e9psport 1959. 06. 03. 4. oldal <\/figcaption><\/figure>\n<\/div>\n\n<div class=\"wp-block-image\">\n<figure class=\"aligncenter size-full\"><img loading=\"lazy\" decoding=\"async\" width=\"669\" height=\"229\" src=\"https:\/\/rakosliget.hu\/wordpress\/wp-content\/uploads\/2025\/02\/1959_08_06_4-oldal-fovi.jpg\" alt=\"\" class=\"wp-image-16537\" srcset=\"https:\/\/rakosliget.hu\/wordpress\/wp-content\/uploads\/2025\/02\/1959_08_06_4-oldal-fovi.jpg 669w, https:\/\/rakosliget.hu\/wordpress\/wp-content\/uploads\/2025\/02\/1959_08_06_4-oldal-fovi-300x103.jpg 300w\" sizes=\"auto, (max-width: 669px) 100vw, 669px\" \/><figcaption class=\"wp-element-caption\">N\u00e9psport 1959. 08. 06. 4. oldal <\/figcaption><\/figure>\n<\/div>\n\n<div class=\"wp-block-image\">\n<figure class=\"aligncenter size-full\"><img loading=\"lazy\" decoding=\"async\" width=\"651\" height=\"216\" src=\"https:\/\/rakosliget.hu\/wordpress\/wp-content\/uploads\/2025\/02\/1959_08_21_-4-oldal-foci.jpg\" alt=\"\" class=\"wp-image-16538\" srcset=\"https:\/\/rakosliget.hu\/wordpress\/wp-content\/uploads\/2025\/02\/1959_08_21_-4-oldal-foci.jpg 651w, https:\/\/rakosliget.hu\/wordpress\/wp-content\/uploads\/2025\/02\/1959_08_21_-4-oldal-foci-300x100.jpg 300w\" sizes=\"auto, (max-width: 651px) 100vw, 651px\" \/><figcaption class=\"wp-element-caption\">N\u00e9psport 1959. 08. 21. 4. oldal <\/figcaption><\/figure>\n<\/div>\n\n<div class=\"wp-block-image\">\n<figure class=\"aligncenter size-full\"><img loading=\"lazy\" decoding=\"async\" width=\"664\" height=\"227\" src=\"https:\/\/rakosliget.hu\/wordpress\/wp-content\/uploads\/2025\/02\/1959_09_10_-4-oldal-foci.jpg\" alt=\"\" class=\"wp-image-16539\" srcset=\"https:\/\/rakosliget.hu\/wordpress\/wp-content\/uploads\/2025\/02\/1959_09_10_-4-oldal-foci.jpg 664w, https:\/\/rakosliget.hu\/wordpress\/wp-content\/uploads\/2025\/02\/1959_09_10_-4-oldal-foci-300x103.jpg 300w\" sizes=\"auto, (max-width: 664px) 100vw, 664px\" \/><figcaption class=\"wp-element-caption\">N\u00e9psport 1959. 09. 10. 4. oldal <\/figcaption><\/figure>\n<\/div>\n\n<div class=\"wp-block-image\">\n<figure class=\"aligncenter size-full\"><img loading=\"lazy\" decoding=\"async\" width=\"661\" height=\"248\" src=\"https:\/\/rakosliget.hu\/wordpress\/wp-content\/uploads\/2025\/02\/1959_09_17_4-oldal-foci.jpg\" alt=\"\" class=\"wp-image-16540\" srcset=\"https:\/\/rakosliget.hu\/wordpress\/wp-content\/uploads\/2025\/02\/1959_09_17_4-oldal-foci.jpg 661w, https:\/\/rakosliget.hu\/wordpress\/wp-content\/uploads\/2025\/02\/1959_09_17_4-oldal-foci-300x113.jpg 300w\" sizes=\"auto, (max-width: 661px) 100vw, 661px\" \/><figcaption class=\"wp-element-caption\">N\u00e9psport 1959. 09. 17. 4. oldal <\/figcaption><\/figure>\n<\/div>\n\n<div class=\"wp-block-image\">\n<figure class=\"aligncenter size-full\"><img loading=\"lazy\" decoding=\"async\" width=\"682\" height=\"257\" src=\"https:\/\/rakosliget.hu\/wordpress\/wp-content\/uploads\/2025\/02\/1959_09_24-foci.jpg\" alt=\"\" class=\"wp-image-16541\" srcset=\"https:\/\/rakosliget.hu\/wordpress\/wp-content\/uploads\/2025\/02\/1959_09_24-foci.jpg 682w, https:\/\/rakosliget.hu\/wordpress\/wp-content\/uploads\/2025\/02\/1959_09_24-foci-300x113.jpg 300w\" sizes=\"auto, (max-width: 682px) 100vw, 682px\" \/><figcaption class=\"wp-element-caption\">N\u00e9psport 1959. 09. 24. <\/figcaption><\/figure>\n<\/div>\n\n<div class=\"wp-block-image\">\n<figure class=\"aligncenter size-full\"><img loading=\"lazy\" decoding=\"async\" width=\"674\" height=\"628\" src=\"https:\/\/rakosliget.hu\/wordpress\/wp-content\/uploads\/2025\/02\/1959_10_15_4-oldal-foci.jpg\" alt=\"\" class=\"wp-image-16542\" srcset=\"https:\/\/rakosliget.hu\/wordpress\/wp-content\/uploads\/2025\/02\/1959_10_15_4-oldal-foci.jpg 674w, https:\/\/rakosliget.hu\/wordpress\/wp-content\/uploads\/2025\/02\/1959_10_15_4-oldal-foci-300x280.jpg 300w\" sizes=\"auto, (max-width: 674px) 100vw, 674px\" \/><figcaption class=\"wp-element-caption\">N\u00e9psport 1959. 10. 15. 4. oldal <\/figcaption><\/figure>\n<\/div>\n\n<div class=\"wp-block-image\">\n<figure class=\"aligncenter size-full\"><img loading=\"lazy\" decoding=\"async\" width=\"666\" height=\"228\" src=\"https:\/\/rakosliget.hu\/wordpress\/wp-content\/uploads\/2025\/02\/1959_10_23_-5-oldal-foci.jpg\" alt=\"\" class=\"wp-image-16543\" srcset=\"https:\/\/rakosliget.hu\/wordpress\/wp-content\/uploads\/2025\/02\/1959_10_23_-5-oldal-foci.jpg 666w, https:\/\/rakosliget.hu\/wordpress\/wp-content\/uploads\/2025\/02\/1959_10_23_-5-oldal-foci-300x103.jpg 300w\" sizes=\"auto, (max-width: 666px) 100vw, 666px\" \/><figcaption class=\"wp-element-caption\">N\u00e9psport 1959. 10. 23. 5. oldal <\/figcaption><\/figure>\n<\/div>\n\n\n<p><a href=\"https:\/\/rakosliget.hu\/wordpress\/index.php\/rakosligeti-atletikai-club\/\">Vissza a FOCI lapra<\/a><\/p>\n\n\n\n<p><\/p>\n","protected":false},"excerpt":{"rendered":"<p>Vissza a FOCI lapra \u00daJABB N\u00c9VV\u00c1LT\u00c1S EGY R\u00d6VID ID\u0150RE. A R\u00c1KOSLIGET \u00daJ NEVE DERKOVITS MSC Vissza a FOCI lapra<\/p>\n","protected":false},"author":1,"featured_media":0,"parent":0,"menu_order":0,"comment_status":"closed","ping_status":"closed","template":"","meta":{"footnotes":""},"class_list":["post-16524","page","type-page","status-publish","hentry"],"_links":{"self":[{"href":"https:\/\/rakosliget.hu\/wordpress\/index.php\/wp-json\/wp\/v2\/pages\/16524","targetHints":{"allow":["GET"]}}],"collection":[{"href":"https:\/\/rakosliget.hu\/wordpress\/index.php\/wp-json\/wp\/v2\/pages"}],"about":[{"href":"https:\/\/rakosliget.hu\/wordpress\/index.php\/wp-json\/wp\/v2\/types\/page"}],"author":[{"embeddable":true,"href":"https:\/\/rakosliget.hu\/wordpress\/index.php\/wp-json\/wp\/v2\/users\/1"}],"replies":[{"embeddable":true,"href":"https:\/\/rakosliget.hu\/wordpress\/index.php\/wp-json\/wp\/v2\/comments?post=16524"}],"version-history":[{"count":4,"href":"https:\/\/rakosliget.hu\/wordpress\/index.php\/wp-json\/wp\/v2\/pages\/16524\/revisions"}],"predecessor-version":[{"id":16547,"href":"https:\/\/rakosliget.hu\/wordpress\/index.php\/wp-json\/wp\/v2\/pages\/16524\/revisions\/16547"}],"wp:attachment":[{"href":"https:\/\/rakosliget.hu\/wordpress\/index.php\/wp-json\/wp\/v2\/media?parent=16524"}],"curies":[{"name":"wp","href":"https:\/\/api.w.org\/{rel}","templated":true}]}}