{"id":16489,"date":"2025-02-23T11:22:08","date_gmt":"2025-02-23T10:22:08","guid":{"rendered":"https:\/\/rakosliget.hu\/wordpress\/?page_id=16489"},"modified":"2025-02-23T13:46:00","modified_gmt":"2025-02-23T12:46:00","slug":"rakosliget-1958-foci","status":"publish","type":"page","link":"https:\/\/rakosliget.hu\/wordpress\/index.php\/rakosliget-1958-foci\/","title":{"rendered":"R\u00c1KOSLIGET 1958 &#8211; FOCI"},"content":{"rendered":"\n<p><a href=\"https:\/\/rakosliget.hu\/wordpress\/index.php\/rakosligeti-atletikai-club\/\">Vissza a FOCI lapra<\/a><\/p>\n\n\n<div class=\"wp-block-image\">\n<figure class=\"aligncenter size-large\"><img loading=\"lazy\" decoding=\"async\" width=\"667\" height=\"1024\" src=\"https:\/\/rakosliget.hu\/wordpress\/wp-content\/uploads\/2025\/02\/1958_03_06_-4-oldal-foci-667x1024.jpg\" alt=\"\" class=\"wp-image-16491\" srcset=\"https:\/\/rakosliget.hu\/wordpress\/wp-content\/uploads\/2025\/02\/1958_03_06_-4-oldal-foci-667x1024.jpg 667w, https:\/\/rakosliget.hu\/wordpress\/wp-content\/uploads\/2025\/02\/1958_03_06_-4-oldal-foci-195x300.jpg 195w, https:\/\/rakosliget.hu\/wordpress\/wp-content\/uploads\/2025\/02\/1958_03_06_-4-oldal-foci.jpg 671w\" sizes=\"auto, (max-width: 667px) 100vw, 667px\" \/><figcaption class=\"wp-element-caption\">N\u00e9psport 1958. 03. 06. 4. oldal <\/figcaption><\/figure>\n<\/div>\n\n<div class=\"wp-block-image\">\n<figure class=\"aligncenter size-large\"><img loading=\"lazy\" decoding=\"async\" width=\"1024\" height=\"612\" src=\"https:\/\/rakosliget.hu\/wordpress\/wp-content\/uploads\/2025\/02\/1958_03_20_-4-oldal-foci-1024x612.jpg\" alt=\"\" class=\"wp-image-16492\" srcset=\"https:\/\/rakosliget.hu\/wordpress\/wp-content\/uploads\/2025\/02\/1958_03_20_-4-oldal-foci-1024x612.jpg 1024w, https:\/\/rakosliget.hu\/wordpress\/wp-content\/uploads\/2025\/02\/1958_03_20_-4-oldal-foci-300x179.jpg 300w, https:\/\/rakosliget.hu\/wordpress\/wp-content\/uploads\/2025\/02\/1958_03_20_-4-oldal-foci-768x459.jpg 768w, https:\/\/rakosliget.hu\/wordpress\/wp-content\/uploads\/2025\/02\/1958_03_20_-4-oldal-foci.jpg 1362w\" sizes=\"auto, (max-width: 1024px) 100vw, 1024px\" \/><figcaption class=\"wp-element-caption\">N\u00e9psport 1958. 03. 20. 4. oldal<\/figcaption><\/figure>\n<\/div>\n\n<div class=\"wp-block-image\">\n<figure class=\"aligncenter size-large\"><img loading=\"lazy\" decoding=\"async\" width=\"932\" height=\"1024\" src=\"https:\/\/rakosliget.hu\/wordpress\/wp-content\/uploads\/2025\/02\/1958_05_01_-6-oldal-foci-932x1024.jpg\" alt=\"\" class=\"wp-image-16493\" srcset=\"https:\/\/rakosliget.hu\/wordpress\/wp-content\/uploads\/2025\/02\/1958_05_01_-6-oldal-foci-932x1024.jpg 932w, https:\/\/rakosliget.hu\/wordpress\/wp-content\/uploads\/2025\/02\/1958_05_01_-6-oldal-foci-273x300.jpg 273w, https:\/\/rakosliget.hu\/wordpress\/wp-content\/uploads\/2025\/02\/1958_05_01_-6-oldal-foci-768x844.jpg 768w, https:\/\/rakosliget.hu\/wordpress\/wp-content\/uploads\/2025\/02\/1958_05_01_-6-oldal-foci.jpg 1358w\" sizes=\"auto, (max-width: 932px) 100vw, 932px\" \/><figcaption class=\"wp-element-caption\">N\u00e9psport 1958. 05. 01. 6. oldal <\/figcaption><\/figure>\n<\/div>\n\n<div class=\"wp-block-image\">\n<figure class=\"aligncenter size-large\"><img loading=\"lazy\" decoding=\"async\" width=\"1024\" height=\"555\" src=\"https:\/\/rakosliget.hu\/wordpress\/wp-content\/uploads\/2025\/02\/1958_05_08_4-oldal-foci-1024x555.jpg\" alt=\"\" class=\"wp-image-16494\" srcset=\"https:\/\/rakosliget.hu\/wordpress\/wp-content\/uploads\/2025\/02\/1958_05_08_4-oldal-foci-1024x555.jpg 1024w, https:\/\/rakosliget.hu\/wordpress\/wp-content\/uploads\/2025\/02\/1958_05_08_4-oldal-foci-300x163.jpg 300w, https:\/\/rakosliget.hu\/wordpress\/wp-content\/uploads\/2025\/02\/1958_05_08_4-oldal-foci-768x416.jpg 768w, https:\/\/rakosliget.hu\/wordpress\/wp-content\/uploads\/2025\/02\/1958_05_08_4-oldal-foci.jpg 1329w\" sizes=\"auto, (max-width: 1024px) 100vw, 1024px\" \/><figcaption class=\"wp-element-caption\">N\u00e9psport 1958. 05. 08. 4. oldal <\/figcaption><\/figure>\n<\/div>\n\n<div class=\"wp-block-image\">\n<figure class=\"aligncenter size-full\"><img loading=\"lazy\" decoding=\"async\" width=\"724\" height=\"931\" src=\"https:\/\/rakosliget.hu\/wordpress\/wp-content\/uploads\/2025\/02\/1958_05_29_-4-oldal-foci.jpg\" alt=\"\" class=\"wp-image-16495\" srcset=\"https:\/\/rakosliget.hu\/wordpress\/wp-content\/uploads\/2025\/02\/1958_05_29_-4-oldal-foci.jpg 724w, https:\/\/rakosliget.hu\/wordpress\/wp-content\/uploads\/2025\/02\/1958_05_29_-4-oldal-foci-233x300.jpg 233w\" sizes=\"auto, (max-width: 724px) 100vw, 724px\" \/><figcaption class=\"wp-element-caption\">N\u00e9psport 1958. 05. 29. 4. oldal <\/figcaption><\/figure>\n<\/div>\n\n<div class=\"wp-block-image\">\n<figure class=\"aligncenter size-large\"><img loading=\"lazy\" decoding=\"async\" width=\"1024\" height=\"550\" src=\"https:\/\/rakosliget.hu\/wordpress\/wp-content\/uploads\/2025\/02\/1958_06_19_-4-oldal-foci-1024x550.jpg\" alt=\"\" class=\"wp-image-16496\" srcset=\"https:\/\/rakosliget.hu\/wordpress\/wp-content\/uploads\/2025\/02\/1958_06_19_-4-oldal-foci-1024x550.jpg 1024w, https:\/\/rakosliget.hu\/wordpress\/wp-content\/uploads\/2025\/02\/1958_06_19_-4-oldal-foci-300x161.jpg 300w, https:\/\/rakosliget.hu\/wordpress\/wp-content\/uploads\/2025\/02\/1958_06_19_-4-oldal-foci-768x412.jpg 768w, https:\/\/rakosliget.hu\/wordpress\/wp-content\/uploads\/2025\/02\/1958_06_19_-4-oldal-foci.jpg 1339w\" sizes=\"auto, (max-width: 1024px) 100vw, 1024px\" \/><figcaption class=\"wp-element-caption\">N\u00e9psport 1958. 06. 19. 4. oldal<\/figcaption><\/figure>\n<\/div>\n\n<div class=\"wp-block-image\">\n<figure class=\"aligncenter size-large\"><img loading=\"lazy\" decoding=\"async\" width=\"1024\" height=\"813\" src=\"https:\/\/rakosliget.hu\/wordpress\/wp-content\/uploads\/2025\/02\/1958_06_24_-6-oldal-foci-1024x813.jpg\" alt=\"\" class=\"wp-image-16497\" srcset=\"https:\/\/rakosliget.hu\/wordpress\/wp-content\/uploads\/2025\/02\/1958_06_24_-6-oldal-foci-1024x813.jpg 1024w, https:\/\/rakosliget.hu\/wordpress\/wp-content\/uploads\/2025\/02\/1958_06_24_-6-oldal-foci-300x238.jpg 300w, https:\/\/rakosliget.hu\/wordpress\/wp-content\/uploads\/2025\/02\/1958_06_24_-6-oldal-foci-768x610.jpg 768w, https:\/\/rakosliget.hu\/wordpress\/wp-content\/uploads\/2025\/02\/1958_06_24_-6-oldal-foci.jpg 1360w\" sizes=\"auto, (max-width: 1024px) 100vw, 1024px\" \/><figcaption class=\"wp-element-caption\">N\u00e9psport 1958. 06. 24.  6. oldal <\/figcaption><\/figure>\n<\/div>\n\n<div class=\"wp-block-image\">\n<figure class=\"aligncenter size-full\"><img loading=\"lazy\" decoding=\"async\" width=\"660\" height=\"1014\" src=\"https:\/\/rakosliget.hu\/wordpress\/wp-content\/uploads\/2025\/02\/1958_07_08_-4-oldal-foci.jpg\" alt=\"\" class=\"wp-image-16501\" srcset=\"https:\/\/rakosliget.hu\/wordpress\/wp-content\/uploads\/2025\/02\/1958_07_08_-4-oldal-foci.jpg 660w, https:\/\/rakosliget.hu\/wordpress\/wp-content\/uploads\/2025\/02\/1958_07_08_-4-oldal-foci-195x300.jpg 195w\" sizes=\"auto, (max-width: 660px) 100vw, 660px\" \/><figcaption class=\"wp-element-caption\">N\u00e9psport 1958. 07. 08. 4. oldal <\/figcaption><\/figure>\n<\/div>\n\n\n<p class=\"has-text-align-center\"><strong>R\u00c1KOSLIGET A &#8221;: HELYEN V\u00c9GZETT:<\/strong><\/p>\n\n\n<div class=\"wp-block-image\">\n<figure class=\"aligncenter size-full\"><img loading=\"lazy\" decoding=\"async\" width=\"670\" height=\"631\" src=\"https:\/\/rakosliget.hu\/wordpress\/wp-content\/uploads\/2025\/02\/1958_08_04_2-oldal-foci.jpg\" alt=\"\" class=\"wp-image-16503\" srcset=\"https:\/\/rakosliget.hu\/wordpress\/wp-content\/uploads\/2025\/02\/1958_08_04_2-oldal-foci.jpg 670w, https:\/\/rakosliget.hu\/wordpress\/wp-content\/uploads\/2025\/02\/1958_08_04_2-oldal-foci-300x283.jpg 300w\" sizes=\"auto, (max-width: 670px) 100vw, 670px\" \/><figcaption class=\"wp-element-caption\">N\u00e9psport 1958. 08. 04. 2. oldal <\/figcaption><\/figure>\n<\/div>\n\n<div class=\"wp-block-image\">\n<figure class=\"aligncenter size-large\"><img loading=\"lazy\" decoding=\"async\" width=\"1024\" height=\"837\" src=\"https:\/\/rakosliget.hu\/wordpress\/wp-content\/uploads\/2025\/02\/1958_09_11_-oldal-foci-1024x837.jpg\" alt=\"\" class=\"wp-image-16506\" srcset=\"https:\/\/rakosliget.hu\/wordpress\/wp-content\/uploads\/2025\/02\/1958_09_11_-oldal-foci-1024x837.jpg 1024w, https:\/\/rakosliget.hu\/wordpress\/wp-content\/uploads\/2025\/02\/1958_09_11_-oldal-foci-300x245.jpg 300w, https:\/\/rakosliget.hu\/wordpress\/wp-content\/uploads\/2025\/02\/1958_09_11_-oldal-foci-768x628.jpg 768w, https:\/\/rakosliget.hu\/wordpress\/wp-content\/uploads\/2025\/02\/1958_09_11_-oldal-foci.jpg 1345w\" sizes=\"auto, (max-width: 1024px) 100vw, 1024px\" \/><figcaption class=\"wp-element-caption\">N\u00e9psport 1958. 09. 11. <\/figcaption><\/figure>\n<\/div>\n\n<div class=\"wp-block-image\">\n<figure class=\"aligncenter size-large\"><img loading=\"lazy\" decoding=\"async\" width=\"1024\" height=\"660\" src=\"https:\/\/rakosliget.hu\/wordpress\/wp-content\/uploads\/2025\/02\/1958_09_18_-4-oldal-foci-1024x660.jpg\" alt=\"\" class=\"wp-image-16507\" srcset=\"https:\/\/rakosliget.hu\/wordpress\/wp-content\/uploads\/2025\/02\/1958_09_18_-4-oldal-foci-1024x660.jpg 1024w, https:\/\/rakosliget.hu\/wordpress\/wp-content\/uploads\/2025\/02\/1958_09_18_-4-oldal-foci-300x193.jpg 300w, https:\/\/rakosliget.hu\/wordpress\/wp-content\/uploads\/2025\/02\/1958_09_18_-4-oldal-foci-768x495.jpg 768w, https:\/\/rakosliget.hu\/wordpress\/wp-content\/uploads\/2025\/02\/1958_09_18_-4-oldal-foci.jpg 1360w\" sizes=\"auto, (max-width: 1024px) 100vw, 1024px\" \/><figcaption class=\"wp-element-caption\">N\u00e9psport 1958. 09. 18. 4. oldal <\/figcaption><\/figure>\n<\/div>\n\n<div class=\"wp-block-image\">\n<figure class=\"aligncenter size-large\"><img loading=\"lazy\" decoding=\"async\" width=\"1024\" height=\"669\" src=\"https:\/\/rakosliget.hu\/wordpress\/wp-content\/uploads\/2025\/02\/1958_09_25_-4-oldal-foci-1024x669.jpg\" alt=\"\" class=\"wp-image-16508\" srcset=\"https:\/\/rakosliget.hu\/wordpress\/wp-content\/uploads\/2025\/02\/1958_09_25_-4-oldal-foci-1024x669.jpg 1024w, https:\/\/rakosliget.hu\/wordpress\/wp-content\/uploads\/2025\/02\/1958_09_25_-4-oldal-foci-300x196.jpg 300w, https:\/\/rakosliget.hu\/wordpress\/wp-content\/uploads\/2025\/02\/1958_09_25_-4-oldal-foci-768x502.jpg 768w, https:\/\/rakosliget.hu\/wordpress\/wp-content\/uploads\/2025\/02\/1958_09_25_-4-oldal-foci.jpg 1369w\" sizes=\"auto, (max-width: 1024px) 100vw, 1024px\" \/><figcaption class=\"wp-element-caption\">N\u00e9psport 1958. 09. 25. 4. oldal <\/figcaption><\/figure>\n<\/div>\n\n<div class=\"wp-block-image\">\n<figure class=\"aligncenter size-large\"><img loading=\"lazy\" decoding=\"async\" width=\"1024\" height=\"659\" src=\"https:\/\/rakosliget.hu\/wordpress\/wp-content\/uploads\/2025\/02\/1958_10_02-foci-1024x659.jpg\" alt=\"\" class=\"wp-image-16510\" srcset=\"https:\/\/rakosliget.hu\/wordpress\/wp-content\/uploads\/2025\/02\/1958_10_02-foci-1024x659.jpg 1024w, https:\/\/rakosliget.hu\/wordpress\/wp-content\/uploads\/2025\/02\/1958_10_02-foci-300x193.jpg 300w, https:\/\/rakosliget.hu\/wordpress\/wp-content\/uploads\/2025\/02\/1958_10_02-foci-768x494.jpg 768w, https:\/\/rakosliget.hu\/wordpress\/wp-content\/uploads\/2025\/02\/1958_10_02-foci.jpg 1356w\" sizes=\"auto, (max-width: 1024px) 100vw, 1024px\" \/><figcaption class=\"wp-element-caption\">N\u00e9psport 1958. 10. 02. <\/figcaption><\/figure>\n<\/div>\n\n<div class=\"wp-block-image\">\n<figure class=\"aligncenter size-full\"><img loading=\"lazy\" decoding=\"async\" width=\"711\" height=\"684\" src=\"https:\/\/rakosliget.hu\/wordpress\/wp-content\/uploads\/2025\/02\/1958_10_09_-4-oldal-foci.jpg\" alt=\"\" class=\"wp-image-16511\" srcset=\"https:\/\/rakosliget.hu\/wordpress\/wp-content\/uploads\/2025\/02\/1958_10_09_-4-oldal-foci.jpg 711w, https:\/\/rakosliget.hu\/wordpress\/wp-content\/uploads\/2025\/02\/1958_10_09_-4-oldal-foci-300x289.jpg 300w\" sizes=\"auto, (max-width: 711px) 100vw, 711px\" \/><figcaption class=\"wp-element-caption\">N\u00e9psport 1958. 10. 09. 4. oldal <\/figcaption><\/figure>\n<\/div>\n\n<div class=\"wp-block-image\">\n<figure class=\"aligncenter size-full\"><img loading=\"lazy\" decoding=\"async\" width=\"670\" height=\"381\" src=\"https:\/\/rakosliget.hu\/wordpress\/wp-content\/uploads\/2025\/02\/1958_10_23_-2-oldal-foci.jpg\" alt=\"\" class=\"wp-image-16513\" srcset=\"https:\/\/rakosliget.hu\/wordpress\/wp-content\/uploads\/2025\/02\/1958_10_23_-2-oldal-foci.jpg 670w, https:\/\/rakosliget.hu\/wordpress\/wp-content\/uploads\/2025\/02\/1958_10_23_-2-oldal-foci-300x171.jpg 300w\" sizes=\"auto, (max-width: 670px) 100vw, 670px\" \/><figcaption class=\"wp-element-caption\">N\u00e9psport 1958. 10. 23. 2. oldal<\/figcaption><\/figure>\n<\/div>\n\n<div class=\"wp-block-image\">\n<figure class=\"aligncenter size-full\"><img loading=\"lazy\" decoding=\"async\" width=\"670\" height=\"231\" src=\"https:\/\/rakosliget.hu\/wordpress\/wp-content\/uploads\/2025\/02\/1958_10_30_-2-oldal-foci.jpg\" alt=\"\" class=\"wp-image-16514\" srcset=\"https:\/\/rakosliget.hu\/wordpress\/wp-content\/uploads\/2025\/02\/1958_10_30_-2-oldal-foci.jpg 670w, https:\/\/rakosliget.hu\/wordpress\/wp-content\/uploads\/2025\/02\/1958_10_30_-2-oldal-foci-300x103.jpg 300w\" sizes=\"auto, (max-width: 670px) 100vw, 670px\" \/><figcaption class=\"wp-element-caption\">N\u00e9psport 1958. 10. 30. 2. oldal <\/figcaption><\/figure>\n<\/div>\n\n<div class=\"wp-block-image\">\n<figure class=\"aligncenter size-full\"><img loading=\"lazy\" decoding=\"async\" width=\"669\" height=\"284\" src=\"https:\/\/rakosliget.hu\/wordpress\/wp-content\/uploads\/2025\/02\/1958_11_06_-2-oldal-foci.jpg\" alt=\"\" class=\"wp-image-16515\" srcset=\"https:\/\/rakosliget.hu\/wordpress\/wp-content\/uploads\/2025\/02\/1958_11_06_-2-oldal-foci.jpg 669w, https:\/\/rakosliget.hu\/wordpress\/wp-content\/uploads\/2025\/02\/1958_11_06_-2-oldal-foci-300x127.jpg 300w\" sizes=\"auto, (max-width: 669px) 100vw, 669px\" \/><figcaption class=\"wp-element-caption\">N\u00e9psport 1958. 11. 06. 2. oldal <\/figcaption><\/figure>\n<\/div>\n\n<div class=\"wp-block-image\">\n<figure class=\"aligncenter size-full\"><img loading=\"lazy\" decoding=\"async\" width=\"675\" height=\"262\" src=\"https:\/\/rakosliget.hu\/wordpress\/wp-content\/uploads\/2025\/02\/1958_11_13_-4-oldal-foci.jpg\" alt=\"\" class=\"wp-image-16516\" srcset=\"https:\/\/rakosliget.hu\/wordpress\/wp-content\/uploads\/2025\/02\/1958_11_13_-4-oldal-foci.jpg 675w, https:\/\/rakosliget.hu\/wordpress\/wp-content\/uploads\/2025\/02\/1958_11_13_-4-oldal-foci-300x116.jpg 300w\" sizes=\"auto, (max-width: 675px) 100vw, 675px\" \/><figcaption class=\"wp-element-caption\">N\u00e9psport 1958. 11. 13. 4. oldal <\/figcaption><\/figure>\n<\/div>\n\n\n<p class=\"has-text-align-center\"><strong>GDPR 1958 verzi\u00f3. P\u00e1ly\u00e1r\u00f3l kitilt\u00e1s.<\/strong><\/p>\n\n\n<div class=\"wp-block-image\">\n<figure class=\"aligncenter size-full\"><img loading=\"lazy\" decoding=\"async\" width=\"673\" height=\"300\" src=\"https:\/\/rakosliget.hu\/wordpress\/wp-content\/uploads\/2025\/02\/1958_11_16_4-oldal-foci.jpg\" alt=\"\" class=\"wp-image-16517\" srcset=\"https:\/\/rakosliget.hu\/wordpress\/wp-content\/uploads\/2025\/02\/1958_11_16_4-oldal-foci.jpg 673w, https:\/\/rakosliget.hu\/wordpress\/wp-content\/uploads\/2025\/02\/1958_11_16_4-oldal-foci-300x134.jpg 300w\" sizes=\"auto, (max-width: 673px) 100vw, 673px\" \/><figcaption class=\"wp-element-caption\">N\u00e9psport 1958. 11. 16. 4. oldal <\/figcaption><\/figure>\n<\/div>\n\n<div class=\"wp-block-image\">\n<figure class=\"aligncenter size-full\"><img loading=\"lazy\" decoding=\"async\" width=\"678\" height=\"222\" src=\"https:\/\/rakosliget.hu\/wordpress\/wp-content\/uploads\/2025\/02\/1958_11_27_-4-oldal-foci.jpg\" alt=\"\" class=\"wp-image-16518\" srcset=\"https:\/\/rakosliget.hu\/wordpress\/wp-content\/uploads\/2025\/02\/1958_11_27_-4-oldal-foci.jpg 678w, https:\/\/rakosliget.hu\/wordpress\/wp-content\/uploads\/2025\/02\/1958_11_27_-4-oldal-foci-300x98.jpg 300w\" sizes=\"auto, (max-width: 678px) 100vw, 678px\" \/><figcaption class=\"wp-element-caption\">N\u00e9psport 1958. 11. 27. 4. oldal <\/figcaption><\/figure>\n<\/div>\n\n<div class=\"wp-block-image\">\n<figure class=\"aligncenter size-full\"><img loading=\"lazy\" decoding=\"async\" width=\"695\" height=\"241\" src=\"https:\/\/rakosliget.hu\/wordpress\/wp-content\/uploads\/2025\/02\/1958_12_11_-4-oldal-foci.jpg\" alt=\"\" class=\"wp-image-16519\" srcset=\"https:\/\/rakosliget.hu\/wordpress\/wp-content\/uploads\/2025\/02\/1958_12_11_-4-oldal-foci.jpg 695w, https:\/\/rakosliget.hu\/wordpress\/wp-content\/uploads\/2025\/02\/1958_12_11_-4-oldal-foci-300x104.jpg 300w\" sizes=\"auto, (max-width: 695px) 100vw, 695px\" \/><figcaption class=\"wp-element-caption\">N\u00e9psport 1958. 12. 11. 4. oldal <\/figcaption><\/figure>\n<\/div>\n\n<div class=\"wp-block-image\">\n<figure class=\"aligncenter size-full\"><img loading=\"lazy\" decoding=\"async\" width=\"680\" height=\"302\" src=\"https:\/\/rakosliget.hu\/wordpress\/wp-content\/uploads\/2025\/02\/1958_12_18_-foci.jpg\" alt=\"\" class=\"wp-image-16520\" srcset=\"https:\/\/rakosliget.hu\/wordpress\/wp-content\/uploads\/2025\/02\/1958_12_18_-foci.jpg 680w, https:\/\/rakosliget.hu\/wordpress\/wp-content\/uploads\/2025\/02\/1958_12_18_-foci-300x133.jpg 300w\" sizes=\"auto, (max-width: 680px) 100vw, 680px\" \/><figcaption class=\"wp-element-caption\">N\u00e9psport 1958. 12. 18. <\/figcaption><\/figure>\n<\/div>\n\n<div class=\"wp-block-image\">\n<figure class=\"aligncenter size-full\"><img loading=\"lazy\" decoding=\"async\" width=\"679\" height=\"216\" src=\"https:\/\/rakosliget.hu\/wordpress\/wp-content\/uploads\/2025\/02\/1958_12_25_-4-oldal-foci.jpg\" alt=\"\" class=\"wp-image-16521\" srcset=\"https:\/\/rakosliget.hu\/wordpress\/wp-content\/uploads\/2025\/02\/1958_12_25_-4-oldal-foci.jpg 679w, https:\/\/rakosliget.hu\/wordpress\/wp-content\/uploads\/2025\/02\/1958_12_25_-4-oldal-foci-300x95.jpg 300w\" sizes=\"auto, (max-width: 679px) 100vw, 679px\" \/><figcaption class=\"wp-element-caption\">N\u00e9psport 1958. 12. 25. 4. oldal <\/figcaption><\/figure>\n<\/div>\n\n\n<p><a href=\"https:\/\/rakosliget.hu\/wordpress\/index.php\/rakosligeti-atletikai-club\/\">Vissza a FOCI lapra<\/a><\/p>\n","protected":false},"excerpt":{"rendered":"<p>Vissza a FOCI lapra R\u00c1KOSLIGET A &#8221;: HELYEN V\u00c9GZETT: GDPR 1958 verzi\u00f3. P\u00e1ly\u00e1r\u00f3l kitilt\u00e1s. Vissza a FOCI lapra<\/p>\n","protected":false},"author":1,"featured_media":0,"parent":0,"menu_order":0,"comment_status":"closed","ping_status":"closed","template":"","meta":{"footnotes":""},"class_list":["post-16489","page","type-page","status-publish","hentry"],"_links":{"self":[{"href":"https:\/\/rakosliget.hu\/wordpress\/index.php\/wp-json\/wp\/v2\/pages\/16489","targetHints":{"allow":["GET"]}}],"collection":[{"href":"https:\/\/rakosliget.hu\/wordpress\/index.php\/wp-json\/wp\/v2\/pages"}],"about":[{"href":"https:\/\/rakosliget.hu\/wordpress\/index.php\/wp-json\/wp\/v2\/types\/page"}],"author":[{"embeddable":true,"href":"https:\/\/rakosliget.hu\/wordpress\/index.php\/wp-json\/wp\/v2\/users\/1"}],"replies":[{"embeddable":true,"href":"https:\/\/rakosliget.hu\/wordpress\/index.php\/wp-json\/wp\/v2\/comments?post=16489"}],"version-history":[{"count":6,"href":"https:\/\/rakosliget.hu\/wordpress\/index.php\/wp-json\/wp\/v2\/pages\/16489\/revisions"}],"predecessor-version":[{"id":16522,"href":"https:\/\/rakosliget.hu\/wordpress\/index.php\/wp-json\/wp\/v2\/pages\/16489\/revisions\/16522"}],"wp:attachment":[{"href":"https:\/\/rakosliget.hu\/wordpress\/index.php\/wp-json\/wp\/v2\/media?parent=16489"}],"curies":[{"name":"wp","href":"https:\/\/api.w.org\/{rel}","templated":true}]}}