{"id":16462,"date":"2025-02-23T07:44:10","date_gmt":"2025-02-23T06:44:10","guid":{"rendered":"https:\/\/rakosliget.hu\/wordpress\/?page_id=16462"},"modified":"2025-02-23T11:15:16","modified_gmt":"2025-02-23T10:15:16","slug":"rakosliget-1957","status":"publish","type":"page","link":"https:\/\/rakosliget.hu\/wordpress\/index.php\/rakosliget-1957\/","title":{"rendered":"R\u00c1KOSLIGET 1957 &#8211; Foci"},"content":{"rendered":"\n<p><a href=\"https:\/\/rakosliget.hu\/wordpress\/index.php\/rakosligeti-atletikai-club\/\">Vissza a FOCI lapra<\/a><\/p>\n\n\n\n<p class=\"has-text-align-center\"><strong>\u00dajra a r\u00e9gi nev\u00e9n szerepel a R\u00e1kosligeti Atl\u00e9tikai Club. (R\u00e1kosliget). <\/strong><\/p>\n\n\n<div class=\"wp-block-image\">\n<figure class=\"aligncenter size-large\"><img loading=\"lazy\" decoding=\"async\" width=\"966\" height=\"1024\" src=\"https:\/\/rakosliget.hu\/wordpress\/wp-content\/uploads\/2025\/02\/1957_03_21_2-oldal-foci-966x1024.jpg\" alt=\"\" class=\"wp-image-16465\" srcset=\"https:\/\/rakosliget.hu\/wordpress\/wp-content\/uploads\/2025\/02\/1957_03_21_2-oldal-foci-966x1024.jpg 966w, https:\/\/rakosliget.hu\/wordpress\/wp-content\/uploads\/2025\/02\/1957_03_21_2-oldal-foci-283x300.jpg 283w, https:\/\/rakosliget.hu\/wordpress\/wp-content\/uploads\/2025\/02\/1957_03_21_2-oldal-foci-768x814.jpg 768w, https:\/\/rakosliget.hu\/wordpress\/wp-content\/uploads\/2025\/02\/1957_03_21_2-oldal-foci.jpg 1291w\" sizes=\"auto, (max-width: 966px) 100vw, 966px\" \/><figcaption class=\"wp-element-caption\">N\u00e9psport 1957. 03. 21. 2. oldal <\/figcaption><\/figure>\n<\/div>\n\n<div class=\"wp-block-image\">\n<figure class=\"aligncenter size-large\"><img loading=\"lazy\" decoding=\"async\" width=\"1024\" height=\"908\" src=\"https:\/\/rakosliget.hu\/wordpress\/wp-content\/uploads\/2025\/02\/1957_04_04_6-oldal-foci-1024x908.jpg\" alt=\"\" class=\"wp-image-16467\" srcset=\"https:\/\/rakosliget.hu\/wordpress\/wp-content\/uploads\/2025\/02\/1957_04_04_6-oldal-foci-1024x908.jpg 1024w, https:\/\/rakosliget.hu\/wordpress\/wp-content\/uploads\/2025\/02\/1957_04_04_6-oldal-foci-300x266.jpg 300w, https:\/\/rakosliget.hu\/wordpress\/wp-content\/uploads\/2025\/02\/1957_04_04_6-oldal-foci-768x681.jpg 768w, https:\/\/rakosliget.hu\/wordpress\/wp-content\/uploads\/2025\/02\/1957_04_04_6-oldal-foci.jpg 1371w\" sizes=\"auto, (max-width: 1024px) 100vw, 1024px\" \/><figcaption class=\"wp-element-caption\">N\u00e9psport 1957. 04. 04. 6. oldal <\/figcaption><\/figure>\n<\/div>\n\n<div class=\"wp-block-image\">\n<figure class=\"aligncenter size-large\"><img loading=\"lazy\" decoding=\"async\" width=\"1024\" height=\"905\" src=\"https:\/\/rakosliget.hu\/wordpress\/wp-content\/uploads\/2025\/02\/1957_05_02_-2-oldal-foci-1024x905.jpg\" alt=\"\" class=\"wp-image-16469\" srcset=\"https:\/\/rakosliget.hu\/wordpress\/wp-content\/uploads\/2025\/02\/1957_05_02_-2-oldal-foci-1024x905.jpg 1024w, https:\/\/rakosliget.hu\/wordpress\/wp-content\/uploads\/2025\/02\/1957_05_02_-2-oldal-foci-300x265.jpg 300w, https:\/\/rakosliget.hu\/wordpress\/wp-content\/uploads\/2025\/02\/1957_05_02_-2-oldal-foci-768x679.jpg 768w, https:\/\/rakosliget.hu\/wordpress\/wp-content\/uploads\/2025\/02\/1957_05_02_-2-oldal-foci.jpg 1351w\" sizes=\"auto, (max-width: 1024px) 100vw, 1024px\" \/><figcaption class=\"wp-element-caption\">N\u00e9psport 1957. 05. 02. 2. oldal <\/figcaption><\/figure>\n<\/div>\n\n<div class=\"wp-block-image\">\n<figure class=\"aligncenter size-full\"><img loading=\"lazy\" decoding=\"async\" width=\"669\" height=\"709\" src=\"https:\/\/rakosliget.hu\/wordpress\/wp-content\/uploads\/2025\/02\/1957_05_09_-4-oldal-foci.jpg\" alt=\"\" class=\"wp-image-16470\" srcset=\"https:\/\/rakosliget.hu\/wordpress\/wp-content\/uploads\/2025\/02\/1957_05_09_-4-oldal-foci.jpg 669w, https:\/\/rakosliget.hu\/wordpress\/wp-content\/uploads\/2025\/02\/1957_05_09_-4-oldal-foci-283x300.jpg 283w\" sizes=\"auto, (max-width: 669px) 100vw, 669px\" \/><figcaption class=\"wp-element-caption\">N\u00e9psport 1957. 05. 09. 4. oldal <\/figcaption><\/figure>\n<\/div>\n\n<div class=\"wp-block-image\">\n<figure class=\"aligncenter size-full\"><img loading=\"lazy\" decoding=\"async\" width=\"661\" height=\"741\" src=\"https:\/\/rakosliget.hu\/wordpress\/wp-content\/uploads\/2025\/02\/1957_07_18_6-oldal-foci.jpg\" alt=\"\" class=\"wp-image-16471\" srcset=\"https:\/\/rakosliget.hu\/wordpress\/wp-content\/uploads\/2025\/02\/1957_07_18_6-oldal-foci.jpg 661w, https:\/\/rakosliget.hu\/wordpress\/wp-content\/uploads\/2025\/02\/1957_07_18_6-oldal-foci-268x300.jpg 268w\" sizes=\"auto, (max-width: 661px) 100vw, 661px\" \/><figcaption class=\"wp-element-caption\">N\u00e9psport 1957. 07. 18. 6. oldal <\/figcaption><\/figure>\n<\/div>\n\n<div class=\"wp-block-image\">\n<figure class=\"aligncenter size-large\"><img loading=\"lazy\" decoding=\"async\" width=\"976\" height=\"1024\" src=\"https:\/\/rakosliget.hu\/wordpress\/wp-content\/uploads\/2025\/02\/1957_08_29_-2-oldal-foci-976x1024.jpg\" alt=\"\" class=\"wp-image-16472\" srcset=\"https:\/\/rakosliget.hu\/wordpress\/wp-content\/uploads\/2025\/02\/1957_08_29_-2-oldal-foci-976x1024.jpg 976w, https:\/\/rakosliget.hu\/wordpress\/wp-content\/uploads\/2025\/02\/1957_08_29_-2-oldal-foci-286x300.jpg 286w, https:\/\/rakosliget.hu\/wordpress\/wp-content\/uploads\/2025\/02\/1957_08_29_-2-oldal-foci-768x806.jpg 768w, https:\/\/rakosliget.hu\/wordpress\/wp-content\/uploads\/2025\/02\/1957_08_29_-2-oldal-foci.jpg 1318w\" sizes=\"auto, (max-width: 976px) 100vw, 976px\" \/><figcaption class=\"wp-element-caption\">N\u00e9psport 1957. 08. 29. 2. oldal <\/figcaption><\/figure>\n<\/div>\n\n<div class=\"wp-block-image\">\n<figure class=\"aligncenter size-large\"><img loading=\"lazy\" decoding=\"async\" width=\"1024\" height=\"770\" src=\"https:\/\/rakosliget.hu\/wordpress\/wp-content\/uploads\/2025\/02\/1957_09_05_-4-oldal-foci-1024x770.jpg\" alt=\"\" class=\"wp-image-16474\" srcset=\"https:\/\/rakosliget.hu\/wordpress\/wp-content\/uploads\/2025\/02\/1957_09_05_-4-oldal-foci-1024x770.jpg 1024w, https:\/\/rakosliget.hu\/wordpress\/wp-content\/uploads\/2025\/02\/1957_09_05_-4-oldal-foci-300x226.jpg 300w, https:\/\/rakosliget.hu\/wordpress\/wp-content\/uploads\/2025\/02\/1957_09_05_-4-oldal-foci-768x578.jpg 768w, https:\/\/rakosliget.hu\/wordpress\/wp-content\/uploads\/2025\/02\/1957_09_05_-4-oldal-foci.jpg 1331w\" sizes=\"auto, (max-width: 1024px) 100vw, 1024px\" \/><figcaption class=\"wp-element-caption\">N\u00e9psport 1957. 09. 05. 4. oldal <\/figcaption><\/figure>\n<\/div>\n\n<div class=\"wp-block-image\">\n<figure class=\"aligncenter size-large\"><img loading=\"lazy\" decoding=\"async\" width=\"1024\" height=\"883\" src=\"https:\/\/rakosliget.hu\/wordpress\/wp-content\/uploads\/2025\/02\/1957_09_12_4-oldal-foci-1024x883.jpg\" alt=\"\" class=\"wp-image-16475\" srcset=\"https:\/\/rakosliget.hu\/wordpress\/wp-content\/uploads\/2025\/02\/1957_09_12_4-oldal-foci-1024x883.jpg 1024w, https:\/\/rakosliget.hu\/wordpress\/wp-content\/uploads\/2025\/02\/1957_09_12_4-oldal-foci-300x259.jpg 300w, https:\/\/rakosliget.hu\/wordpress\/wp-content\/uploads\/2025\/02\/1957_09_12_4-oldal-foci-768x662.jpg 768w, https:\/\/rakosliget.hu\/wordpress\/wp-content\/uploads\/2025\/02\/1957_09_12_4-oldal-foci.jpg 1397w\" sizes=\"auto, (max-width: 1024px) 100vw, 1024px\" \/><figcaption class=\"wp-element-caption\">N\u00e9psport 1957. 09. 12. 4. oldal<\/figcaption><\/figure>\n<\/div>\n\n<div class=\"wp-block-image\">\n<figure class=\"aligncenter size-large\"><img loading=\"lazy\" decoding=\"async\" width=\"928\" height=\"1024\" src=\"https:\/\/rakosliget.hu\/wordpress\/wp-content\/uploads\/2025\/02\/1957_09_26_-4-oldal-foci-928x1024.jpg\" alt=\"\" class=\"wp-image-16476\" srcset=\"https:\/\/rakosliget.hu\/wordpress\/wp-content\/uploads\/2025\/02\/1957_09_26_-4-oldal-foci-928x1024.jpg 928w, https:\/\/rakosliget.hu\/wordpress\/wp-content\/uploads\/2025\/02\/1957_09_26_-4-oldal-foci-272x300.jpg 272w, https:\/\/rakosliget.hu\/wordpress\/wp-content\/uploads\/2025\/02\/1957_09_26_-4-oldal-foci-768x848.jpg 768w, https:\/\/rakosliget.hu\/wordpress\/wp-content\/uploads\/2025\/02\/1957_09_26_-4-oldal-foci.jpg 1333w\" sizes=\"auto, (max-width: 928px) 100vw, 928px\" \/><figcaption class=\"wp-element-caption\">N\u00e9psport 1957. 09. 26. 4. oldal <\/figcaption><\/figure>\n<\/div>\n\n<div class=\"wp-block-image\">\n<figure class=\"aligncenter size-large\"><img loading=\"lazy\" decoding=\"async\" width=\"831\" height=\"1024\" src=\"https:\/\/rakosliget.hu\/wordpress\/wp-content\/uploads\/2025\/02\/1957_10_03_-4-oldal-foci-831x1024.jpg\" alt=\"\" class=\"wp-image-16477\" srcset=\"https:\/\/rakosliget.hu\/wordpress\/wp-content\/uploads\/2025\/02\/1957_10_03_-4-oldal-foci-831x1024.jpg 831w, https:\/\/rakosliget.hu\/wordpress\/wp-content\/uploads\/2025\/02\/1957_10_03_-4-oldal-foci-244x300.jpg 244w, https:\/\/rakosliget.hu\/wordpress\/wp-content\/uploads\/2025\/02\/1957_10_03_-4-oldal-foci-768x946.jpg 768w, https:\/\/rakosliget.hu\/wordpress\/wp-content\/uploads\/2025\/02\/1957_10_03_-4-oldal-foci-1247x1536.jpg 1247w, https:\/\/rakosliget.hu\/wordpress\/wp-content\/uploads\/2025\/02\/1957_10_03_-4-oldal-foci.jpg 1330w\" sizes=\"auto, (max-width: 831px) 100vw, 831px\" \/><figcaption class=\"wp-element-caption\">N\u00e9psport 1957. 10. 03.  4. oldal <\/figcaption><\/figure>\n<\/div>\n\n<div class=\"wp-block-image\">\n<figure class=\"aligncenter size-large\"><img loading=\"lazy\" decoding=\"async\" width=\"779\" height=\"1024\" src=\"https:\/\/rakosliget.hu\/wordpress\/wp-content\/uploads\/2025\/02\/1957_10_10_-5-oldal-foci-779x1024.jpg\" alt=\"\" class=\"wp-image-16478\" srcset=\"https:\/\/rakosliget.hu\/wordpress\/wp-content\/uploads\/2025\/02\/1957_10_10_-5-oldal-foci-779x1024.jpg 779w, https:\/\/rakosliget.hu\/wordpress\/wp-content\/uploads\/2025\/02\/1957_10_10_-5-oldal-foci-228x300.jpg 228w, https:\/\/rakosliget.hu\/wordpress\/wp-content\/uploads\/2025\/02\/1957_10_10_-5-oldal-foci-768x1010.jpg 768w, https:\/\/rakosliget.hu\/wordpress\/wp-content\/uploads\/2025\/02\/1957_10_10_-5-oldal-foci-1168x1536.jpg 1168w, https:\/\/rakosliget.hu\/wordpress\/wp-content\/uploads\/2025\/02\/1957_10_10_-5-oldal-foci.jpg 1352w\" sizes=\"auto, (max-width: 779px) 100vw, 779px\" \/><figcaption class=\"wp-element-caption\">N\u00e9psport 1957. 10. 10. 5. oldal<\/figcaption><\/figure>\n<\/div>\n\n<div class=\"wp-block-image\">\n<figure class=\"aligncenter size-full\"><img loading=\"lazy\" decoding=\"async\" width=\"679\" height=\"800\" src=\"https:\/\/rakosliget.hu\/wordpress\/wp-content\/uploads\/2025\/02\/1957_10_31_-4-oldal-foci.jpg\" alt=\"\" class=\"wp-image-16479\" srcset=\"https:\/\/rakosliget.hu\/wordpress\/wp-content\/uploads\/2025\/02\/1957_10_31_-4-oldal-foci.jpg 679w, https:\/\/rakosliget.hu\/wordpress\/wp-content\/uploads\/2025\/02\/1957_10_31_-4-oldal-foci-255x300.jpg 255w\" sizes=\"auto, (max-width: 679px) 100vw, 679px\" \/><figcaption class=\"wp-element-caption\">N\u00e9psport 1957. 10. 31. 4. oldal <\/figcaption><\/figure>\n<\/div>\n\n<div class=\"wp-block-image\">\n<figure class=\"aligncenter size-large\"><img loading=\"lazy\" decoding=\"async\" width=\"1024\" height=\"551\" src=\"https:\/\/rakosliget.hu\/wordpress\/wp-content\/uploads\/2025\/02\/1957_11_07_4-oldal-foci-1024x551.jpg\" alt=\"\" class=\"wp-image-16480\" srcset=\"https:\/\/rakosliget.hu\/wordpress\/wp-content\/uploads\/2025\/02\/1957_11_07_4-oldal-foci-1024x551.jpg 1024w, https:\/\/rakosliget.hu\/wordpress\/wp-content\/uploads\/2025\/02\/1957_11_07_4-oldal-foci-300x161.jpg 300w, https:\/\/rakosliget.hu\/wordpress\/wp-content\/uploads\/2025\/02\/1957_11_07_4-oldal-foci-768x413.jpg 768w, https:\/\/rakosliget.hu\/wordpress\/wp-content\/uploads\/2025\/02\/1957_11_07_4-oldal-foci.jpg 1390w\" sizes=\"auto, (max-width: 1024px) 100vw, 1024px\" \/><figcaption class=\"wp-element-caption\">N\u00e9psport 1957. 11. 07. 4. oldal <\/figcaption><\/figure>\n<\/div>\n\n<div class=\"wp-block-image\">\n<figure class=\"aligncenter size-large\"><img loading=\"lazy\" decoding=\"async\" width=\"1024\" height=\"487\" src=\"https:\/\/rakosliget.hu\/wordpress\/wp-content\/uploads\/2025\/02\/1957_11_21_-4-oldal-foci-1024x487.jpg\" alt=\"\" class=\"wp-image-16481\" srcset=\"https:\/\/rakosliget.hu\/wordpress\/wp-content\/uploads\/2025\/02\/1957_11_21_-4-oldal-foci-1024x487.jpg 1024w, https:\/\/rakosliget.hu\/wordpress\/wp-content\/uploads\/2025\/02\/1957_11_21_-4-oldal-foci-300x143.jpg 300w, https:\/\/rakosliget.hu\/wordpress\/wp-content\/uploads\/2025\/02\/1957_11_21_-4-oldal-foci-768x365.jpg 768w, https:\/\/rakosliget.hu\/wordpress\/wp-content\/uploads\/2025\/02\/1957_11_21_-4-oldal-foci.jpg 1374w\" sizes=\"auto, (max-width: 1024px) 100vw, 1024px\" \/><figcaption class=\"wp-element-caption\">N\u00e9psport 1957. 11. 21.  4. oldal <\/figcaption><\/figure>\n<\/div>\n\n<div class=\"wp-block-image\">\n<figure class=\"aligncenter size-large\"><img loading=\"lazy\" decoding=\"async\" width=\"1024\" height=\"940\" src=\"https:\/\/rakosliget.hu\/wordpress\/wp-content\/uploads\/2025\/02\/1957_12_12_4-oldal-foci-1024x940.jpg\" alt=\"\" class=\"wp-image-16482\" srcset=\"https:\/\/rakosliget.hu\/wordpress\/wp-content\/uploads\/2025\/02\/1957_12_12_4-oldal-foci-1024x940.jpg 1024w, https:\/\/rakosliget.hu\/wordpress\/wp-content\/uploads\/2025\/02\/1957_12_12_4-oldal-foci-300x275.jpg 300w, https:\/\/rakosliget.hu\/wordpress\/wp-content\/uploads\/2025\/02\/1957_12_12_4-oldal-foci-768x705.jpg 768w, https:\/\/rakosliget.hu\/wordpress\/wp-content\/uploads\/2025\/02\/1957_12_12_4-oldal-foci.jpg 1367w\" sizes=\"auto, (max-width: 1024px) 100vw, 1024px\" \/><figcaption class=\"wp-element-caption\">N\u00e9psport 1957. 12. 12. 4. oldal <\/figcaption><\/figure>\n<\/div>\n\n\n<p><a href=\"https:\/\/rakosliget.hu\/wordpress\/index.php\/rakosligeti-atletikai-club\/\">Vissza a FOCI lapra<\/a><\/p>\n","protected":false},"excerpt":{"rendered":"<p>Vissza a FOCI lapra \u00dajra a r\u00e9gi nev\u00e9n szerepel a R\u00e1kosligeti Atl\u00e9tikai Club. (R\u00e1kosliget). Vissza a FOCI lapra<\/p>\n","protected":false},"author":1,"featured_media":0,"parent":0,"menu_order":0,"comment_status":"closed","ping_status":"closed","template":"","meta":{"footnotes":""},"class_list":["post-16462","page","type-page","status-publish","hentry"],"_links":{"self":[{"href":"https:\/\/rakosliget.hu\/wordpress\/index.php\/wp-json\/wp\/v2\/pages\/16462","targetHints":{"allow":["GET"]}}],"collection":[{"href":"https:\/\/rakosliget.hu\/wordpress\/index.php\/wp-json\/wp\/v2\/pages"}],"about":[{"href":"https:\/\/rakosliget.hu\/wordpress\/index.php\/wp-json\/wp\/v2\/types\/page"}],"author":[{"embeddable":true,"href":"https:\/\/rakosliget.hu\/wordpress\/index.php\/wp-json\/wp\/v2\/users\/1"}],"replies":[{"embeddable":true,"href":"https:\/\/rakosliget.hu\/wordpress\/index.php\/wp-json\/wp\/v2\/comments?post=16462"}],"version-history":[{"count":5,"href":"https:\/\/rakosliget.hu\/wordpress\/index.php\/wp-json\/wp\/v2\/pages\/16462\/revisions"}],"predecessor-version":[{"id":16488,"href":"https:\/\/rakosliget.hu\/wordpress\/index.php\/wp-json\/wp\/v2\/pages\/16462\/revisions\/16488"}],"wp:attachment":[{"href":"https:\/\/rakosliget.hu\/wordpress\/index.php\/wp-json\/wp\/v2\/media?parent=16462"}],"curies":[{"name":"wp","href":"https:\/\/api.w.org\/{rel}","templated":true}]}}