{"id":16356,"date":"2025-02-22T06:04:38","date_gmt":"2025-02-22T05:04:38","guid":{"rendered":"https:\/\/rakosliget.hu\/wordpress\/?page_id=16356"},"modified":"2025-04-30T19:11:28","modified_gmt":"2025-04-30T18:11:28","slug":"rakosligeti-atletikai-club","status":"publish","type":"page","link":"https:\/\/rakosliget.hu\/wordpress\/index.php\/rakosligeti-atletikai-club\/","title":{"rendered":"R\u00c1KOSLIGETI ATL\u00c9TIKAI CLUB &#8211; RAC -FOCI"},"content":{"rendered":"\n<p><em>Az oldal felker\u00fclt a honlapra: 2025. 02. 22<\/em>.<\/p>\n\n\n<div class=\"wp-block-image\">\n<figure class=\"aligncenter size-full\"><img loading=\"lazy\" decoding=\"async\" width=\"600\" height=\"412\" src=\"https:\/\/rakosliget.hu\/wordpress\/wp-content\/uploads\/2024\/02\/RAC-foci-1960.jpg\" alt=\"\" class=\"wp-image-12311\" srcset=\"https:\/\/rakosliget.hu\/wordpress\/wp-content\/uploads\/2024\/02\/RAC-foci-1960.jpg 600w, https:\/\/rakosliget.hu\/wordpress\/wp-content\/uploads\/2024\/02\/RAC-foci-1960-300x206.jpg 300w\" sizes=\"auto, (max-width: 600px) 100vw, 600px\" \/><figcaption class=\"wp-element-caption\">RAC a 60-as \u00e9vekben. Forr\u00e1s: ERH digit\u00e1lis arch\u00edvum.<\/figcaption><\/figure>\n<\/div>\n\n\n<h2 class=\"wp-block-heading\"><a href=\"https:\/\/rakosliget.hu\/wordpress\/index.php\/foci-1951\/\">1951<\/a><\/h2>\n\n\n\n<h2 class=\"wp-block-heading\">1952 R\u00e1kosliget \u00faj neve XVII. ker. K\u00d6Z\u00c9RT<\/h2>\n\n\n<div class=\"wp-block-image\">\n<figure class=\"aligncenter size-large\"><img loading=\"lazy\" decoding=\"async\" width=\"1024\" height=\"585\" src=\"https:\/\/rakosliget.hu\/wordpress\/wp-content\/uploads\/2025\/02\/1952_01_29_-4-oldal-foci-1024x585.jpg\" alt=\"\" class=\"wp-image-16406\" srcset=\"https:\/\/rakosliget.hu\/wordpress\/wp-content\/uploads\/2025\/02\/1952_01_29_-4-oldal-foci-1024x585.jpg 1024w, https:\/\/rakosliget.hu\/wordpress\/wp-content\/uploads\/2025\/02\/1952_01_29_-4-oldal-foci-300x171.jpg 300w, https:\/\/rakosliget.hu\/wordpress\/wp-content\/uploads\/2025\/02\/1952_01_29_-4-oldal-foci-768x439.jpg 768w, https:\/\/rakosliget.hu\/wordpress\/wp-content\/uploads\/2025\/02\/1952_01_29_-4-oldal-foci-1536x878.jpg 1536w, https:\/\/rakosliget.hu\/wordpress\/wp-content\/uploads\/2025\/02\/1952_01_29_-4-oldal-foci.jpg 2002w\" sizes=\"auto, (max-width: 1024px) 100vw, 1024px\" \/><figcaption class=\"wp-element-caption\">N\u00e9psport 1952.- 01. 29. 4. oldal <\/figcaption><\/figure>\n<\/div>\n\n\n<p class=\"has-text-align-center\">A bajnoks\u00e1g v\u00e9geredm\u00e9nye: Budapest II. oszt\u00e1ly, 2. csoport 1952<\/p>\n\n\n\n<figure class=\"wp-block-table\"><table class=\"has-fixed-layout\"><tbody><tr><td>helyez\u00e9s<\/td><td>csapat neve<\/td><td>m\u00e9rk\u0151z\u00e9s <\/td><td>gy\u0151zelem<\/td><td>veres\u00e9g<\/td><td>d\u00f6ntetlen<\/td><td>g\u00f3lar\u00e1ny<\/td><td>pontsz\u00e1m<\/td><td><\/td><\/tr><tr><td>9<\/td><td>XVII. ker. K\u00d6Z\u00c9RT<\/td><td>30<\/td><td>13<\/td><td>3<\/td><td>14<\/td><td>85:68<\/td><td>29<\/td><td><\/td><\/tr><\/tbody><\/table><\/figure>\n\n\n\n<h2 class=\"wp-block-heading\">1954<\/h2>\n\n\n\n<p class=\"has-text-align-center\">A bajnoks\u00e1g v\u00e9geredm\u00e9nye: Budapest II. oszt\u00e1ly, 3. csoport 1954<\/p>\n\n\n\n<figure class=\"wp-block-table\"><table class=\"has-fixed-layout\"><tbody><tr><td>helyez\u00e9s<\/td><td>csapat neve<\/td><td>m\u00e9rk\u0151z\u00e9sek<\/td><td>gy\u0151zelem<\/td><td>d\u00f6ntetlen<\/td><td>veres\u00e9g<\/td><td>g\u0151\u00f3lar\u00e1ny<\/td><td>pontsz\u00e1m<\/td><\/tr><tr><td>2<\/td><td>XVII. ker. K\u00d6Z\u00c9RT<\/td><td>30<\/td><td>22<\/td><td>5<\/td><td>3<\/td><td>124:34<\/td><td>49<\/td><\/tr><\/tbody><\/table><\/figure>\n\n\n\n<h2 class=\"wp-block-heading\"><a href=\"https:\/\/rakosliget.hu\/wordpress\/index.php\/kozert-rakosliget-1955\/\">1955<\/a> Amikor R\u00c1KOSLIGETET a K\u00d6Z\u00c9RT-BE K\u00dcLDT\u00c9K. A bajnoks\u00e1gban K\u00d6Z\u00c9RT n\u00e9ven versenyeztek<\/h2>\n\n\n\n<h2 class=\"wp-block-heading\">1956<\/h2>\n\n\n\n<figure class=\"wp-block-image size-large\"><img loading=\"lazy\" decoding=\"async\" width=\"1024\" height=\"699\" src=\"https:\/\/rakosliget.hu\/wordpress\/wp-content\/uploads\/2025\/02\/1956_05_20_-2-oldal-foci-1024x699.jpg\" alt=\"\" class=\"wp-image-16460\" srcset=\"https:\/\/rakosliget.hu\/wordpress\/wp-content\/uploads\/2025\/02\/1956_05_20_-2-oldal-foci-1024x699.jpg 1024w, https:\/\/rakosliget.hu\/wordpress\/wp-content\/uploads\/2025\/02\/1956_05_20_-2-oldal-foci-300x205.jpg 300w, https:\/\/rakosliget.hu\/wordpress\/wp-content\/uploads\/2025\/02\/1956_05_20_-2-oldal-foci-768x525.jpg 768w, https:\/\/rakosliget.hu\/wordpress\/wp-content\/uploads\/2025\/02\/1956_05_20_-2-oldal-foci-1536x1049.jpg 1536w, https:\/\/rakosliget.hu\/wordpress\/wp-content\/uploads\/2025\/02\/1956_05_20_-2-oldal-foci.jpg 1981w\" sizes=\"auto, (max-width: 1024px) 100vw, 1024px\" \/><figcaption class=\"wp-element-caption\">N\u00e9psport 1956. 05. 20. 2. oldal <\/figcaption><\/figure>\n\n\n\n<p><strong>Ez volt az utols\u00f3 \u00e9v, amikor a K\u00d6Z\u00c9RT volt a csapat tulajdonosa. A k\u00f6vetkez\u0151 \u00e9vt\u0151l \u00fajra R\u00e1kosliget lett a labdar\u00fag\u00f3 csapat neve.<\/strong><\/p>\n\n\n\n<h2 class=\"wp-block-heading\"><a href=\"https:\/\/rakosliget.hu\/wordpress\/index.php\/rakosliget-1957\/\">1957<\/a> <a href=\"https:\/\/rakosliget.hu\/wordpress\/index.php\/rakosliget-1958-foci\/\">1958<\/a> <a href=\"https:\/\/rakosliget.hu\/wordpress\/index.php\/rakosliget-derkovits-msc-foci-1959\/\">1959<\/a> <a href=\"https:\/\/rakosliget.hu\/wordpress\/index.php\/rakosliget-foci-1960\/\">1960<\/a><\/h2>\n\n\n\n<h2 class=\"wp-block-heading\">1964<\/h2>\n\n\n<div class=\"wp-block-image\">\n<figure class=\"aligncenter size-full\"><img loading=\"lazy\" decoding=\"async\" width=\"561\" height=\"490\" src=\"https:\/\/rakosliget.hu\/wordpress\/wp-content\/uploads\/2025\/02\/1964_12_24_-2-oldal-foci.jpg\" alt=\"\" class=\"wp-image-16563\" srcset=\"https:\/\/rakosliget.hu\/wordpress\/wp-content\/uploads\/2025\/02\/1964_12_24_-2-oldal-foci.jpg 561w, https:\/\/rakosliget.hu\/wordpress\/wp-content\/uploads\/2025\/02\/1964_12_24_-2-oldal-foci-300x262.jpg 300w\" sizes=\"auto, (max-width: 561px) 100vw, 561px\" \/><figcaption class=\"wp-element-caption\">N\u00e9psport 1964. 12. 24.  2. oldal <\/figcaption><\/figure>\n<\/div>\n\n\n<h2 class=\"wp-block-heading\">1965<\/h2>\n\n\n<div class=\"wp-block-image\">\n<figure class=\"aligncenter size-full\"><img loading=\"lazy\" decoding=\"async\" width=\"557\" height=\"289\" src=\"https:\/\/rakosliget.hu\/wordpress\/wp-content\/uploads\/2025\/02\/1965_03_09_-oldal-foci.jpg\" alt=\"\" class=\"wp-image-16565\" srcset=\"https:\/\/rakosliget.hu\/wordpress\/wp-content\/uploads\/2025\/02\/1965_03_09_-oldal-foci.jpg 557w, https:\/\/rakosliget.hu\/wordpress\/wp-content\/uploads\/2025\/02\/1965_03_09_-oldal-foci-300x156.jpg 300w\" sizes=\"auto, (max-width: 557px) 100vw, 557px\" \/><figcaption class=\"wp-element-caption\">N\u00e9psport 1965. 03. 09.<\/figcaption><\/figure>\n<\/div>\n\n<div class=\"wp-block-image\">\n<figure class=\"aligncenter size-full\"><img loading=\"lazy\" decoding=\"async\" width=\"568\" height=\"133\" src=\"https:\/\/rakosliget.hu\/wordpress\/wp-content\/uploads\/2025\/02\/1965_03_12-foci.jpg\" alt=\"\" class=\"wp-image-16566\" srcset=\"https:\/\/rakosliget.hu\/wordpress\/wp-content\/uploads\/2025\/02\/1965_03_12-foci.jpg 568w, https:\/\/rakosliget.hu\/wordpress\/wp-content\/uploads\/2025\/02\/1965_03_12-foci-300x70.jpg 300w\" sizes=\"auto, (max-width: 568px) 100vw, 568px\" \/><figcaption class=\"wp-element-caption\">N\u00e9psport 1965. 03. 12. <\/figcaption><\/figure>\n<\/div>\n\n\n<h2 class=\"wp-block-heading\">1966<\/h2>\n\n\n\n<figure class=\"wp-block-table\"><table class=\"has-fixed-layout\"><tbody><tr><td>helyez\u00e9s<\/td><td>csapat neve<\/td><td>m\u00e9rk\u0151z\u00e9sek<\/td><td>gy\u0151zelem<\/td><td>d\u00f6ntetlen<\/td><td>veres\u00e9g<\/td><td>g\u00f3lar\u00e1ny<\/td><td>pontsz\u00e1m<\/td><\/tr><tr><td>9<\/td><td>R\u00e1kosliget<\/td><td>26<\/td><td>8<\/td><td>6<\/td><td>12<\/td><td>36:44<\/td><td>22<\/td><\/tr><\/tbody><\/table><\/figure>\n\n\n\n<h2 class=\"wp-block-heading\">1967<\/h2>\n\n\n\n<p class=\"has-text-align-center\">A bajnoks\u00e1g v\u00e9geredm\u00e9nye: Budapest, II. oszt\u00e1ly, 2. csoport&nbsp;<\/p>\n\n\n\n<figure class=\"wp-block-table\"><table class=\"has-fixed-layout\"><tbody><tr><td>helyez\u00e9s<\/td><td>csapat neve<\/td><td>m\u00e9rk\u0151z\u00e9sek<\/td><td>gy\u0151zelem<\/td><td>d\u00f6ntetlen<\/td><td>veres\u00e9g<\/td><td>g\u00f3lar\u00e1ny<\/td><td>pontsz\u00e1m<\/td><\/tr><tr><td>9<\/td><td>R\u00e1kosliget<\/td><td>26<\/td><td>11<\/td><td>4<\/td><td>11<\/td><td>34:40<\/td><td>26<\/td><\/tr><\/tbody><\/table><\/figure>\n\n\n\n<h2 class=\"wp-block-heading\">1968<\/h2>\n\n\n\n<p class=\"has-text-align-center\">A bajnoks\u00e1g v\u00e9geredm\u00e9nye: Budapest, II. oszt\u00e1ly, 2. csoport&nbsp;<\/p>\n\n\n\n<figure class=\"wp-block-table\"><table class=\"has-fixed-layout\"><tbody><tr><td>helyez\u00e9s<\/td><td>csapat neve<\/td><td>m\u00e9rk\u0151z\u00e9sek<\/td><td>gy\u0151zelem<\/td><td>d\u00f6ntetlen<\/td><td>veres\u00e9g<\/td><td>g\u00f3lar\u00e1ny<\/td><td>pontsz\u00e1m<\/td><\/tr><tr><td>5<\/td><td>R\u00e1kosliget<\/td><td>30<\/td><td>14<\/td><td>5<\/td><td>11<\/td><td>57:44<\/td><td>33<\/td><\/tr><\/tbody><\/table><\/figure>\n\n\n\n<h2 class=\"wp-block-heading\">1969<\/h2>\n\n\n\n<p class=\"has-text-align-center\">A bajnoks\u00e1g v\u00e9geredm\u00e9nye: Budapest, II. oszt\u00e1ly, 2. csoport&nbsp; <\/p>\n\n\n\n<figure class=\"wp-block-table\"><table class=\"has-fixed-layout\"><tbody><tr><td>helyez\u00e9s<\/td><td>csapat neve<\/td><td>m\u00e9rk\u0151z\u00e9sek<\/td><td>gy\u0151zelem<\/td><td>d\u00f6ntetlen<\/td><td>veres\u00e9g<\/td><td>g\u00f3lar\u00e1ny<\/td><td>pontsz\u00e1m<\/td><\/tr><tr><td>3<\/td><td>R\u00e1kosliget<\/td><td>30<\/td><td>17<\/td><td>7<\/td><td>6<\/td><td>75:33<\/td><td>41<\/td><\/tr><\/tbody><\/table><\/figure>\n\n\n\n<h2 class=\"wp-block-heading\">1970<\/h2>\n\n\n<div class=\"wp-block-image\">\n<figure class=\"aligncenter size-large\"><img loading=\"lazy\" decoding=\"async\" width=\"484\" height=\"1024\" src=\"https:\/\/rakosliget.hu\/wordpress\/wp-content\/uploads\/2025\/03\/1970_01_17_-3-oldal-foci-484x1024.jpg\" alt=\"\" class=\"wp-image-16582\" srcset=\"https:\/\/rakosliget.hu\/wordpress\/wp-content\/uploads\/2025\/03\/1970_01_17_-3-oldal-foci-484x1024.jpg 484w, https:\/\/rakosliget.hu\/wordpress\/wp-content\/uploads\/2025\/03\/1970_01_17_-3-oldal-foci-142x300.jpg 142w, https:\/\/rakosliget.hu\/wordpress\/wp-content\/uploads\/2025\/03\/1970_01_17_-3-oldal-foci-768x1624.jpg 768w, https:\/\/rakosliget.hu\/wordpress\/wp-content\/uploads\/2025\/03\/1970_01_17_-3-oldal-foci-726x1536.jpg 726w, https:\/\/rakosliget.hu\/wordpress\/wp-content\/uploads\/2025\/03\/1970_01_17_-3-oldal-foci-968x2048.jpg 968w, https:\/\/rakosliget.hu\/wordpress\/wp-content\/uploads\/2025\/03\/1970_01_17_-3-oldal-foci.jpg 1124w\" sizes=\"auto, (max-width: 484px) 100vw, 484px\" \/><figcaption class=\"wp-element-caption\">N\u00e9psport 1970. 01. 17. 3. oldal <\/figcaption><\/figure>\n<\/div>\n\n\n<h2 class=\"wp-block-heading\">1971<\/h2>\n\n\n<div class=\"wp-block-image\">\n<figure class=\"aligncenter size-large\"><img loading=\"lazy\" decoding=\"async\" width=\"1024\" height=\"666\" src=\"https:\/\/rakosliget.hu\/wordpress\/wp-content\/uploads\/2025\/03\/1971_07_19_2-oldal-foci-1024x666.jpg\" alt=\"\" class=\"wp-image-16584\" srcset=\"https:\/\/rakosliget.hu\/wordpress\/wp-content\/uploads\/2025\/03\/1971_07_19_2-oldal-foci-1024x666.jpg 1024w, https:\/\/rakosliget.hu\/wordpress\/wp-content\/uploads\/2025\/03\/1971_07_19_2-oldal-foci-300x195.jpg 300w, https:\/\/rakosliget.hu\/wordpress\/wp-content\/uploads\/2025\/03\/1971_07_19_2-oldal-foci-768x500.jpg 768w, https:\/\/rakosliget.hu\/wordpress\/wp-content\/uploads\/2025\/03\/1971_07_19_2-oldal-foci.jpg 1105w\" sizes=\"auto, (max-width: 1024px) 100vw, 1024px\" \/><figcaption class=\"wp-element-caption\">N\u00e9psport 1971. 07. 19. 2. oldal <\/figcaption><\/figure>\n<\/div>\n\n<div class=\"wp-block-image\">\n<figure class=\"aligncenter size-large\"><img loading=\"lazy\" decoding=\"async\" width=\"563\" height=\"1024\" src=\"https:\/\/rakosliget.hu\/wordpress\/wp-content\/uploads\/2025\/03\/1971_12_10_-altalaban-sport_-563x1024.jpg\" alt=\"\" class=\"wp-image-16585\" srcset=\"https:\/\/rakosliget.hu\/wordpress\/wp-content\/uploads\/2025\/03\/1971_12_10_-altalaban-sport_-563x1024.jpg 563w, https:\/\/rakosliget.hu\/wordpress\/wp-content\/uploads\/2025\/03\/1971_12_10_-altalaban-sport_-165x300.jpg 165w, https:\/\/rakosliget.hu\/wordpress\/wp-content\/uploads\/2025\/03\/1971_12_10_-altalaban-sport_-768x1398.jpg 768w, https:\/\/rakosliget.hu\/wordpress\/wp-content\/uploads\/2025\/03\/1971_12_10_-altalaban-sport_-844x1536.jpg 844w, https:\/\/rakosliget.hu\/wordpress\/wp-content\/uploads\/2025\/03\/1971_12_10_-altalaban-sport_-1125x2048.jpg 1125w, https:\/\/rakosliget.hu\/wordpress\/wp-content\/uploads\/2025\/03\/1971_12_10_-altalaban-sport_-scaled.jpg 1407w\" sizes=\"auto, (max-width: 563px) 100vw, 563px\" \/><figcaption class=\"wp-element-caption\">N\u00e9psport 1971. 12. 10.<\/figcaption><\/figure>\n<\/div>\n\n\n<p>RAC &#8211; HUNGAROCAMION egyes\u00fcl\u00e9s <\/p>\n\n\n\n<figure class=\"wp-block-image size-full\"><img loading=\"lazy\" decoding=\"async\" width=\"589\" height=\"744\" src=\"https:\/\/rakosliget.hu\/wordpress\/wp-content\/uploads\/2025\/04\/Kozlekedes-1972-december.jpg\" alt=\"\" class=\"wp-image-17801\" srcset=\"https:\/\/rakosliget.hu\/wordpress\/wp-content\/uploads\/2025\/04\/Kozlekedes-1972-december.jpg 589w, https:\/\/rakosliget.hu\/wordpress\/wp-content\/uploads\/2025\/04\/Kozlekedes-1972-december-238x300.jpg 238w\" sizes=\"auto, (max-width: 589px) 100vw, 589px\" \/><figcaption class=\"wp-element-caption\">K\u00f6zleked\u00e9s 1972 december<\/figcaption><\/figure>\n\n\n\n<h2 class=\"wp-block-heading\">1975<\/h2>\n\n\n<div class=\"wp-block-image\">\n<figure class=\"aligncenter size-large\"><img loading=\"lazy\" decoding=\"async\" width=\"1024\" height=\"691\" src=\"https:\/\/rakosliget.hu\/wordpress\/wp-content\/uploads\/2025\/03\/1975_11_10_-2-oldal-foci_-1024x691.jpg\" alt=\"\" class=\"wp-image-16587\" srcset=\"https:\/\/rakosliget.hu\/wordpress\/wp-content\/uploads\/2025\/03\/1975_11_10_-2-oldal-foci_-1024x691.jpg 1024w, https:\/\/rakosliget.hu\/wordpress\/wp-content\/uploads\/2025\/03\/1975_11_10_-2-oldal-foci_-300x202.jpg 300w, https:\/\/rakosliget.hu\/wordpress\/wp-content\/uploads\/2025\/03\/1975_11_10_-2-oldal-foci_-768x518.jpg 768w, https:\/\/rakosliget.hu\/wordpress\/wp-content\/uploads\/2025\/03\/1975_11_10_-2-oldal-foci_-1536x1036.jpg 1536w, https:\/\/rakosliget.hu\/wordpress\/wp-content\/uploads\/2025\/03\/1975_11_10_-2-oldal-foci_-2048x1381.jpg 2048w\" sizes=\"auto, (max-width: 1024px) 100vw, 1024px\" \/><figcaption class=\"wp-element-caption\">N\u00e9psport 1975. 11. 10. 2. oldal <\/figcaption><\/figure>\n<\/div>\n\n\n<h2 class=\"wp-block-heading\">1976<\/h2>\n\n\n<div class=\"wp-block-image\">\n<figure class=\"aligncenter size-large\"><img loading=\"lazy\" decoding=\"async\" width=\"713\" height=\"1024\" src=\"https:\/\/rakosliget.hu\/wordpress\/wp-content\/uploads\/2025\/03\/1976_09_08_-4-oldal-foci-tomeg_-713x1024.jpg\" alt=\"\" class=\"wp-image-16589\" srcset=\"https:\/\/rakosliget.hu\/wordpress\/wp-content\/uploads\/2025\/03\/1976_09_08_-4-oldal-foci-tomeg_-713x1024.jpg 713w, https:\/\/rakosliget.hu\/wordpress\/wp-content\/uploads\/2025\/03\/1976_09_08_-4-oldal-foci-tomeg_-209x300.jpg 209w, https:\/\/rakosliget.hu\/wordpress\/wp-content\/uploads\/2025\/03\/1976_09_08_-4-oldal-foci-tomeg_-768x1103.jpg 768w, https:\/\/rakosliget.hu\/wordpress\/wp-content\/uploads\/2025\/03\/1976_09_08_-4-oldal-foci-tomeg_-1070x1536.jpg 1070w, https:\/\/rakosliget.hu\/wordpress\/wp-content\/uploads\/2025\/03\/1976_09_08_-4-oldal-foci-tomeg_-1426x2048.jpg 1426w, https:\/\/rakosliget.hu\/wordpress\/wp-content\/uploads\/2025\/03\/1976_09_08_-4-oldal-foci-tomeg_.jpg 1734w\" sizes=\"auto, (max-width: 713px) 100vw, 713px\" \/><figcaption class=\"wp-element-caption\">N\u00e9psport 1976. 09. 08. 4. oldal <\/figcaption><\/figure>\n<\/div>\n\n<div class=\"wp-block-image\">\n<figure class=\"aligncenter\"><img loading=\"lazy\" decoding=\"async\" width=\"286\" height=\"1024\" src=\"https:\/\/rakosliget.hu\/wordpress\/wp-content\/uploads\/2025\/03\/1976_10_16_-4-oldal-foci-286x1024.jpg\" alt=\"\" class=\"wp-image-16590\" srcset=\"https:\/\/rakosliget.hu\/wordpress\/wp-content\/uploads\/2025\/03\/1976_10_16_-4-oldal-foci-286x1024.jpg 286w, https:\/\/rakosliget.hu\/wordpress\/wp-content\/uploads\/2025\/03\/1976_10_16_-4-oldal-foci-84x300.jpg 84w, https:\/\/rakosliget.hu\/wordpress\/wp-content\/uploads\/2025\/03\/1976_10_16_-4-oldal-foci-429x1536.jpg 429w, https:\/\/rakosliget.hu\/wordpress\/wp-content\/uploads\/2025\/03\/1976_10_16_-4-oldal-foci.jpg 565w\" sizes=\"auto, (max-width: 286px) 100vw, 286px\" \/><figcaption class=\"wp-element-caption\">N\u00e9psport 1976. 10. 16. 4.<\/figcaption><\/figure>\n<\/div>\n\n\n<h2 class=\"wp-block-heading\"><a href=\"https:\/\/rakosliget.hu\/wordpress\/index.php\/hungarocamion-rac-megszunese-1977\/\">1977<\/a> <a href=\"https:\/\/rakosliget.hu\/wordpress\/index.php\/hungarocamion-1978\/\">1978<\/a> <a href=\"https:\/\/rakosliget.hu\/wordpress\/index.php\/hungarocamion-1979\/\">1979<\/a><\/h2>\n\n\n\n<p>1980-t\u00f3l a Hungarocamion csapata R\u00e1koskereszt\u00farra k\u00f6lt\u00f6z\u00f6tt, mivel a k\u00e9t klub egyes\u00fclt. Ett\u0151l az \u00e9vt\u0151l sz\u0171nt meg R\u00e1kosligeten a futball. A p\u00e1ly\u00e1t a H\u0151s\u00f6k terei \u00c1ltal\u00e1nos Iskola kapta meg. A futballp\u00e1ly\u00e1t \u00e1talak\u00edtott\u00e1k. Fut\u00f3k\u00f6r, t\u00e1volugr\u00f3 g\u00f6d\u00f6r, kos\u00e1rlabdap\u00e1lya ker\u00fclt kialak\u00edt\u00e1sra. A t\u00f6megsport \u00e9s az iskolai testnevel\u00e9st szolg\u00e1lja a mai napig is a ter\u00fclet. <\/p>\n\n\n\n<p>A t\u00e1rsadalmi \u00f6sszefog\u00e1ssal \u00e9p\u00fclt klubh\u00e1z, amely t\u00e1rsask\u00f6r, majd a II. vil\u00e1gh\u00e1bor\u00fa ut\u00e1n a Halad\u00e1s H\u00e1ziipari Sz\u00f6vetkezet telephelye is volt , jelenleg pedig a G\u00f3zon Kamarasz\u00ednh\u00e1znak ad otthont.<\/p>\n\n\n\n<p>R\u00e1kosligetnek \u00f6n\u00e1ll\u00f3 sportegyes\u00fcletei az id\u0151k folyam\u00e1n sz\u00e9p lassan megsz\u0171ntek. A foci b\u00edrta a legtov\u00e1bb.<\/p>\n","protected":false},"excerpt":{"rendered":"<p>Az oldal felker\u00fclt a honlapra: 2025. 02. 22. 1951 1952 R\u00e1kosliget \u00faj neve XVII. ker. K\u00d6Z\u00c9RT A bajnoks\u00e1g v\u00e9geredm\u00e9nye: Budapest II. oszt\u00e1ly, 2. csoport 1952 helyez\u00e9s csapat neve m\u00e9rk\u0151z\u00e9s gy\u0151zelem veres\u00e9g d\u00f6ntetlen g\u00f3lar\u00e1ny pontsz\u00e1m 9 XVII. ker. K\u00d6Z\u00c9RT 30 13 3 14 85:68 29 1954 A bajnoks\u00e1g v\u00e9geredm\u00e9nye: Budapest II. oszt\u00e1ly, 3. csoport 1954 helyez\u00e9s &hellip; <a href=\"https:\/\/rakosliget.hu\/wordpress\/index.php\/rakosligeti-atletikai-club\/\" class=\"more-link\"><span class=\"screen-reader-text\">R\u00c1KOSLIGETI ATL\u00c9TIKAI CLUB &#8211; RAC -FOCI<\/span> r\u00e9szletei&#8230;<\/a><\/p>\n","protected":false},"author":1,"featured_media":0,"parent":0,"menu_order":0,"comment_status":"closed","ping_status":"closed","template":"","meta":{"footnotes":""},"class_list":["post-16356","page","type-page","status-publish","hentry"],"_links":{"self":[{"href":"https:\/\/rakosliget.hu\/wordpress\/index.php\/wp-json\/wp\/v2\/pages\/16356","targetHints":{"allow":["GET"]}}],"collection":[{"href":"https:\/\/rakosliget.hu\/wordpress\/index.php\/wp-json\/wp\/v2\/pages"}],"about":[{"href":"https:\/\/rakosliget.hu\/wordpress\/index.php\/wp-json\/wp\/v2\/types\/page"}],"author":[{"embeddable":true,"href":"https:\/\/rakosliget.hu\/wordpress\/index.php\/wp-json\/wp\/v2\/users\/1"}],"replies":[{"embeddable":true,"href":"https:\/\/rakosliget.hu\/wordpress\/index.php\/wp-json\/wp\/v2\/comments?post=16356"}],"version-history":[{"count":44,"href":"https:\/\/rakosliget.hu\/wordpress\/index.php\/wp-json\/wp\/v2\/pages\/16356\/revisions"}],"predecessor-version":[{"id":17802,"href":"https:\/\/rakosliget.hu\/wordpress\/index.php\/wp-json\/wp\/v2\/pages\/16356\/revisions\/17802"}],"wp:attachment":[{"href":"https:\/\/rakosliget.hu\/wordpress\/index.php\/wp-json\/wp\/v2\/media?parent=16356"}],"curies":[{"name":"wp","href":"https:\/\/api.w.org\/{rel}","templated":true}]}}