{"id":16348,"date":"2025-02-22T05:58:45","date_gmt":"2025-02-22T04:58:45","guid":{"rendered":"https:\/\/rakosliget.hu\/wordpress\/?page_id=16348"},"modified":"2025-02-22T06:01:39","modified_gmt":"2025-02-22T05:01:39","slug":"sport-1951-tol","status":"publish","type":"page","link":"https:\/\/rakosliget.hu\/wordpress\/index.php\/sport-1951-tol\/","title":{"rendered":"SPORT 1951 -t\u0151l"},"content":{"rendered":"\n<p><a href=\"https:\/\/rakosliget.hu\/wordpress\/index.php\/sportelet-rakosligeten\/\">\u00c1tl\u00e9p\u00e9s a SPORT 1950 el\u0151tti lapokra.<\/a><\/p>\n\n\n\n<p><\/p>\n","protected":false},"excerpt":{"rendered":"<p>\u00c1tl\u00e9p\u00e9s a SPORT 1950 el\u0151tti lapokra.<\/p>\n","protected":false},"author":1,"featured_media":0,"parent":0,"menu_order":0,"comment_status":"closed","ping_status":"closed","template":"","meta":{"footnotes":""},"class_list":["post-16348","page","type-page","status-publish","hentry"],"_links":{"self":[{"href":"https:\/\/rakosliget.hu\/wordpress\/index.php\/wp-json\/wp\/v2\/pages\/16348","targetHints":{"allow":["GET"]}}],"collection":[{"href":"https:\/\/rakosliget.hu\/wordpress\/index.php\/wp-json\/wp\/v2\/pages"}],"about":[{"href":"https:\/\/rakosliget.hu\/wordpress\/index.php\/wp-json\/wp\/v2\/types\/page"}],"author":[{"embeddable":true,"href":"https:\/\/rakosliget.hu\/wordpress\/index.php\/wp-json\/wp\/v2\/users\/1"}],"replies":[{"embeddable":true,"href":"https:\/\/rakosliget.hu\/wordpress\/index.php\/wp-json\/wp\/v2\/comments?post=16348"}],"version-history":[{"count":4,"href":"https:\/\/rakosliget.hu\/wordpress\/index.php\/wp-json\/wp\/v2\/pages\/16348\/revisions"}],"predecessor-version":[{"id":16354,"href":"https:\/\/rakosliget.hu\/wordpress\/index.php\/wp-json\/wp\/v2\/pages\/16348\/revisions\/16354"}],"wp:attachment":[{"href":"https:\/\/rakosliget.hu\/wordpress\/index.php\/wp-json\/wp\/v2\/media?parent=16348"}],"curies":[{"name":"wp","href":"https:\/\/api.w.org\/{rel}","templated":true}]}}