{"id":16321,"date":"2025-02-22T05:49:21","date_gmt":"2025-02-22T04:49:21","guid":{"rendered":"https:\/\/rakosliget.hu\/wordpress\/?page_id=16321"},"modified":"2025-02-22T05:55:50","modified_gmt":"2025-02-22T04:55:50","slug":"foci-1950","status":"publish","type":"page","link":"https:\/\/rakosliget.hu\/wordpress\/index.php\/foci-1950\/","title":{"rendered":"FOCI 1950"},"content":{"rendered":"\n<p><a href=\"https:\/\/rakosliget.hu\/wordpress\/index.php\/rakosligeti-move-foci\/\">Vissza  a FOCI lapra<\/a><\/p>\n\n\n<div class=\"wp-block-image\">\n<figure class=\"aligncenter size-full\"><img loading=\"lazy\" decoding=\"async\" width=\"657\" height=\"647\" src=\"https:\/\/rakosliget.hu\/wordpress\/wp-content\/uploads\/2025\/02\/1950_01_29_2-oldal-foci.jpg\" alt=\"\" class=\"wp-image-16324\" srcset=\"https:\/\/rakosliget.hu\/wordpress\/wp-content\/uploads\/2025\/02\/1950_01_29_2-oldal-foci.jpg 657w, https:\/\/rakosliget.hu\/wordpress\/wp-content\/uploads\/2025\/02\/1950_01_29_2-oldal-foci-300x295.jpg 300w\" sizes=\"auto, (max-width: 657px) 100vw, 657px\" \/><figcaption class=\"wp-element-caption\">N\u00c9psport 1950. 01. 29. 2. oldal<\/figcaption><\/figure>\n<\/div>\n\n<div class=\"wp-block-image\">\n<figure class=\"aligncenter size-full\"><img loading=\"lazy\" decoding=\"async\" width=\"635\" height=\"289\" src=\"https:\/\/rakosliget.hu\/wordpress\/wp-content\/uploads\/2025\/02\/1950_02_28_-3-oldal-foci.jpg\" alt=\"\" class=\"wp-image-16326\" srcset=\"https:\/\/rakosliget.hu\/wordpress\/wp-content\/uploads\/2025\/02\/1950_02_28_-3-oldal-foci.jpg 635w, https:\/\/rakosliget.hu\/wordpress\/wp-content\/uploads\/2025\/02\/1950_02_28_-3-oldal-foci-300x137.jpg 300w\" sizes=\"auto, (max-width: 635px) 100vw, 635px\" \/><figcaption class=\"wp-element-caption\">N\u00e9psport 1950. 02. 28. 3. oldal <\/figcaption><\/figure>\n<\/div>\n\n<div class=\"wp-block-image\">\n<figure class=\"aligncenter size-full\"><img loading=\"lazy\" decoding=\"async\" width=\"642\" height=\"641\" src=\"https:\/\/rakosliget.hu\/wordpress\/wp-content\/uploads\/2025\/02\/1950_03_17_4-oldal-foci.jpg\" alt=\"\" class=\"wp-image-16327\" srcset=\"https:\/\/rakosliget.hu\/wordpress\/wp-content\/uploads\/2025\/02\/1950_03_17_4-oldal-foci.jpg 642w, https:\/\/rakosliget.hu\/wordpress\/wp-content\/uploads\/2025\/02\/1950_03_17_4-oldal-foci-300x300.jpg 300w, https:\/\/rakosliget.hu\/wordpress\/wp-content\/uploads\/2025\/02\/1950_03_17_4-oldal-foci-150x150.jpg 150w\" sizes=\"auto, (max-width: 642px) 100vw, 642px\" \/><figcaption class=\"wp-element-caption\">N\u00e9psport 1950_03. 17. 4. oldal <\/figcaption><\/figure>\n<\/div>\n\n<div class=\"wp-block-image\">\n<figure class=\"aligncenter size-full\"><img loading=\"lazy\" decoding=\"async\" width=\"633\" height=\"797\" src=\"https:\/\/rakosliget.hu\/wordpress\/wp-content\/uploads\/2025\/02\/1950_03_21_-2-oldal-foci.jpg\" alt=\"\" class=\"wp-image-16328\" srcset=\"https:\/\/rakosliget.hu\/wordpress\/wp-content\/uploads\/2025\/02\/1950_03_21_-2-oldal-foci.jpg 633w, https:\/\/rakosliget.hu\/wordpress\/wp-content\/uploads\/2025\/02\/1950_03_21_-2-oldal-foci-238x300.jpg 238w\" sizes=\"auto, (max-width: 633px) 100vw, 633px\" \/><figcaption class=\"wp-element-caption\">N\u00e9psport 1950. 03. 21. 2. oldal <\/figcaption><\/figure>\n<\/div>\n\n<div class=\"wp-block-image\">\n<figure class=\"aligncenter size-full\"><img loading=\"lazy\" decoding=\"async\" width=\"720\" height=\"353\" src=\"https:\/\/rakosliget.hu\/wordpress\/wp-content\/uploads\/2025\/02\/1950_03_23_-2-oldal-foci.jpg\" alt=\"\" class=\"wp-image-16329\" srcset=\"https:\/\/rakosliget.hu\/wordpress\/wp-content\/uploads\/2025\/02\/1950_03_23_-2-oldal-foci.jpg 720w, https:\/\/rakosliget.hu\/wordpress\/wp-content\/uploads\/2025\/02\/1950_03_23_-2-oldal-foci-300x147.jpg 300w\" sizes=\"auto, (max-width: 720px) 100vw, 720px\" \/><figcaption class=\"wp-element-caption\">N\u00e9psport 1950. 03. 23. 2. oldal <\/figcaption><\/figure>\n<\/div>\n\n<div class=\"wp-block-image\">\n<figure class=\"aligncenter size-large\"><img loading=\"lazy\" decoding=\"async\" width=\"1024\" height=\"747\" src=\"https:\/\/rakosliget.hu\/wordpress\/wp-content\/uploads\/2025\/02\/1950_04_04_-8-oldal-foci-1024x747.jpg\" alt=\"\" class=\"wp-image-16330\" srcset=\"https:\/\/rakosliget.hu\/wordpress\/wp-content\/uploads\/2025\/02\/1950_04_04_-8-oldal-foci-1024x747.jpg 1024w, https:\/\/rakosliget.hu\/wordpress\/wp-content\/uploads\/2025\/02\/1950_04_04_-8-oldal-foci-300x219.jpg 300w, https:\/\/rakosliget.hu\/wordpress\/wp-content\/uploads\/2025\/02\/1950_04_04_-8-oldal-foci-768x560.jpg 768w, https:\/\/rakosliget.hu\/wordpress\/wp-content\/uploads\/2025\/02\/1950_04_04_-8-oldal-foci.jpg 1288w\" sizes=\"auto, (max-width: 1024px) 100vw, 1024px\" \/><figcaption class=\"wp-element-caption\">N\u00e9psport 1950. 04. 04. 8. oldal <\/figcaption><\/figure>\n<\/div>\n\n<div class=\"wp-block-image\">\n<figure class=\"aligncenter size-full\"><img loading=\"lazy\" decoding=\"async\" width=\"651\" height=\"432\" src=\"https:\/\/rakosliget.hu\/wordpress\/wp-content\/uploads\/2025\/02\/1950_04_13_-4-oldal-foci.jpg\" alt=\"\" class=\"wp-image-16331\" srcset=\"https:\/\/rakosliget.hu\/wordpress\/wp-content\/uploads\/2025\/02\/1950_04_13_-4-oldal-foci.jpg 651w, https:\/\/rakosliget.hu\/wordpress\/wp-content\/uploads\/2025\/02\/1950_04_13_-4-oldal-foci-300x199.jpg 300w\" sizes=\"auto, (max-width: 651px) 100vw, 651px\" \/><figcaption class=\"wp-element-caption\">N\u00e9psport 1950. 04. 13. 4. oldal <\/figcaption><\/figure>\n<\/div>\n\n<div class=\"wp-block-image\">\n<figure class=\"aligncenter size-full\"><img loading=\"lazy\" decoding=\"async\" width=\"659\" height=\"109\" src=\"https:\/\/rakosliget.hu\/wordpress\/wp-content\/uploads\/2025\/02\/1950_04_25_-4-oldal-foci.jpg\" alt=\"\" class=\"wp-image-16332\" srcset=\"https:\/\/rakosliget.hu\/wordpress\/wp-content\/uploads\/2025\/02\/1950_04_25_-4-oldal-foci.jpg 659w, https:\/\/rakosliget.hu\/wordpress\/wp-content\/uploads\/2025\/02\/1950_04_25_-4-oldal-foci-300x50.jpg 300w\" sizes=\"auto, (max-width: 659px) 100vw, 659px\" \/><figcaption class=\"wp-element-caption\">N\u00e9psport 1950. 04. 25. 4. oldal <\/figcaption><\/figure>\n<\/div>\n\n<div class=\"wp-block-image\">\n<figure class=\"aligncenter size-full\"><img loading=\"lazy\" decoding=\"async\" width=\"933\" height=\"142\" src=\"https:\/\/rakosliget.hu\/wordpress\/wp-content\/uploads\/2025\/02\/1950_05_15_-2-oldal-foci.jpg\" alt=\"\" class=\"wp-image-16333\" srcset=\"https:\/\/rakosliget.hu\/wordpress\/wp-content\/uploads\/2025\/02\/1950_05_15_-2-oldal-foci.jpg 933w, https:\/\/rakosliget.hu\/wordpress\/wp-content\/uploads\/2025\/02\/1950_05_15_-2-oldal-foci-300x46.jpg 300w, https:\/\/rakosliget.hu\/wordpress\/wp-content\/uploads\/2025\/02\/1950_05_15_-2-oldal-foci-768x117.jpg 768w\" sizes=\"auto, (max-width: 933px) 100vw, 933px\" \/><figcaption class=\"wp-element-caption\">N\u00e9psport 1950. 05. 15.  2. oldal <\/figcaption><\/figure>\n<\/div>\n\n<div class=\"wp-block-image\">\n<figure class=\"aligncenter size-full\"><img loading=\"lazy\" decoding=\"async\" width=\"641\" height=\"526\" src=\"https:\/\/rakosliget.hu\/wordpress\/wp-content\/uploads\/2025\/02\/1950_05_23_-4-oldal-foci.jpg\" alt=\"\" class=\"wp-image-16334\" srcset=\"https:\/\/rakosliget.hu\/wordpress\/wp-content\/uploads\/2025\/02\/1950_05_23_-4-oldal-foci.jpg 641w, https:\/\/rakosliget.hu\/wordpress\/wp-content\/uploads\/2025\/02\/1950_05_23_-4-oldal-foci-300x246.jpg 300w\" sizes=\"auto, (max-width: 641px) 100vw, 641px\" \/><figcaption class=\"wp-element-caption\">N\u00e9psport 1950. 05. 23. 4. oldal <\/figcaption><\/figure>\n<\/div>\n\n<div class=\"wp-block-image\">\n<figure class=\"aligncenter size-full\"><img loading=\"lazy\" decoding=\"async\" width=\"655\" height=\"81\" src=\"https:\/\/rakosliget.hu\/wordpress\/wp-content\/uploads\/2025\/02\/1950_07_07_-4-oldal-foci.jpg\" alt=\"\" class=\"wp-image-16335\" srcset=\"https:\/\/rakosliget.hu\/wordpress\/wp-content\/uploads\/2025\/02\/1950_07_07_-4-oldal-foci.jpg 655w, https:\/\/rakosliget.hu\/wordpress\/wp-content\/uploads\/2025\/02\/1950_07_07_-4-oldal-foci-300x37.jpg 300w\" sizes=\"auto, (max-width: 655px) 100vw, 655px\" \/><figcaption class=\"wp-element-caption\">N\u00e9psport 1950. 07. 07. 4. oldal <\/figcaption><\/figure>\n<\/div>\n\n<div class=\"wp-block-image\">\n<figure class=\"aligncenter size-full\"><img loading=\"lazy\" decoding=\"async\" width=\"688\" height=\"747\" src=\"https:\/\/rakosliget.hu\/wordpress\/wp-content\/uploads\/2025\/02\/1950_09_21_-4-oldal-foci.jpg\" alt=\"\" class=\"wp-image-16336\" srcset=\"https:\/\/rakosliget.hu\/wordpress\/wp-content\/uploads\/2025\/02\/1950_09_21_-4-oldal-foci.jpg 688w, https:\/\/rakosliget.hu\/wordpress\/wp-content\/uploads\/2025\/02\/1950_09_21_-4-oldal-foci-276x300.jpg 276w\" sizes=\"auto, (max-width: 688px) 100vw, 688px\" \/><figcaption class=\"wp-element-caption\">N\u00e9psport 1950. 09. 21. 4. oldal <\/figcaption><\/figure>\n<\/div>\n\n<div class=\"wp-block-image\">\n<figure class=\"aligncenter size-full\"><img loading=\"lazy\" decoding=\"async\" width=\"660\" height=\"230\" src=\"https:\/\/rakosliget.hu\/wordpress\/wp-content\/uploads\/2025\/02\/1950_10_03_-4-oldal-foci.jpg\" alt=\"\" class=\"wp-image-16337\" srcset=\"https:\/\/rakosliget.hu\/wordpress\/wp-content\/uploads\/2025\/02\/1950_10_03_-4-oldal-foci.jpg 660w, https:\/\/rakosliget.hu\/wordpress\/wp-content\/uploads\/2025\/02\/1950_10_03_-4-oldal-foci-300x105.jpg 300w\" sizes=\"auto, (max-width: 660px) 100vw, 660px\" \/><figcaption class=\"wp-element-caption\">N\u00e9psport 1950. 10. 03. 4. oldal <\/figcaption><\/figure>\n<\/div>\n\n<div class=\"wp-block-image\">\n<figure class=\"aligncenter size-full\"><img loading=\"lazy\" decoding=\"async\" width=\"672\" height=\"422\" src=\"https:\/\/rakosliget.hu\/wordpress\/wp-content\/uploads\/2025\/02\/1950_10_19_2-oldal-foci.jpg\" alt=\"\" class=\"wp-image-16338\" srcset=\"https:\/\/rakosliget.hu\/wordpress\/wp-content\/uploads\/2025\/02\/1950_10_19_2-oldal-foci.jpg 672w, https:\/\/rakosliget.hu\/wordpress\/wp-content\/uploads\/2025\/02\/1950_10_19_2-oldal-foci-300x188.jpg 300w\" sizes=\"auto, (max-width: 672px) 100vw, 672px\" \/><figcaption class=\"wp-element-caption\">N\u00e9psport 1950. 10. 19. 2. oldal <\/figcaption><\/figure>\n<\/div>\n\n<div class=\"wp-block-image\">\n<figure class=\"aligncenter size-full\"><img loading=\"lazy\" decoding=\"async\" width=\"662\" height=\"186\" src=\"https:\/\/rakosliget.hu\/wordpress\/wp-content\/uploads\/2025\/02\/1950_10_31_-6-oldal-foci.jpg\" alt=\"\" class=\"wp-image-16339\" srcset=\"https:\/\/rakosliget.hu\/wordpress\/wp-content\/uploads\/2025\/02\/1950_10_31_-6-oldal-foci.jpg 662w, https:\/\/rakosliget.hu\/wordpress\/wp-content\/uploads\/2025\/02\/1950_10_31_-6-oldal-foci-300x84.jpg 300w\" sizes=\"auto, (max-width: 662px) 100vw, 662px\" \/><figcaption class=\"wp-element-caption\">N\u00e9psport 1950. 10. 31. 6. oldal <\/figcaption><\/figure>\n<\/div>\n\n<div class=\"wp-block-image\">\n<figure class=\"aligncenter size-large\"><img loading=\"lazy\" decoding=\"async\" width=\"887\" height=\"1024\" src=\"https:\/\/rakosliget.hu\/wordpress\/wp-content\/uploads\/2025\/02\/1950_11_03_-4-oldal-foci-887x1024.jpg\" alt=\"\" class=\"wp-image-16340\" srcset=\"https:\/\/rakosliget.hu\/wordpress\/wp-content\/uploads\/2025\/02\/1950_11_03_-4-oldal-foci-887x1024.jpg 887w, https:\/\/rakosliget.hu\/wordpress\/wp-content\/uploads\/2025\/02\/1950_11_03_-4-oldal-foci-260x300.jpg 260w, https:\/\/rakosliget.hu\/wordpress\/wp-content\/uploads\/2025\/02\/1950_11_03_-4-oldal-foci-768x887.jpg 768w, https:\/\/rakosliget.hu\/wordpress\/wp-content\/uploads\/2025\/02\/1950_11_03_-4-oldal-foci-1330x1536.jpg 1330w, https:\/\/rakosliget.hu\/wordpress\/wp-content\/uploads\/2025\/02\/1950_11_03_-4-oldal-foci.jpg 1355w\" sizes=\"auto, (max-width: 887px) 100vw, 887px\" \/><figcaption class=\"wp-element-caption\">NM\u00e9psport 1950. 11. 03. 4. oldal <\/figcaption><\/figure>\n<\/div>\n\n<div class=\"wp-block-image\">\n<figure class=\"aligncenter size-large\"><img loading=\"lazy\" decoding=\"async\" width=\"1024\" height=\"561\" src=\"https:\/\/rakosliget.hu\/wordpress\/wp-content\/uploads\/2025\/02\/1950_11_09_-2-oldal-foci-1024x561.jpg\" alt=\"\" class=\"wp-image-16341\" srcset=\"https:\/\/rakosliget.hu\/wordpress\/wp-content\/uploads\/2025\/02\/1950_11_09_-2-oldal-foci-1024x561.jpg 1024w, https:\/\/rakosliget.hu\/wordpress\/wp-content\/uploads\/2025\/02\/1950_11_09_-2-oldal-foci-300x165.jpg 300w, https:\/\/rakosliget.hu\/wordpress\/wp-content\/uploads\/2025\/02\/1950_11_09_-2-oldal-foci-768x421.jpg 768w, https:\/\/rakosliget.hu\/wordpress\/wp-content\/uploads\/2025\/02\/1950_11_09_-2-oldal-foci.jpg 1355w\" sizes=\"auto, (max-width: 1024px) 100vw, 1024px\" \/><figcaption class=\"wp-element-caption\">N\u00e9psport 1950. 11. 09. 2. oldal <\/figcaption><\/figure>\n<\/div>\n\n<div class=\"wp-block-image\">\n<figure class=\"aligncenter size-large\"><img loading=\"lazy\" decoding=\"async\" width=\"1024\" height=\"485\" src=\"https:\/\/rakosliget.hu\/wordpress\/wp-content\/uploads\/2025\/02\/1950_11_14_-2-oldal-foci-1024x485.jpg\" alt=\"\" class=\"wp-image-16342\" srcset=\"https:\/\/rakosliget.hu\/wordpress\/wp-content\/uploads\/2025\/02\/1950_11_14_-2-oldal-foci-1024x485.jpg 1024w, https:\/\/rakosliget.hu\/wordpress\/wp-content\/uploads\/2025\/02\/1950_11_14_-2-oldal-foci-300x142.jpg 300w, https:\/\/rakosliget.hu\/wordpress\/wp-content\/uploads\/2025\/02\/1950_11_14_-2-oldal-foci-768x364.jpg 768w, https:\/\/rakosliget.hu\/wordpress\/wp-content\/uploads\/2025\/02\/1950_11_14_-2-oldal-foci.jpg 1321w\" sizes=\"auto, (max-width: 1024px) 100vw, 1024px\" \/><figcaption class=\"wp-element-caption\">N\u00e9psport 1950. 11. 14. 2. oldal <\/figcaption><\/figure>\n<\/div>\n\n<div class=\"wp-block-image\">\n<figure class=\"aligncenter size-large\"><img loading=\"lazy\" decoding=\"async\" width=\"1024\" height=\"918\" src=\"https:\/\/rakosliget.hu\/wordpress\/wp-content\/uploads\/2025\/02\/1950_12_-01_-3-oldal-foci-1024x918.jpg\" alt=\"\" class=\"wp-image-16343\" srcset=\"https:\/\/rakosliget.hu\/wordpress\/wp-content\/uploads\/2025\/02\/1950_12_-01_-3-oldal-foci-1024x918.jpg 1024w, https:\/\/rakosliget.hu\/wordpress\/wp-content\/uploads\/2025\/02\/1950_12_-01_-3-oldal-foci-300x269.jpg 300w, https:\/\/rakosliget.hu\/wordpress\/wp-content\/uploads\/2025\/02\/1950_12_-01_-3-oldal-foci-768x688.jpg 768w, https:\/\/rakosliget.hu\/wordpress\/wp-content\/uploads\/2025\/02\/1950_12_-01_-3-oldal-foci.jpg 1352w\" sizes=\"auto, (max-width: 1024px) 100vw, 1024px\" \/><figcaption class=\"wp-element-caption\">N\u00e9psport 1950. 12. 01. 3. oldal <\/figcaption><\/figure>\n<\/div>\n\n\n<p>1950 volt az utols\u00f3 \u00e9v, hogy a R\u00e1kosliget a Vid\u00e9ki I. oszt\u00e1ly pestvid\u00e9ki csoportj\u00e1ban szerepelt. 1951 janu\u00e1rj\u00e1ban elk\u00e9sz\u00fclt a a budapesti labdar\u00fag\u00f3 ker\u00fclet \u00faj, bajnoki beoszt\u00e1sa. Ett\u0151l a bajnoki szezont\u00f3l a r\u00e1kosligeti csapat a Budapest II. oszt\u00e1ly +. csoportj\u00e1ban szerepelt. Ebb\u0151l a csoportb\u00f3l az utols\u00f3 k\u00e9t helyezett kiesett, az els\u0151 kett\u0151 pedig feljutott A Budapest I oszt\u00e1lyba.<\/p>\n\n\n\n<p><a href=\"https:\/\/rakosliget.hu\/wordpress\/index.php\/rakosligeti-move-foci\/\">Vissza  a FOCI lapra<\/a><\/p>\n","protected":false},"excerpt":{"rendered":"<p>Vissza a FOCI lapra 1950 volt az utols\u00f3 \u00e9v, hogy a R\u00e1kosliget a Vid\u00e9ki I. oszt\u00e1ly pestvid\u00e9ki csoportj\u00e1ban szerepelt. 1951 janu\u00e1rj\u00e1ban elk\u00e9sz\u00fclt a a budapesti labdar\u00fag\u00f3 ker\u00fclet \u00faj, bajnoki beoszt\u00e1sa. Ett\u0151l a bajnoki szezont\u00f3l a r\u00e1kosligeti csapat a Budapest II. oszt\u00e1ly +. csoportj\u00e1ban szerepelt. Ebb\u0151l a csoportb\u00f3l az utols\u00f3 k\u00e9t helyezett kiesett, az els\u0151 kett\u0151 &hellip; <a href=\"https:\/\/rakosliget.hu\/wordpress\/index.php\/foci-1950\/\" class=\"more-link\"><span class=\"screen-reader-text\">FOCI 1950<\/span> r\u00e9szletei&#8230;<\/a><\/p>\n","protected":false},"author":1,"featured_media":0,"parent":0,"menu_order":0,"comment_status":"closed","ping_status":"closed","template":"","meta":{"footnotes":""},"class_list":["post-16321","page","type-page","status-publish","hentry"],"_links":{"self":[{"href":"https:\/\/rakosliget.hu\/wordpress\/index.php\/wp-json\/wp\/v2\/pages\/16321","targetHints":{"allow":["GET"]}}],"collection":[{"href":"https:\/\/rakosliget.hu\/wordpress\/index.php\/wp-json\/wp\/v2\/pages"}],"about":[{"href":"https:\/\/rakosliget.hu\/wordpress\/index.php\/wp-json\/wp\/v2\/types\/page"}],"author":[{"embeddable":true,"href":"https:\/\/rakosliget.hu\/wordpress\/index.php\/wp-json\/wp\/v2\/users\/1"}],"replies":[{"embeddable":true,"href":"https:\/\/rakosliget.hu\/wordpress\/index.php\/wp-json\/wp\/v2\/comments?post=16321"}],"version-history":[{"count":4,"href":"https:\/\/rakosliget.hu\/wordpress\/index.php\/wp-json\/wp\/v2\/pages\/16321\/revisions"}],"predecessor-version":[{"id":16347,"href":"https:\/\/rakosliget.hu\/wordpress\/index.php\/wp-json\/wp\/v2\/pages\/16321\/revisions\/16347"}],"wp:attachment":[{"href":"https:\/\/rakosliget.hu\/wordpress\/index.php\/wp-json\/wp\/v2\/media?parent=16321"}],"curies":[{"name":"wp","href":"https:\/\/api.w.org\/{rel}","templated":true}]}}