{"id":16271,"date":"2025-02-16T18:47:56","date_gmt":"2025-02-16T17:47:56","guid":{"rendered":"https:\/\/rakosliget.hu\/wordpress\/?page_id=16271"},"modified":"2025-02-16T18:47:56","modified_gmt":"2025-02-16T17:47:56","slug":"foci-1949","status":"publish","type":"page","link":"https:\/\/rakosliget.hu\/wordpress\/index.php\/foci-1949\/","title":{"rendered":"FOCI 1949"},"content":{"rendered":"\n<p><a href=\"https:\/\/rakosliget.hu\/wordpress\/index.php\/rakosligeti-move-foci\/\">Vissza a FOCI lapra<\/a><\/p>\n\n\n<div class=\"wp-block-image\">\n<figure class=\"aligncenter size-full\"><img loading=\"lazy\" decoding=\"async\" width=\"673\" height=\"238\" src=\"https:\/\/rakosliget.hu\/wordpress\/wp-content\/uploads\/2025\/02\/1949_01_17_-1-oldal-foci.jpg\" alt=\"\" class=\"wp-image-16273\" srcset=\"https:\/\/rakosliget.hu\/wordpress\/wp-content\/uploads\/2025\/02\/1949_01_17_-1-oldal-foci.jpg 673w, https:\/\/rakosliget.hu\/wordpress\/wp-content\/uploads\/2025\/02\/1949_01_17_-1-oldal-foci-300x106.jpg 300w\" sizes=\"auto, (max-width: 673px) 100vw, 673px\" \/><figcaption class=\"wp-element-caption\">N\u00e9psport 1949. 01. 17. 1. oldal <\/figcaption><\/figure>\n<\/div>\n\n<div class=\"wp-block-image\">\n<figure class=\"aligncenter size-full\"><img loading=\"lazy\" decoding=\"async\" width=\"676\" height=\"177\" src=\"https:\/\/rakosliget.hu\/wordpress\/wp-content\/uploads\/2025\/02\/1949_01_24_-2-oldal-foci.jpg\" alt=\"\" class=\"wp-image-16274\" srcset=\"https:\/\/rakosliget.hu\/wordpress\/wp-content\/uploads\/2025\/02\/1949_01_24_-2-oldal-foci.jpg 676w, https:\/\/rakosliget.hu\/wordpress\/wp-content\/uploads\/2025\/02\/1949_01_24_-2-oldal-foci-300x79.jpg 300w\" sizes=\"auto, (max-width: 676px) 100vw, 676px\" \/><figcaption class=\"wp-element-caption\">N\u00c9psport 1949. 01. 24. 2. oldal <\/figcaption><\/figure>\n<\/div>\n\n<div class=\"wp-block-image\">\n<figure class=\"aligncenter size-full\"><img loading=\"lazy\" decoding=\"async\" width=\"680\" height=\"209\" src=\"https:\/\/rakosliget.hu\/wordpress\/wp-content\/uploads\/2025\/02\/1949_02_22_-2-oldal-foci.jpg\" alt=\"\" class=\"wp-image-16275\" srcset=\"https:\/\/rakosliget.hu\/wordpress\/wp-content\/uploads\/2025\/02\/1949_02_22_-2-oldal-foci.jpg 680w, https:\/\/rakosliget.hu\/wordpress\/wp-content\/uploads\/2025\/02\/1949_02_22_-2-oldal-foci-300x92.jpg 300w\" sizes=\"auto, (max-width: 680px) 100vw, 680px\" \/><figcaption class=\"wp-element-caption\">N\u00e9psport 1949. 02.22. 2. oldal <\/figcaption><\/figure>\n<\/div>\n\n<div class=\"wp-block-image\">\n<figure class=\"aligncenter size-full\"><img loading=\"lazy\" decoding=\"async\" width=\"674\" height=\"231\" src=\"https:\/\/rakosliget.hu\/wordpress\/wp-content\/uploads\/2025\/02\/1949_02_24_-2-oldal-foci.jpg\" alt=\"\" class=\"wp-image-16276\" srcset=\"https:\/\/rakosliget.hu\/wordpress\/wp-content\/uploads\/2025\/02\/1949_02_24_-2-oldal-foci.jpg 674w, https:\/\/rakosliget.hu\/wordpress\/wp-content\/uploads\/2025\/02\/1949_02_24_-2-oldal-foci-300x103.jpg 300w\" sizes=\"auto, (max-width: 674px) 100vw, 674px\" \/><figcaption class=\"wp-element-caption\">N\u00e9psport 1949. 02. 24. 2. oldal <\/figcaption><\/figure>\n<\/div>\n\n<div class=\"wp-block-image\">\n<figure class=\"aligncenter size-full\"><img loading=\"lazy\" decoding=\"async\" width=\"659\" height=\"587\" src=\"https:\/\/rakosliget.hu\/wordpress\/wp-content\/uploads\/2025\/02\/1949_03_01-foci.jpg\" alt=\"\" class=\"wp-image-16277\" srcset=\"https:\/\/rakosliget.hu\/wordpress\/wp-content\/uploads\/2025\/02\/1949_03_01-foci.jpg 659w, https:\/\/rakosliget.hu\/wordpress\/wp-content\/uploads\/2025\/02\/1949_03_01-foci-300x267.jpg 300w\" sizes=\"auto, (max-width: 659px) 100vw, 659px\" \/><figcaption class=\"wp-element-caption\">N\u00e9psport 1949. 03. 01. <\/figcaption><\/figure>\n<\/div>\n\n<div class=\"wp-block-image\">\n<figure class=\"aligncenter size-full\"><img loading=\"lazy\" decoding=\"async\" width=\"651\" height=\"837\" src=\"https:\/\/rakosliget.hu\/wordpress\/wp-content\/uploads\/2025\/02\/1949_03_08-foci.jpg\" alt=\"\" class=\"wp-image-16278\" srcset=\"https:\/\/rakosliget.hu\/wordpress\/wp-content\/uploads\/2025\/02\/1949_03_08-foci.jpg 651w, https:\/\/rakosliget.hu\/wordpress\/wp-content\/uploads\/2025\/02\/1949_03_08-foci-233x300.jpg 233w\" sizes=\"auto, (max-width: 651px) 100vw, 651px\" \/><figcaption class=\"wp-element-caption\">N\u00c9psport 1949. 03. 08.<\/figcaption><\/figure>\n<\/div>\n\n<div class=\"wp-block-image\">\n<figure class=\"aligncenter size-full\"><img loading=\"lazy\" decoding=\"async\" width=\"664\" height=\"237\" src=\"https:\/\/rakosliget.hu\/wordpress\/wp-content\/uploads\/2025\/02\/1949_03_22-foci.jpg\" alt=\"\" class=\"wp-image-16280\" srcset=\"https:\/\/rakosliget.hu\/wordpress\/wp-content\/uploads\/2025\/02\/1949_03_22-foci.jpg 664w, https:\/\/rakosliget.hu\/wordpress\/wp-content\/uploads\/2025\/02\/1949_03_22-foci-300x107.jpg 300w\" sizes=\"auto, (max-width: 664px) 100vw, 664px\" \/><figcaption class=\"wp-element-caption\">N\u00e9psport 1949. 03. 22.<\/figcaption><\/figure>\n<\/div>\n\n<div class=\"wp-block-image\">\n<figure class=\"aligncenter size-full\"><img loading=\"lazy\" decoding=\"async\" width=\"660\" height=\"339\" src=\"https:\/\/rakosliget.hu\/wordpress\/wp-content\/uploads\/2025\/02\/1949_03_29-foci.jpg\" alt=\"\" class=\"wp-image-16281\" srcset=\"https:\/\/rakosliget.hu\/wordpress\/wp-content\/uploads\/2025\/02\/1949_03_29-foci.jpg 660w, https:\/\/rakosliget.hu\/wordpress\/wp-content\/uploads\/2025\/02\/1949_03_29-foci-300x154.jpg 300w\" sizes=\"auto, (max-width: 660px) 100vw, 660px\" \/><figcaption class=\"wp-element-caption\">N\u00e9psport 1949. 03. 29. <\/figcaption><\/figure>\n<\/div>\n\n<div class=\"wp-block-image\">\n<figure class=\"aligncenter size-full\"><img loading=\"lazy\" decoding=\"async\" width=\"672\" height=\"195\" src=\"https:\/\/rakosliget.hu\/wordpress\/wp-content\/uploads\/2025\/02\/1949_04_07-foci.jpg\" alt=\"\" class=\"wp-image-16282\" srcset=\"https:\/\/rakosliget.hu\/wordpress\/wp-content\/uploads\/2025\/02\/1949_04_07-foci.jpg 672w, https:\/\/rakosliget.hu\/wordpress\/wp-content\/uploads\/2025\/02\/1949_04_07-foci-300x87.jpg 300w\" sizes=\"auto, (max-width: 672px) 100vw, 672px\" \/><figcaption class=\"wp-element-caption\">N\u00e9psport 1949. 04. 07.<\/figcaption><\/figure>\n<\/div>\n\n<div class=\"wp-block-image\">\n<figure class=\"aligncenter size-full\"><img loading=\"lazy\" decoding=\"async\" width=\"667\" height=\"89\" src=\"https:\/\/rakosliget.hu\/wordpress\/wp-content\/uploads\/2025\/02\/1949_04_19-foci.jpg\" alt=\"\" class=\"wp-image-16283\" srcset=\"https:\/\/rakosliget.hu\/wordpress\/wp-content\/uploads\/2025\/02\/1949_04_19-foci.jpg 667w, https:\/\/rakosliget.hu\/wordpress\/wp-content\/uploads\/2025\/02\/1949_04_19-foci-300x40.jpg 300w\" sizes=\"auto, (max-width: 667px) 100vw, 667px\" \/><figcaption class=\"wp-element-caption\">N\u00e9psport 1949. 04. 19.<\/figcaption><\/figure>\n<\/div>\n\n<div class=\"wp-block-image\">\n<figure class=\"aligncenter size-full\"><img loading=\"lazy\" decoding=\"async\" width=\"678\" height=\"557\" src=\"https:\/\/rakosliget.hu\/wordpress\/wp-content\/uploads\/2025\/02\/1949_04_26-foci.jpg\" alt=\"\" class=\"wp-image-16284\" srcset=\"https:\/\/rakosliget.hu\/wordpress\/wp-content\/uploads\/2025\/02\/1949_04_26-foci.jpg 678w, https:\/\/rakosliget.hu\/wordpress\/wp-content\/uploads\/2025\/02\/1949_04_26-foci-300x246.jpg 300w\" sizes=\"auto, (max-width: 678px) 100vw, 678px\" \/><figcaption class=\"wp-element-caption\">N\u00e9psport 1949. 04. 26.<\/figcaption><\/figure>\n<\/div>\n\n<div class=\"wp-block-image\">\n<figure class=\"aligncenter size-full\"><img loading=\"lazy\" decoding=\"async\" width=\"667\" height=\"193\" src=\"https:\/\/rakosliget.hu\/wordpress\/wp-content\/uploads\/2025\/02\/1949_05_19-foci.jpg\" alt=\"\" class=\"wp-image-16285\" srcset=\"https:\/\/rakosliget.hu\/wordpress\/wp-content\/uploads\/2025\/02\/1949_05_19-foci.jpg 667w, https:\/\/rakosliget.hu\/wordpress\/wp-content\/uploads\/2025\/02\/1949_05_19-foci-300x87.jpg 300w\" sizes=\"auto, (max-width: 667px) 100vw, 667px\" \/><figcaption class=\"wp-element-caption\">N\u00e9psport 1949. 05. 19.<\/figcaption><\/figure>\n<\/div>\n\n\n<hr class=\"wp-block-separator has-alpha-channel-opacity\"\/>\n\n\n\n<p>SZIT<\/p>\n\n\n\n<p>Szakszervezeti Ifj\u00famunk\u00e1s- \u00e9s Tanoncmozgalom <strong>(SZIT)<\/strong>: a Szakszervezeti Tan\u00e1cs Ifj\u00fas\u00e1gi Titk\u00e1rs\u00e1ga 1945. febru\u00e1rban l\u00e9trehozott ifj\u00famunk\u00e1s t\u00f6megszervezete. A gazdas\u00e1gi \u00e9s szoci\u00e1lis c\u00e9lok\u00e9rt k\u00fczd\u0151 \u00e9rdekv\u00e9delmi szervezetben a k\u00e9t munk\u00e1sp\u00e1rt parit\u00e1sos alapon k\u00e9pviseltette mag\u00e1t. Az 1946 m\u00e1rcius\u00e1ban orsz\u00e1gos mozgalomm\u00e1 v\u00e1lt.  K\u00e9t \u00e9vvel k\u00e9s\u0151bb 1948 m\u00e1rcius\u00e1ban a  MINSZ kommunista vezet\u00e9s\u0171 munk\u00e1sifj\u00fas\u00e1gi szervezete lett. 1950 j\u00fanius\u00e1ban a DISZ megalakul\u00e1sa ut\u00e1n elvesztette \u00f6n\u00e1ll\u00f3s\u00e1g\u00e1t, \u00e9s beolvadt az MDP ifj\u00fas\u00e1gi szervezet\u00e9be.<\/p>\n\n\n\n<figure class=\"wp-block-image size-full\"><img loading=\"lazy\" decoding=\"async\" width=\"662\" height=\"275\" src=\"https:\/\/rakosliget.hu\/wordpress\/wp-content\/uploads\/2025\/02\/1949_07_17_-sportbemuteto.jpg\" alt=\"\" class=\"wp-image-16291\" srcset=\"https:\/\/rakosliget.hu\/wordpress\/wp-content\/uploads\/2025\/02\/1949_07_17_-sportbemuteto.jpg 662w, https:\/\/rakosliget.hu\/wordpress\/wp-content\/uploads\/2025\/02\/1949_07_17_-sportbemuteto-300x125.jpg 300w\" sizes=\"auto, (max-width: 662px) 100vw, 662px\" \/><figcaption class=\"wp-element-caption\">N\u00e9psport 1949. 07. 17.<\/figcaption><\/figure>\n\n\n<div class=\"wp-block-image\">\n<figure class=\"aligncenter size-full\"><img loading=\"lazy\" decoding=\"async\" width=\"656\" height=\"363\" src=\"https:\/\/rakosliget.hu\/wordpress\/wp-content\/uploads\/2025\/02\/1949_07_21-bemutato-szit.jpg\" alt=\"\" class=\"wp-image-16293\" srcset=\"https:\/\/rakosliget.hu\/wordpress\/wp-content\/uploads\/2025\/02\/1949_07_21-bemutato-szit.jpg 656w, https:\/\/rakosliget.hu\/wordpress\/wp-content\/uploads\/2025\/02\/1949_07_21-bemutato-szit-300x166.jpg 300w\" sizes=\"auto, (max-width: 656px) 100vw, 656px\" \/><figcaption class=\"wp-element-caption\">N\u00e9psport 1949. 07. 21.<\/figcaption><\/figure>\n<\/div>\n\n\n<hr class=\"wp-block-separator has-alpha-channel-opacity\"\/>\n\n\n<div class=\"wp-block-image\">\n<figure class=\"aligncenter size-full\"><img loading=\"lazy\" decoding=\"async\" width=\"693\" height=\"978\" src=\"https:\/\/rakosliget.hu\/wordpress\/wp-content\/uploads\/2025\/02\/1949_05_31-foci.jpg\" alt=\"\" class=\"wp-image-16286\" srcset=\"https:\/\/rakosliget.hu\/wordpress\/wp-content\/uploads\/2025\/02\/1949_05_31-foci.jpg 693w, https:\/\/rakosliget.hu\/wordpress\/wp-content\/uploads\/2025\/02\/1949_05_31-foci-213x300.jpg 213w\" sizes=\"auto, (max-width: 693px) 100vw, 693px\" \/><figcaption class=\"wp-element-caption\">N\u00e9psport 1949. 05. 31.<\/figcaption><\/figure>\n<\/div>\n\n<div class=\"wp-block-image\">\n<figure class=\"aligncenter size-full\"><img loading=\"lazy\" decoding=\"async\" width=\"676\" height=\"195\" src=\"https:\/\/rakosliget.hu\/wordpress\/wp-content\/uploads\/2025\/02\/1949_06_07-foci.jpg\" alt=\"\" class=\"wp-image-16287\" srcset=\"https:\/\/rakosliget.hu\/wordpress\/wp-content\/uploads\/2025\/02\/1949_06_07-foci.jpg 676w, https:\/\/rakosliget.hu\/wordpress\/wp-content\/uploads\/2025\/02\/1949_06_07-foci-300x87.jpg 300w\" sizes=\"auto, (max-width: 676px) 100vw, 676px\" \/><figcaption class=\"wp-element-caption\">N\u00e9psport 1949. 06. 07.<\/figcaption><\/figure>\n<\/div>\n\n<div class=\"wp-block-image\">\n<figure class=\"aligncenter size-full\"><img loading=\"lazy\" decoding=\"async\" width=\"666\" height=\"241\" src=\"https:\/\/rakosliget.hu\/wordpress\/wp-content\/uploads\/2025\/02\/1949_06_28-foci.jpg\" alt=\"\" class=\"wp-image-16288\" srcset=\"https:\/\/rakosliget.hu\/wordpress\/wp-content\/uploads\/2025\/02\/1949_06_28-foci.jpg 666w, https:\/\/rakosliget.hu\/wordpress\/wp-content\/uploads\/2025\/02\/1949_06_28-foci-300x109.jpg 300w\" sizes=\"auto, (max-width: 666px) 100vw, 666px\" \/><figcaption class=\"wp-element-caption\">N\u00e9psport 1949. 06. 28.<\/figcaption><\/figure>\n<\/div>\n\n<div class=\"wp-block-image\">\n<figure class=\"aligncenter size-full\"><img loading=\"lazy\" decoding=\"async\" width=\"682\" height=\"108\" src=\"https:\/\/rakosliget.hu\/wordpress\/wp-content\/uploads\/2025\/02\/1949_07_05-foci.jpg\" alt=\"\" class=\"wp-image-16289\" srcset=\"https:\/\/rakosliget.hu\/wordpress\/wp-content\/uploads\/2025\/02\/1949_07_05-foci.jpg 682w, https:\/\/rakosliget.hu\/wordpress\/wp-content\/uploads\/2025\/02\/1949_07_05-foci-300x48.jpg 300w\" sizes=\"auto, (max-width: 682px) 100vw, 682px\" \/><figcaption class=\"wp-element-caption\">N\u00e9psport 1949. 07. 05.<\/figcaption><\/figure>\n<\/div>\n\n<div class=\"wp-block-image\">\n<figure class=\"aligncenter size-full\"><img loading=\"lazy\" decoding=\"async\" width=\"715\" height=\"480\" src=\"https:\/\/rakosliget.hu\/wordpress\/wp-content\/uploads\/2025\/02\/1949_08_13-foci.jpg\" alt=\"\" class=\"wp-image-16290\" srcset=\"https:\/\/rakosliget.hu\/wordpress\/wp-content\/uploads\/2025\/02\/1949_08_13-foci.jpg 715w, https:\/\/rakosliget.hu\/wordpress\/wp-content\/uploads\/2025\/02\/1949_08_13-foci-300x201.jpg 300w, https:\/\/rakosliget.hu\/wordpress\/wp-content\/uploads\/2025\/02\/1949_08_13-foci-272x182.jpg 272w\" sizes=\"auto, (max-width: 715px) 100vw, 715px\" \/><figcaption class=\"wp-element-caption\">N\u00e9psport 1949. 08. 13. <\/figcaption><\/figure>\n<\/div>\n\n<div class=\"wp-block-image\">\n<figure class=\"aligncenter size-full\"><img loading=\"lazy\" decoding=\"async\" width=\"715\" height=\"480\" src=\"https:\/\/rakosliget.hu\/wordpress\/wp-content\/uploads\/2025\/02\/1949_08_13-foci-1.jpg\" alt=\"\" class=\"wp-image-16294\" srcset=\"https:\/\/rakosliget.hu\/wordpress\/wp-content\/uploads\/2025\/02\/1949_08_13-foci-1.jpg 715w, https:\/\/rakosliget.hu\/wordpress\/wp-content\/uploads\/2025\/02\/1949_08_13-foci-1-300x201.jpg 300w, https:\/\/rakosliget.hu\/wordpress\/wp-content\/uploads\/2025\/02\/1949_08_13-foci-1-272x182.jpg 272w\" sizes=\"auto, (max-width: 715px) 100vw, 715px\" \/><figcaption class=\"wp-element-caption\">N\u00c9psport 1949. 08. 13. <\/figcaption><\/figure>\n<\/div>\n\n<div class=\"wp-block-image\">\n<figure class=\"aligncenter size-full\"><img loading=\"lazy\" decoding=\"async\" width=\"669\" height=\"145\" src=\"https:\/\/rakosliget.hu\/wordpress\/wp-content\/uploads\/2025\/02\/1949_09_06-foci.jpg\" alt=\"\" class=\"wp-image-16295\" srcset=\"https:\/\/rakosliget.hu\/wordpress\/wp-content\/uploads\/2025\/02\/1949_09_06-foci.jpg 669w, https:\/\/rakosliget.hu\/wordpress\/wp-content\/uploads\/2025\/02\/1949_09_06-foci-300x65.jpg 300w\" sizes=\"auto, (max-width: 669px) 100vw, 669px\" \/><figcaption class=\"wp-element-caption\">N\u00e9psport 1949. 09. 06.<\/figcaption><\/figure>\n<\/div>\n\n<div class=\"wp-block-image\">\n<figure class=\"aligncenter size-large\"><img loading=\"lazy\" decoding=\"async\" width=\"593\" height=\"1024\" src=\"https:\/\/rakosliget.hu\/wordpress\/wp-content\/uploads\/2025\/02\/1949_09_27-foci-593x1024.jpg\" alt=\"\" class=\"wp-image-16296\" srcset=\"https:\/\/rakosliget.hu\/wordpress\/wp-content\/uploads\/2025\/02\/1949_09_27-foci-593x1024.jpg 593w, https:\/\/rakosliget.hu\/wordpress\/wp-content\/uploads\/2025\/02\/1949_09_27-foci-174x300.jpg 174w, https:\/\/rakosliget.hu\/wordpress\/wp-content\/uploads\/2025\/02\/1949_09_27-foci.jpg 655w\" sizes=\"auto, (max-width: 593px) 100vw, 593px\" \/><figcaption class=\"wp-element-caption\">N\u00e9psport 1949. 09. 27.<\/figcaption><\/figure>\n<\/div>\n\n<div class=\"wp-block-image\">\n<figure class=\"aligncenter size-full\"><img loading=\"lazy\" decoding=\"async\" width=\"648\" height=\"497\" src=\"https:\/\/rakosliget.hu\/wordpress\/wp-content\/uploads\/2025\/02\/1949_10_04-foci.jpg\" alt=\"\" class=\"wp-image-16297\" srcset=\"https:\/\/rakosliget.hu\/wordpress\/wp-content\/uploads\/2025\/02\/1949_10_04-foci.jpg 648w, https:\/\/rakosliget.hu\/wordpress\/wp-content\/uploads\/2025\/02\/1949_10_04-foci-300x230.jpg 300w\" sizes=\"auto, (max-width: 648px) 100vw, 648px\" \/><figcaption class=\"wp-element-caption\">N\u00e9psport 1949. 10. 04.<\/figcaption><\/figure>\n<\/div>\n\n<div class=\"wp-block-image\">\n<figure class=\"aligncenter size-full\"><img loading=\"lazy\" decoding=\"async\" width=\"677\" height=\"777\" src=\"https:\/\/rakosliget.hu\/wordpress\/wp-content\/uploads\/2025\/02\/1949_10_13-foci.jpg\" alt=\"\" class=\"wp-image-16298\" srcset=\"https:\/\/rakosliget.hu\/wordpress\/wp-content\/uploads\/2025\/02\/1949_10_13-foci.jpg 677w, https:\/\/rakosliget.hu\/wordpress\/wp-content\/uploads\/2025\/02\/1949_10_13-foci-261x300.jpg 261w\" sizes=\"auto, (max-width: 677px) 100vw, 677px\" \/><figcaption class=\"wp-element-caption\">N\u00e9psport 1949. 10. 13.<\/figcaption><\/figure>\n<\/div>\n\n<div class=\"wp-block-image\">\n<figure class=\"aligncenter size-full\"><img loading=\"lazy\" decoding=\"async\" width=\"707\" height=\"202\" src=\"https:\/\/rakosliget.hu\/wordpress\/wp-content\/uploads\/2025\/02\/1949_10_25-foci.jpg\" alt=\"\" class=\"wp-image-16299\" srcset=\"https:\/\/rakosliget.hu\/wordpress\/wp-content\/uploads\/2025\/02\/1949_10_25-foci.jpg 707w, https:\/\/rakosliget.hu\/wordpress\/wp-content\/uploads\/2025\/02\/1949_10_25-foci-300x86.jpg 300w\" sizes=\"auto, (max-width: 707px) 100vw, 707px\" \/><figcaption class=\"wp-element-caption\">N\u00e9psport 1949. 10. 25.<\/figcaption><\/figure>\n<\/div>\n\n<div class=\"wp-block-image\">\n<figure class=\"aligncenter size-full\"><img loading=\"lazy\" decoding=\"async\" width=\"659\" height=\"874\" src=\"https:\/\/rakosliget.hu\/wordpress\/wp-content\/uploads\/2025\/02\/1949_10_27-foci.jpg\" alt=\"\" class=\"wp-image-16300\" srcset=\"https:\/\/rakosliget.hu\/wordpress\/wp-content\/uploads\/2025\/02\/1949_10_27-foci.jpg 659w, https:\/\/rakosliget.hu\/wordpress\/wp-content\/uploads\/2025\/02\/1949_10_27-foci-226x300.jpg 226w\" sizes=\"auto, (max-width: 659px) 100vw, 659px\" \/><figcaption class=\"wp-element-caption\">N\u00e9psport 1949. 10. 27.<\/figcaption><\/figure>\n<\/div>\n\n<div class=\"wp-block-image\">\n<figure class=\"aligncenter size-full\"><img loading=\"lazy\" decoding=\"async\" width=\"683\" height=\"616\" src=\"https:\/\/rakosliget.hu\/wordpress\/wp-content\/uploads\/2025\/02\/1949_11_08-foci.jpg\" alt=\"\" class=\"wp-image-16301\" srcset=\"https:\/\/rakosliget.hu\/wordpress\/wp-content\/uploads\/2025\/02\/1949_11_08-foci.jpg 683w, https:\/\/rakosliget.hu\/wordpress\/wp-content\/uploads\/2025\/02\/1949_11_08-foci-300x271.jpg 300w\" sizes=\"auto, (max-width: 683px) 100vw, 683px\" \/><figcaption class=\"wp-element-caption\">N\u00e9psport 1949. 11. 08.<\/figcaption><\/figure>\n<\/div>\n\n<div class=\"wp-block-image\">\n<figure class=\"aligncenter size-full\"><img loading=\"lazy\" decoding=\"async\" width=\"679\" height=\"141\" src=\"https:\/\/rakosliget.hu\/wordpress\/wp-content\/uploads\/2025\/02\/1949_11_10-foci.jpg\" alt=\"\" class=\"wp-image-16302\" srcset=\"https:\/\/rakosliget.hu\/wordpress\/wp-content\/uploads\/2025\/02\/1949_11_10-foci.jpg 679w, https:\/\/rakosliget.hu\/wordpress\/wp-content\/uploads\/2025\/02\/1949_11_10-foci-300x62.jpg 300w\" sizes=\"auto, (max-width: 679px) 100vw, 679px\" \/><figcaption class=\"wp-element-caption\">N\u00e9psport 1949. 11. 10.<\/figcaption><\/figure>\n<\/div>\n\n<div class=\"wp-block-image\">\n<figure class=\"aligncenter size-full\"><img loading=\"lazy\" decoding=\"async\" width=\"664\" height=\"763\" src=\"https:\/\/rakosliget.hu\/wordpress\/wp-content\/uploads\/2025\/02\/1949_11_15-foci.jpg\" alt=\"\" class=\"wp-image-16303\" srcset=\"https:\/\/rakosliget.hu\/wordpress\/wp-content\/uploads\/2025\/02\/1949_11_15-foci.jpg 664w, https:\/\/rakosliget.hu\/wordpress\/wp-content\/uploads\/2025\/02\/1949_11_15-foci-261x300.jpg 261w\" sizes=\"auto, (max-width: 664px) 100vw, 664px\" \/><figcaption class=\"wp-element-caption\">N\u00e9psport 1949. 11. 15.<\/figcaption><\/figure>\n<\/div>\n\n<div class=\"wp-block-image\">\n<figure class=\"aligncenter size-full\"><img loading=\"lazy\" decoding=\"async\" width=\"667\" height=\"750\" src=\"https:\/\/rakosliget.hu\/wordpress\/wp-content\/uploads\/2025\/02\/1949_11_17-foci.jpg\" alt=\"\" class=\"wp-image-16304\" srcset=\"https:\/\/rakosliget.hu\/wordpress\/wp-content\/uploads\/2025\/02\/1949_11_17-foci.jpg 667w, https:\/\/rakosliget.hu\/wordpress\/wp-content\/uploads\/2025\/02\/1949_11_17-foci-267x300.jpg 267w\" sizes=\"auto, (max-width: 667px) 100vw, 667px\" \/><figcaption class=\"wp-element-caption\">N\u00e9psport 1949. 11. 17.<\/figcaption><\/figure>\n<\/div>\n\n<div class=\"wp-block-image\">\n<figure class=\"aligncenter size-full\"><img loading=\"lazy\" decoding=\"async\" width=\"677\" height=\"765\" src=\"https:\/\/rakosliget.hu\/wordpress\/wp-content\/uploads\/2025\/02\/1949_11_29-foci.jpg\" alt=\"\" class=\"wp-image-16305\" srcset=\"https:\/\/rakosliget.hu\/wordpress\/wp-content\/uploads\/2025\/02\/1949_11_29-foci.jpg 677w, https:\/\/rakosliget.hu\/wordpress\/wp-content\/uploads\/2025\/02\/1949_11_29-foci-265x300.jpg 265w\" sizes=\"auto, (max-width: 677px) 100vw, 677px\" \/><figcaption class=\"wp-element-caption\">N\u00e9psport 1949. 11. 29. <\/figcaption><\/figure>\n<\/div>\n\n<div class=\"wp-block-image\">\n<figure class=\"aligncenter size-full\"><img loading=\"lazy\" decoding=\"async\" width=\"661\" height=\"526\" src=\"https:\/\/rakosliget.hu\/wordpress\/wp-content\/uploads\/2025\/02\/1949_12_01_-foci.jpg\" alt=\"\" class=\"wp-image-16306\" srcset=\"https:\/\/rakosliget.hu\/wordpress\/wp-content\/uploads\/2025\/02\/1949_12_01_-foci.jpg 661w, https:\/\/rakosliget.hu\/wordpress\/wp-content\/uploads\/2025\/02\/1949_12_01_-foci-300x239.jpg 300w\" sizes=\"auto, (max-width: 661px) 100vw, 661px\" \/><figcaption class=\"wp-element-caption\">N\u00e9psport 1949. 12. 01. <\/figcaption><\/figure>\n<\/div>\n\n<div class=\"wp-block-image\">\n<figure class=\"aligncenter size-full\"><img loading=\"lazy\" decoding=\"async\" width=\"671\" height=\"227\" src=\"https:\/\/rakosliget.hu\/wordpress\/wp-content\/uploads\/2025\/02\/1949_12_06_-foci.jpg\" alt=\"\" class=\"wp-image-16307\" srcset=\"https:\/\/rakosliget.hu\/wordpress\/wp-content\/uploads\/2025\/02\/1949_12_06_-foci.jpg 671w, https:\/\/rakosliget.hu\/wordpress\/wp-content\/uploads\/2025\/02\/1949_12_06_-foci-300x101.jpg 300w\" sizes=\"auto, (max-width: 671px) 100vw, 671px\" \/><figcaption class=\"wp-element-caption\">N\u00e9psport 1949. 12. 06.<\/figcaption><\/figure>\n<\/div>\n\n<div class=\"wp-block-image\">\n<figure class=\"aligncenter size-full\"><img loading=\"lazy\" decoding=\"async\" width=\"676\" height=\"243\" src=\"https:\/\/rakosliget.hu\/wordpress\/wp-content\/uploads\/2025\/02\/1949_12_13-foci.jpg\" alt=\"\" class=\"wp-image-16308\" srcset=\"https:\/\/rakosliget.hu\/wordpress\/wp-content\/uploads\/2025\/02\/1949_12_13-foci.jpg 676w, https:\/\/rakosliget.hu\/wordpress\/wp-content\/uploads\/2025\/02\/1949_12_13-foci-300x108.jpg 300w\" sizes=\"auto, (max-width: 676px) 100vw, 676px\" \/><figcaption class=\"wp-element-caption\">N\u00e9psport 1949. 12. 13.<\/figcaption><\/figure>\n<\/div>\n\n\n<p><a href=\"https:\/\/rakosliget.hu\/wordpress\/index.php\/rakosligeti-move-foci\/\">Vissza a FOCI lapra<\/a><\/p>\n","protected":false},"excerpt":{"rendered":"<p>Vissza a FOCI lapra SZIT Szakszervezeti Ifj\u00famunk\u00e1s- \u00e9s Tanoncmozgalom (SZIT): a Szakszervezeti Tan\u00e1cs Ifj\u00fas\u00e1gi Titk\u00e1rs\u00e1ga 1945. febru\u00e1rban l\u00e9trehozott ifj\u00famunk\u00e1s t\u00f6megszervezete. A gazdas\u00e1gi \u00e9s szoci\u00e1lis c\u00e9lok\u00e9rt k\u00fczd\u0151 \u00e9rdekv\u00e9delmi szervezetben a k\u00e9t munk\u00e1sp\u00e1rt parit\u00e1sos alapon k\u00e9pviseltette mag\u00e1t. Az 1946 m\u00e1rcius\u00e1ban orsz\u00e1gos mozgalomm\u00e1 v\u00e1lt. K\u00e9t \u00e9vvel k\u00e9s\u0151bb 1948 m\u00e1rcius\u00e1ban a MINSZ kommunista vezet\u00e9s\u0171 munk\u00e1sifj\u00fas\u00e1gi szervezete lett. 1950 j\u00fanius\u00e1ban &hellip; <a href=\"https:\/\/rakosliget.hu\/wordpress\/index.php\/foci-1949\/\" class=\"more-link\"><span class=\"screen-reader-text\">FOCI 1949<\/span> r\u00e9szletei&#8230;<\/a><\/p>\n","protected":false},"author":1,"featured_media":0,"parent":0,"menu_order":0,"comment_status":"closed","ping_status":"closed","template":"","meta":{"footnotes":""},"class_list":["post-16271","page","type-page","status-publish","hentry"],"_links":{"self":[{"href":"https:\/\/rakosliget.hu\/wordpress\/index.php\/wp-json\/wp\/v2\/pages\/16271","targetHints":{"allow":["GET"]}}],"collection":[{"href":"https:\/\/rakosliget.hu\/wordpress\/index.php\/wp-json\/wp\/v2\/pages"}],"about":[{"href":"https:\/\/rakosliget.hu\/wordpress\/index.php\/wp-json\/wp\/v2\/types\/page"}],"author":[{"embeddable":true,"href":"https:\/\/rakosliget.hu\/wordpress\/index.php\/wp-json\/wp\/v2\/users\/1"}],"replies":[{"embeddable":true,"href":"https:\/\/rakosliget.hu\/wordpress\/index.php\/wp-json\/wp\/v2\/comments?post=16271"}],"version-history":[{"count":2,"href":"https:\/\/rakosliget.hu\/wordpress\/index.php\/wp-json\/wp\/v2\/pages\/16271\/revisions"}],"predecessor-version":[{"id":16309,"href":"https:\/\/rakosliget.hu\/wordpress\/index.php\/wp-json\/wp\/v2\/pages\/16271\/revisions\/16309"}],"wp:attachment":[{"href":"https:\/\/rakosliget.hu\/wordpress\/index.php\/wp-json\/wp\/v2\/media?parent=16271"}],"curies":[{"name":"wp","href":"https:\/\/api.w.org\/{rel}","templated":true}]}}