{"id":16048,"date":"2025-02-09T12:16:08","date_gmt":"2025-02-09T11:16:08","guid":{"rendered":"https:\/\/rakosliget.hu\/wordpress\/?page_id=16048"},"modified":"2026-02-25T07:22:29","modified_gmt":"2026-02-25T06:22:29","slug":"atletika-1943","status":"publish","type":"page","link":"https:\/\/rakosliget.hu\/wordpress\/index.php\/atletika-1943\/","title":{"rendered":"ATL\u00c9TIKA 1943"},"content":{"rendered":"\n<p><a href=\"https:\/\/rakosliget.hu\/wordpress\/index.php\/atlatika-rakosligeti-move\/\">Vissza az ATL\u00c9TIKA lapra<\/a><\/p>\n\n\n\n<figure class=\"wp-block-image size-full\"><img loading=\"lazy\" decoding=\"async\" width=\"800\" height=\"483\" src=\"https:\/\/rakosliget.hu\/wordpress\/wp-content\/uploads\/2026\/02\/13671_2_.jpeg\" alt=\"\" class=\"wp-image-23291\" srcset=\"https:\/\/rakosliget.hu\/wordpress\/wp-content\/uploads\/2026\/02\/13671_2_.jpeg 800w, https:\/\/rakosliget.hu\/wordpress\/wp-content\/uploads\/2026\/02\/13671_2_-300x181.jpeg 300w, https:\/\/rakosliget.hu\/wordpress\/wp-content\/uploads\/2026\/02\/13671_2_-768x464.jpeg 768w\" sizes=\"auto, (max-width: 800px) 100vw, 800px\" \/><figcaption class=\"wp-element-caption\">MOVE RTSE \u00faj\u00e9vi \u00fcdv\u00f6zl\u0151 lapja.<\/figcaption><\/figure>\n\n\n\n<figure class=\"wp-block-image size-full\"><img loading=\"lazy\" decoding=\"async\" width=\"800\" height=\"485\" src=\"https:\/\/rakosliget.hu\/wordpress\/wp-content\/uploads\/2026\/02\/13671_1.jpg\" alt=\"\" class=\"wp-image-23292\" srcset=\"https:\/\/rakosliget.hu\/wordpress\/wp-content\/uploads\/2026\/02\/13671_1.jpg 800w, https:\/\/rakosliget.hu\/wordpress\/wp-content\/uploads\/2026\/02\/13671_1-300x182.jpg 300w, https:\/\/rakosliget.hu\/wordpress\/wp-content\/uploads\/2026\/02\/13671_1-768x466.jpg 768w\" sizes=\"auto, (max-width: 800px) 100vw, 800px\" \/><figcaption class=\"wp-element-caption\">MOVE RTSE \u00faj\u00e9vi \u00fcdv\u00f6zl\u0151 lapja.H\u00e1toldal<\/figcaption><\/figure>\n\n\n<div class=\"wp-block-image\">\n<figure class=\"aligncenter size-full\"><img loading=\"lazy\" decoding=\"async\" width=\"868\" height=\"1684\" src=\"https:\/\/rakosliget.hu\/wordpress\/wp-content\/uploads\/2025\/04\/Kepes-Sport-1943-05-04-Paulinyi-Jeno.jpg\" alt=\"\" class=\"wp-image-17796\" srcset=\"https:\/\/rakosliget.hu\/wordpress\/wp-content\/uploads\/2025\/04\/Kepes-Sport-1943-05-04-Paulinyi-Jeno.jpg 868w, https:\/\/rakosliget.hu\/wordpress\/wp-content\/uploads\/2025\/04\/Kepes-Sport-1943-05-04-Paulinyi-Jeno-155x300.jpg 155w, https:\/\/rakosliget.hu\/wordpress\/wp-content\/uploads\/2025\/04\/Kepes-Sport-1943-05-04-Paulinyi-Jeno-768x1490.jpg 768w, https:\/\/rakosliget.hu\/wordpress\/wp-content\/uploads\/2025\/04\/Kepes-Sport-1943-05-04-Paulinyi-Jeno-792x1536.jpg 792w\" sizes=\"auto, (max-width: 868px) 100vw, 868px\" \/><figcaption class=\"wp-element-caption\">K\u00e9pes Sport 1943. m\u00e1jus 4.<\/figcaption><\/figure>\n<\/div>\n\n<div class=\"wp-block-image\">\n<figure class=\"aligncenter size-full\"><img loading=\"lazy\" decoding=\"async\" width=\"1024\" height=\"842\" src=\"https:\/\/rakosliget.hu\/wordpress\/wp-content\/uploads\/2025\/04\/kep1.jpg\" alt=\"\" class=\"wp-image-17798\" srcset=\"https:\/\/rakosliget.hu\/wordpress\/wp-content\/uploads\/2025\/04\/kep1.jpg 1024w, https:\/\/rakosliget.hu\/wordpress\/wp-content\/uploads\/2025\/04\/kep1-300x247.jpg 300w, https:\/\/rakosliget.hu\/wordpress\/wp-content\/uploads\/2025\/04\/kep1-768x632.jpg 768w\" sizes=\"auto, (max-width: 1024px) 100vw, 1024px\" \/><\/figure>\n<\/div>\n\n<div class=\"wp-block-image\">\n<figure class=\"aligncenter size-large\"><img loading=\"lazy\" decoding=\"async\" width=\"393\" height=\"1024\" src=\"https:\/\/rakosliget.hu\/wordpress\/wp-content\/uploads\/2025\/02\/1943_05_10_-8-oldal-atletika-393x1024.jpg\" alt=\"\" class=\"wp-image-16052\" srcset=\"https:\/\/rakosliget.hu\/wordpress\/wp-content\/uploads\/2025\/02\/1943_05_10_-8-oldal-atletika-393x1024.jpg 393w, https:\/\/rakosliget.hu\/wordpress\/wp-content\/uploads\/2025\/02\/1943_05_10_-8-oldal-atletika-115x300.jpg 115w, https:\/\/rakosliget.hu\/wordpress\/wp-content\/uploads\/2025\/02\/1943_05_10_-8-oldal-atletika-590x1536.jpg 590w, https:\/\/rakosliget.hu\/wordpress\/wp-content\/uploads\/2025\/02\/1943_05_10_-8-oldal-atletika.jpg 684w\" sizes=\"auto, (max-width: 393px) 100vw, 393px\" \/><figcaption class=\"wp-element-caption\">Nemzeti Sport 1943. 05. 10. 8. oldal <\/figcaption><\/figure>\n<\/div>\n\n<div class=\"wp-block-image\">\n<figure class=\"aligncenter size-full\"><img loading=\"lazy\" decoding=\"async\" width=\"677\" height=\"118\" src=\"https:\/\/rakosliget.hu\/wordpress\/wp-content\/uploads\/2025\/02\/1943_06_03_-4-oldal-atletika.jpg\" alt=\"\" class=\"wp-image-16054\" srcset=\"https:\/\/rakosliget.hu\/wordpress\/wp-content\/uploads\/2025\/02\/1943_06_03_-4-oldal-atletika.jpg 677w, https:\/\/rakosliget.hu\/wordpress\/wp-content\/uploads\/2025\/02\/1943_06_03_-4-oldal-atletika-300x52.jpg 300w\" sizes=\"auto, (max-width: 677px) 100vw, 677px\" \/><figcaption class=\"wp-element-caption\">Nemzeti Sport 1943. 06. 03. 4. oldal <\/figcaption><\/figure>\n<\/div>\n\n<div class=\"wp-block-image\">\n<figure class=\"aligncenter size-full\"><img loading=\"lazy\" decoding=\"async\" width=\"671\" height=\"201\" src=\"https:\/\/rakosliget.hu\/wordpress\/wp-content\/uploads\/2025\/02\/1943_06_06_-5-oldal-atletika.jpg\" alt=\"\" class=\"wp-image-16055\" srcset=\"https:\/\/rakosliget.hu\/wordpress\/wp-content\/uploads\/2025\/02\/1943_06_06_-5-oldal-atletika.jpg 671w, https:\/\/rakosliget.hu\/wordpress\/wp-content\/uploads\/2025\/02\/1943_06_06_-5-oldal-atletika-300x90.jpg 300w\" sizes=\"auto, (max-width: 671px) 100vw, 671px\" \/><figcaption class=\"wp-element-caption\">Nemzeti Sport 1943. 06. 06. 5. oldal <\/figcaption><\/figure>\n<\/div>\n\n<div class=\"wp-block-image\">\n<figure class=\"aligncenter size-large\"><img loading=\"lazy\" decoding=\"async\" width=\"452\" height=\"1024\" src=\"https:\/\/rakosliget.hu\/wordpress\/wp-content\/uploads\/2025\/02\/1943_06_08_-7-oldal-atletika-452x1024.jpg\" alt=\"\" class=\"wp-image-16056\" srcset=\"https:\/\/rakosliget.hu\/wordpress\/wp-content\/uploads\/2025\/02\/1943_06_08_-7-oldal-atletika-452x1024.jpg 452w, https:\/\/rakosliget.hu\/wordpress\/wp-content\/uploads\/2025\/02\/1943_06_08_-7-oldal-atletika-133x300.jpg 133w, https:\/\/rakosliget.hu\/wordpress\/wp-content\/uploads\/2025\/02\/1943_06_08_-7-oldal-atletika.jpg 743w\" sizes=\"auto, (max-width: 452px) 100vw, 452px\" \/><figcaption class=\"wp-element-caption\">Nemzeti Sport 1943. 06. 08. 7. oldal <\/figcaption><\/figure>\n<\/div>\n\n<div class=\"wp-block-image\">\n<figure class=\"aligncenter size-large\"><img loading=\"lazy\" decoding=\"async\" width=\"279\" height=\"1024\" src=\"https:\/\/rakosliget.hu\/wordpress\/wp-content\/uploads\/2025\/02\/1943_08_22_-4-oldal-atletika-279x1024.jpg\" alt=\"\" class=\"wp-image-16057\" srcset=\"https:\/\/rakosliget.hu\/wordpress\/wp-content\/uploads\/2025\/02\/1943_08_22_-4-oldal-atletika-279x1024.jpg 279w, https:\/\/rakosliget.hu\/wordpress\/wp-content\/uploads\/2025\/02\/1943_08_22_-4-oldal-atletika-82x300.jpg 82w, https:\/\/rakosliget.hu\/wordpress\/wp-content\/uploads\/2025\/02\/1943_08_22_-4-oldal-atletika-768x2822.jpg 768w, https:\/\/rakosliget.hu\/wordpress\/wp-content\/uploads\/2025\/02\/1943_08_22_-4-oldal-atletika-418x1536.jpg 418w, https:\/\/rakosliget.hu\/wordpress\/wp-content\/uploads\/2025\/02\/1943_08_22_-4-oldal-atletika-scaled.jpg 697w\" sizes=\"auto, (max-width: 279px) 100vw, 279px\" \/><figcaption class=\"wp-element-caption\">Nemzeti Sport 1943. 08. 22. 4. oldal <\/figcaption><\/figure>\n<\/div>\n\n<div class=\"wp-block-image\">\n<figure class=\"aligncenter size-large\"><img loading=\"lazy\" decoding=\"async\" width=\"953\" height=\"1024\" src=\"https:\/\/rakosliget.hu\/wordpress\/wp-content\/uploads\/2025\/02\/1943_08_24_-1-oldal-atletika-953x1024.jpg\" alt=\"\" class=\"wp-image-16058\" srcset=\"https:\/\/rakosliget.hu\/wordpress\/wp-content\/uploads\/2025\/02\/1943_08_24_-1-oldal-atletika-953x1024.jpg 953w, https:\/\/rakosliget.hu\/wordpress\/wp-content\/uploads\/2025\/02\/1943_08_24_-1-oldal-atletika-279x300.jpg 279w, https:\/\/rakosliget.hu\/wordpress\/wp-content\/uploads\/2025\/02\/1943_08_24_-1-oldal-atletika-768x825.jpg 768w, https:\/\/rakosliget.hu\/wordpress\/wp-content\/uploads\/2025\/02\/1943_08_24_-1-oldal-atletika-1430x1536.jpg 1430w, https:\/\/rakosliget.hu\/wordpress\/wp-content\/uploads\/2025\/02\/1943_08_24_-1-oldal-atletika-1907x2048.jpg 1907w, https:\/\/rakosliget.hu\/wordpress\/wp-content\/uploads\/2025\/02\/1943_08_24_-1-oldal-atletika.jpg 2022w\" sizes=\"auto, (max-width: 953px) 100vw, 953px\" \/><figcaption class=\"wp-element-caption\">Nemezti Sport 1943. 08. 24. 1. oldal <\/figcaption><\/figure>\n<\/div>\n\n<div class=\"wp-block-image\">\n<figure class=\"aligncenter size-large\"><img loading=\"lazy\" decoding=\"async\" width=\"459\" height=\"1024\" src=\"https:\/\/rakosliget.hu\/wordpress\/wp-content\/uploads\/2025\/02\/1943_08_31_-8-ldal-atletika-459x1024.jpg\" alt=\"\" class=\"wp-image-16059\" srcset=\"https:\/\/rakosliget.hu\/wordpress\/wp-content\/uploads\/2025\/02\/1943_08_31_-8-ldal-atletika-459x1024.jpg 459w, https:\/\/rakosliget.hu\/wordpress\/wp-content\/uploads\/2025\/02\/1943_08_31_-8-ldal-atletika-135x300.jpg 135w, https:\/\/rakosliget.hu\/wordpress\/wp-content\/uploads\/2025\/02\/1943_08_31_-8-ldal-atletika.jpg 664w\" sizes=\"auto, (max-width: 459px) 100vw, 459px\" \/><figcaption class=\"wp-element-caption\">Nemzeti Sport 1943.- 08. 31. 8. oldal <\/figcaption><\/figure>\n<\/div>\n\n<div class=\"wp-block-image\">\n<figure class=\"aligncenter size-large\"><img loading=\"lazy\" decoding=\"async\" width=\"253\" height=\"1024\" src=\"https:\/\/rakosliget.hu\/wordpress\/wp-content\/uploads\/2025\/02\/1943_09_10_-5-olsdal-atletika-253x1024.jpg\" alt=\"\" class=\"wp-image-16060\" srcset=\"https:\/\/rakosliget.hu\/wordpress\/wp-content\/uploads\/2025\/02\/1943_09_10_-5-olsdal-atletika-253x1024.jpg 253w, https:\/\/rakosliget.hu\/wordpress\/wp-content\/uploads\/2025\/02\/1943_09_10_-5-olsdal-atletika-74x300.jpg 74w, https:\/\/rakosliget.hu\/wordpress\/wp-content\/uploads\/2025\/02\/1943_09_10_-5-olsdal-atletika-379x1536.jpg 379w\" sizes=\"auto, (max-width: 253px) 100vw, 253px\" \/><figcaption class=\"wp-element-caption\">Nemzeti Sport 1943. 09. 10. 5. olsdal <\/figcaption><\/figure>\n<\/div>\n\n<div class=\"wp-block-image\">\n<figure class=\"aligncenter size-large\"><img loading=\"lazy\" decoding=\"async\" width=\"940\" height=\"1024\" src=\"https:\/\/rakosliget.hu\/wordpress\/wp-content\/uploads\/2025\/02\/1943_09_20_-5-oldal-atletika-940x1024.jpg\" alt=\"\" class=\"wp-image-16061\" srcset=\"https:\/\/rakosliget.hu\/wordpress\/wp-content\/uploads\/2025\/02\/1943_09_20_-5-oldal-atletika-940x1024.jpg 940w, https:\/\/rakosliget.hu\/wordpress\/wp-content\/uploads\/2025\/02\/1943_09_20_-5-oldal-atletika-275x300.jpg 275w, https:\/\/rakosliget.hu\/wordpress\/wp-content\/uploads\/2025\/02\/1943_09_20_-5-oldal-atletika-768x837.jpg 768w, https:\/\/rakosliget.hu\/wordpress\/wp-content\/uploads\/2025\/02\/1943_09_20_-5-oldal-atletika.jpg 1355w\" sizes=\"auto, (max-width: 940px) 100vw, 940px\" \/><figcaption class=\"wp-element-caption\">Nemzeti Sport 1943. 09. 20. 5. oldal <\/figcaption><\/figure>\n<\/div>\n\n<div class=\"wp-block-image\">\n<figure class=\"aligncenter size-large\"><img loading=\"lazy\" decoding=\"async\" width=\"327\" height=\"1024\" src=\"https:\/\/rakosliget.hu\/wordpress\/wp-content\/uploads\/2025\/02\/1943_09_20_-6-oldal-atletika-327x1024.jpg\" alt=\"\" class=\"wp-image-16062\" srcset=\"https:\/\/rakosliget.hu\/wordpress\/wp-content\/uploads\/2025\/02\/1943_09_20_-6-oldal-atletika-327x1024.jpg 327w, https:\/\/rakosliget.hu\/wordpress\/wp-content\/uploads\/2025\/02\/1943_09_20_-6-oldal-atletika-96x300.jpg 96w, https:\/\/rakosliget.hu\/wordpress\/wp-content\/uploads\/2025\/02\/1943_09_20_-6-oldal-atletika-491x1536.jpg 491w, https:\/\/rakosliget.hu\/wordpress\/wp-content\/uploads\/2025\/02\/1943_09_20_-6-oldal-atletika-654x2048.jpg 654w, https:\/\/rakosliget.hu\/wordpress\/wp-content\/uploads\/2025\/02\/1943_09_20_-6-oldal-atletika.jpg 708w\" sizes=\"auto, (max-width: 327px) 100vw, 327px\" \/><figcaption class=\"wp-element-caption\">Nemzeti Sport 1943. 09. 20. 6. oldal <\/figcaption><\/figure>\n<\/div>\n\n<div class=\"wp-block-image\">\n<figure class=\"aligncenter size-large is-resized\"><img loading=\"lazy\" decoding=\"async\" width=\"261\" height=\"1024\" src=\"https:\/\/rakosliget.hu\/wordpress\/wp-content\/uploads\/2025\/02\/1943_10_11_-6-oldal-atletika-261x1024.jpg\" alt=\"\" class=\"wp-image-16127\" style=\"width:259px;height:auto\" srcset=\"https:\/\/rakosliget.hu\/wordpress\/wp-content\/uploads\/2025\/02\/1943_10_11_-6-oldal-atletika-261x1024.jpg 261w, https:\/\/rakosliget.hu\/wordpress\/wp-content\/uploads\/2025\/02\/1943_10_11_-6-oldal-atletika-392x1536.jpg 392w, https:\/\/rakosliget.hu\/wordpress\/wp-content\/uploads\/2025\/02\/1943_10_11_-6-oldal-atletika-522x2048.jpg 522w, https:\/\/rakosliget.hu\/wordpress\/wp-content\/uploads\/2025\/02\/1943_10_11_-6-oldal-atletika-scaled.jpg 653w\" sizes=\"auto, (max-width: 261px) 100vw, 261px\" \/><figcaption class=\"wp-element-caption\">Nemzeti Sport 1943. 10. 11. 6. oldal <\/figcaption><\/figure>\n<\/div>\n\n<div class=\"wp-block-image\">\n<figure class=\"aligncenter size-full\"><img loading=\"lazy\" decoding=\"async\" width=\"675\" height=\"262\" src=\"https:\/\/rakosliget.hu\/wordpress\/wp-content\/uploads\/2025\/02\/1943_10_14_-1-oldal-atletika.jpg\" alt=\"\" class=\"wp-image-16125\" srcset=\"https:\/\/rakosliget.hu\/wordpress\/wp-content\/uploads\/2025\/02\/1943_10_14_-1-oldal-atletika.jpg 675w, https:\/\/rakosliget.hu\/wordpress\/wp-content\/uploads\/2025\/02\/1943_10_14_-1-oldal-atletika-300x116.jpg 300w\" sizes=\"auto, (max-width: 675px) 100vw, 675px\" \/><figcaption class=\"wp-element-caption\">Nemzeti Sport 1943. 10. 14. 1. oldal <\/figcaption><\/figure>\n<\/div>\n\n<div class=\"wp-block-image\">\n<figure class=\"aligncenter size-full\"><img loading=\"lazy\" decoding=\"async\" width=\"664\" height=\"552\" src=\"https:\/\/rakosliget.hu\/wordpress\/wp-content\/uploads\/2025\/02\/1943_10_15_-5-oldal-atletika.jpg\" alt=\"\" class=\"wp-image-16128\" srcset=\"https:\/\/rakosliget.hu\/wordpress\/wp-content\/uploads\/2025\/02\/1943_10_15_-5-oldal-atletika.jpg 664w, https:\/\/rakosliget.hu\/wordpress\/wp-content\/uploads\/2025\/02\/1943_10_15_-5-oldal-atletika-300x249.jpg 300w\" sizes=\"auto, (max-width: 664px) 100vw, 664px\" \/><figcaption class=\"wp-element-caption\">Nemzeti Sport 1943. 10. 15. 5. oldal <\/figcaption><\/figure>\n<\/div>\n\n<div class=\"wp-block-image\">\n<figure class=\"aligncenter size-full\"><img loading=\"lazy\" decoding=\"async\" width=\"662\" height=\"302\" src=\"https:\/\/rakosliget.hu\/wordpress\/wp-content\/uploads\/2025\/02\/1943_10_19_-7-oldal-atletika.jpg\" alt=\"\" class=\"wp-image-16129\" srcset=\"https:\/\/rakosliget.hu\/wordpress\/wp-content\/uploads\/2025\/02\/1943_10_19_-7-oldal-atletika.jpg 662w, https:\/\/rakosliget.hu\/wordpress\/wp-content\/uploads\/2025\/02\/1943_10_19_-7-oldal-atletika-300x137.jpg 300w\" sizes=\"auto, (max-width: 662px) 100vw, 662px\" \/><figcaption class=\"wp-element-caption\">Nemzeti Sport 1943. 10. 19. 7. oldal <\/figcaption><\/figure>\n<\/div>\n\n<div class=\"wp-block-image\">\n<figure class=\"aligncenter size-large\"><img loading=\"lazy\" decoding=\"async\" width=\"751\" height=\"1024\" src=\"https:\/\/rakosliget.hu\/wordpress\/wp-content\/uploads\/2025\/02\/1943_12_28_-5-oldal-atletika-751x1024.jpg\" alt=\"\" class=\"wp-image-16130\" srcset=\"https:\/\/rakosliget.hu\/wordpress\/wp-content\/uploads\/2025\/02\/1943_12_28_-5-oldal-atletika-751x1024.jpg 751w, https:\/\/rakosliget.hu\/wordpress\/wp-content\/uploads\/2025\/02\/1943_12_28_-5-oldal-atletika-220x300.jpg 220w, https:\/\/rakosliget.hu\/wordpress\/wp-content\/uploads\/2025\/02\/1943_12_28_-5-oldal-atletika-768x1047.jpg 768w, https:\/\/rakosliget.hu\/wordpress\/wp-content\/uploads\/2025\/02\/1943_12_28_-5-oldal-atletika-1127x1536.jpg 1127w, https:\/\/rakosliget.hu\/wordpress\/wp-content\/uploads\/2025\/02\/1943_12_28_-5-oldal-atletika-1503x2048.jpg 1503w, https:\/\/rakosliget.hu\/wordpress\/wp-content\/uploads\/2025\/02\/1943_12_28_-5-oldal-atletika-scaled.jpg 1879w\" sizes=\"auto, (max-width: 751px) 100vw, 751px\" \/><figcaption class=\"wp-element-caption\">Nemzeti Sport 1943. 12. 28. 5. oldal <\/figcaption><\/figure>\n<\/div>\n\n\n<p><a href=\"https:\/\/rakosliget.hu\/wordpress\/index.php\/atlatika-rakosligeti-move\/\">Vissza az ATL\u00c9TIKA lapra<\/a><\/p>\n","protected":false},"excerpt":{"rendered":"<p>Vissza az ATL\u00c9TIKA lapra Vissza az ATL\u00c9TIKA lapra<\/p>\n","protected":false},"author":1,"featured_media":0,"parent":0,"menu_order":0,"comment_status":"closed","ping_status":"closed","template":"","meta":{"footnotes":""},"class_list":["post-16048","page","type-page","status-publish","hentry"],"_links":{"self":[{"href":"https:\/\/rakosliget.hu\/wordpress\/index.php\/wp-json\/wp\/v2\/pages\/16048","targetHints":{"allow":["GET"]}}],"collection":[{"href":"https:\/\/rakosliget.hu\/wordpress\/index.php\/wp-json\/wp\/v2\/pages"}],"about":[{"href":"https:\/\/rakosliget.hu\/wordpress\/index.php\/wp-json\/wp\/v2\/types\/page"}],"author":[{"embeddable":true,"href":"https:\/\/rakosliget.hu\/wordpress\/index.php\/wp-json\/wp\/v2\/users\/1"}],"replies":[{"embeddable":true,"href":"https:\/\/rakosliget.hu\/wordpress\/index.php\/wp-json\/wp\/v2\/comments?post=16048"}],"version-history":[{"count":6,"href":"https:\/\/rakosliget.hu\/wordpress\/index.php\/wp-json\/wp\/v2\/pages\/16048\/revisions"}],"predecessor-version":[{"id":23293,"href":"https:\/\/rakosliget.hu\/wordpress\/index.php\/wp-json\/wp\/v2\/pages\/16048\/revisions\/23293"}],"wp:attachment":[{"href":"https:\/\/rakosliget.hu\/wordpress\/index.php\/wp-json\/wp\/v2\/media?parent=16048"}],"curies":[{"name":"wp","href":"https:\/\/api.w.org\/{rel}","templated":true}]}}