{"id":15818,"date":"2025-02-02T07:59:28","date_gmt":"2025-02-02T06:59:28","guid":{"rendered":"https:\/\/rakosliget.hu\/wordpress\/?page_id=15818"},"modified":"2025-11-09T04:47:27","modified_gmt":"2025-11-09T03:47:27","slug":"atletika-1940","status":"publish","type":"page","link":"https:\/\/rakosliget.hu\/wordpress\/index.php\/atletika-1940\/","title":{"rendered":"ATL\u00c9TIKA 1940"},"content":{"rendered":"\n<p><a href=\"https:\/\/rakosliget.hu\/wordpress\/index.php\/atlatika-rakosligeti-move\/\">Vissza az ATL\u00c9TIKA lapra<\/a><\/p>\n\n\n<div class=\"wp-block-image\">\n<figure class=\"aligncenter size-large\"><img loading=\"lazy\" decoding=\"async\" width=\"671\" height=\"1024\" src=\"https:\/\/rakosliget.hu\/wordpress\/wp-content\/uploads\/2025\/02\/1940_05_06_-6-oldal-atletika-671x1024.jpg\" alt=\"\" class=\"wp-image-15822\" srcset=\"https:\/\/rakosliget.hu\/wordpress\/wp-content\/uploads\/2025\/02\/1940_05_06_-6-oldal-atletika-671x1024.jpg 671w, https:\/\/rakosliget.hu\/wordpress\/wp-content\/uploads\/2025\/02\/1940_05_06_-6-oldal-atletika-196x300.jpg 196w, https:\/\/rakosliget.hu\/wordpress\/wp-content\/uploads\/2025\/02\/1940_05_06_-6-oldal-atletika.jpg 687w\" sizes=\"auto, (max-width: 671px) 100vw, 671px\" \/><figcaption class=\"wp-element-caption\">Nemzeti Sport 1940. 05. 06. 6. oldal <\/figcaption><\/figure>\n<\/div>\n\n<div class=\"wp-block-image\">\n<figure class=\"aligncenter size-full\"><img loading=\"lazy\" decoding=\"async\" width=\"527\" height=\"359\" src=\"https:\/\/rakosliget.hu\/wordpress\/wp-content\/uploads\/2025\/11\/mezei-futoverseny.jpg\" alt=\"\" class=\"wp-image-18867\" srcset=\"https:\/\/rakosliget.hu\/wordpress\/wp-content\/uploads\/2025\/11\/mezei-futoverseny.jpg 527w, https:\/\/rakosliget.hu\/wordpress\/wp-content\/uploads\/2025\/11\/mezei-futoverseny-300x204.jpg 300w\" sizes=\"auto, (max-width: 527px) 100vw, 527px\" \/><figcaption class=\"wp-element-caption\">F\u00fcggetlens\u00e9g 1940. m\u00e1jus 7.<\/figcaption><\/figure>\n<\/div>\n\n<div class=\"wp-block-image\">\n<figure class=\"aligncenter size-large\"><img loading=\"lazy\" decoding=\"async\" width=\"642\" height=\"1024\" src=\"https:\/\/rakosliget.hu\/wordpress\/wp-content\/uploads\/2025\/02\/1940_08_11_-5-oldal-atletika-642x1024.jpg\" alt=\"\" class=\"wp-image-15823\" srcset=\"https:\/\/rakosliget.hu\/wordpress\/wp-content\/uploads\/2025\/02\/1940_08_11_-5-oldal-atletika-642x1024.jpg 642w, https:\/\/rakosliget.hu\/wordpress\/wp-content\/uploads\/2025\/02\/1940_08_11_-5-oldal-atletika-188x300.jpg 188w, https:\/\/rakosliget.hu\/wordpress\/wp-content\/uploads\/2025\/02\/1940_08_11_-5-oldal-atletika-768x1226.jpg 768w, https:\/\/rakosliget.hu\/wordpress\/wp-content\/uploads\/2025\/02\/1940_08_11_-5-oldal-atletika-963x1536.jpg 963w, https:\/\/rakosliget.hu\/wordpress\/wp-content\/uploads\/2025\/02\/1940_08_11_-5-oldal-atletika-1283x2048.jpg 1283w, https:\/\/rakosliget.hu\/wordpress\/wp-content\/uploads\/2025\/02\/1940_08_11_-5-oldal-atletika.jpg 1341w\" sizes=\"auto, (max-width: 642px) 100vw, 642px\" \/><figcaption class=\"wp-element-caption\">Nemzeti Sport 1940. 08. 11. 5. oldal <\/figcaption><\/figure>\n<\/div>\n\n<div class=\"wp-block-image\">\n<figure class=\"aligncenter size-large\"><img loading=\"lazy\" decoding=\"async\" width=\"897\" height=\"1024\" src=\"https:\/\/rakosliget.hu\/wordpress\/wp-content\/uploads\/2025\/02\/1940_08_12_-5-oldal-atletika-897x1024.jpg\" alt=\"\" class=\"wp-image-15824\" srcset=\"https:\/\/rakosliget.hu\/wordpress\/wp-content\/uploads\/2025\/02\/1940_08_12_-5-oldal-atletika-897x1024.jpg 897w, https:\/\/rakosliget.hu\/wordpress\/wp-content\/uploads\/2025\/02\/1940_08_12_-5-oldal-atletika-263x300.jpg 263w, https:\/\/rakosliget.hu\/wordpress\/wp-content\/uploads\/2025\/02\/1940_08_12_-5-oldal-atletika-768x877.jpg 768w, https:\/\/rakosliget.hu\/wordpress\/wp-content\/uploads\/2025\/02\/1940_08_12_-5-oldal-atletika-1345x1536.jpg 1345w, https:\/\/rakosliget.hu\/wordpress\/wp-content\/uploads\/2025\/02\/1940_08_12_-5-oldal-atletika.jpg 1397w\" sizes=\"auto, (max-width: 897px) 100vw, 897px\" \/><figcaption class=\"wp-element-caption\">Nemzeti Sport 1940. 08. 12. 5. oldal <\/figcaption><\/figure>\n<\/div>\n\n<div class=\"wp-block-image\">\n<figure class=\"aligncenter size-large\"><img loading=\"lazy\" decoding=\"async\" width=\"613\" height=\"1024\" src=\"https:\/\/rakosliget.hu\/wordpress\/wp-content\/uploads\/2025\/02\/1940_10_28_-6-oldal-atletika-613x1024.jpg\" alt=\"\" class=\"wp-image-15825\" srcset=\"https:\/\/rakosliget.hu\/wordpress\/wp-content\/uploads\/2025\/02\/1940_10_28_-6-oldal-atletika-613x1024.jpg 613w, https:\/\/rakosliget.hu\/wordpress\/wp-content\/uploads\/2025\/02\/1940_10_28_-6-oldal-atletika-179x300.jpg 179w, https:\/\/rakosliget.hu\/wordpress\/wp-content\/uploads\/2025\/02\/1940_10_28_-6-oldal-atletika.jpg 688w\" sizes=\"auto, (max-width: 613px) 100vw, 613px\" \/><figcaption class=\"wp-element-caption\">Nemzeti Sport 1940. 10. 28. 6. oldal <\/figcaption><\/figure>\n<\/div>\n\n\n<p><a href=\"https:\/\/rakosliget.hu\/wordpress\/index.php\/atlatika-rakosligeti-move\/\">Vissza az ATL\u00c9TIKA lapra<\/a><\/p>\n","protected":false},"excerpt":{"rendered":"<p>Vissza az ATL\u00c9TIKA lapra Vissza az ATL\u00c9TIKA lapra<\/p>\n","protected":false},"author":1,"featured_media":0,"parent":0,"menu_order":0,"comment_status":"closed","ping_status":"closed","template":"","meta":{"footnotes":""},"class_list":["post-15818","page","type-page","status-publish","hentry"],"_links":{"self":[{"href":"https:\/\/rakosliget.hu\/wordpress\/index.php\/wp-json\/wp\/v2\/pages\/15818","targetHints":{"allow":["GET"]}}],"collection":[{"href":"https:\/\/rakosliget.hu\/wordpress\/index.php\/wp-json\/wp\/v2\/pages"}],"about":[{"href":"https:\/\/rakosliget.hu\/wordpress\/index.php\/wp-json\/wp\/v2\/types\/page"}],"author":[{"embeddable":true,"href":"https:\/\/rakosliget.hu\/wordpress\/index.php\/wp-json\/wp\/v2\/users\/1"}],"replies":[{"embeddable":true,"href":"https:\/\/rakosliget.hu\/wordpress\/index.php\/wp-json\/wp\/v2\/comments?post=15818"}],"version-history":[{"count":5,"href":"https:\/\/rakosliget.hu\/wordpress\/index.php\/wp-json\/wp\/v2\/pages\/15818\/revisions"}],"predecessor-version":[{"id":18869,"href":"https:\/\/rakosliget.hu\/wordpress\/index.php\/wp-json\/wp\/v2\/pages\/15818\/revisions\/18869"}],"wp:attachment":[{"href":"https:\/\/rakosliget.hu\/wordpress\/index.php\/wp-json\/wp\/v2\/media?parent=15818"}],"curies":[{"name":"wp","href":"https:\/\/api.w.org\/{rel}","templated":true}]}}