{"id":15801,"date":"2025-01-29T20:28:38","date_gmt":"2025-01-29T19:28:38","guid":{"rendered":"https:\/\/rakosliget.hu\/wordpress\/?page_id=15801"},"modified":"2025-08-24T08:17:50","modified_gmt":"2025-08-24T07:17:50","slug":"atletika-1939","status":"publish","type":"page","link":"https:\/\/rakosliget.hu\/wordpress\/index.php\/atletika-1939\/","title":{"rendered":"ATL\u00c9TIKA 1939"},"content":{"rendered":"\n<p><a href=\"https:\/\/rakosliget.hu\/wordpress\/index.php\/atlatika-rakosligeti-move\/\">Vissza az ATL\u00c9TIKA lapra<\/a><\/p>\n\n\n\n<p>Magyar Atl\u00e9tikai Sz\u00f6vets\u00e9g bizotts\u00e1gai 1939~ben:<br>Int\u00e9z\u0151bizotts\u00e1g: Hivatalb\u00f3l: <strong>Paulinyi Jen\u0151 <\/strong>R\u00e1kosliget, X. utca 8.<br>Iskolabizotts\u00e1g: El\u0151ad\u00f3: <strong>Paulinyi Jen\u0151<\/strong> R\u00e1kosliget, X. utca 8.<\/p>\n\n\n\n<p>K\u00f6zponti vid\u00e9ki bizotts\u00e1g: El\u0151ad\u00f3 \u00e9s hivatalb\u00f3l: <strong>Paulinyi Jen\u0151<\/strong> R\u00e1kosliget, X. utca 8.<\/p>\n\n\n\n<p>A Magyar Atl\u00e9tikai Sz\u00f6vets\u00e9g tagjai 1939: Pesfvid\u00e9ki ker\u00fclet: MRTSE MOVE R\u00e1kosligeti T\u00e1rsadalmi Sport Egylet (1935) 50 R\u00e1kosliget<br><em>Forr\u00e1s: Magyar Atl\u00e9tiaki Sz\u00f6vets\u00e9g \u00c9vk\u00f6nyve 1939<\/em><\/p>\n\n\n<div class=\"wp-block-image\">\n<figure class=\"aligncenter size-large\"><a href=\"http:\/\/rakosliget.hu\/wordpress\/wp-content\/uploads\/2020\/11\/1939-aprilis-4-atletika.jpg\"><img loading=\"lazy\" decoding=\"async\" width=\"482\" height=\"516\" src=\"http:\/\/rakosliget.hu\/wordpress\/wp-content\/uploads\/2020\/11\/1939-aprilis-4-atletika.jpg\" alt=\"\" class=\"wp-image-6610\" srcset=\"https:\/\/rakosliget.hu\/wordpress\/wp-content\/uploads\/2020\/11\/1939-aprilis-4-atletika.jpg 482w, https:\/\/rakosliget.hu\/wordpress\/wp-content\/uploads\/2020\/11\/1939-aprilis-4-atletika-280x300.jpg 280w\" sizes=\"auto, (max-width: 482px) 100vw, 482px\" \/><\/a><figcaption class=\"wp-element-caption\">1939. \u00e1prilis 4. Az Ujs\u00e1g<\/figcaption><\/figure>\n<\/div>\n\n<div class=\"wp-block-image\">\n<figure class=\"aligncenter size-large\"><a href=\"http:\/\/rakosliget.hu\/wordpress\/wp-content\/uploads\/2020\/11\/1939-aprilis-18-atletika.jpg\"><img loading=\"lazy\" decoding=\"async\" width=\"468\" height=\"805\" src=\"http:\/\/rakosliget.hu\/wordpress\/wp-content\/uploads\/2020\/11\/1939-aprilis-18-atletika.jpg\" alt=\"\" class=\"wp-image-6614\" srcset=\"https:\/\/rakosliget.hu\/wordpress\/wp-content\/uploads\/2020\/11\/1939-aprilis-18-atletika.jpg 468w, https:\/\/rakosliget.hu\/wordpress\/wp-content\/uploads\/2020\/11\/1939-aprilis-18-atletika-174x300.jpg 174w\" sizes=\"auto, (max-width: 468px) 100vw, 468px\" \/><\/a><figcaption class=\"wp-element-caption\">1939. \u00e1prilis 18. Az Ujs\u00e1g<\/figcaption><\/figure>\n<\/div>\n\n<div class=\"wp-block-image\">\n<figure class=\"aligncenter size-large\"><img loading=\"lazy\" decoding=\"async\" width=\"498\" height=\"1024\" src=\"https:\/\/rakosliget.hu\/wordpress\/wp-content\/uploads\/2025\/01\/1939_05_30_-8-oldal-atletika-498x1024.jpg\" alt=\"\" class=\"wp-image-15807\" srcset=\"https:\/\/rakosliget.hu\/wordpress\/wp-content\/uploads\/2025\/01\/1939_05_30_-8-oldal-atletika-498x1024.jpg 498w, https:\/\/rakosliget.hu\/wordpress\/wp-content\/uploads\/2025\/01\/1939_05_30_-8-oldal-atletika-146x300.jpg 146w, https:\/\/rakosliget.hu\/wordpress\/wp-content\/uploads\/2025\/01\/1939_05_30_-8-oldal-atletika.jpg 726w\" sizes=\"auto, (max-width: 498px) 100vw, 498px\" \/><figcaption class=\"wp-element-caption\">NEmzeti Sport 1939. 05. 30. 8. oldal <\/figcaption><\/figure>\n<\/div>\n\n<div class=\"wp-block-image\">\n<figure class=\"aligncenter size-large\"><img loading=\"lazy\" decoding=\"async\" width=\"475\" height=\"1024\" src=\"https:\/\/rakosliget.hu\/wordpress\/wp-content\/uploads\/2025\/01\/1939_06_30_-7-oldal-atletika-475x1024.jpg\" alt=\"\" class=\"wp-image-15808\" srcset=\"https:\/\/rakosliget.hu\/wordpress\/wp-content\/uploads\/2025\/01\/1939_06_30_-7-oldal-atletika-475x1024.jpg 475w, https:\/\/rakosliget.hu\/wordpress\/wp-content\/uploads\/2025\/01\/1939_06_30_-7-oldal-atletika-139x300.jpg 139w, https:\/\/rakosliget.hu\/wordpress\/wp-content\/uploads\/2025\/01\/1939_06_30_-7-oldal-atletika-713x1536.jpg 713w, https:\/\/rakosliget.hu\/wordpress\/wp-content\/uploads\/2025\/01\/1939_06_30_-7-oldal-atletika.jpg 722w\" sizes=\"auto, (max-width: 475px) 100vw, 475px\" \/><figcaption class=\"wp-element-caption\">Nemzeti Sport 1939. 06. 30. 7. oldal <\/figcaption><\/figure>\n<\/div>\n\n<div class=\"wp-block-image\">\n<figure class=\"aligncenter size-large\"><img loading=\"lazy\" decoding=\"async\" width=\"389\" height=\"1024\" src=\"https:\/\/rakosliget.hu\/wordpress\/wp-content\/uploads\/2025\/01\/1939_07_16_-6-oldal-atletika-389x1024.jpg\" alt=\"\" class=\"wp-image-15809\" srcset=\"https:\/\/rakosliget.hu\/wordpress\/wp-content\/uploads\/2025\/01\/1939_07_16_-6-oldal-atletika-389x1024.jpg 389w, https:\/\/rakosliget.hu\/wordpress\/wp-content\/uploads\/2025\/01\/1939_07_16_-6-oldal-atletika-114x300.jpg 114w, https:\/\/rakosliget.hu\/wordpress\/wp-content\/uploads\/2025\/01\/1939_07_16_-6-oldal-atletika-584x1536.jpg 584w, https:\/\/rakosliget.hu\/wordpress\/wp-content\/uploads\/2025\/01\/1939_07_16_-6-oldal-atletika.jpg 702w\" sizes=\"auto, (max-width: 389px) 100vw, 389px\" \/><figcaption class=\"wp-element-caption\">Nemzeti Sport 1939. 07. 16. 6. oldal <\/figcaption><\/figure>\n<\/div>\n\n<div class=\"wp-block-image\">\n<figure class=\"aligncenter size-full\"><img loading=\"lazy\" decoding=\"async\" width=\"680\" height=\"660\" src=\"https:\/\/rakosliget.hu\/wordpress\/wp-content\/uploads\/2025\/01\/1939_07_17_-8-oldal-atletika.jpg\" alt=\"\" class=\"wp-image-15810\" srcset=\"https:\/\/rakosliget.hu\/wordpress\/wp-content\/uploads\/2025\/01\/1939_07_17_-8-oldal-atletika.jpg 680w, https:\/\/rakosliget.hu\/wordpress\/wp-content\/uploads\/2025\/01\/1939_07_17_-8-oldal-atletika-300x291.jpg 300w\" sizes=\"auto, (max-width: 680px) 100vw, 680px\" \/><figcaption class=\"wp-element-caption\">Nemzeti Sport 1939. 07. 17. 8. oldal <\/figcaption><\/figure>\n<\/div>\n\n<div class=\"wp-block-image\">\n<figure class=\"aligncenter size-large\"><a href=\"http:\/\/rakosliget.hu\/wordpress\/wp-content\/uploads\/2020\/11\/1939-julius-18-atletika.jpg\"><img loading=\"lazy\" decoding=\"async\" width=\"516\" height=\"55\" src=\"http:\/\/rakosliget.hu\/wordpress\/wp-content\/uploads\/2020\/11\/1939-julius-18-atletika.jpg\" alt=\"\" class=\"wp-image-6626\" srcset=\"https:\/\/rakosliget.hu\/wordpress\/wp-content\/uploads\/2020\/11\/1939-julius-18-atletika.jpg 516w, https:\/\/rakosliget.hu\/wordpress\/wp-content\/uploads\/2020\/11\/1939-julius-18-atletika-300x32.jpg 300w\" sizes=\"auto, (max-width: 516px) 100vw, 516px\" \/><\/a><figcaption class=\"wp-element-caption\">1939. j\u00falius 18. Az Ujs\u00e1g<\/figcaption><\/figure>\n<\/div>\n\n\n<h2 class=\"wp-block-heading\">1939 ORSZ\u00c1GOS MOVE ATL\u00c9TIKAI BAJNOKS\u00c1G P\u00c1PA <\/h2>\n\n\n<div class=\"wp-block-image\">\n<figure class=\"aligncenter size-large\"><img loading=\"lazy\" decoding=\"async\" width=\"589\" height=\"1024\" src=\"http:\/\/rakosliget.hu\/wordpress\/wp-content\/uploads\/2020\/01\/1939-julius-22-papai-hirek-589x1024.jpg\" alt=\"\" class=\"wp-image-4022\" srcset=\"https:\/\/rakosliget.hu\/wordpress\/wp-content\/uploads\/2020\/01\/1939-julius-22-papai-hirek-589x1024.jpg 589w, https:\/\/rakosliget.hu\/wordpress\/wp-content\/uploads\/2020\/01\/1939-julius-22-papai-hirek-172x300.jpg 172w, https:\/\/rakosliget.hu\/wordpress\/wp-content\/uploads\/2020\/01\/1939-julius-22-papai-hirek-768x1336.jpg 768w, https:\/\/rakosliget.hu\/wordpress\/wp-content\/uploads\/2020\/01\/1939-julius-22-papai-hirek-883x1536.jpg 883w, https:\/\/rakosliget.hu\/wordpress\/wp-content\/uploads\/2020\/01\/1939-julius-22-papai-hirek-1177x2048.jpg 1177w, https:\/\/rakosliget.hu\/wordpress\/wp-content\/uploads\/2020\/01\/1939-julius-22-papai-hirek.jpg 1369w\" sizes=\"auto, (max-width: 589px) 100vw, 589px\" \/><figcaption class=\"wp-element-caption\">1939. j\u00falius 22. P\u00c1PAI H\u00cdRLAP 3. oldal<\/figcaption><\/figure>\n<\/div>\n\n\n<figure class=\"wp-block-image size-large\"><img loading=\"lazy\" decoding=\"async\" width=\"676\" height=\"1024\" src=\"http:\/\/rakosliget.hu\/wordpress\/wp-content\/uploads\/2020\/01\/1939-j\u00falius-23-ATL\u00c9TIKA--676x1024.jpg\" alt=\"\" class=\"wp-image-4020\" srcset=\"https:\/\/rakosliget.hu\/wordpress\/wp-content\/uploads\/2020\/01\/1939-j\u00falius-23-ATL\u00c9TIKA--676x1024.jpg 676w, https:\/\/rakosliget.hu\/wordpress\/wp-content\/uploads\/2020\/01\/1939-j\u00falius-23-ATL\u00c9TIKA--198x300.jpg 198w, https:\/\/rakosliget.hu\/wordpress\/wp-content\/uploads\/2020\/01\/1939-j\u00falius-23-ATL\u00c9TIKA--768x1163.jpg 768w, https:\/\/rakosliget.hu\/wordpress\/wp-content\/uploads\/2020\/01\/1939-j\u00falius-23-ATL\u00c9TIKA--1014x1536.jpg 1014w, https:\/\/rakosliget.hu\/wordpress\/wp-content\/uploads\/2020\/01\/1939-j\u00falius-23-ATL\u00c9TIKA--1352x2048.jpg 1352w, https:\/\/rakosliget.hu\/wordpress\/wp-content\/uploads\/2020\/01\/1939-j\u00falius-23-ATL\u00c9TIKA--scaled.jpg 1690w\" sizes=\"auto, (max-width: 676px) 100vw, 676px\" \/><figcaption class=\"wp-element-caption\">1939. j\u00falius 23. P\u00e1pa \u00e9s Vid\u00e9ke<\/figcaption><\/figure>\n\n\n<div class=\"wp-block-image\">\n<figure class=\"aligncenter size-large\"><img loading=\"lazy\" decoding=\"async\" width=\"561\" height=\"1024\" src=\"https:\/\/rakosliget.hu\/wordpress\/wp-content\/uploads\/2025\/01\/1939_09_18_6-oldal-atletika-561x1024.jpg\" alt=\"\" class=\"wp-image-15811\" srcset=\"https:\/\/rakosliget.hu\/wordpress\/wp-content\/uploads\/2025\/01\/1939_09_18_6-oldal-atletika-561x1024.jpg 561w, https:\/\/rakosliget.hu\/wordpress\/wp-content\/uploads\/2025\/01\/1939_09_18_6-oldal-atletika-164x300.jpg 164w, https:\/\/rakosliget.hu\/wordpress\/wp-content\/uploads\/2025\/01\/1939_09_18_6-oldal-atletika.jpg 673w\" sizes=\"auto, (max-width: 561px) 100vw, 561px\" \/><figcaption class=\"wp-element-caption\">Nemzeti Sport 1939. 09. 18. 6. oldal <\/figcaption><\/figure>\n<\/div>\n\n<div class=\"wp-block-image\">\n<figure class=\"aligncenter size-large\"><a href=\"http:\/\/rakosliget.hu\/wordpress\/wp-content\/uploads\/2020\/11\/1939-szeptember-26-atletika.jpg\"><img loading=\"lazy\" decoding=\"async\" width=\"469\" height=\"405\" src=\"http:\/\/rakosliget.hu\/wordpress\/wp-content\/uploads\/2020\/11\/1939-szeptember-26-atletika.jpg\" alt=\"\" class=\"wp-image-6639\" srcset=\"https:\/\/rakosliget.hu\/wordpress\/wp-content\/uploads\/2020\/11\/1939-szeptember-26-atletika.jpg 469w, https:\/\/rakosliget.hu\/wordpress\/wp-content\/uploads\/2020\/11\/1939-szeptember-26-atletika-300x259.jpg 300w\" sizes=\"auto, (max-width: 469px) 100vw, 469px\" \/><\/a><figcaption class=\"wp-element-caption\">1939. szeptember 26. Az Ujs\u00e1g<\/figcaption><\/figure>\n<\/div>\n\n<div class=\"wp-block-image\">\n<figure class=\"aligncenter size-large\"><img loading=\"lazy\" decoding=\"async\" width=\"462\" height=\"614\" src=\"http:\/\/rakosliget.hu\/wordpress\/wp-content\/uploads\/2020\/11\/1939-szeptember-28-atletika.jpg\" alt=\"\" class=\"wp-image-6640\" srcset=\"https:\/\/rakosliget.hu\/wordpress\/wp-content\/uploads\/2020\/11\/1939-szeptember-28-atletika.jpg 462w, https:\/\/rakosliget.hu\/wordpress\/wp-content\/uploads\/2020\/11\/1939-szeptember-28-atletika-226x300.jpg 226w\" sizes=\"auto, (max-width: 462px) 100vw, 462px\" \/><figcaption class=\"wp-element-caption\">1939. szeptember 28. Az Ujs\u00e1g<\/figcaption><\/figure>\n<\/div>\n\n<div class=\"wp-block-image\">\n<figure class=\"aligncenter size-large\"><img loading=\"lazy\" decoding=\"async\" width=\"465\" height=\"724\" src=\"http:\/\/rakosliget.hu\/wordpress\/wp-content\/uploads\/2020\/11\/1939-oktober-1-atletika.jpg\" alt=\"\" class=\"wp-image-6637\" srcset=\"https:\/\/rakosliget.hu\/wordpress\/wp-content\/uploads\/2020\/11\/1939-oktober-1-atletika.jpg 465w, https:\/\/rakosliget.hu\/wordpress\/wp-content\/uploads\/2020\/11\/1939-oktober-1-atletika-193x300.jpg 193w\" sizes=\"auto, (max-width: 465px) 100vw, 465px\" \/><figcaption class=\"wp-element-caption\">1939. okt\u00f3ber 1. Az Ujs\u00e1g<\/figcaption><\/figure>\n<\/div>\n\n<div class=\"wp-block-image\">\n<figure class=\"aligncenter size-large\"><img loading=\"lazy\" decoding=\"async\" width=\"663\" height=\"1024\" src=\"https:\/\/rakosliget.hu\/wordpress\/wp-content\/uploads\/2025\/01\/1939_10_22_-6-oldal-atletika-663x1024.jpg\" alt=\"\" class=\"wp-image-15812\" srcset=\"https:\/\/rakosliget.hu\/wordpress\/wp-content\/uploads\/2025\/01\/1939_10_22_-6-oldal-atletika-663x1024.jpg 663w, https:\/\/rakosliget.hu\/wordpress\/wp-content\/uploads\/2025\/01\/1939_10_22_-6-oldal-atletika-194x300.jpg 194w, https:\/\/rakosliget.hu\/wordpress\/wp-content\/uploads\/2025\/01\/1939_10_22_-6-oldal-atletika.jpg 666w\" sizes=\"auto, (max-width: 663px) 100vw, 663px\" \/><figcaption class=\"wp-element-caption\">Nemzeti Sport 1939. 10. 22. 6. oldal <\/figcaption><\/figure>\n<\/div>\n\n<div class=\"wp-block-image\">\n<figure class=\"aligncenter size-full\"><img loading=\"lazy\" decoding=\"async\" width=\"685\" height=\"397\" src=\"https:\/\/rakosliget.hu\/wordpress\/wp-content\/uploads\/2025\/01\/1939_12_19_-5-oldal-atletika-mrtse-jubileum.jpg\" alt=\"\" class=\"wp-image-15813\" srcset=\"https:\/\/rakosliget.hu\/wordpress\/wp-content\/uploads\/2025\/01\/1939_12_19_-5-oldal-atletika-mrtse-jubileum.jpg 685w, https:\/\/rakosliget.hu\/wordpress\/wp-content\/uploads\/2025\/01\/1939_12_19_-5-oldal-atletika-mrtse-jubileum-300x174.jpg 300w\" sizes=\"auto, (max-width: 685px) 100vw, 685px\" \/><figcaption class=\"wp-element-caption\">Nemzeti Sport 1939. 12. 19. 5. oldal <\/figcaption><\/figure>\n<\/div>\n\n\n<p>Vissza az ATL\u00c9TIKA lapra<\/p>\n","protected":false},"excerpt":{"rendered":"<p>Vissza az ATL\u00c9TIKA lapra Magyar Atl\u00e9tikai Sz\u00f6vets\u00e9g bizotts\u00e1gai 1939~ben:Int\u00e9z\u0151bizotts\u00e1g: Hivatalb\u00f3l: Paulinyi Jen\u0151 R\u00e1kosliget, X. utca 8.Iskolabizotts\u00e1g: El\u0151ad\u00f3: Paulinyi Jen\u0151 R\u00e1kosliget, X. utca 8. K\u00f6zponti vid\u00e9ki bizotts\u00e1g: El\u0151ad\u00f3 \u00e9s hivatalb\u00f3l: Paulinyi Jen\u0151 R\u00e1kosliget, X. utca 8. A Magyar Atl\u00e9tikai Sz\u00f6vets\u00e9g tagjai 1939: Pesfvid\u00e9ki ker\u00fclet: MRTSE MOVE R\u00e1kosligeti T\u00e1rsadalmi Sport Egylet (1935) 50 R\u00e1kosligetForr\u00e1s: Magyar Atl\u00e9tiaki Sz\u00f6vets\u00e9g &hellip; <a href=\"https:\/\/rakosliget.hu\/wordpress\/index.php\/atletika-1939\/\" class=\"more-link\"><span class=\"screen-reader-text\">ATL\u00c9TIKA 1939<\/span> r\u00e9szletei&#8230;<\/a><\/p>\n","protected":false},"author":1,"featured_media":0,"parent":0,"menu_order":0,"comment_status":"closed","ping_status":"closed","template":"","meta":{"footnotes":""},"class_list":["post-15801","page","type-page","status-publish","hentry"],"_links":{"self":[{"href":"https:\/\/rakosliget.hu\/wordpress\/index.php\/wp-json\/wp\/v2\/pages\/15801","targetHints":{"allow":["GET"]}}],"collection":[{"href":"https:\/\/rakosliget.hu\/wordpress\/index.php\/wp-json\/wp\/v2\/pages"}],"about":[{"href":"https:\/\/rakosliget.hu\/wordpress\/index.php\/wp-json\/wp\/v2\/types\/page"}],"author":[{"embeddable":true,"href":"https:\/\/rakosliget.hu\/wordpress\/index.php\/wp-json\/wp\/v2\/users\/1"}],"replies":[{"embeddable":true,"href":"https:\/\/rakosliget.hu\/wordpress\/index.php\/wp-json\/wp\/v2\/comments?post=15801"}],"version-history":[{"count":7,"href":"https:\/\/rakosliget.hu\/wordpress\/index.php\/wp-json\/wp\/v2\/pages\/15801\/revisions"}],"predecessor-version":[{"id":17952,"href":"https:\/\/rakosliget.hu\/wordpress\/index.php\/wp-json\/wp\/v2\/pages\/15801\/revisions\/17952"}],"wp:attachment":[{"href":"https:\/\/rakosliget.hu\/wordpress\/index.php\/wp-json\/wp\/v2\/media?parent=15801"}],"curies":[{"name":"wp","href":"https:\/\/api.w.org\/{rel}","templated":true}]}}