{"id":15670,"date":"2025-01-25T11:29:08","date_gmt":"2025-01-25T10:29:08","guid":{"rendered":"https:\/\/rakosliget.hu\/wordpress\/?page_id=15670"},"modified":"2025-08-24T07:38:05","modified_gmt":"2025-08-24T06:38:05","slug":"kosarlabda","status":"publish","type":"page","link":"https:\/\/rakosliget.hu\/wordpress\/index.php\/kosarlabda\/","title":{"rendered":"KOS\u00c1RLABDA"},"content":{"rendered":"\n<p><em>Friss\u00edtve: 2025:02:16.<\/em><\/p>\n\n\n\n<h2 class=\"wp-block-heading\">1935<\/h2>\n\n\n\n<p>A Magyar Atl\u00e9tikai Sz\u00f6vets\u00e9g bizotts\u00e1gai 1935~ben:<\/p>\n\n\n\n<p>Kos\u00e1rlabdaj\u00e1t\u00e9k bizotts\u00e1g: <br>Hivatalb\u00f3l: Zsingor L\u00e1szl\u00f3 R\u00e1kosliget, III.-utca 5.<\/p>\n\n\n\n<p>Kos\u00e1r labda-b\u00edr\u00f3bizotts\u00e1g :<br>Eln\u00f6k: Zsingor L\u00e1szl\u00f3 R\u00e1kosliget, III. utca 5.<\/p>\n\n\n\n<h2 class=\"wp-block-heading\">1937<\/h2>\n\n\n<div class=\"wp-block-image\">\n<figure class=\"aligncenter size-full\"><img loading=\"lazy\" decoding=\"async\" width=\"773\" height=\"593\" src=\"https:\/\/rakosliget.hu\/wordpress\/wp-content\/uploads\/2025\/01\/1937_08_03_-8-oldal-kosarlabda.jpg\" alt=\"\" class=\"wp-image-15672\" srcset=\"https:\/\/rakosliget.hu\/wordpress\/wp-content\/uploads\/2025\/01\/1937_08_03_-8-oldal-kosarlabda.jpg 773w, https:\/\/rakosliget.hu\/wordpress\/wp-content\/uploads\/2025\/01\/1937_08_03_-8-oldal-kosarlabda-300x230.jpg 300w, https:\/\/rakosliget.hu\/wordpress\/wp-content\/uploads\/2025\/01\/1937_08_03_-8-oldal-kosarlabda-768x589.jpg 768w\" sizes=\"auto, (max-width: 773px) 100vw, 773px\" \/><figcaption class=\"wp-element-caption\">Nemzeti Sport 1937. 08. 03. 8. oldal <\/figcaption><\/figure>\n<\/div>\n\n\n<h2 class=\"wp-block-heading\">1939<\/h2>\n\n\n<div class=\"wp-block-image\">\n<figure class=\"aligncenter size-full\"><img loading=\"lazy\" decoding=\"async\" width=\"696\" height=\"608\" src=\"https:\/\/rakosliget.hu\/wordpress\/wp-content\/uploads\/2025\/01\/1939_09_05_-5-oldal-kosarlabda.jpg\" alt=\"\" class=\"wp-image-15799\" srcset=\"https:\/\/rakosliget.hu\/wordpress\/wp-content\/uploads\/2025\/01\/1939_09_05_-5-oldal-kosarlabda.jpg 696w, https:\/\/rakosliget.hu\/wordpress\/wp-content\/uploads\/2025\/01\/1939_09_05_-5-oldal-kosarlabda-300x262.jpg 300w\" sizes=\"auto, (max-width: 696px) 100vw, 696px\" \/><figcaption class=\"wp-element-caption\">Nemzeti Sport 1939. 09. 05. 5. oldal <\/figcaption><\/figure>\n<\/div>\n\n\n<h2 class=\"wp-block-heading\"><a href=\"https:\/\/rakosliget.hu\/wordpress\/index.php\/kosarlabda-1940\/\">1940<\/a> <a href=\"https:\/\/rakosliget.hu\/wordpress\/index.php\/kosarlabda-1941\/\">1941<\/a> <a href=\"https:\/\/rakosliget.hu\/wordpress\/index.php\/kosarlabda-1942\/\">1942<\/a> <a href=\"https:\/\/rakosliget.hu\/wordpress\/index.php\/kosarlabda-1943\/\">1943<\/a> 1944<\/h2>\n\n\n<div class=\"wp-block-image\">\n<figure class=\"aligncenter size-large\"><img loading=\"lazy\" decoding=\"async\" width=\"388\" height=\"1024\" src=\"https:\/\/rakosliget.hu\/wordpress\/wp-content\/uploads\/2025\/02\/1944_02_13_-6-oldal-kosarlabda-388x1024.jpg\" alt=\"\" class=\"wp-image-16171\" srcset=\"https:\/\/rakosliget.hu\/wordpress\/wp-content\/uploads\/2025\/02\/1944_02_13_-6-oldal-kosarlabda-388x1024.jpg 388w, https:\/\/rakosliget.hu\/wordpress\/wp-content\/uploads\/2025\/02\/1944_02_13_-6-oldal-kosarlabda-114x300.jpg 114w, https:\/\/rakosliget.hu\/wordpress\/wp-content\/uploads\/2025\/02\/1944_02_13_-6-oldal-kosarlabda-582x1536.jpg 582w, https:\/\/rakosliget.hu\/wordpress\/wp-content\/uploads\/2025\/02\/1944_02_13_-6-oldal-kosarlabda.jpg 697w\" sizes=\"auto, (max-width: 388px) 100vw, 388px\" \/><figcaption class=\"wp-element-caption\">Nemzeti Sport 1944. 02. 13. 6. oldal <\/figcaption><\/figure>\n<\/div>","protected":false},"excerpt":{"rendered":"<p>Friss\u00edtve: 2025:02:16. 1935 A Magyar Atl\u00e9tikai Sz\u00f6vets\u00e9g bizotts\u00e1gai 1935~ben: Kos\u00e1rlabdaj\u00e1t\u00e9k bizotts\u00e1g: Hivatalb\u00f3l: Zsingor L\u00e1szl\u00f3 R\u00e1kosliget, III.-utca 5. Kos\u00e1r labda-b\u00edr\u00f3bizotts\u00e1g :Eln\u00f6k: Zsingor L\u00e1szl\u00f3 R\u00e1kosliget, III. utca 5. 1937 1939 1940 1941 1942 1943 1944<\/p>\n","protected":false},"author":1,"featured_media":0,"parent":0,"menu_order":0,"comment_status":"closed","ping_status":"closed","template":"","meta":{"footnotes":""},"class_list":["post-15670","page","type-page","status-publish","hentry"],"_links":{"self":[{"href":"https:\/\/rakosliget.hu\/wordpress\/index.php\/wp-json\/wp\/v2\/pages\/15670","targetHints":{"allow":["GET"]}}],"collection":[{"href":"https:\/\/rakosliget.hu\/wordpress\/index.php\/wp-json\/wp\/v2\/pages"}],"about":[{"href":"https:\/\/rakosliget.hu\/wordpress\/index.php\/wp-json\/wp\/v2\/types\/page"}],"author":[{"embeddable":true,"href":"https:\/\/rakosliget.hu\/wordpress\/index.php\/wp-json\/wp\/v2\/users\/1"}],"replies":[{"embeddable":true,"href":"https:\/\/rakosliget.hu\/wordpress\/index.php\/wp-json\/wp\/v2\/comments?post=15670"}],"version-history":[{"count":13,"href":"https:\/\/rakosliget.hu\/wordpress\/index.php\/wp-json\/wp\/v2\/pages\/15670\/revisions"}],"predecessor-version":[{"id":17942,"href":"https:\/\/rakosliget.hu\/wordpress\/index.php\/wp-json\/wp\/v2\/pages\/15670\/revisions\/17942"}],"wp:attachment":[{"href":"https:\/\/rakosliget.hu\/wordpress\/index.php\/wp-json\/wp\/v2\/media?parent=15670"}],"curies":[{"name":"wp","href":"https:\/\/api.w.org\/{rel}","templated":true}]}}