{"id":15491,"date":"2025-01-24T04:06:39","date_gmt":"2025-01-24T03:06:39","guid":{"rendered":"https:\/\/rakosliget.hu\/wordpress\/?page_id=15491"},"modified":"2025-08-24T07:42:56","modified_gmt":"2025-08-24T06:42:56","slug":"atletika-1935","status":"publish","type":"page","link":"https:\/\/rakosliget.hu\/wordpress\/index.php\/atletika-1935\/","title":{"rendered":"ATL\u00c9TIKA 1935"},"content":{"rendered":"\n<p><\/p>\n\n\n\n<p><a href=\"https:\/\/rakosliget.hu\/wordpress\/index.php\/atlatika-rakosligeti-move\/\">Vissza az ATL\u00c9TIKA lapra<\/a><\/p>\n\n\n<div class=\"wp-block-image\">\n<figure class=\"aligncenter size-full\"><img loading=\"lazy\" decoding=\"async\" width=\"1630\" height=\"858\" src=\"https:\/\/rakosliget.hu\/wordpress\/wp-content\/uploads\/2025\/08\/MASZ-1935.jpg\" alt=\"\" class=\"wp-image-17943\" srcset=\"https:\/\/rakosliget.hu\/wordpress\/wp-content\/uploads\/2025\/08\/MASZ-1935.jpg 1630w, https:\/\/rakosliget.hu\/wordpress\/wp-content\/uploads\/2025\/08\/MASZ-1935-300x158.jpg 300w, https:\/\/rakosliget.hu\/wordpress\/wp-content\/uploads\/2025\/08\/MASZ-1935-768x404.jpg 768w, https:\/\/rakosliget.hu\/wordpress\/wp-content\/uploads\/2025\/08\/MASZ-1935-1536x809.jpg 1536w\" sizes=\"auto, (max-width: 1630px) 100vw, 1630px\" \/><figcaption class=\"wp-element-caption\">Forr\u00e1s: A Magyar Atl\u00e9tikai Sz\u00f6vets\u00e9g \u00c9vk\u00f6nyve 1935<\/figcaption><\/figure>\n<\/div>\n\n\n<figure class=\"wp-block-image size-full\"><img loading=\"lazy\" decoding=\"async\" width=\"673\" height=\"906\" src=\"https:\/\/rakosliget.hu\/wordpress\/wp-content\/uploads\/2025\/01\/1934_02_25_-12-oldal-atletika.jpg\" alt=\"\" class=\"wp-image-15493\" srcset=\"https:\/\/rakosliget.hu\/wordpress\/wp-content\/uploads\/2025\/01\/1934_02_25_-12-oldal-atletika.jpg 673w, https:\/\/rakosliget.hu\/wordpress\/wp-content\/uploads\/2025\/01\/1934_02_25_-12-oldal-atletika-223x300.jpg 223w\" sizes=\"auto, (max-width: 673px) 100vw, 673px\" \/><figcaption class=\"wp-element-caption\">Nemzeti Sport 1934. 02. 25. 12 oldal <\/figcaption><\/figure>\n\n\n\n<p><strong>A R\u00e1kosligeti Atl\u00e9tikai Club \u00faj neve MOVE R\u00c1KOSLIGETI T\u00c1RSADALMI \u00c9S SPORT EGYES\u00dcLET<\/strong>. Az \u00faj eln\u00f6k Sz\u00e1vay (Szavuj) Istv\u00e1n f\u0151jegyz\u0151. <strong>REMECZ<\/strong> visszat\u00e9r a r\u00e1kosligeti klubhoz.<\/p>\n\n\n<div class=\"wp-block-image\">\n<figure class=\"aligncenter size-large\"><img loading=\"lazy\" decoding=\"async\" width=\"443\" height=\"1024\" src=\"https:\/\/rakosliget.hu\/wordpress\/wp-content\/uploads\/2025\/01\/1935_02_28_-5-oldal-atletika-443x1024.jpg\" alt=\"\" class=\"wp-image-15494\" srcset=\"https:\/\/rakosliget.hu\/wordpress\/wp-content\/uploads\/2025\/01\/1935_02_28_-5-oldal-atletika-443x1024.jpg 443w, https:\/\/rakosliget.hu\/wordpress\/wp-content\/uploads\/2025\/01\/1935_02_28_-5-oldal-atletika-130x300.jpg 130w, https:\/\/rakosliget.hu\/wordpress\/wp-content\/uploads\/2025\/01\/1935_02_28_-5-oldal-atletika-664x1536.jpg 664w, https:\/\/rakosliget.hu\/wordpress\/wp-content\/uploads\/2025\/01\/1935_02_28_-5-oldal-atletika.jpg 739w\" sizes=\"auto, (max-width: 443px) 100vw, 443px\" \/><figcaption class=\"wp-element-caption\">Nemzeti Sport 1935. 02. 28. 5. oldal <\/figcaption><\/figure>\n<\/div>\n\n<div class=\"wp-block-image\">\n<figure class=\"aligncenter size-large\"><img loading=\"lazy\" decoding=\"async\" width=\"595\" height=\"1024\" src=\"https:\/\/rakosliget.hu\/wordpress\/wp-content\/uploads\/2025\/01\/1935_03_01_-7-oldal-atletika-595x1024.jpg\" alt=\"\" class=\"wp-image-15497\" srcset=\"https:\/\/rakosliget.hu\/wordpress\/wp-content\/uploads\/2025\/01\/1935_03_01_-7-oldal-atletika-595x1024.jpg 595w, https:\/\/rakosliget.hu\/wordpress\/wp-content\/uploads\/2025\/01\/1935_03_01_-7-oldal-atletika-174x300.jpg 174w, https:\/\/rakosliget.hu\/wordpress\/wp-content\/uploads\/2025\/01\/1935_03_01_-7-oldal-atletika.jpg 768w\" sizes=\"auto, (max-width: 595px) 100vw, 595px\" \/><figcaption class=\"wp-element-caption\">Nemzeti Sport 1935. 03. 01. 7. oldal <\/figcaption><\/figure>\n<\/div>\n\n<div class=\"wp-block-image\">\n<figure class=\"aligncenter size-large\"><img loading=\"lazy\" decoding=\"async\" width=\"660\" height=\"1024\" src=\"https:\/\/rakosliget.hu\/wordpress\/wp-content\/uploads\/2025\/01\/1935_04_01_-11-oldal-atletika-660x1024.jpg\" alt=\"\" class=\"wp-image-15498\" srcset=\"https:\/\/rakosliget.hu\/wordpress\/wp-content\/uploads\/2025\/01\/1935_04_01_-11-oldal-atletika-660x1024.jpg 660w, https:\/\/rakosliget.hu\/wordpress\/wp-content\/uploads\/2025\/01\/1935_04_01_-11-oldal-atletika-193x300.jpg 193w, https:\/\/rakosliget.hu\/wordpress\/wp-content\/uploads\/2025\/01\/1935_04_01_-11-oldal-atletika.jpg 678w\" sizes=\"auto, (max-width: 660px) 100vw, 660px\" \/><figcaption class=\"wp-element-caption\">Nemzeti Sport 1935. 04. 01. 11. oldal <\/figcaption><\/figure>\n<\/div>\n\n<div class=\"wp-block-image\">\n<figure class=\"aligncenter size-full\"><img loading=\"lazy\" decoding=\"async\" width=\"686\" height=\"494\" src=\"https:\/\/rakosliget.hu\/wordpress\/wp-content\/uploads\/2025\/01\/1935_04_30_-6-oldal-atletika.jpg\" alt=\"\" class=\"wp-image-15499\" srcset=\"https:\/\/rakosliget.hu\/wordpress\/wp-content\/uploads\/2025\/01\/1935_04_30_-6-oldal-atletika.jpg 686w, https:\/\/rakosliget.hu\/wordpress\/wp-content\/uploads\/2025\/01\/1935_04_30_-6-oldal-atletika-300x216.jpg 300w\" sizes=\"auto, (max-width: 686px) 100vw, 686px\" \/><figcaption class=\"wp-element-caption\">Nemzeti Sport 1935. 04. 30. 6. oldal <\/figcaption><\/figure>\n<\/div>\n\n<div class=\"wp-block-image\">\n<figure class=\"aligncenter size-full\"><img loading=\"lazy\" decoding=\"async\" width=\"664\" height=\"139\" src=\"https:\/\/rakosliget.hu\/wordpress\/wp-content\/uploads\/2025\/01\/1935_05_21_-7-oldal-atletika.jpg\" alt=\"\" class=\"wp-image-15501\" srcset=\"https:\/\/rakosliget.hu\/wordpress\/wp-content\/uploads\/2025\/01\/1935_05_21_-7-oldal-atletika.jpg 664w, https:\/\/rakosliget.hu\/wordpress\/wp-content\/uploads\/2025\/01\/1935_05_21_-7-oldal-atletika-300x63.jpg 300w\" sizes=\"auto, (max-width: 664px) 100vw, 664px\" \/><figcaption class=\"wp-element-caption\">Nemzeti Sport 1935. 05. 21. 7. oldal <\/figcaption><\/figure>\n<\/div>\n\n<div class=\"wp-block-image\">\n<figure class=\"aligncenter size-full\"><img loading=\"lazy\" decoding=\"async\" width=\"670\" height=\"355\" src=\"https:\/\/rakosliget.hu\/wordpress\/wp-content\/uploads\/2025\/01\/1935_05_23_-8-oldal-atletika.jpg\" alt=\"\" class=\"wp-image-15502\" srcset=\"https:\/\/rakosliget.hu\/wordpress\/wp-content\/uploads\/2025\/01\/1935_05_23_-8-oldal-atletika.jpg 670w, https:\/\/rakosliget.hu\/wordpress\/wp-content\/uploads\/2025\/01\/1935_05_23_-8-oldal-atletika-300x159.jpg 300w\" sizes=\"auto, (max-width: 670px) 100vw, 670px\" \/><figcaption class=\"wp-element-caption\">Nemzeti Sport 1935. 05. 23. 8. oldal <\/figcaption><\/figure>\n<\/div>\n\n<div class=\"wp-block-image\">\n<figure class=\"aligncenter size-full\"><img loading=\"lazy\" decoding=\"async\" width=\"668\" height=\"366\" src=\"https:\/\/rakosliget.hu\/wordpress\/wp-content\/uploads\/2025\/01\/1935_05_26_-6-oldal-atletika.jpg\" alt=\"\" class=\"wp-image-15504\" srcset=\"https:\/\/rakosliget.hu\/wordpress\/wp-content\/uploads\/2025\/01\/1935_05_26_-6-oldal-atletika.jpg 668w, https:\/\/rakosliget.hu\/wordpress\/wp-content\/uploads\/2025\/01\/1935_05_26_-6-oldal-atletika-300x164.jpg 300w\" sizes=\"auto, (max-width: 668px) 100vw, 668px\" \/><figcaption class=\"wp-element-caption\">Nemzeti Sport 1935. 05. 26. 6. oldal <\/figcaption><\/figure>\n<\/div>\n\n<div class=\"wp-block-image\">\n<figure class=\"aligncenter size-large\"><img loading=\"lazy\" decoding=\"async\" width=\"337\" height=\"1024\" src=\"https:\/\/rakosliget.hu\/wordpress\/wp-content\/uploads\/2025\/01\/1935_05_27_-11-oldal-atletika-337x1024.jpg\" alt=\"\" class=\"wp-image-15506\" srcset=\"https:\/\/rakosliget.hu\/wordpress\/wp-content\/uploads\/2025\/01\/1935_05_27_-11-oldal-atletika-337x1024.jpg 337w, https:\/\/rakosliget.hu\/wordpress\/wp-content\/uploads\/2025\/01\/1935_05_27_-11-oldal-atletika-99x300.jpg 99w, https:\/\/rakosliget.hu\/wordpress\/wp-content\/uploads\/2025\/01\/1935_05_27_-11-oldal-atletika-505x1536.jpg 505w, https:\/\/rakosliget.hu\/wordpress\/wp-content\/uploads\/2025\/01\/1935_05_27_-11-oldal-atletika.jpg 696w\" sizes=\"auto, (max-width: 337px) 100vw, 337px\" \/><figcaption class=\"wp-element-caption\">Nemzeti Sport 1935. 05. 27. 11. oldal <\/figcaption><\/figure>\n<\/div>\n\n<div class=\"wp-block-image\">\n<figure class=\"aligncenter size-large\"><img loading=\"lazy\" decoding=\"async\" width=\"591\" height=\"1024\" src=\"https:\/\/rakosliget.hu\/wordpress\/wp-content\/uploads\/2025\/01\/1935_06_03_-11-oldal-atletika-591x1024.jpg\" alt=\"\" class=\"wp-image-15507\" srcset=\"https:\/\/rakosliget.hu\/wordpress\/wp-content\/uploads\/2025\/01\/1935_06_03_-11-oldal-atletika-591x1024.jpg 591w, https:\/\/rakosliget.hu\/wordpress\/wp-content\/uploads\/2025\/01\/1935_06_03_-11-oldal-atletika-173x300.jpg 173w, https:\/\/rakosliget.hu\/wordpress\/wp-content\/uploads\/2025\/01\/1935_06_03_-11-oldal-atletika.jpg 703w\" sizes=\"auto, (max-width: 591px) 100vw, 591px\" \/><figcaption class=\"wp-element-caption\">Nemzeti Sport 1935. 06. 03. 11. oldal <\/figcaption><\/figure>\n<\/div>\n\n<div class=\"wp-block-image\">\n<figure class=\"aligncenter size-full\"><img loading=\"lazy\" decoding=\"async\" width=\"680\" height=\"705\" src=\"https:\/\/rakosliget.hu\/wordpress\/wp-content\/uploads\/2025\/01\/1935_06_24_-10-oldal-atletika.jpg\" alt=\"\" class=\"wp-image-15509\" srcset=\"https:\/\/rakosliget.hu\/wordpress\/wp-content\/uploads\/2025\/01\/1935_06_24_-10-oldal-atletika.jpg 680w, https:\/\/rakosliget.hu\/wordpress\/wp-content\/uploads\/2025\/01\/1935_06_24_-10-oldal-atletika-289x300.jpg 289w\" sizes=\"auto, (max-width: 680px) 100vw, 680px\" \/><figcaption class=\"wp-element-caption\">Nemzeti Sport 1935. 06. 24. 10. oldal <\/figcaption><\/figure>\n<\/div>\n\n<div class=\"wp-block-image\">\n<figure class=\"aligncenter size-full\"><img loading=\"lazy\" decoding=\"async\" width=\"660\" height=\"755\" src=\"https:\/\/rakosliget.hu\/wordpress\/wp-content\/uploads\/2025\/01\/1935_07_23_7-oldaal-atletika.jpg\" alt=\"\" class=\"wp-image-15510\" srcset=\"https:\/\/rakosliget.hu\/wordpress\/wp-content\/uploads\/2025\/01\/1935_07_23_7-oldaal-atletika.jpg 660w, https:\/\/rakosliget.hu\/wordpress\/wp-content\/uploads\/2025\/01\/1935_07_23_7-oldaal-atletika-262x300.jpg 262w\" sizes=\"auto, (max-width: 660px) 100vw, 660px\" \/><figcaption class=\"wp-element-caption\">Nemzeti Sport 1935. 07. 23.7. oldal <\/figcaption><\/figure>\n<\/div>\n\n<div class=\"wp-block-image\">\n<figure class=\"aligncenter size-large\"><img loading=\"lazy\" decoding=\"async\" width=\"329\" height=\"1024\" src=\"https:\/\/rakosliget.hu\/wordpress\/wp-content\/uploads\/2025\/01\/1935_08_02_-7-oldal-atletika-329x1024.jpg\" alt=\"\" class=\"wp-image-15512\" srcset=\"https:\/\/rakosliget.hu\/wordpress\/wp-content\/uploads\/2025\/01\/1935_08_02_-7-oldal-atletika-329x1024.jpg 329w, https:\/\/rakosliget.hu\/wordpress\/wp-content\/uploads\/2025\/01\/1935_08_02_-7-oldal-atletika-96x300.jpg 96w, https:\/\/rakosliget.hu\/wordpress\/wp-content\/uploads\/2025\/01\/1935_08_02_-7-oldal-atletika-768x2389.jpg 768w, https:\/\/rakosliget.hu\/wordpress\/wp-content\/uploads\/2025\/01\/1935_08_02_-7-oldal-atletika-494x1536.jpg 494w, https:\/\/rakosliget.hu\/wordpress\/wp-content\/uploads\/2025\/01\/1935_08_02_-7-oldal-atletika-658x2048.jpg 658w, https:\/\/rakosliget.hu\/wordpress\/wp-content\/uploads\/2025\/01\/1935_08_02_-7-oldal-atletika-scaled.jpg 823w\" sizes=\"auto, (max-width: 329px) 100vw, 329px\" \/><figcaption class=\"wp-element-caption\">Nemzeti Sport 1935. 08. 02. 7. oldal <\/figcaption><\/figure>\n<\/div>\n\n<div class=\"wp-block-image\">\n<figure class=\"aligncenter size-full\"><img loading=\"lazy\" decoding=\"async\" width=\"675\" height=\"561\" src=\"https:\/\/rakosliget.hu\/wordpress\/wp-content\/uploads\/2025\/01\/1935_08_05_-5-oldal-atletika.jpg\" alt=\"\" class=\"wp-image-15513\" srcset=\"https:\/\/rakosliget.hu\/wordpress\/wp-content\/uploads\/2025\/01\/1935_08_05_-5-oldal-atletika.jpg 675w, https:\/\/rakosliget.hu\/wordpress\/wp-content\/uploads\/2025\/01\/1935_08_05_-5-oldal-atletika-300x249.jpg 300w\" sizes=\"auto, (max-width: 675px) 100vw, 675px\" \/><figcaption class=\"wp-element-caption\">Nemzeti Sport 1935. 08. 05. 5. oldal <\/figcaption><\/figure>\n<\/div>\n\n<div class=\"wp-block-image\">\n<figure class=\"aligncenter size-full\"><img loading=\"lazy\" decoding=\"async\" width=\"683\" height=\"452\" src=\"https:\/\/rakosliget.hu\/wordpress\/wp-content\/uploads\/2025\/01\/1935_08_06_-5-oldal-atletika.jpg\" alt=\"\" class=\"wp-image-15514\" srcset=\"https:\/\/rakosliget.hu\/wordpress\/wp-content\/uploads\/2025\/01\/1935_08_06_-5-oldal-atletika.jpg 683w, https:\/\/rakosliget.hu\/wordpress\/wp-content\/uploads\/2025\/01\/1935_08_06_-5-oldal-atletika-300x199.jpg 300w\" sizes=\"auto, (max-width: 683px) 100vw, 683px\" \/><figcaption class=\"wp-element-caption\">Nemzeti Sport 1935. 08. 06. 5. oldal <\/figcaption><\/figure>\n<\/div>\n\n<div class=\"wp-block-image\">\n<figure class=\"aligncenter size-large\"><a href=\"http:\/\/rakosliget.hu\/wordpress\/wp-content\/uploads\/2020\/11\/1935-augusztus-10-atletika.jpg\"><img loading=\"lazy\" decoding=\"async\" width=\"473\" height=\"381\" src=\"http:\/\/rakosliget.hu\/wordpress\/wp-content\/uploads\/2020\/11\/1935-augusztus-10-atletika.jpg\" alt=\"\" class=\"wp-image-6496\" srcset=\"https:\/\/rakosliget.hu\/wordpress\/wp-content\/uploads\/2020\/11\/1935-augusztus-10-atletika.jpg 473w, https:\/\/rakosliget.hu\/wordpress\/wp-content\/uploads\/2020\/11\/1935-augusztus-10-atletika-300x242.jpg 300w\" sizes=\"auto, (max-width: 473px) 100vw, 473px\" \/><\/a><figcaption class=\"wp-element-caption\">1935. augusztus 10. Az Ujs\u00e1g<\/figcaption><\/figure>\n<\/div>\n\n<div class=\"wp-block-image\">\n<figure class=\"aligncenter size-large\"><img loading=\"lazy\" decoding=\"async\" width=\"341\" height=\"1024\" src=\"https:\/\/rakosliget.hu\/wordpress\/wp-content\/uploads\/2025\/01\/1935_08_11_-6-oldal-atletika-341x1024.jpg\" alt=\"\" class=\"wp-image-15515\" srcset=\"https:\/\/rakosliget.hu\/wordpress\/wp-content\/uploads\/2025\/01\/1935_08_11_-6-oldal-atletika-341x1024.jpg 341w, https:\/\/rakosliget.hu\/wordpress\/wp-content\/uploads\/2025\/01\/1935_08_11_-6-oldal-atletika-100x300.jpg 100w, https:\/\/rakosliget.hu\/wordpress\/wp-content\/uploads\/2025\/01\/1935_08_11_-6-oldal-atletika-512x1536.jpg 512w, https:\/\/rakosliget.hu\/wordpress\/wp-content\/uploads\/2025\/01\/1935_08_11_-6-oldal-atletika-683x2048.jpg 683w, https:\/\/rakosliget.hu\/wordpress\/wp-content\/uploads\/2025\/01\/1935_08_11_-6-oldal-atletika.jpg 702w\" sizes=\"auto, (max-width: 341px) 100vw, 341px\" \/><figcaption class=\"wp-element-caption\">Nemzeti sport 1935. 08. 11. 6. oldal <\/figcaption><\/figure>\n<\/div>\n\n<div class=\"wp-block-image\">\n<figure class=\"aligncenter size-large\"><img loading=\"lazy\" decoding=\"async\" width=\"249\" height=\"1024\" src=\"https:\/\/rakosliget.hu\/wordpress\/wp-content\/uploads\/2025\/01\/1935_08_12_-10-oldal-atletika-249x1024.jpg\" alt=\"\" class=\"wp-image-15516\" srcset=\"https:\/\/rakosliget.hu\/wordpress\/wp-content\/uploads\/2025\/01\/1935_08_12_-10-oldal-atletika-249x1024.jpg 249w, https:\/\/rakosliget.hu\/wordpress\/wp-content\/uploads\/2025\/01\/1935_08_12_-10-oldal-atletika-73x300.jpg 73w, https:\/\/rakosliget.hu\/wordpress\/wp-content\/uploads\/2025\/01\/1935_08_12_-10-oldal-atletika-373x1536.jpg 373w, https:\/\/rakosliget.hu\/wordpress\/wp-content\/uploads\/2025\/01\/1935_08_12_-10-oldal-atletika-scaled.jpg 622w\" sizes=\"auto, (max-width: 249px) 100vw, 249px\" \/><figcaption class=\"wp-element-caption\">Nemzeti Sport 1935. 08. 12. 10. oldal<\/figcaption><\/figure>\n<\/div>\n\n<div class=\"wp-block-image\">\n<figure class=\"aligncenter size-full\"><img loading=\"lazy\" decoding=\"async\" width=\"697\" height=\"666\" src=\"https:\/\/rakosliget.hu\/wordpress\/wp-content\/uploads\/2025\/01\/1935_09_30_-11-oldal-atletika.jpg\" alt=\"\" class=\"wp-image-15518\" srcset=\"https:\/\/rakosliget.hu\/wordpress\/wp-content\/uploads\/2025\/01\/1935_09_30_-11-oldal-atletika.jpg 697w, https:\/\/rakosliget.hu\/wordpress\/wp-content\/uploads\/2025\/01\/1935_09_30_-11-oldal-atletika-300x287.jpg 300w\" sizes=\"auto, (max-width: 697px) 100vw, 697px\" \/><figcaption class=\"wp-element-caption\">Nemzeti Sport 1935. 09. 30. 11. oldal <\/figcaption><\/figure>\n<\/div>\n\n<div class=\"wp-block-image\">\n<figure class=\"aligncenter size-large\"><img loading=\"lazy\" decoding=\"async\" width=\"380\" height=\"1024\" src=\"https:\/\/rakosliget.hu\/wordpress\/wp-content\/uploads\/2025\/01\/1935_10_21_-10-oldal-atletika-380x1024.jpg\" alt=\"\" class=\"wp-image-15519\" srcset=\"https:\/\/rakosliget.hu\/wordpress\/wp-content\/uploads\/2025\/01\/1935_10_21_-10-oldal-atletika-380x1024.jpg 380w, https:\/\/rakosliget.hu\/wordpress\/wp-content\/uploads\/2025\/01\/1935_10_21_-10-oldal-atletika-111x300.jpg 111w, https:\/\/rakosliget.hu\/wordpress\/wp-content\/uploads\/2025\/01\/1935_10_21_-10-oldal-atletika-570x1536.jpg 570w, https:\/\/rakosliget.hu\/wordpress\/wp-content\/uploads\/2025\/01\/1935_10_21_-10-oldal-atletika.jpg 698w\" sizes=\"auto, (max-width: 380px) 100vw, 380px\" \/><figcaption class=\"wp-element-caption\">Nemzeti Sport 1935. 10. 21. 10. oldal <\/figcaption><\/figure>\n<\/div>\n\n\n<p><a href=\"https:\/\/rakosliget.hu\/wordpress\/index.php\/atlatika-rakosligeti-move\/\">Vissza az ATL\u00c9TIKA lapra<\/a><\/p>\n","protected":false},"excerpt":{"rendered":"<p>Vissza az ATL\u00c9TIKA lapra A R\u00e1kosligeti Atl\u00e9tikai Club \u00faj neve MOVE R\u00c1KOSLIGETI T\u00c1RSADALMI \u00c9S SPORT EGYES\u00dcLET. Az \u00faj eln\u00f6k Sz\u00e1vay (Szavuj) Istv\u00e1n f\u0151jegyz\u0151. REMECZ visszat\u00e9r a r\u00e1kosligeti klubhoz. Vissza az ATL\u00c9TIKA lapra<\/p>\n","protected":false},"author":1,"featured_media":0,"parent":0,"menu_order":0,"comment_status":"closed","ping_status":"closed","template":"","meta":{"footnotes":""},"class_list":["post-15491","page","type-page","status-publish","hentry"],"_links":{"self":[{"href":"https:\/\/rakosliget.hu\/wordpress\/index.php\/wp-json\/wp\/v2\/pages\/15491","targetHints":{"allow":["GET"]}}],"collection":[{"href":"https:\/\/rakosliget.hu\/wordpress\/index.php\/wp-json\/wp\/v2\/pages"}],"about":[{"href":"https:\/\/rakosliget.hu\/wordpress\/index.php\/wp-json\/wp\/v2\/types\/page"}],"author":[{"embeddable":true,"href":"https:\/\/rakosliget.hu\/wordpress\/index.php\/wp-json\/wp\/v2\/users\/1"}],"replies":[{"embeddable":true,"href":"https:\/\/rakosliget.hu\/wordpress\/index.php\/wp-json\/wp\/v2\/comments?post=15491"}],"version-history":[{"count":12,"href":"https:\/\/rakosliget.hu\/wordpress\/index.php\/wp-json\/wp\/v2\/pages\/15491\/revisions"}],"predecessor-version":[{"id":17945,"href":"https:\/\/rakosliget.hu\/wordpress\/index.php\/wp-json\/wp\/v2\/pages\/15491\/revisions\/17945"}],"wp:attachment":[{"href":"https:\/\/rakosliget.hu\/wordpress\/index.php\/wp-json\/wp\/v2\/media?parent=15491"}],"curies":[{"name":"wp","href":"https:\/\/api.w.org\/{rel}","templated":true}]}}