{"id":15421,"date":"2025-01-19T19:56:42","date_gmt":"2025-01-19T18:56:42","guid":{"rendered":"https:\/\/rakosliget.hu\/wordpress\/?page_id=15421"},"modified":"2025-01-19T20:02:39","modified_gmt":"2025-01-19T19:02:39","slug":"atletika-1934","status":"publish","type":"page","link":"https:\/\/rakosliget.hu\/wordpress\/index.php\/atletika-1934\/","title":{"rendered":"ATL\u00c9TIKA 1934"},"content":{"rendered":"\n<p><a href=\"https:\/\/rakosliget.hu\/wordpress\/index.php\/atlatika-rakosligeti-move\/\">Vissza az ATL\u00c9TIKA lapra<\/a><\/p>\n\n\n<div class=\"wp-block-image\">\n<figure class=\"aligncenter size-large\"><img loading=\"lazy\" decoding=\"async\" width=\"404\" height=\"1024\" src=\"https:\/\/rakosliget.hu\/wordpress\/wp-content\/uploads\/2025\/01\/1934_02_11_-7-oldal-atletika-404x1024.jpg\" alt=\"\" class=\"wp-image-15424\" srcset=\"https:\/\/rakosliget.hu\/wordpress\/wp-content\/uploads\/2025\/01\/1934_02_11_-7-oldal-atletika-404x1024.jpg 404w, https:\/\/rakosliget.hu\/wordpress\/wp-content\/uploads\/2025\/01\/1934_02_11_-7-oldal-atletika-118x300.jpg 118w, https:\/\/rakosliget.hu\/wordpress\/wp-content\/uploads\/2025\/01\/1934_02_11_-7-oldal-atletika-768x1948.jpg 768w, https:\/\/rakosliget.hu\/wordpress\/wp-content\/uploads\/2025\/01\/1934_02_11_-7-oldal-atletika-606x1536.jpg 606w, https:\/\/rakosliget.hu\/wordpress\/wp-content\/uploads\/2025\/01\/1934_02_11_-7-oldal-atletika-807x2048.jpg 807w, https:\/\/rakosliget.hu\/wordpress\/wp-content\/uploads\/2025\/01\/1934_02_11_-7-oldal-atletika-scaled.jpg 1009w\" sizes=\"auto, (max-width: 404px) 100vw, 404px\" \/><figcaption class=\"wp-element-caption\">Nemzeti Sport 1934. 02. 11. 7. oldal <\/figcaption><\/figure>\n<\/div>\n\n\n<p class=\"has-text-align-center\"><strong>MEGSZ\u0170NIK A RAC ATL\u00c9TIKAI SZAKOSZT\u00c1LYA.<\/strong><\/p>\n\n\n<div class=\"wp-block-image\">\n<figure class=\"aligncenter size-full\"><img loading=\"lazy\" decoding=\"async\" width=\"671\" height=\"914\" src=\"https:\/\/rakosliget.hu\/wordpress\/wp-content\/uploads\/2025\/01\/1934_07_31_-7-oldal-atletika.jpg\" alt=\"\" class=\"wp-image-15426\" srcset=\"https:\/\/rakosliget.hu\/wordpress\/wp-content\/uploads\/2025\/01\/1934_07_31_-7-oldal-atletika.jpg 671w, https:\/\/rakosliget.hu\/wordpress\/wp-content\/uploads\/2025\/01\/1934_07_31_-7-oldal-atletika-220x300.jpg 220w\" sizes=\"auto, (max-width: 671px) 100vw, 671px\" \/><figcaption class=\"wp-element-caption\">Nemzeti Sport 1934. 07. 31. 7. oldal <\/figcaption><\/figure>\n<\/div>\n\n\n<p class=\"has-text-align-center\"><strong>A RAC \u00faj neve R\u00c1KOSLIGETI MOVE<\/strong><\/p>\n\n\n<div class=\"wp-block-image\">\n<figure class=\"aligncenter size-large\"><img loading=\"lazy\" decoding=\"async\" width=\"431\" height=\"1024\" src=\"https:\/\/rakosliget.hu\/wordpress\/wp-content\/uploads\/2025\/01\/1934_10_23_-6-oldal-atletika-431x1024.jpg\" alt=\"\" class=\"wp-image-15435\" srcset=\"https:\/\/rakosliget.hu\/wordpress\/wp-content\/uploads\/2025\/01\/1934_10_23_-6-oldal-atletika-431x1024.jpg 431w, https:\/\/rakosliget.hu\/wordpress\/wp-content\/uploads\/2025\/01\/1934_10_23_-6-oldal-atletika-126x300.jpg 126w, https:\/\/rakosliget.hu\/wordpress\/wp-content\/uploads\/2025\/01\/1934_10_23_-6-oldal-atletika-647x1536.jpg 647w, https:\/\/rakosliget.hu\/wordpress\/wp-content\/uploads\/2025\/01\/1934_10_23_-6-oldal-atletika.jpg 690w\" sizes=\"auto, (max-width: 431px) 100vw, 431px\" \/><figcaption class=\"wp-element-caption\">Nemzeti Sport 1934. 10. 23. 6. oldal <\/figcaption><\/figure>\n<\/div>\n\n\n<figure class=\"wp-block-image size-full\"><img loading=\"lazy\" decoding=\"async\" width=\"698\" height=\"190\" src=\"https:\/\/rakosliget.hu\/wordpress\/wp-content\/uploads\/2025\/01\/1934_10_23_-7-oldal-atletika.jpg\" alt=\"\" class=\"wp-image-15428\" srcset=\"https:\/\/rakosliget.hu\/wordpress\/wp-content\/uploads\/2025\/01\/1934_10_23_-7-oldal-atletika.jpg 698w, https:\/\/rakosliget.hu\/wordpress\/wp-content\/uploads\/2025\/01\/1934_10_23_-7-oldal-atletika-300x82.jpg 300w\" sizes=\"auto, (max-width: 698px) 100vw, 698px\" \/><figcaption class=\"wp-element-caption\">Nemzeti Sport 1934. 10. 23. 7. oldal <\/figcaption><\/figure>\n\n\n\n<p><\/p>\n\n\n\n<p><\/p>\n","protected":false},"excerpt":{"rendered":"<p>Vissza az ATL\u00c9TIKA lapra MEGSZ\u0170NIK A RAC ATL\u00c9TIKAI SZAKOSZT\u00c1LYA. A RAC \u00faj neve R\u00c1KOSLIGETI MOVE<\/p>\n","protected":false},"author":1,"featured_media":0,"parent":0,"menu_order":0,"comment_status":"closed","ping_status":"closed","template":"","meta":{"footnotes":""},"class_list":["post-15421","page","type-page","status-publish","hentry"],"_links":{"self":[{"href":"https:\/\/rakosliget.hu\/wordpress\/index.php\/wp-json\/wp\/v2\/pages\/15421","targetHints":{"allow":["GET"]}}],"collection":[{"href":"https:\/\/rakosliget.hu\/wordpress\/index.php\/wp-json\/wp\/v2\/pages"}],"about":[{"href":"https:\/\/rakosliget.hu\/wordpress\/index.php\/wp-json\/wp\/v2\/types\/page"}],"author":[{"embeddable":true,"href":"https:\/\/rakosliget.hu\/wordpress\/index.php\/wp-json\/wp\/v2\/users\/1"}],"replies":[{"embeddable":true,"href":"https:\/\/rakosliget.hu\/wordpress\/index.php\/wp-json\/wp\/v2\/comments?post=15421"}],"version-history":[{"count":6,"href":"https:\/\/rakosliget.hu\/wordpress\/index.php\/wp-json\/wp\/v2\/pages\/15421\/revisions"}],"predecessor-version":[{"id":15437,"href":"https:\/\/rakosliget.hu\/wordpress\/index.php\/wp-json\/wp\/v2\/pages\/15421\/revisions\/15437"}],"wp:attachment":[{"href":"https:\/\/rakosliget.hu\/wordpress\/index.php\/wp-json\/wp\/v2\/media?parent=15421"}],"curies":[{"name":"wp","href":"https:\/\/api.w.org\/{rel}","templated":true}]}}