{"id":15413,"date":"2025-01-19T19:39:41","date_gmt":"2025-01-19T18:39:41","guid":{"rendered":"https:\/\/rakosliget.hu\/wordpress\/?page_id=15413"},"modified":"2025-01-24T03:44:28","modified_gmt":"2025-01-24T02:44:28","slug":"rac-1935","status":"publish","type":"page","link":"https:\/\/rakosliget.hu\/wordpress\/index.php\/rac-1935\/","title":{"rendered":"RAC 1935"},"content":{"rendered":"\n<p><a href=\"https:\/\/rakosliget.hu\/wordpress\/index.php\/rakosligeti-move-foci\/\">Vissza a FOCI lapra<\/a><\/p>\n\n\n\n<figure class=\"wp-block-image size-large\"><img loading=\"lazy\" decoding=\"async\" width=\"658\" height=\"1024\" src=\"https:\/\/rakosliget.hu\/wordpress\/wp-content\/uploads\/2025\/01\/1935_03_08_4-oldal-foci-658x1024.jpg\" alt=\"\" class=\"wp-image-15459\" srcset=\"https:\/\/rakosliget.hu\/wordpress\/wp-content\/uploads\/2025\/01\/1935_03_08_4-oldal-foci-658x1024.jpg 658w, https:\/\/rakosliget.hu\/wordpress\/wp-content\/uploads\/2025\/01\/1935_03_08_4-oldal-foci-193x300.jpg 193w, https:\/\/rakosliget.hu\/wordpress\/wp-content\/uploads\/2025\/01\/1935_03_08_4-oldal-foci.jpg 697w\" sizes=\"auto, (max-width: 658px) 100vw, 658px\" \/><figcaption class=\"wp-element-caption\">Nemzeti Sport 1935. 03. 08. 4. oldal <\/figcaption><\/figure>\n\n\n\n<figure class=\"wp-block-image size-full\"><img loading=\"lazy\" decoding=\"async\" width=\"660\" height=\"963\" src=\"https:\/\/rakosliget.hu\/wordpress\/wp-content\/uploads\/2025\/01\/1935_03_25_11-oldal-foci.jpg\" alt=\"\" class=\"wp-image-15461\" srcset=\"https:\/\/rakosliget.hu\/wordpress\/wp-content\/uploads\/2025\/01\/1935_03_25_11-oldal-foci.jpg 660w, https:\/\/rakosliget.hu\/wordpress\/wp-content\/uploads\/2025\/01\/1935_03_25_11-oldal-foci-206x300.jpg 206w\" sizes=\"auto, (max-width: 660px) 100vw, 660px\" \/><figcaption class=\"wp-element-caption\">Nemzeti Sport 1935. 03. 25. 11. oldal <\/figcaption><\/figure>\n\n\n\n<figure class=\"wp-block-image size-full\"><img loading=\"lazy\" decoding=\"async\" width=\"676\" height=\"513\" src=\"https:\/\/rakosliget.hu\/wordpress\/wp-content\/uploads\/2025\/01\/1935_04_16_-4-oldal-foci.jpg\" alt=\"\" class=\"wp-image-15462\" srcset=\"https:\/\/rakosliget.hu\/wordpress\/wp-content\/uploads\/2025\/01\/1935_04_16_-4-oldal-foci.jpg 676w, https:\/\/rakosliget.hu\/wordpress\/wp-content\/uploads\/2025\/01\/1935_04_16_-4-oldal-foci-300x228.jpg 300w\" sizes=\"auto, (max-width: 676px) 100vw, 676px\" \/><figcaption class=\"wp-element-caption\">Nemzeti Sport 1935. 04. 16. 4. oldal <\/figcaption><\/figure>\n\n\n\n<figure class=\"wp-block-image size-full\"><img loading=\"lazy\" decoding=\"async\" width=\"739\" height=\"751\" src=\"https:\/\/rakosliget.hu\/wordpress\/wp-content\/uploads\/2025\/01\/1935_04_18_-3-oldal-foci.jpg\" alt=\"\" class=\"wp-image-15463\" srcset=\"https:\/\/rakosliget.hu\/wordpress\/wp-content\/uploads\/2025\/01\/1935_04_18_-3-oldal-foci.jpg 739w, https:\/\/rakosliget.hu\/wordpress\/wp-content\/uploads\/2025\/01\/1935_04_18_-3-oldal-foci-295x300.jpg 295w\" sizes=\"auto, (max-width: 739px) 100vw, 739px\" \/><figcaption class=\"wp-element-caption\">Nemzeti Sport 1935. 04. 18. 3. oldal <\/figcaption><\/figure>\n\n\n\n<figure class=\"wp-block-image size-full\"><img loading=\"lazy\" decoding=\"async\" width=\"663\" height=\"549\" src=\"https:\/\/rakosliget.hu\/wordpress\/wp-content\/uploads\/2025\/01\/1935_04_19_-3-oldal-foci.jpg\" alt=\"\" class=\"wp-image-15464\" srcset=\"https:\/\/rakosliget.hu\/wordpress\/wp-content\/uploads\/2025\/01\/1935_04_19_-3-oldal-foci.jpg 663w, https:\/\/rakosliget.hu\/wordpress\/wp-content\/uploads\/2025\/01\/1935_04_19_-3-oldal-foci-300x248.jpg 300w\" sizes=\"auto, (max-width: 663px) 100vw, 663px\" \/><figcaption class=\"wp-element-caption\">Nemzeti Sport 1935. 04. 19. 3. oldal <\/figcaption><\/figure>\n\n\n<div class=\"wp-block-image\">\n<figure class=\"aligncenter size-large\"><img loading=\"lazy\" decoding=\"async\" width=\"482\" height=\"1024\" src=\"https:\/\/rakosliget.hu\/wordpress\/wp-content\/uploads\/2025\/01\/1935_04_23_-10-oldal-foci-482x1024.jpg\" alt=\"\" class=\"wp-image-15465\" srcset=\"https:\/\/rakosliget.hu\/wordpress\/wp-content\/uploads\/2025\/01\/1935_04_23_-10-oldal-foci-482x1024.jpg 482w, https:\/\/rakosliget.hu\/wordpress\/wp-content\/uploads\/2025\/01\/1935_04_23_-10-oldal-foci-141x300.jpg 141w, https:\/\/rakosliget.hu\/wordpress\/wp-content\/uploads\/2025\/01\/1935_04_23_-10-oldal-foci-722x1536.jpg 722w, https:\/\/rakosliget.hu\/wordpress\/wp-content\/uploads\/2025\/01\/1935_04_23_-10-oldal-foci.jpg 753w\" sizes=\"auto, (max-width: 482px) 100vw, 482px\" \/><figcaption class=\"wp-element-caption\">Nemzeti Sport 1935. 04. 23. 10. oldal <\/figcaption><\/figure>\n<\/div>\n\n<div class=\"wp-block-image\">\n<figure class=\"aligncenter size-full\"><img loading=\"lazy\" decoding=\"async\" width=\"691\" height=\"643\" src=\"https:\/\/rakosliget.hu\/wordpress\/wp-content\/uploads\/2025\/01\/1935_04_30_-4-oldal-foci.jpg\" alt=\"\" class=\"wp-image-15466\" srcset=\"https:\/\/rakosliget.hu\/wordpress\/wp-content\/uploads\/2025\/01\/1935_04_30_-4-oldal-foci.jpg 691w, https:\/\/rakosliget.hu\/wordpress\/wp-content\/uploads\/2025\/01\/1935_04_30_-4-oldal-foci-300x279.jpg 300w\" sizes=\"auto, (max-width: 691px) 100vw, 691px\" \/><figcaption class=\"wp-element-caption\">Nemzeti Sport 1935. 04. 30. 4. oldal <\/figcaption><\/figure>\n<\/div>\n\n<div class=\"wp-block-image\">\n<figure class=\"aligncenter size-full\"><img loading=\"lazy\" decoding=\"async\" width=\"706\" height=\"516\" src=\"https:\/\/rakosliget.hu\/wordpress\/wp-content\/uploads\/2025\/01\/1935_05_06_-10-oldal-foci.jpg\" alt=\"\" class=\"wp-image-15467\" srcset=\"https:\/\/rakosliget.hu\/wordpress\/wp-content\/uploads\/2025\/01\/1935_05_06_-10-oldal-foci.jpg 706w, https:\/\/rakosliget.hu\/wordpress\/wp-content\/uploads\/2025\/01\/1935_05_06_-10-oldal-foci-300x219.jpg 300w\" sizes=\"auto, (max-width: 706px) 100vw, 706px\" \/><figcaption class=\"wp-element-caption\">Nemzeti Sport 1935. 05. 06_. 10. oldal <\/figcaption><\/figure>\n<\/div>\n\n<div class=\"wp-block-image\">\n<figure class=\"aligncenter size-full\"><img loading=\"lazy\" decoding=\"async\" width=\"734\" height=\"667\" src=\"https:\/\/rakosliget.hu\/wordpress\/wp-content\/uploads\/2025\/01\/1935_05_12_-5-oldal-foci.jpg\" alt=\"\" class=\"wp-image-15468\" srcset=\"https:\/\/rakosliget.hu\/wordpress\/wp-content\/uploads\/2025\/01\/1935_05_12_-5-oldal-foci.jpg 734w, https:\/\/rakosliget.hu\/wordpress\/wp-content\/uploads\/2025\/01\/1935_05_12_-5-oldal-foci-300x273.jpg 300w\" sizes=\"auto, (max-width: 734px) 100vw, 734px\" \/><figcaption class=\"wp-element-caption\">Nemzeti Sport 1935. 05. 12. 5. oldal<\/figcaption><\/figure>\n<\/div>\n\n<div class=\"wp-block-image\">\n<figure class=\"aligncenter size-large\"><img loading=\"lazy\" decoding=\"async\" width=\"598\" height=\"1024\" src=\"https:\/\/rakosliget.hu\/wordpress\/wp-content\/uploads\/2025\/01\/1935_05_31_-2-oldal-foci-598x1024.jpg\" alt=\"\" class=\"wp-image-15469\" srcset=\"https:\/\/rakosliget.hu\/wordpress\/wp-content\/uploads\/2025\/01\/1935_05_31_-2-oldal-foci-598x1024.jpg 598w, https:\/\/rakosliget.hu\/wordpress\/wp-content\/uploads\/2025\/01\/1935_05_31_-2-oldal-foci-175x300.jpg 175w, https:\/\/rakosliget.hu\/wordpress\/wp-content\/uploads\/2025\/01\/1935_05_31_-2-oldal-foci.jpg 662w\" sizes=\"auto, (max-width: 598px) 100vw, 598px\" \/><figcaption class=\"wp-element-caption\">Nemzeti Sport 1935. 05. 31. 2. oldal <\/figcaption><\/figure>\n<\/div>\n\n<div class=\"wp-block-image\">\n<figure class=\"aligncenter size-full\"><img loading=\"lazy\" decoding=\"async\" width=\"670\" height=\"885\" src=\"https:\/\/rakosliget.hu\/wordpress\/wp-content\/uploads\/2025\/01\/1935_06_03_-8-oldal-foci.jpg\" alt=\"\" class=\"wp-image-15470\" srcset=\"https:\/\/rakosliget.hu\/wordpress\/wp-content\/uploads\/2025\/01\/1935_06_03_-8-oldal-foci.jpg 670w, https:\/\/rakosliget.hu\/wordpress\/wp-content\/uploads\/2025\/01\/1935_06_03_-8-oldal-foci-227x300.jpg 227w\" sizes=\"auto, (max-width: 670px) 100vw, 670px\" \/><figcaption class=\"wp-element-caption\">Nemzeti Sport 1935. 06. 03.  8. oldal <\/figcaption><\/figure>\n<\/div>\n\n<div class=\"wp-block-image\">\n<figure class=\"aligncenter size-full\"><img loading=\"lazy\" decoding=\"async\" width=\"669\" height=\"841\" src=\"https:\/\/rakosliget.hu\/wordpress\/wp-content\/uploads\/2025\/01\/1935_06_17_7-oldal-foci.jpg\" alt=\"\" class=\"wp-image-15471\" srcset=\"https:\/\/rakosliget.hu\/wordpress\/wp-content\/uploads\/2025\/01\/1935_06_17_7-oldal-foci.jpg 669w, https:\/\/rakosliget.hu\/wordpress\/wp-content\/uploads\/2025\/01\/1935_06_17_7-oldal-foci-239x300.jpg 239w\" sizes=\"auto, (max-width: 669px) 100vw, 669px\" \/><figcaption class=\"wp-element-caption\">Nemzeti Sport 1935. 06. 17. 7. oldal <\/figcaption><\/figure>\n<\/div>\n\n\n<figure class=\"wp-block-image size-full\"><img loading=\"lazy\" decoding=\"async\" width=\"674\" height=\"718\" src=\"https:\/\/rakosliget.hu\/wordpress\/wp-content\/uploads\/2025\/01\/1935_06_25_-2-oldal-foci.jpg\" alt=\"\" class=\"wp-image-15472\" srcset=\"https:\/\/rakosliget.hu\/wordpress\/wp-content\/uploads\/2025\/01\/1935_06_25_-2-oldal-foci.jpg 674w, https:\/\/rakosliget.hu\/wordpress\/wp-content\/uploads\/2025\/01\/1935_06_25_-2-oldal-foci-282x300.jpg 282w\" sizes=\"auto, (max-width: 674px) 100vw, 674px\" \/><figcaption class=\"wp-element-caption\">Nemzeti Sport 1935. 06. 25. 2. oldal <\/figcaption><\/figure>\n\n\n<div class=\"wp-block-image\">\n<figure class=\"aligncenter size-full\"><img loading=\"lazy\" decoding=\"async\" width=\"690\" height=\"451\" src=\"https:\/\/rakosliget.hu\/wordpress\/wp-content\/uploads\/2025\/01\/1935_07_01_-6-oldal-foci.jpg\" alt=\"\" class=\"wp-image-15473\" srcset=\"https:\/\/rakosliget.hu\/wordpress\/wp-content\/uploads\/2025\/01\/1935_07_01_-6-oldal-foci.jpg 690w, https:\/\/rakosliget.hu\/wordpress\/wp-content\/uploads\/2025\/01\/1935_07_01_-6-oldal-foci-300x196.jpg 300w\" sizes=\"auto, (max-width: 690px) 100vw, 690px\" \/><figcaption class=\"wp-element-caption\">Nemzeti Sport 1935. 07. 01. 6. oldal <\/figcaption><\/figure>\n<\/div>\n\n\n<figure class=\"wp-block-image size-full\"><img loading=\"lazy\" decoding=\"async\" width=\"660\" height=\"980\" src=\"https:\/\/rakosliget.hu\/wordpress\/wp-content\/uploads\/2025\/01\/1935_07_08_-5-oldal-foci.jpg\" alt=\"\" class=\"wp-image-15476\" srcset=\"https:\/\/rakosliget.hu\/wordpress\/wp-content\/uploads\/2025\/01\/1935_07_08_-5-oldal-foci.jpg 660w, https:\/\/rakosliget.hu\/wordpress\/wp-content\/uploads\/2025\/01\/1935_07_08_-5-oldal-foci-202x300.jpg 202w\" sizes=\"auto, (max-width: 660px) 100vw, 660px\" \/><figcaption class=\"wp-element-caption\">Nemzeti Sport 1935. 07. 08. 5. oldal <\/figcaption><\/figure>\n\n\n<div class=\"wp-block-image\">\n<figure class=\"aligncenter size-full\"><img loading=\"lazy\" decoding=\"async\" width=\"678\" height=\"174\" src=\"https:\/\/rakosliget.hu\/wordpress\/wp-content\/uploads\/2025\/01\/1935_07_15_-7-oldal-foci.jpg\" alt=\"\" class=\"wp-image-15474\" srcset=\"https:\/\/rakosliget.hu\/wordpress\/wp-content\/uploads\/2025\/01\/1935_07_15_-7-oldal-foci.jpg 678w, https:\/\/rakosliget.hu\/wordpress\/wp-content\/uploads\/2025\/01\/1935_07_15_-7-oldal-foci-300x77.jpg 300w\" sizes=\"auto, (max-width: 678px) 100vw, 678px\" \/><figcaption class=\"wp-element-caption\">Nemzeti Sport 1935. 07. 15. 7. oldal <\/figcaption><\/figure>\n<\/div>\n\n<div class=\"wp-block-image\">\n<figure class=\"aligncenter size-full\"><img loading=\"lazy\" decoding=\"async\" width=\"668\" height=\"933\" src=\"https:\/\/rakosliget.hu\/wordpress\/wp-content\/uploads\/2025\/01\/1935_07_23_-5-oldal-foci.jpg\" alt=\"\" class=\"wp-image-15477\" srcset=\"https:\/\/rakosliget.hu\/wordpress\/wp-content\/uploads\/2025\/01\/1935_07_23_-5-oldal-foci.jpg 668w, https:\/\/rakosliget.hu\/wordpress\/wp-content\/uploads\/2025\/01\/1935_07_23_-5-oldal-foci-215x300.jpg 215w\" sizes=\"auto, (max-width: 668px) 100vw, 668px\" \/><figcaption class=\"wp-element-caption\">Nemzeti Sport 1935. 07. 23. 5. oldal <\/figcaption><\/figure>\n<\/div>\n\n<div class=\"wp-block-image\">\n<figure class=\"aligncenter size-full\"><img loading=\"lazy\" decoding=\"async\" width=\"680\" height=\"314\" src=\"https:\/\/rakosliget.hu\/wordpress\/wp-content\/uploads\/2025\/01\/1935_07_25_4-oldal-foci.jpg\" alt=\"\" class=\"wp-image-15478\" srcset=\"https:\/\/rakosliget.hu\/wordpress\/wp-content\/uploads\/2025\/01\/1935_07_25_4-oldal-foci.jpg 680w, https:\/\/rakosliget.hu\/wordpress\/wp-content\/uploads\/2025\/01\/1935_07_25_4-oldal-foci-300x139.jpg 300w\" sizes=\"auto, (max-width: 680px) 100vw, 680px\" \/><figcaption class=\"wp-element-caption\">Nemzeti Sport 1935. 07. 25. 4. oldal <\/figcaption><\/figure>\n<\/div>\n\n<div class=\"wp-block-image\">\n<figure class=\"aligncenter size-large\"><img loading=\"lazy\" decoding=\"async\" width=\"388\" height=\"1024\" src=\"http:\/\/rakosliget.hu\/wordpress\/wp-content\/uploads\/2020\/01\/1914_15-bajnoki-sorsolas-388x1024.jpg\" alt=\"\" class=\"wp-image-4041\" srcset=\"https:\/\/rakosliget.hu\/wordpress\/wp-content\/uploads\/2020\/01\/1914_15-bajnoki-sorsolas-388x1024.jpg 388w, https:\/\/rakosliget.hu\/wordpress\/wp-content\/uploads\/2020\/01\/1914_15-bajnoki-sorsolas-114x300.jpg 114w, https:\/\/rakosliget.hu\/wordpress\/wp-content\/uploads\/2020\/01\/1914_15-bajnoki-sorsolas-768x2027.jpg 768w, https:\/\/rakosliget.hu\/wordpress\/wp-content\/uploads\/2020\/01\/1914_15-bajnoki-sorsolas-582x1536.jpg 582w, https:\/\/rakosliget.hu\/wordpress\/wp-content\/uploads\/2020\/01\/1914_15-bajnoki-sorsolas-776x2048.jpg 776w, https:\/\/rakosliget.hu\/wordpress\/wp-content\/uploads\/2020\/01\/1914_15-bajnoki-sorsolas.jpg 838w\" sizes=\"auto, (max-width: 388px) 100vw, 388px\" \/><figcaption class=\"wp-element-caption\">V\u00e1ci H\u00edrlap 60. sz\u00e1m 1935. augusztus 4. 4. oldal<\/figcaption><\/figure>\n<\/div>\n\n<div class=\"wp-block-image\">\n<figure class=\"aligncenter size-full\"><img loading=\"lazy\" decoding=\"async\" width=\"678\" height=\"123\" src=\"https:\/\/rakosliget.hu\/wordpress\/wp-content\/uploads\/2025\/01\/1935_08_19_-6-oldal-foci.jpg\" alt=\"\" class=\"wp-image-15479\" srcset=\"https:\/\/rakosliget.hu\/wordpress\/wp-content\/uploads\/2025\/01\/1935_08_19_-6-oldal-foci.jpg 678w, https:\/\/rakosliget.hu\/wordpress\/wp-content\/uploads\/2025\/01\/1935_08_19_-6-oldal-foci-300x54.jpg 300w\" sizes=\"auto, (max-width: 678px) 100vw, 678px\" \/><figcaption class=\"wp-element-caption\">Nemzeti  Sport 1935. 08. 19. 6. oldal <\/figcaption><\/figure>\n<\/div>\n\n\n<figure class=\"wp-block-image size-full\"><img loading=\"lazy\" decoding=\"async\" width=\"682\" height=\"717\" src=\"https:\/\/rakosliget.hu\/wordpress\/wp-content\/uploads\/2025\/01\/1935_08_25_-4-oldal-foci.jpg\" alt=\"\" class=\"wp-image-15480\" srcset=\"https:\/\/rakosliget.hu\/wordpress\/wp-content\/uploads\/2025\/01\/1935_08_25_-4-oldal-foci.jpg 682w, https:\/\/rakosliget.hu\/wordpress\/wp-content\/uploads\/2025\/01\/1935_08_25_-4-oldal-foci-285x300.jpg 285w\" sizes=\"auto, (max-width: 682px) 100vw, 682px\" \/><figcaption class=\"wp-element-caption\">Nemzeti Sport 1935. 08. 25_. 4. oldal <\/figcaption><\/figure>\n\n\n<div class=\"wp-block-image\">\n<figure class=\"aligncenter size-large\"><img loading=\"lazy\" decoding=\"async\" width=\"410\" height=\"898\" src=\"http:\/\/rakosliget.hu\/wordpress\/wp-content\/uploads\/2020\/01\/1935-szeptember-8.jpg\" alt=\"\" class=\"wp-image-4043\" srcset=\"https:\/\/rakosliget.hu\/wordpress\/wp-content\/uploads\/2020\/01\/1935-szeptember-8.jpg 410w, https:\/\/rakosliget.hu\/wordpress\/wp-content\/uploads\/2020\/01\/1935-szeptember-8-137x300.jpg 137w\" sizes=\"auto, (max-width: 410px) 100vw, 410px\" \/><figcaption class=\"wp-element-caption\">V\u00e1ci H\u00edrlap 69. sz\u00e1m 1935. szeptember 8. 4. oldal<\/figcaption><\/figure>\n<\/div>\n\n<div class=\"wp-block-image\">\n<figure class=\"aligncenter size-full\"><img loading=\"lazy\" decoding=\"async\" width=\"665\" height=\"757\" src=\"https:\/\/rakosliget.hu\/wordpress\/wp-content\/uploads\/2025\/01\/1935_09_10_3-oldal-foci.jpg\" alt=\"\" class=\"wp-image-15482\" srcset=\"https:\/\/rakosliget.hu\/wordpress\/wp-content\/uploads\/2025\/01\/1935_09_10_3-oldal-foci.jpg 665w, https:\/\/rakosliget.hu\/wordpress\/wp-content\/uploads\/2025\/01\/1935_09_10_3-oldal-foci-264x300.jpg 264w\" sizes=\"auto, (max-width: 665px) 100vw, 665px\" \/><figcaption class=\"wp-element-caption\">Nemzeti Sport 1935. 09. 10. 3. oldal <\/figcaption><\/figure>\n<\/div>\n\n<div class=\"wp-block-image\">\n<figure class=\"aligncenter size-large\"><img loading=\"lazy\" decoding=\"async\" width=\"296\" height=\"1024\" src=\"http:\/\/rakosliget.hu\/wordpress\/wp-content\/uploads\/2020\/01\/1935-szeptember15-296x1024.jpg\" alt=\"\" class=\"wp-image-4045\" srcset=\"https:\/\/rakosliget.hu\/wordpress\/wp-content\/uploads\/2020\/01\/1935-szeptember15-296x1024.jpg 296w, https:\/\/rakosliget.hu\/wordpress\/wp-content\/uploads\/2020\/01\/1935-szeptember15-87x300.jpg 87w, https:\/\/rakosliget.hu\/wordpress\/wp-content\/uploads\/2020\/01\/1935-szeptember15.jpg 420w\" sizes=\"auto, (max-width: 296px) 100vw, 296px\" \/><figcaption class=\"wp-element-caption\">V\u00e1ci H\u00edrlap 1935. szeptember 15. 6. oldal<\/figcaption><\/figure>\n<\/div>\n\n<div class=\"wp-block-image\">\n<figure class=\"aligncenter size-full\"><img loading=\"lazy\" decoding=\"async\" width=\"719\" height=\"298\" src=\"https:\/\/rakosliget.hu\/wordpress\/wp-content\/uploads\/2025\/01\/1935_09_16_-10-oldal-foci.jpg\" alt=\"\" class=\"wp-image-15483\" srcset=\"https:\/\/rakosliget.hu\/wordpress\/wp-content\/uploads\/2025\/01\/1935_09_16_-10-oldal-foci.jpg 719w, https:\/\/rakosliget.hu\/wordpress\/wp-content\/uploads\/2025\/01\/1935_09_16_-10-oldal-foci-300x124.jpg 300w\" sizes=\"auto, (max-width: 719px) 100vw, 719px\" \/><figcaption class=\"wp-element-caption\">Nemzeti Sport 1935. 09. 16.  10. oldal <\/figcaption><\/figure>\n<\/div>\n\n<div class=\"wp-block-image\">\n<figure class=\"aligncenter size-full\"><img loading=\"lazy\" decoding=\"async\" width=\"715\" height=\"297\" src=\"https:\/\/rakosliget.hu\/wordpress\/wp-content\/uploads\/2025\/01\/1935_09_23_-8-oldal-foci.jpg\" alt=\"\" class=\"wp-image-15484\" srcset=\"https:\/\/rakosliget.hu\/wordpress\/wp-content\/uploads\/2025\/01\/1935_09_23_-8-oldal-foci.jpg 715w, https:\/\/rakosliget.hu\/wordpress\/wp-content\/uploads\/2025\/01\/1935_09_23_-8-oldal-foci-300x125.jpg 300w\" sizes=\"auto, (max-width: 715px) 100vw, 715px\" \/><figcaption class=\"wp-element-caption\">Nemzeti Sport 1935. 09. 23.  8. oldal <\/figcaption><\/figure>\n<\/div>\n\n<div class=\"wp-block-image\">\n<figure class=\"aligncenter size-large\"><img loading=\"lazy\" decoding=\"async\" width=\"408\" height=\"1013\" src=\"http:\/\/rakosliget.hu\/wordpress\/wp-content\/uploads\/2020\/01\/1935-vac-rliget.jpg\" alt=\"\" class=\"wp-image-4047\" srcset=\"https:\/\/rakosliget.hu\/wordpress\/wp-content\/uploads\/2020\/01\/1935-vac-rliget.jpg 408w, https:\/\/rakosliget.hu\/wordpress\/wp-content\/uploads\/2020\/01\/1935-vac-rliget-121x300.jpg 121w\" sizes=\"auto, (max-width: 408px) 100vw, 408px\" \/><figcaption class=\"wp-element-caption\">V\u00e1ci H\u00edrlap 1935. szeptember 25. 4. oldal<\/figcaption><\/figure>\n<\/div>\n\n<div class=\"wp-block-image\">\n<figure class=\"aligncenter size-large\"><img loading=\"lazy\" decoding=\"async\" width=\"412\" height=\"403\" src=\"http:\/\/rakosliget.hu\/wordpress\/wp-content\/uploads\/2020\/01\/1935-okt\u00f3ber.jpg\" alt=\"\" class=\"wp-image-4049\" srcset=\"https:\/\/rakosliget.hu\/wordpress\/wp-content\/uploads\/2020\/01\/1935-okt\u00f3ber.jpg 412w, https:\/\/rakosliget.hu\/wordpress\/wp-content\/uploads\/2020\/01\/1935-okt\u00f3ber-300x293.jpg 300w\" sizes=\"auto, (max-width: 412px) 100vw, 412px\" \/><figcaption class=\"wp-element-caption\">V\u00e1ci H\u00edrlap 1935. okt\u00f3ber 6. 4. oldal<\/figcaption><\/figure>\n<\/div>\n\n<div class=\"wp-block-image\">\n<figure class=\"aligncenter size-full\"><img loading=\"lazy\" decoding=\"async\" width=\"667\" height=\"390\" src=\"https:\/\/rakosliget.hu\/wordpress\/wp-content\/uploads\/2025\/01\/1935_10_14_-8-oldal-foci.jpg\" alt=\"\" class=\"wp-image-15486\" srcset=\"https:\/\/rakosliget.hu\/wordpress\/wp-content\/uploads\/2025\/01\/1935_10_14_-8-oldal-foci.jpg 667w, https:\/\/rakosliget.hu\/wordpress\/wp-content\/uploads\/2025\/01\/1935_10_14_-8-oldal-foci-300x175.jpg 300w\" sizes=\"auto, (max-width: 667px) 100vw, 667px\" \/><figcaption class=\"wp-element-caption\">Nemzeti Sport 1935. 10. 14. 8. oldal <\/figcaption><\/figure>\n<\/div>\n\n\n<figure class=\"wp-block-image size-full\"><img loading=\"lazy\" decoding=\"async\" width=\"669\" height=\"277\" src=\"https:\/\/rakosliget.hu\/wordpress\/wp-content\/uploads\/2025\/01\/1935_10_21_-9-oldal-foci.jpg\" alt=\"\" class=\"wp-image-15487\" srcset=\"https:\/\/rakosliget.hu\/wordpress\/wp-content\/uploads\/2025\/01\/1935_10_21_-9-oldal-foci.jpg 669w, https:\/\/rakosliget.hu\/wordpress\/wp-content\/uploads\/2025\/01\/1935_10_21_-9-oldal-foci-300x124.jpg 300w\" sizes=\"auto, (max-width: 669px) 100vw, 669px\" \/><figcaption class=\"wp-element-caption\">Nemzeti Sport 1935. 10. 21. 9. oldal <\/figcaption><\/figure>\n\n\n<div class=\"wp-block-image\">\n<figure class=\"aligncenter size-large\"><img loading=\"lazy\" decoding=\"async\" width=\"405\" height=\"387\" src=\"http:\/\/rakosliget.hu\/wordpress\/wp-content\/uploads\/2020\/01\/1935-okt\u00f3ber-27.jpg\" alt=\"\" class=\"wp-image-4051\" srcset=\"https:\/\/rakosliget.hu\/wordpress\/wp-content\/uploads\/2020\/01\/1935-okt\u00f3ber-27.jpg 405w, https:\/\/rakosliget.hu\/wordpress\/wp-content\/uploads\/2020\/01\/1935-okt\u00f3ber-27-300x287.jpg 300w\" sizes=\"auto, (max-width: 405px) 100vw, 405px\" \/><figcaption class=\"wp-element-caption\">V\u00e1ci H\u00edrlap 1935. okt\u00f3ber 27. 4.oldal<\/figcaption><\/figure>\n<\/div>\n\n<div class=\"wp-block-image\">\n<figure class=\"aligncenter size-full\"><img loading=\"lazy\" decoding=\"async\" width=\"736\" height=\"315\" src=\"https:\/\/rakosliget.hu\/wordpress\/wp-content\/uploads\/2025\/01\/1935_10_28_-9-oldal-foci.jpg\" alt=\"\" class=\"wp-image-15488\" srcset=\"https:\/\/rakosliget.hu\/wordpress\/wp-content\/uploads\/2025\/01\/1935_10_28_-9-oldal-foci.jpg 736w, https:\/\/rakosliget.hu\/wordpress\/wp-content\/uploads\/2025\/01\/1935_10_28_-9-oldal-foci-300x128.jpg 300w\" sizes=\"auto, (max-width: 736px) 100vw, 736px\" \/><figcaption class=\"wp-element-caption\">Nemzeti Sport 1935. 10. 28.  9. oldal <\/figcaption><\/figure>\n<\/div>\n\n<div class=\"wp-block-image\">\n<figure class=\"aligncenter size-large\"><img loading=\"lazy\" decoding=\"async\" width=\"409\" height=\"386\" src=\"http:\/\/rakosliget.hu\/wordpress\/wp-content\/uploads\/2020\/01\/1935-november.jpg\" alt=\"\" class=\"wp-image-4053\" srcset=\"https:\/\/rakosliget.hu\/wordpress\/wp-content\/uploads\/2020\/01\/1935-november.jpg 409w, https:\/\/rakosliget.hu\/wordpress\/wp-content\/uploads\/2020\/01\/1935-november-300x283.jpg 300w\" sizes=\"auto, (max-width: 409px) 100vw, 409px\" \/><figcaption class=\"wp-element-caption\">V\u00e1ci H\u00edrlap 1935. november 3. 6. oldal<\/figcaption><\/figure>\n<\/div>\n\n<div class=\"wp-block-image\">\n<figure class=\"aligncenter size-large\"><img loading=\"lazy\" decoding=\"async\" width=\"448\" height=\"221\" src=\"http:\/\/rakosliget.hu\/wordpress\/wp-content\/uploads\/2020\/01\/1935-november-24.jpg\" alt=\"\" class=\"wp-image-4055\" srcset=\"https:\/\/rakosliget.hu\/wordpress\/wp-content\/uploads\/2020\/01\/1935-november-24.jpg 448w, https:\/\/rakosliget.hu\/wordpress\/wp-content\/uploads\/2020\/01\/1935-november-24-300x148.jpg 300w\" sizes=\"auto, (max-width: 448px) 100vw, 448px\" \/><figcaption class=\"wp-element-caption\">V\u00e1ci H\u00edrlap 1935. november 24. 4. oldal<\/figcaption><\/figure>\n<\/div>\n\n\n<p><a href=\"https:\/\/rakosliget.hu\/wordpress\/index.php\/rakosligeti-move-foci\/\">Vissza a FOCI lapra<\/a><\/p>\n","protected":false},"excerpt":{"rendered":"<p>Vissza a FOCI lapra Vissza a FOCI lapra<\/p>\n","protected":false},"author":1,"featured_media":0,"parent":0,"menu_order":0,"comment_status":"closed","ping_status":"closed","template":"","meta":{"footnotes":""},"class_list":["post-15413","page","type-page","status-publish","hentry"],"_links":{"self":[{"href":"https:\/\/rakosliget.hu\/wordpress\/index.php\/wp-json\/wp\/v2\/pages\/15413","targetHints":{"allow":["GET"]}}],"collection":[{"href":"https:\/\/rakosliget.hu\/wordpress\/index.php\/wp-json\/wp\/v2\/pages"}],"about":[{"href":"https:\/\/rakosliget.hu\/wordpress\/index.php\/wp-json\/wp\/v2\/types\/page"}],"author":[{"embeddable":true,"href":"https:\/\/rakosliget.hu\/wordpress\/index.php\/wp-json\/wp\/v2\/users\/1"}],"replies":[{"embeddable":true,"href":"https:\/\/rakosliget.hu\/wordpress\/index.php\/wp-json\/wp\/v2\/comments?post=15413"}],"version-history":[{"count":7,"href":"https:\/\/rakosliget.hu\/wordpress\/index.php\/wp-json\/wp\/v2\/pages\/15413\/revisions"}],"predecessor-version":[{"id":15490,"href":"https:\/\/rakosliget.hu\/wordpress\/index.php\/wp-json\/wp\/v2\/pages\/15413\/revisions\/15490"}],"wp:attachment":[{"href":"https:\/\/rakosliget.hu\/wordpress\/index.php\/wp-json\/wp\/v2\/media?parent=15413"}],"curies":[{"name":"wp","href":"https:\/\/api.w.org\/{rel}","templated":true}]}}