{"id":15385,"date":"2025-01-19T19:35:51","date_gmt":"2025-01-19T18:35:51","guid":{"rendered":"https:\/\/rakosliget.hu\/wordpress\/?page_id=15385"},"modified":"2025-03-16T11:48:53","modified_gmt":"2025-03-16T10:48:53","slug":"rac-1934","status":"publish","type":"page","link":"https:\/\/rakosliget.hu\/wordpress\/index.php\/rac-1934\/","title":{"rendered":"RAC 1934"},"content":{"rendered":"\n<p><a href=\"https:\/\/rakosliget.hu\/wordpress\/index.php\/rakosligeti-move-foci\/\">Vissza a FOCI lapra<\/a><\/p>\n\n\n\n<p><strong>A RAC \u00faj neve RAC MOVE<\/strong> (Err\u0151l b\u0151vebben <a href=\"https:\/\/rakosliget.hu\/wordpress\/index.php\/rac-rac-ii-rac-iii-move-1941-2\/\">1942. \u00e9v <\/a>alatt lehet olvasni.)<\/p>\n\n\n\n<p class=\"has-text-align-center\">A RAC j\u00e1t\u00e9kosa Oranban.<\/p>\n\n\n\n<figure class=\"wp-block-image size-full\"><img loading=\"lazy\" decoding=\"async\" width=\"709\" height=\"480\" src=\"https:\/\/rakosliget.hu\/wordpress\/wp-content\/uploads\/2025\/01\/1934_01_11_-2-oldal-foci.jpg\" alt=\"\" class=\"wp-image-15389\" srcset=\"https:\/\/rakosliget.hu\/wordpress\/wp-content\/uploads\/2025\/01\/1934_01_11_-2-oldal-foci.jpg 709w, https:\/\/rakosliget.hu\/wordpress\/wp-content\/uploads\/2025\/01\/1934_01_11_-2-oldal-foci-300x203.jpg 300w\" sizes=\"auto, (max-width: 709px) 100vw, 709px\" \/><figcaption class=\"wp-element-caption\">Nemzeti Sport 1934. 01. 11. 2. oldal <\/figcaption><\/figure>\n\n\n<div class=\"wp-block-image\">\n<figure class=\"aligncenter size-full\"><img loading=\"lazy\" decoding=\"async\" width=\"680\" height=\"232\" src=\"https:\/\/rakosliget.hu\/wordpress\/wp-content\/uploads\/2025\/01\/1934_01_11_-2-oldal-foci2.jpg\" alt=\"\" class=\"wp-image-15392\" srcset=\"https:\/\/rakosliget.hu\/wordpress\/wp-content\/uploads\/2025\/01\/1934_01_11_-2-oldal-foci2.jpg 680w, https:\/\/rakosliget.hu\/wordpress\/wp-content\/uploads\/2025\/01\/1934_01_11_-2-oldal-foci2-300x102.jpg 300w\" sizes=\"auto, (max-width: 680px) 100vw, 680px\" \/><figcaption class=\"wp-element-caption\">Nemzeti Sport 1934. 01. 11. 2. oldal <\/figcaption><\/figure>\n<\/div>\n\n<div class=\"wp-block-image\">\n<figure class=\"aligncenter size-full\"><img loading=\"lazy\" decoding=\"async\" width=\"663\" height=\"848\" src=\"https:\/\/rakosliget.hu\/wordpress\/wp-content\/uploads\/2025\/01\/1934_02_12_-7-oldal-foci.jpg\" alt=\"\" class=\"wp-image-15395\" srcset=\"https:\/\/rakosliget.hu\/wordpress\/wp-content\/uploads\/2025\/01\/1934_02_12_-7-oldal-foci.jpg 663w, https:\/\/rakosliget.hu\/wordpress\/wp-content\/uploads\/2025\/01\/1934_02_12_-7-oldal-foci-235x300.jpg 235w\" sizes=\"auto, (max-width: 663px) 100vw, 663px\" \/><figcaption class=\"wp-element-caption\">Nemzeti Sport 1934. 02. 12. 7. oldal <\/figcaption><\/figure>\n<\/div>\n\n<div class=\"wp-block-image\">\n<figure class=\"aligncenter size-full\"><img loading=\"lazy\" decoding=\"async\" width=\"661\" height=\"638\" src=\"https:\/\/rakosliget.hu\/wordpress\/wp-content\/uploads\/2025\/01\/1934_04_08_4-oldal-foci.jpg\" alt=\"\" class=\"wp-image-15396\" srcset=\"https:\/\/rakosliget.hu\/wordpress\/wp-content\/uploads\/2025\/01\/1934_04_08_4-oldal-foci.jpg 661w, https:\/\/rakosliget.hu\/wordpress\/wp-content\/uploads\/2025\/01\/1934_04_08_4-oldal-foci-300x290.jpg 300w\" sizes=\"auto, (max-width: 661px) 100vw, 661px\" \/><figcaption class=\"wp-element-caption\">Nemzeti Sport 1934. 04. 08. 4. oldal<\/figcaption><\/figure>\n<\/div>\n\n<div class=\"wp-block-image\">\n<figure class=\"aligncenter size-full\"><img loading=\"lazy\" decoding=\"async\" width=\"664\" height=\"811\" src=\"https:\/\/rakosliget.hu\/wordpress\/wp-content\/uploads\/2025\/01\/1934_05_28_10-oldal-foci.jpg\" alt=\"\" class=\"wp-image-15399\" srcset=\"https:\/\/rakosliget.hu\/wordpress\/wp-content\/uploads\/2025\/01\/1934_05_28_10-oldal-foci.jpg 664w, https:\/\/rakosliget.hu\/wordpress\/wp-content\/uploads\/2025\/01\/1934_05_28_10-oldal-foci-246x300.jpg 246w\" sizes=\"auto, (max-width: 664px) 100vw, 664px\" \/><figcaption class=\"wp-element-caption\">Nemzeti Sport 1934. 05. 28. 10. oldal <\/figcaption><\/figure>\n<\/div>\n\n<div class=\"wp-block-image\">\n<figure class=\"aligncenter size-full\"><img loading=\"lazy\" decoding=\"async\" width=\"682\" height=\"116\" src=\"https:\/\/rakosliget.hu\/wordpress\/wp-content\/uploads\/2025\/01\/1934_07_31_-3-oldal-foci.jpg\" alt=\"\" class=\"wp-image-15400\" srcset=\"https:\/\/rakosliget.hu\/wordpress\/wp-content\/uploads\/2025\/01\/1934_07_31_-3-oldal-foci.jpg 682w, https:\/\/rakosliget.hu\/wordpress\/wp-content\/uploads\/2025\/01\/1934_07_31_-3-oldal-foci-300x51.jpg 300w\" sizes=\"auto, (max-width: 682px) 100vw, 682px\" \/><figcaption class=\"wp-element-caption\">Nemzeti Sport 1934. 07. 31. 3. oldal <\/figcaption><\/figure>\n<\/div>\n\n<div class=\"wp-block-image\">\n<figure class=\"aligncenter size-large\"><img loading=\"lazy\" decoding=\"async\" width=\"459\" height=\"1024\" src=\"https:\/\/rakosliget.hu\/wordpress\/wp-content\/uploads\/2025\/01\/1934_09_-10_-10-oldal-foci-459x1024.jpg\" alt=\"\" class=\"wp-image-15401\" srcset=\"https:\/\/rakosliget.hu\/wordpress\/wp-content\/uploads\/2025\/01\/1934_09_-10_-10-oldal-foci-459x1024.jpg 459w, https:\/\/rakosliget.hu\/wordpress\/wp-content\/uploads\/2025\/01\/1934_09_-10_-10-oldal-foci-135x300.jpg 135w, https:\/\/rakosliget.hu\/wordpress\/wp-content\/uploads\/2025\/01\/1934_09_-10_-10-oldal-foci.jpg 676w\" sizes=\"auto, (max-width: 459px) 100vw, 459px\" \/><figcaption class=\"wp-element-caption\">Nemzeti Sport 1934. 09. 10. 10. oldal <\/figcaption><\/figure>\n<\/div>\n\n<div class=\"wp-block-image\">\n<figure class=\"aligncenter size-large\"><img loading=\"lazy\" decoding=\"async\" width=\"644\" height=\"1024\" src=\"https:\/\/rakosliget.hu\/wordpress\/wp-content\/uploads\/2025\/01\/1934_09_17_-9-oldal-foci-644x1024.jpg\" alt=\"\" class=\"wp-image-15402\" srcset=\"https:\/\/rakosliget.hu\/wordpress\/wp-content\/uploads\/2025\/01\/1934_09_17_-9-oldal-foci-644x1024.jpg 644w, https:\/\/rakosliget.hu\/wordpress\/wp-content\/uploads\/2025\/01\/1934_09_17_-9-oldal-foci-189x300.jpg 189w, https:\/\/rakosliget.hu\/wordpress\/wp-content\/uploads\/2025\/01\/1934_09_17_-9-oldal-foci.jpg 692w\" sizes=\"auto, (max-width: 644px) 100vw, 644px\" \/><figcaption class=\"wp-element-caption\">Nemzeti Sport 1934. 09. 17. 9. oldal <\/figcaption><\/figure>\n<\/div>\n\n<div class=\"wp-block-image\">\n<figure class=\"aligncenter size-full\"><img loading=\"lazy\" decoding=\"async\" width=\"661\" height=\"203\" src=\"https:\/\/rakosliget.hu\/wordpress\/wp-content\/uploads\/2025\/01\/1934_10_-22_-10-oldal-foci.jpg\" alt=\"\" class=\"wp-image-15403\" srcset=\"https:\/\/rakosliget.hu\/wordpress\/wp-content\/uploads\/2025\/01\/1934_10_-22_-10-oldal-foci.jpg 661w, https:\/\/rakosliget.hu\/wordpress\/wp-content\/uploads\/2025\/01\/1934_10_-22_-10-oldal-foci-300x92.jpg 300w\" sizes=\"auto, (max-width: 661px) 100vw, 661px\" \/><figcaption class=\"wp-element-caption\">Nemzeti Sport 1934. 10. 22. 10. oldal <\/figcaption><\/figure>\n<\/div>\n\n<div class=\"wp-block-image\">\n<figure class=\"aligncenter size-full\"><img loading=\"lazy\" decoding=\"async\" width=\"656\" height=\"760\" src=\"https:\/\/rakosliget.hu\/wordpress\/wp-content\/uploads\/2025\/01\/1934_10_18_4-oldal-foci.jpg\" alt=\"\" class=\"wp-image-15419\" srcset=\"https:\/\/rakosliget.hu\/wordpress\/wp-content\/uploads\/2025\/01\/1934_10_18_4-oldal-foci.jpg 656w, https:\/\/rakosliget.hu\/wordpress\/wp-content\/uploads\/2025\/01\/1934_10_18_4-oldal-foci-259x300.jpg 259w\" sizes=\"auto, (max-width: 656px) 100vw, 656px\" \/><figcaption class=\"wp-element-caption\">Nemzeti Sport 1934. 10. 18. 4. oldal<\/figcaption><\/figure>\n<\/div>\n\n<div class=\"wp-block-image\">\n<figure class=\"aligncenter size-full\"><img loading=\"lazy\" decoding=\"async\" width=\"692\" height=\"211\" src=\"https:\/\/rakosliget.hu\/wordpress\/wp-content\/uploads\/2025\/01\/1934_10_29_-11-oldal-foci.jpg\" alt=\"\" class=\"wp-image-15404\" srcset=\"https:\/\/rakosliget.hu\/wordpress\/wp-content\/uploads\/2025\/01\/1934_10_29_-11-oldal-foci.jpg 692w, https:\/\/rakosliget.hu\/wordpress\/wp-content\/uploads\/2025\/01\/1934_10_29_-11-oldal-foci-300x91.jpg 300w\" sizes=\"auto, (max-width: 692px) 100vw, 692px\" \/><figcaption class=\"wp-element-caption\">1934. 10.29. 11. oldal <\/figcaption><\/figure>\n<\/div>\n\n\n<figure class=\"wp-block-image size-full\"><img loading=\"lazy\" decoding=\"async\" width=\"655\" height=\"233\" src=\"https:\/\/rakosliget.hu\/wordpress\/wp-content\/uploads\/2025\/01\/1934_11_12_-10-oldal-2.jpg\" alt=\"\" class=\"wp-image-15405\" srcset=\"https:\/\/rakosliget.hu\/wordpress\/wp-content\/uploads\/2025\/01\/1934_11_12_-10-oldal-2.jpg 655w, https:\/\/rakosliget.hu\/wordpress\/wp-content\/uploads\/2025\/01\/1934_11_12_-10-oldal-2-300x107.jpg 300w\" sizes=\"auto, (max-width: 655px) 100vw, 655px\" \/><figcaption class=\"wp-element-caption\">Nemzeti Sport 1934. 11. 12. 10. oldal<\/figcaption><\/figure>\n\n\n<div class=\"wp-block-image\">\n<figure class=\"aligncenter size-full\"><img loading=\"lazy\" decoding=\"async\" width=\"660\" height=\"100\" src=\"https:\/\/rakosliget.hu\/wordpress\/wp-content\/uploads\/2025\/01\/1934_11_12_-10-oldal-foci.jpg\" alt=\"\" class=\"wp-image-15407\" srcset=\"https:\/\/rakosliget.hu\/wordpress\/wp-content\/uploads\/2025\/01\/1934_11_12_-10-oldal-foci.jpg 660w, https:\/\/rakosliget.hu\/wordpress\/wp-content\/uploads\/2025\/01\/1934_11_12_-10-oldal-foci-300x45.jpg 300w\" sizes=\"auto, (max-width: 660px) 100vw, 660px\" \/><figcaption class=\"wp-element-caption\">Nemzeti Sport 1934. 11. 12. 10. oldal <\/figcaption><\/figure>\n<\/div>\n\n<div class=\"wp-block-image\">\n<figure class=\"aligncenter size-large\"><img loading=\"lazy\" decoding=\"async\" width=\"178\" height=\"1024\" src=\"https:\/\/rakosliget.hu\/wordpress\/wp-content\/uploads\/2025\/01\/1934_11_16_-2-oldal-foci-178x1024.jpg\" alt=\"\" class=\"wp-image-15408\" srcset=\"https:\/\/rakosliget.hu\/wordpress\/wp-content\/uploads\/2025\/01\/1934_11_16_-2-oldal-foci-178x1024.jpg 178w, https:\/\/rakosliget.hu\/wordpress\/wp-content\/uploads\/2025\/01\/1934_11_16_-2-oldal-foci-52x300.jpg 52w, https:\/\/rakosliget.hu\/wordpress\/wp-content\/uploads\/2025\/01\/1934_11_16_-2-oldal-foci-267x1536.jpg 267w, https:\/\/rakosliget.hu\/wordpress\/wp-content\/uploads\/2025\/01\/1934_11_16_-2-oldal-foci-356x2048.jpg 356w\" sizes=\"auto, (max-width: 178px) 100vw, 178px\" \/><figcaption class=\"wp-element-caption\">Nemzeti Sport 1934. 11. 16.  2. oldal <\/figcaption><\/figure>\n<\/div>\n\n\n<figure class=\"wp-block-image size-full\"><img loading=\"lazy\" decoding=\"async\" width=\"669\" height=\"795\" src=\"https:\/\/rakosliget.hu\/wordpress\/wp-content\/uploads\/2025\/01\/1934_11_26_-10-oldal-foci.jpg\" alt=\"\" class=\"wp-image-15410\" srcset=\"https:\/\/rakosliget.hu\/wordpress\/wp-content\/uploads\/2025\/01\/1934_11_26_-10-oldal-foci.jpg 669w, https:\/\/rakosliget.hu\/wordpress\/wp-content\/uploads\/2025\/01\/1934_11_26_-10-oldal-foci-252x300.jpg 252w\" sizes=\"auto, (max-width: 669px) 100vw, 669px\" \/><figcaption class=\"wp-element-caption\">Nemzeti Sport 1934. 11. 26. 10. oldal<\/figcaption><\/figure>\n\n\n\n<p><a href=\"https:\/\/rakosliget.hu\/wordpress\/index.php\/rakosligeti-move-foci\/\">Vissza a FOCI lapra<\/a><\/p>\n","protected":false},"excerpt":{"rendered":"<p>Vissza a FOCI lapra A RAC \u00faj neve RAC MOVE (Err\u0151l b\u0151vebben 1942. \u00e9v alatt lehet olvasni.) A RAC j\u00e1t\u00e9kosa Oranban. Vissza a FOCI lapra<\/p>\n","protected":false},"author":1,"featured_media":0,"parent":0,"menu_order":0,"comment_status":"closed","ping_status":"closed","template":"","meta":{"footnotes":""},"class_list":["post-15385","page","type-page","status-publish","hentry"],"_links":{"self":[{"href":"https:\/\/rakosliget.hu\/wordpress\/index.php\/wp-json\/wp\/v2\/pages\/15385","targetHints":{"allow":["GET"]}}],"collection":[{"href":"https:\/\/rakosliget.hu\/wordpress\/index.php\/wp-json\/wp\/v2\/pages"}],"about":[{"href":"https:\/\/rakosliget.hu\/wordpress\/index.php\/wp-json\/wp\/v2\/types\/page"}],"author":[{"embeddable":true,"href":"https:\/\/rakosliget.hu\/wordpress\/index.php\/wp-json\/wp\/v2\/users\/1"}],"replies":[{"embeddable":true,"href":"https:\/\/rakosliget.hu\/wordpress\/index.php\/wp-json\/wp\/v2\/comments?post=15385"}],"version-history":[{"count":13,"href":"https:\/\/rakosliget.hu\/wordpress\/index.php\/wp-json\/wp\/v2\/pages\/15385\/revisions"}],"predecessor-version":[{"id":17096,"href":"https:\/\/rakosliget.hu\/wordpress\/index.php\/wp-json\/wp\/v2\/pages\/15385\/revisions\/17096"}],"wp:attachment":[{"href":"https:\/\/rakosliget.hu\/wordpress\/index.php\/wp-json\/wp\/v2\/media?parent=15385"}],"curies":[{"name":"wp","href":"https:\/\/api.w.org\/{rel}","templated":true}]}}