{"id":15369,"date":"2025-01-19T13:06:54","date_gmt":"2025-01-19T12:06:54","guid":{"rendered":"https:\/\/rakosliget.hu\/wordpress\/?page_id=15369"},"modified":"2025-08-24T07:24:48","modified_gmt":"2025-08-24T06:24:48","slug":"atletika-1933","status":"publish","type":"page","link":"https:\/\/rakosliget.hu\/wordpress\/index.php\/atletika-1933\/","title":{"rendered":"ATL\u00c9TIKA 1933"},"content":{"rendered":"\n<p><a href=\"https:\/\/rakosliget.hu\/wordpress\/index.php\/atlatika-rakosligeti-move\/\">Vissza az ATL\u00c9TIKA lapra<\/a><\/p>\n\n\n\n<figure class=\"wp-block-image size-full\"><img loading=\"lazy\" decoding=\"async\" width=\"1468\" height=\"916\" src=\"https:\/\/rakosliget.hu\/wordpress\/wp-content\/uploads\/2025\/08\/MASZ1933.jpg\" alt=\"\" class=\"wp-image-17938\" srcset=\"https:\/\/rakosliget.hu\/wordpress\/wp-content\/uploads\/2025\/08\/MASZ1933.jpg 1468w, https:\/\/rakosliget.hu\/wordpress\/wp-content\/uploads\/2025\/08\/MASZ1933-300x187.jpg 300w, https:\/\/rakosliget.hu\/wordpress\/wp-content\/uploads\/2025\/08\/MASZ1933-768x479.jpg 768w\" sizes=\"auto, (max-width: 1468px) 100vw, 1468px\" \/><figcaption class=\"wp-element-caption\">Forr\u00e1s: A Magyar Athletikai Sz\u00f6vets\u00e9g \u00c9vk\u00f6nyve, 1933<\/figcaption><\/figure>\n\n\n<div class=\"wp-block-image\">\n<figure class=\"aligncenter size-large\"><img loading=\"lazy\" decoding=\"async\" width=\"405\" height=\"1024\" src=\"https:\/\/rakosliget.hu\/wordpress\/wp-content\/uploads\/2025\/01\/1933_03_12_6-oldal-atletika-405x1024.jpg\" alt=\"\" class=\"wp-image-15371\" srcset=\"https:\/\/rakosliget.hu\/wordpress\/wp-content\/uploads\/2025\/01\/1933_03_12_6-oldal-atletika-405x1024.jpg 405w, https:\/\/rakosliget.hu\/wordpress\/wp-content\/uploads\/2025\/01\/1933_03_12_6-oldal-atletika-119x300.jpg 119w, https:\/\/rakosliget.hu\/wordpress\/wp-content\/uploads\/2025\/01\/1933_03_12_6-oldal-atletika-768x1941.jpg 768w, https:\/\/rakosliget.hu\/wordpress\/wp-content\/uploads\/2025\/01\/1933_03_12_6-oldal-atletika-608x1536.jpg 608w, https:\/\/rakosliget.hu\/wordpress\/wp-content\/uploads\/2025\/01\/1933_03_12_6-oldal-atletika-810x2048.jpg 810w, https:\/\/rakosliget.hu\/wordpress\/wp-content\/uploads\/2025\/01\/1933_03_12_6-oldal-atletika-scaled.jpg 1013w\" sizes=\"auto, (max-width: 405px) 100vw, 405px\" \/><figcaption class=\"wp-element-caption\">Nemzeti Sport 1933. 03. 12. 6. oldal <\/figcaption><\/figure>\n<\/div>\n\n<div class=\"wp-block-image\">\n<figure class=\"aligncenter size-large\"><img loading=\"lazy\" decoding=\"async\" width=\"374\" height=\"1024\" src=\"https:\/\/rakosliget.hu\/wordpress\/wp-content\/uploads\/2025\/01\/1933_03_15_-52-oldal-atletika-374x1024.jpg\" alt=\"\" class=\"wp-image-15372\" srcset=\"https:\/\/rakosliget.hu\/wordpress\/wp-content\/uploads\/2025\/01\/1933_03_15_-52-oldal-atletika-374x1024.jpg 374w, https:\/\/rakosliget.hu\/wordpress\/wp-content\/uploads\/2025\/01\/1933_03_15_-52-oldal-atletika-110x300.jpg 110w, https:\/\/rakosliget.hu\/wordpress\/wp-content\/uploads\/2025\/01\/1933_03_15_-52-oldal-atletika-768x2100.jpg 768w, https:\/\/rakosliget.hu\/wordpress\/wp-content\/uploads\/2025\/01\/1933_03_15_-52-oldal-atletika-749x2048.jpg 749w, https:\/\/rakosliget.hu\/wordpress\/wp-content\/uploads\/2025\/01\/1933_03_15_-52-oldal-atletika-scaled.jpg 936w\" sizes=\"auto, (max-width: 374px) 100vw, 374px\" \/><figcaption class=\"wp-element-caption\">Nemzeti Sport 1933. 03. 15. 52. oldal <\/figcaption><\/figure>\n<\/div>\n\n<div class=\"wp-block-image\">\n<figure class=\"aligncenter size-large\"><img loading=\"lazy\" decoding=\"async\" width=\"663\" height=\"1024\" src=\"https:\/\/rakosliget.hu\/wordpress\/wp-content\/uploads\/2025\/01\/1933_03_21_-8-oldal-atletika-remecz-663x1024.jpg\" alt=\"\" class=\"wp-image-15373\" srcset=\"https:\/\/rakosliget.hu\/wordpress\/wp-content\/uploads\/2025\/01\/1933_03_21_-8-oldal-atletika-remecz-663x1024.jpg 663w, https:\/\/rakosliget.hu\/wordpress\/wp-content\/uploads\/2025\/01\/1933_03_21_-8-oldal-atletika-remecz-194x300.jpg 194w, https:\/\/rakosliget.hu\/wordpress\/wp-content\/uploads\/2025\/01\/1933_03_21_-8-oldal-atletika-remecz-768x1186.jpg 768w, https:\/\/rakosliget.hu\/wordpress\/wp-content\/uploads\/2025\/01\/1933_03_21_-8-oldal-atletika-remecz-995x1536.jpg 995w, https:\/\/rakosliget.hu\/wordpress\/wp-content\/uploads\/2025\/01\/1933_03_21_-8-oldal-atletika-remecz-1327x2048.jpg 1327w, https:\/\/rakosliget.hu\/wordpress\/wp-content\/uploads\/2025\/01\/1933_03_21_-8-oldal-atletika-remecz-scaled.jpg 1658w\" sizes=\"auto, (max-width: 663px) 100vw, 663px\" \/><figcaption class=\"wp-element-caption\">Nemzeti Sport 1933. 03. 21. 8. oldal <\/figcaption><\/figure>\n<\/div>\n\n<div class=\"wp-block-image\">\n<figure class=\"aligncenter size-full\"><img loading=\"lazy\" decoding=\"async\" width=\"695\" height=\"912\" src=\"https:\/\/rakosliget.hu\/wordpress\/wp-content\/uploads\/2025\/01\/1933_07_21_-6-oldal-atletika.jpg\" alt=\"\" class=\"wp-image-15375\" srcset=\"https:\/\/rakosliget.hu\/wordpress\/wp-content\/uploads\/2025\/01\/1933_07_21_-6-oldal-atletika.jpg 695w, https:\/\/rakosliget.hu\/wordpress\/wp-content\/uploads\/2025\/01\/1933_07_21_-6-oldal-atletika-229x300.jpg 229w\" sizes=\"auto, (max-width: 695px) 100vw, 695px\" \/><figcaption class=\"wp-element-caption\">Nemzeti Sport 1933. 07. 21. 6. oldal <\/figcaption><\/figure>\n<\/div>\n\n<div class=\"wp-block-image\">\n<figure class=\"aligncenter size-full\"><img loading=\"lazy\" decoding=\"async\" width=\"691\" height=\"954\" src=\"https:\/\/rakosliget.hu\/wordpress\/wp-content\/uploads\/2025\/01\/1933_08_08_-7-oldal-atletika.jpg\" alt=\"\" class=\"wp-image-15376\" srcset=\"https:\/\/rakosliget.hu\/wordpress\/wp-content\/uploads\/2025\/01\/1933_08_08_-7-oldal-atletika.jpg 691w, https:\/\/rakosliget.hu\/wordpress\/wp-content\/uploads\/2025\/01\/1933_08_08_-7-oldal-atletika-217x300.jpg 217w\" sizes=\"auto, (max-width: 691px) 100vw, 691px\" \/><figcaption class=\"wp-element-caption\">Nemzeti Sport 1933. 08. 08. 7. oldal <\/figcaption><\/figure>\n<\/div>\n\n<div class=\"wp-block-image\">\n<figure class=\"aligncenter size-large\"><img loading=\"lazy\" decoding=\"async\" width=\"549\" height=\"1024\" src=\"https:\/\/rakosliget.hu\/wordpress\/wp-content\/uploads\/2025\/01\/1933_08_21_-10-oldal-atletika-549x1024.jpg\" alt=\"\" class=\"wp-image-15377\" srcset=\"https:\/\/rakosliget.hu\/wordpress\/wp-content\/uploads\/2025\/01\/1933_08_21_-10-oldal-atletika-549x1024.jpg 549w, https:\/\/rakosliget.hu\/wordpress\/wp-content\/uploads\/2025\/01\/1933_08_21_-10-oldal-atletika-161x300.jpg 161w, https:\/\/rakosliget.hu\/wordpress\/wp-content\/uploads\/2025\/01\/1933_08_21_-10-oldal-atletika-768x1433.jpg 768w, https:\/\/rakosliget.hu\/wordpress\/wp-content\/uploads\/2025\/01\/1933_08_21_-10-oldal-atletika-823x1536.jpg 823w, https:\/\/rakosliget.hu\/wordpress\/wp-content\/uploads\/2025\/01\/1933_08_21_-10-oldal-atletika-1098x2048.jpg 1098w, https:\/\/rakosliget.hu\/wordpress\/wp-content\/uploads\/2025\/01\/1933_08_21_-10-oldal-atletika-scaled.jpg 1372w\" sizes=\"auto, (max-width: 549px) 100vw, 549px\" \/><figcaption class=\"wp-element-caption\">Nemzeti Sport 1933. 08. 21. 10. oldal <\/figcaption><\/figure>\n<\/div>\n\n\n<p><a href=\"https:\/\/rakosliget.hu\/wordpress\/index.php\/atlatika-rakosligeti-move\/\">Vissza az ATL\u00c9TIKA lapra<\/a><\/p>\n","protected":false},"excerpt":{"rendered":"<p>Vissza az ATL\u00c9TIKA lapra Vissza az ATL\u00c9TIKA lapra<\/p>\n","protected":false},"author":1,"featured_media":0,"parent":0,"menu_order":0,"comment_status":"closed","ping_status":"closed","template":"","meta":{"footnotes":""},"class_list":["post-15369","page","type-page","status-publish","hentry"],"_links":{"self":[{"href":"https:\/\/rakosliget.hu\/wordpress\/index.php\/wp-json\/wp\/v2\/pages\/15369","targetHints":{"allow":["GET"]}}],"collection":[{"href":"https:\/\/rakosliget.hu\/wordpress\/index.php\/wp-json\/wp\/v2\/pages"}],"about":[{"href":"https:\/\/rakosliget.hu\/wordpress\/index.php\/wp-json\/wp\/v2\/types\/page"}],"author":[{"embeddable":true,"href":"https:\/\/rakosliget.hu\/wordpress\/index.php\/wp-json\/wp\/v2\/users\/1"}],"replies":[{"embeddable":true,"href":"https:\/\/rakosliget.hu\/wordpress\/index.php\/wp-json\/wp\/v2\/comments?post=15369"}],"version-history":[{"count":5,"href":"https:\/\/rakosliget.hu\/wordpress\/index.php\/wp-json\/wp\/v2\/pages\/15369\/revisions"}],"predecessor-version":[{"id":17940,"href":"https:\/\/rakosliget.hu\/wordpress\/index.php\/wp-json\/wp\/v2\/pages\/15369\/revisions\/17940"}],"wp:attachment":[{"href":"https:\/\/rakosliget.hu\/wordpress\/index.php\/wp-json\/wp\/v2\/media?parent=15369"}],"curies":[{"name":"wp","href":"https:\/\/api.w.org\/{rel}","templated":true}]}}