{"id":15293,"date":"2025-01-18T12:41:24","date_gmt":"2025-01-18T11:41:24","guid":{"rendered":"https:\/\/rakosliget.hu\/wordpress\/?page_id=15293"},"modified":"2025-04-04T05:10:02","modified_gmt":"2025-04-04T04:10:02","slug":"rue-1931","status":"publish","type":"page","link":"https:\/\/rakosliget.hu\/wordpress\/index.php\/rue-1931\/","title":{"rendered":"RUE 1931"},"content":{"rendered":"\n<p><a href=\"https:\/\/rakosliget.hu\/wordpress\/index.php\/rakosligeti-uszo-egylet-rue\/\">Vissza az \u00daSZ\u00c1S lapra<\/a><\/p>\n\n\n<div class=\"wp-block-image\">\n<figure class=\"aligncenter size-full\"><img loading=\"lazy\" decoding=\"async\" width=\"669\" height=\"134\" src=\"https:\/\/rakosliget.hu\/wordpress\/wp-content\/uploads\/2025\/01\/1931_07_-15_-5-oldal-uszas.jpg\" alt=\"\" class=\"wp-image-15150\" srcset=\"https:\/\/rakosliget.hu\/wordpress\/wp-content\/uploads\/2025\/01\/1931_07_-15_-5-oldal-uszas.jpg 669w, https:\/\/rakosliget.hu\/wordpress\/wp-content\/uploads\/2025\/01\/1931_07_-15_-5-oldal-uszas-300x60.jpg 300w\" sizes=\"auto, (max-width: 669px) 100vw, 669px\" \/><figcaption class=\"wp-element-caption\">Nemzeti Sport 1931. 07. 15. 5. oldal <\/figcaption><\/figure>\n<\/div>\n\n\n<figure class=\"wp-block-image size-full\"><img loading=\"lazy\" decoding=\"async\" width=\"654\" height=\"972\" src=\"https:\/\/rakosliget.hu\/wordpress\/wp-content\/uploads\/2025\/01\/1931_07_-19_-7-oldal-uszas.jpg\" alt=\"\" class=\"wp-image-15155\" srcset=\"https:\/\/rakosliget.hu\/wordpress\/wp-content\/uploads\/2025\/01\/1931_07_-19_-7-oldal-uszas.jpg 654w, https:\/\/rakosliget.hu\/wordpress\/wp-content\/uploads\/2025\/01\/1931_07_-19_-7-oldal-uszas-202x300.jpg 202w\" sizes=\"auto, (max-width: 654px) 100vw, 654px\" \/><figcaption class=\"wp-element-caption\">Nemzeti Sport 1931. 07. 19. 7. oldal <\/figcaption><\/figure>\n\n\n<div class=\"wp-block-image\">\n<figure class=\"aligncenter size-full\"><img loading=\"lazy\" decoding=\"async\" width=\"678\" height=\"859\" src=\"https:\/\/rakosliget.hu\/wordpress\/wp-content\/uploads\/2025\/01\/1931_07_17_-6-oldal-uszas.jpg\" alt=\"\" class=\"wp-image-15152\" srcset=\"https:\/\/rakosliget.hu\/wordpress\/wp-content\/uploads\/2025\/01\/1931_07_17_-6-oldal-uszas.jpg 678w, https:\/\/rakosliget.hu\/wordpress\/wp-content\/uploads\/2025\/01\/1931_07_17_-6-oldal-uszas-237x300.jpg 237w\" sizes=\"auto, (max-width: 678px) 100vw, 678px\" \/><figcaption class=\"wp-element-caption\">Nemzeti Sport 1931. 07 .17. 6. oldal <\/figcaption><\/figure>\n<\/div>\n\n\n<figure class=\"wp-block-image size-full\"><img loading=\"lazy\" decoding=\"async\" width=\"818\" height=\"328\" src=\"https:\/\/rakosliget.hu\/wordpress\/wp-content\/uploads\/2025\/04\/UJSAG-1931-08-07-10-oldal.jpg\" alt=\"\" class=\"wp-image-17592\" srcset=\"https:\/\/rakosliget.hu\/wordpress\/wp-content\/uploads\/2025\/04\/UJSAG-1931-08-07-10-oldal.jpg 818w, https:\/\/rakosliget.hu\/wordpress\/wp-content\/uploads\/2025\/04\/UJSAG-1931-08-07-10-oldal-300x120.jpg 300w, https:\/\/rakosliget.hu\/wordpress\/wp-content\/uploads\/2025\/04\/UJSAG-1931-08-07-10-oldal-768x308.jpg 768w\" sizes=\"auto, (max-width: 818px) 100vw, 818px\" \/><figcaption class=\"wp-element-caption\">\u00daJS\u00c1G 1931. 08. 07. 10. oldal<\/figcaption><\/figure>\n\n\n<div class=\"wp-block-image\">\n<figure class=\"aligncenter size-large\"><img loading=\"lazy\" decoding=\"async\" width=\"312\" height=\"1024\" src=\"https:\/\/rakosliget.hu\/wordpress\/wp-content\/uploads\/2025\/01\/1931_09_01_7-oldal-uszas-312x1024.jpg\" alt=\"\" class=\"wp-image-15153\" srcset=\"https:\/\/rakosliget.hu\/wordpress\/wp-content\/uploads\/2025\/01\/1931_09_01_7-oldal-uszas-312x1024.jpg 312w, https:\/\/rakosliget.hu\/wordpress\/wp-content\/uploads\/2025\/01\/1931_09_01_7-oldal-uszas-91x300.jpg 91w, https:\/\/rakosliget.hu\/wordpress\/wp-content\/uploads\/2025\/01\/1931_09_01_7-oldal-uszas-468x1536.jpg 468w, https:\/\/rakosliget.hu\/wordpress\/wp-content\/uploads\/2025\/01\/1931_09_01_7-oldal-uszas-624x2048.jpg 624w, https:\/\/rakosliget.hu\/wordpress\/wp-content\/uploads\/2025\/01\/1931_09_01_7-oldal-uszas.jpg 684w\" sizes=\"auto, (max-width: 312px) 100vw, 312px\" \/><figcaption class=\"wp-element-caption\">Nemzeti Sport 1931. 09. 01. 7. oldal <\/figcaption><\/figure>\n<\/div>\n\n\n<p><a href=\"https:\/\/rakosliget.hu\/wordpress\/index.php\/rakosligeti-uszo-egylet-rue\/\">Vissza az \u00daSZ\u00c1S lapra<\/a><\/p>\n","protected":false},"excerpt":{"rendered":"<p>Vissza az \u00daSZ\u00c1S lapra Vissza az \u00daSZ\u00c1S lapra<\/p>\n","protected":false},"author":1,"featured_media":0,"parent":0,"menu_order":0,"comment_status":"closed","ping_status":"closed","template":"","meta":{"footnotes":""},"class_list":["post-15293","page","type-page","status-publish","hentry"],"_links":{"self":[{"href":"https:\/\/rakosliget.hu\/wordpress\/index.php\/wp-json\/wp\/v2\/pages\/15293","targetHints":{"allow":["GET"]}}],"collection":[{"href":"https:\/\/rakosliget.hu\/wordpress\/index.php\/wp-json\/wp\/v2\/pages"}],"about":[{"href":"https:\/\/rakosliget.hu\/wordpress\/index.php\/wp-json\/wp\/v2\/types\/page"}],"author":[{"embeddable":true,"href":"https:\/\/rakosliget.hu\/wordpress\/index.php\/wp-json\/wp\/v2\/users\/1"}],"replies":[{"embeddable":true,"href":"https:\/\/rakosliget.hu\/wordpress\/index.php\/wp-json\/wp\/v2\/comments?post=15293"}],"version-history":[{"count":3,"href":"https:\/\/rakosliget.hu\/wordpress\/index.php\/wp-json\/wp\/v2\/pages\/15293\/revisions"}],"predecessor-version":[{"id":17594,"href":"https:\/\/rakosliget.hu\/wordpress\/index.php\/wp-json\/wp\/v2\/pages\/15293\/revisions\/17594"}],"wp:attachment":[{"href":"https:\/\/rakosliget.hu\/wordpress\/index.php\/wp-json\/wp\/v2\/media?parent=15293"}],"curies":[{"name":"wp","href":"https:\/\/api.w.org\/{rel}","templated":true}]}}