{"id":15197,"date":"2025-01-18T06:14:47","date_gmt":"2025-01-18T05:14:47","guid":{"rendered":"https:\/\/rakosliget.hu\/wordpress\/?page_id=15197"},"modified":"2025-01-23T19:13:29","modified_gmt":"2025-01-23T18:13:29","slug":"atletika-1931","status":"publish","type":"page","link":"https:\/\/rakosliget.hu\/wordpress\/index.php\/atletika-1931\/","title":{"rendered":"ATL\u00c9TIKA 1931"},"content":{"rendered":"\n<p><a href=\"https:\/\/rakosliget.hu\/wordpress\/index.php\/atlatika-rakosligeti-move\/\">Vissza az ATL\u00c9TIKA lapra<\/a><\/p>\n\n\n<div class=\"wp-block-image\">\n<figure class=\"aligncenter size-large\"><img loading=\"lazy\" decoding=\"async\" width=\"459\" height=\"989\" src=\"http:\/\/rakosliget.hu\/wordpress\/wp-content\/uploads\/2020\/01\/Remecz-1931.jpg\" alt=\"\" class=\"wp-image-4555\" srcset=\"https:\/\/rakosliget.hu\/wordpress\/wp-content\/uploads\/2020\/01\/Remecz-1931.jpg 459w, https:\/\/rakosliget.hu\/wordpress\/wp-content\/uploads\/2020\/01\/Remecz-1931-139x300.jpg 139w\" sizes=\"auto, (max-width: 459px) 100vw, 459px\" \/><figcaption class=\"wp-element-caption\">Az EST 1931. m\u00e1jus 8.<\/figcaption><\/figure>\n<\/div>\n\n\n<figure class=\"wp-block-image size-full\"><img loading=\"lazy\" decoding=\"async\" width=\"740\" height=\"481\" src=\"https:\/\/rakosliget.hu\/wordpress\/wp-content\/uploads\/2025\/01\/1931_05_17_-12-oldal-atletika.jpg\" alt=\"\" class=\"wp-image-15144\" srcset=\"https:\/\/rakosliget.hu\/wordpress\/wp-content\/uploads\/2025\/01\/1931_05_17_-12-oldal-atletika.jpg 740w, https:\/\/rakosliget.hu\/wordpress\/wp-content\/uploads\/2025\/01\/1931_05_17_-12-oldal-atletika-300x195.jpg 300w\" sizes=\"auto, (max-width: 740px) 100vw, 740px\" \/><figcaption class=\"wp-element-caption\">Nemzeti Sport 1931. 05. 17. 12. oldal <\/figcaption><\/figure>\n\n\n\n<figure class=\"wp-block-image size-full\"><img loading=\"lazy\" decoding=\"async\" width=\"801\" height=\"820\" src=\"https:\/\/rakosliget.hu\/wordpress\/wp-content\/uploads\/2025\/01\/1931_06_-24_-10-oldal-atletika.jpg\" alt=\"\" class=\"wp-image-15146\" srcset=\"https:\/\/rakosliget.hu\/wordpress\/wp-content\/uploads\/2025\/01\/1931_06_-24_-10-oldal-atletika.jpg 801w, https:\/\/rakosliget.hu\/wordpress\/wp-content\/uploads\/2025\/01\/1931_06_-24_-10-oldal-atletika-293x300.jpg 293w, https:\/\/rakosliget.hu\/wordpress\/wp-content\/uploads\/2025\/01\/1931_06_-24_-10-oldal-atletika-768x786.jpg 768w\" sizes=\"auto, (max-width: 801px) 100vw, 801px\" \/><figcaption class=\"wp-element-caption\">Nemzeti Sport 1931. 06. 24. 10. oldal <\/figcaption><\/figure>\n\n\n\n<figure class=\"wp-block-image size-full\"><img loading=\"lazy\" decoding=\"async\" width=\"756\" height=\"474\" src=\"https:\/\/rakosliget.hu\/wordpress\/wp-content\/uploads\/2025\/01\/1931.jpg\" alt=\"\" class=\"wp-image-15457\" srcset=\"https:\/\/rakosliget.hu\/wordpress\/wp-content\/uploads\/2025\/01\/1931.jpg 756w, https:\/\/rakosliget.hu\/wordpress\/wp-content\/uploads\/2025\/01\/1931-300x188.jpg 300w\" sizes=\"auto, (max-width: 756px) 100vw, 756px\" \/><figcaption class=\"wp-element-caption\">Budapest Sport Egyes\u00fclet versenyd\u00edja Remecz J\u00f3zsef diszkoszvet\u0151bajnok r\u00e9sz\u00e9re Forr\u00e1s: darabanth.hu<\/figcaption><\/figure>\n\n\n<div class=\"wp-block-image\">\n<figure class=\"aligncenter size-large\"><img loading=\"lazy\" decoding=\"async\" width=\"194\" height=\"1024\" src=\"https:\/\/rakosliget.hu\/wordpress\/wp-content\/uploads\/2025\/01\/1931_08_30_-3-oldal-atletika-194x1024.jpg\" alt=\"\" class=\"wp-image-15148\" srcset=\"https:\/\/rakosliget.hu\/wordpress\/wp-content\/uploads\/2025\/01\/1931_08_30_-3-oldal-atletika-194x1024.jpg 194w, https:\/\/rakosliget.hu\/wordpress\/wp-content\/uploads\/2025\/01\/1931_08_30_-3-oldal-atletika-57x300.jpg 57w\" sizes=\"auto, (max-width: 194px) 100vw, 194px\" \/><figcaption class=\"wp-element-caption\">Nemzeti Sport 1931. 08. 30. 3. oldal <\/figcaption><\/figure>\n<\/div>\n\n\n<p><a href=\"https:\/\/rakosliget.hu\/wordpress\/index.php\/atlatika-rakosligeti-move\/\">Vissza az ATL\u00c9TIKA lapra<\/a><\/p>\n","protected":false},"excerpt":{"rendered":"<p>Vissza az ATL\u00c9TIKA lapra Vissza az ATL\u00c9TIKA lapra<\/p>\n","protected":false},"author":1,"featured_media":0,"parent":0,"menu_order":0,"comment_status":"closed","ping_status":"closed","template":"","meta":{"footnotes":""},"class_list":["post-15197","page","type-page","status-publish","hentry"],"_links":{"self":[{"href":"https:\/\/rakosliget.hu\/wordpress\/index.php\/wp-json\/wp\/v2\/pages\/15197","targetHints":{"allow":["GET"]}}],"collection":[{"href":"https:\/\/rakosliget.hu\/wordpress\/index.php\/wp-json\/wp\/v2\/pages"}],"about":[{"href":"https:\/\/rakosliget.hu\/wordpress\/index.php\/wp-json\/wp\/v2\/types\/page"}],"author":[{"embeddable":true,"href":"https:\/\/rakosliget.hu\/wordpress\/index.php\/wp-json\/wp\/v2\/users\/1"}],"replies":[{"embeddable":true,"href":"https:\/\/rakosliget.hu\/wordpress\/index.php\/wp-json\/wp\/v2\/comments?post=15197"}],"version-history":[{"count":4,"href":"https:\/\/rakosliget.hu\/wordpress\/index.php\/wp-json\/wp\/v2\/pages\/15197\/revisions"}],"predecessor-version":[{"id":15458,"href":"https:\/\/rakosliget.hu\/wordpress\/index.php\/wp-json\/wp\/v2\/pages\/15197\/revisions\/15458"}],"wp:attachment":[{"href":"https:\/\/rakosliget.hu\/wordpress\/index.php\/wp-json\/wp\/v2\/media?parent=15197"}],"curies":[{"name":"wp","href":"https:\/\/api.w.org\/{rel}","templated":true}]}}