{"id":15171,"date":"2025-01-18T06:08:33","date_gmt":"2025-01-18T05:08:33","guid":{"rendered":"https:\/\/rakosliget.hu\/wordpress\/?page_id=15171"},"modified":"2025-01-24T04:08:10","modified_gmt":"2025-01-24T03:08:10","slug":"atletika-1932","status":"publish","type":"page","link":"https:\/\/rakosliget.hu\/wordpress\/index.php\/atletika-1932\/","title":{"rendered":"ATL\u00c9TIKA 1932 REMECZ J\u00d3ZSEF"},"content":{"rendered":"\n<p><a href=\"https:\/\/rakosliget.hu\/wordpress\/index.php\/atlatika-rakosligeti-move\/\">Vissza az ATL\u00c9TIKA lapra<\/a><\/p>\n\n\n\n<p>Magyar \u00e9letrajzi lexikon<\/p>\n\n\n\n<p class=\"has-text-align-left\"><strong>Remecz J\u00f3zsef<\/strong> (Bp., 1907. m\u00e1rc. 3. \u2013 Bp., 1989. m\u00e1j. 17.): atl\u00e9ta. <br>1929-t\u0151l 1933-ig a R\u00e1kosligeti AC, 1934-35-ben a V\u00e1ci Rem\u00e9nys\u00e9g Egyes\u00fclet, 1936-t\u00f3l 1944-ig a Magy. Orsz. V\u00e9der\u0151 Egylet R\u00e1kosligeti T\u00e1rsadalmi SE atl\u00e9t\u00e1ja, diszkoszvet\u0151. <br>1932-ben a Los Angeles-i olimpi\u00e1n diszkoszvet\u00e9sben a 9. helyezett. <br>1934-ben diszkoszvet\u00e9sben 45, 54 m-rel Eur\u00f3pa-bajnoki. helyezett. <br>1932-ben, 1933-ban, 1934-ben diszkoszvet\u00e9sben magyar bajnok. 1932-ben 48,9 m-rel, ill. 50,3 m-rel orsz. cs\u00facstart\u00f3, az els\u0151 50 m-en fel\u00fcli diszkoszvet\u0151. <br>1930-t\u00f3l 1948-ig tizenh\u00e1romszoros magyar v\u00e1logatott.<\/p>\n\n\n<div class=\"wp-block-image\">\n<figure class=\"aligncenter size-large\"><img loading=\"lazy\" decoding=\"async\" width=\"402\" height=\"1024\" src=\"https:\/\/rakosliget.hu\/wordpress\/wp-content\/uploads\/2025\/01\/1932_01_18_-10-oldal-atletika-402x1024.jpg\" alt=\"\" class=\"wp-image-15174\" srcset=\"https:\/\/rakosliget.hu\/wordpress\/wp-content\/uploads\/2025\/01\/1932_01_18_-10-oldal-atletika-402x1024.jpg 402w, https:\/\/rakosliget.hu\/wordpress\/wp-content\/uploads\/2025\/01\/1932_01_18_-10-oldal-atletika-118x300.jpg 118w, https:\/\/rakosliget.hu\/wordpress\/wp-content\/uploads\/2025\/01\/1932_01_18_-10-oldal-atletika-768x1955.jpg 768w, https:\/\/rakosliget.hu\/wordpress\/wp-content\/uploads\/2025\/01\/1932_01_18_-10-oldal-atletika-603x1536.jpg 603w, https:\/\/rakosliget.hu\/wordpress\/wp-content\/uploads\/2025\/01\/1932_01_18_-10-oldal-atletika-805x2048.jpg 805w, https:\/\/rakosliget.hu\/wordpress\/wp-content\/uploads\/2025\/01\/1932_01_18_-10-oldal-atletika-scaled.jpg 1006w\" sizes=\"auto, (max-width: 402px) 100vw, 402px\" \/><figcaption class=\"wp-element-caption\">Nemzeti Sport 1932. 01. 18. 10. oldal <\/figcaption><\/figure>\n<\/div>\n\n<div class=\"wp-block-image\">\n<figure class=\"aligncenter size-large\"><a href=\"http:\/\/rakosliget.hu\/wordpress\/wp-content\/uploads\/2020\/11\/1932-majus-3-Remecz-atletika.jpg\"><img loading=\"lazy\" decoding=\"async\" width=\"478\" height=\"438\" src=\"http:\/\/rakosliget.hu\/wordpress\/wp-content\/uploads\/2020\/11\/1932-majus-3-Remecz-atletika.jpg\" alt=\"\" class=\"wp-image-6416\" srcset=\"https:\/\/rakosliget.hu\/wordpress\/wp-content\/uploads\/2020\/11\/1932-majus-3-Remecz-atletika.jpg 478w, https:\/\/rakosliget.hu\/wordpress\/wp-content\/uploads\/2020\/11\/1932-majus-3-Remecz-atletika-300x275.jpg 300w\" sizes=\"auto, (max-width: 478px) 100vw, 478px\" \/><\/a><figcaption class=\"wp-element-caption\">REMECZ J\u00d3ZSEF 1932. m\u00e1jus 3. Az Ujs\u00e1g<\/figcaption><\/figure>\n<\/div>\n\n\n<figure class=\"wp-block-image size-large\"><img loading=\"lazy\" decoding=\"async\" width=\"1024\" height=\"952\" src=\"https:\/\/rakosliget.hu\/wordpress\/wp-content\/uploads\/2025\/01\/Remec_-1024x952.jpg\" alt=\"\" class=\"wp-image-15450\" srcset=\"https:\/\/rakosliget.hu\/wordpress\/wp-content\/uploads\/2025\/01\/Remec_-1024x952.jpg 1024w, https:\/\/rakosliget.hu\/wordpress\/wp-content\/uploads\/2025\/01\/Remec_-300x279.jpg 300w, https:\/\/rakosliget.hu\/wordpress\/wp-content\/uploads\/2025\/01\/Remec_-768x714.jpg 768w, https:\/\/rakosliget.hu\/wordpress\/wp-content\/uploads\/2025\/01\/Remec_.jpg 1518w\" sizes=\"auto, (max-width: 1024px) 100vw, 1024px\" \/><\/figure>\n\n\n\n<p class=\"has-text-align-center\"><a href=\"https:\/\/filmhiradokonline.hu\/watch.php?id=241#:~:text=%3Ciframe%20width%3D%27465%27%20height%3D%27350%27%20frameborder%3D%270%27%20allowfullscreen%20src%3D%27https%3A\/\/filmhiradokonline.hu\/player.php%3Fid%3D241%27%20%3E%3C\/iframe%3E\"><strong>Remecz J\u00f3zsef edz\u00e9sen. Korabali filmh\u00edrad\u00f3<\/strong><\/a> Forr\u00e1s: Filmh\u00edrad\u00f3k online<\/p>\n\n\n<div class=\"wp-block-image\">\n<figure class=\"aligncenter size-large\"><a href=\"http:\/\/rakosliget.hu\/wordpress\/wp-content\/uploads\/2020\/11\/1932-junius-21-Remecz-atletika.jpg\"><img loading=\"lazy\" decoding=\"async\" width=\"500\" height=\"425\" src=\"http:\/\/rakosliget.hu\/wordpress\/wp-content\/uploads\/2020\/11\/1932-junius-21-Remecz-atletika.jpg\" alt=\"\" class=\"wp-image-6414\" srcset=\"https:\/\/rakosliget.hu\/wordpress\/wp-content\/uploads\/2020\/11\/1932-junius-21-Remecz-atletika.jpg 500w, https:\/\/rakosliget.hu\/wordpress\/wp-content\/uploads\/2020\/11\/1932-junius-21-Remecz-atletika-300x255.jpg 300w\" sizes=\"auto, (max-width: 500px) 100vw, 500px\" \/><\/a><figcaption class=\"wp-element-caption\">REMECZ J\u00d3ZSEF 1932. j\u00fanius 21. Az Ujs\u00e1g<\/figcaption><\/figure>\n<\/div>\n\n<div class=\"wp-block-image\">\n<figure class=\"aligncenter size-large\"><a href=\"http:\/\/rakosliget.hu\/wordpress\/wp-content\/uploads\/2020\/11\/1932-julius-17-atletika.jpg\"><img loading=\"lazy\" decoding=\"async\" width=\"932\" height=\"751\" src=\"http:\/\/rakosliget.hu\/wordpress\/wp-content\/uploads\/2020\/11\/1932-julius-17-atletika.jpg\" alt=\"\" class=\"wp-image-6412\" srcset=\"https:\/\/rakosliget.hu\/wordpress\/wp-content\/uploads\/2020\/11\/1932-julius-17-atletika.jpg 932w, https:\/\/rakosliget.hu\/wordpress\/wp-content\/uploads\/2020\/11\/1932-julius-17-atletika-300x242.jpg 300w, https:\/\/rakosliget.hu\/wordpress\/wp-content\/uploads\/2020\/11\/1932-julius-17-atletika-768x619.jpg 768w\" sizes=\"auto, (max-width: 932px) 100vw, 932px\" \/><\/a><figcaption class=\"wp-element-caption\">1932. j\u00falius 17. Az Ujs\u00e1g<\/figcaption><\/figure>\n<\/div>\n\n\n<hr class=\"wp-block-separator has-alpha-channel-opacity\"\/>\n\n\n\n<p class=\"has-text-align-center\"><strong>OLIMPIA LOS ANGELES<\/strong><\/p>\n\n\n<div class=\"wp-block-image\">\n<figure class=\"aligncenter size-full\"><img loading=\"lazy\" decoding=\"async\" width=\"667\" height=\"382\" src=\"https:\/\/rakosliget.hu\/wordpress\/wp-content\/uploads\/2025\/01\/1932_07_08_-1-oldal-atletika1.jpg\" alt=\"\" class=\"wp-image-15176\" srcset=\"https:\/\/rakosliget.hu\/wordpress\/wp-content\/uploads\/2025\/01\/1932_07_08_-1-oldal-atletika1.jpg 667w, https:\/\/rakosliget.hu\/wordpress\/wp-content\/uploads\/2025\/01\/1932_07_08_-1-oldal-atletika1-300x172.jpg 300w\" sizes=\"auto, (max-width: 667px) 100vw, 667px\" \/><figcaption class=\"wp-element-caption\">Nemzeti Sport 1932. 07. 08.  1. oldal <\/figcaption><\/figure>\n<\/div>\n\n\n<figure class=\"wp-block-image size-large\"><img loading=\"lazy\" decoding=\"async\" width=\"709\" height=\"1024\" src=\"https:\/\/rakosliget.hu\/wordpress\/wp-content\/uploads\/2025\/01\/1932_07_08_-1-oldal-atletikaRemecz-portre-709x1024.jpg\" alt=\"\" class=\"wp-image-15178\" srcset=\"https:\/\/rakosliget.hu\/wordpress\/wp-content\/uploads\/2025\/01\/1932_07_08_-1-oldal-atletikaRemecz-portre-709x1024.jpg 709w, https:\/\/rakosliget.hu\/wordpress\/wp-content\/uploads\/2025\/01\/1932_07_08_-1-oldal-atletikaRemecz-portre-208x300.jpg 208w, https:\/\/rakosliget.hu\/wordpress\/wp-content\/uploads\/2025\/01\/1932_07_08_-1-oldal-atletikaRemecz-portre-768x1109.jpg 768w, https:\/\/rakosliget.hu\/wordpress\/wp-content\/uploads\/2025\/01\/1932_07_08_-1-oldal-atletikaRemecz-portre.jpg 953w\" sizes=\"auto, (max-width: 709px) 100vw, 709px\" \/><figcaption class=\"wp-element-caption\">Nem,zeti Sport 1932. 07. 08. 1. oldal <\/figcaption><\/figure>\n\n\n<div class=\"wp-block-image\">\n<figure class=\"aligncenter size-large\"><img loading=\"lazy\" decoding=\"async\" width=\"561\" height=\"1024\" src=\"https:\/\/rakosliget.hu\/wordpress\/wp-content\/uploads\/2025\/01\/1932_08_03_-1-oldal-561x1024.jpg\" alt=\"\" class=\"wp-image-15203\" srcset=\"https:\/\/rakosliget.hu\/wordpress\/wp-content\/uploads\/2025\/01\/1932_08_03_-1-oldal-561x1024.jpg 561w, https:\/\/rakosliget.hu\/wordpress\/wp-content\/uploads\/2025\/01\/1932_08_03_-1-oldal-164x300.jpg 164w, https:\/\/rakosliget.hu\/wordpress\/wp-content\/uploads\/2025\/01\/1932_08_03_-1-oldal.jpg 703w\" sizes=\"auto, (max-width: 561px) 100vw, 561px\" \/><figcaption class=\"wp-element-caption\">Nemzeti Sport 1932. 08. 03. 1. oldal<\/figcaption><\/figure>\n<\/div>\n\n<div class=\"wp-block-image\">\n<figure class=\"aligncenter size-large\"><img loading=\"lazy\" decoding=\"async\" width=\"842\" height=\"1024\" src=\"https:\/\/rakosliget.hu\/wordpress\/wp-content\/uploads\/2025\/01\/1932_08_05_-3-oldal-Atletika-remecz-olimpia-842x1024.jpg\" alt=\"\" class=\"wp-image-15183\" srcset=\"https:\/\/rakosliget.hu\/wordpress\/wp-content\/uploads\/2025\/01\/1932_08_05_-3-oldal-Atletika-remecz-olimpia-842x1024.jpg 842w, https:\/\/rakosliget.hu\/wordpress\/wp-content\/uploads\/2025\/01\/1932_08_05_-3-oldal-Atletika-remecz-olimpia-247x300.jpg 247w, https:\/\/rakosliget.hu\/wordpress\/wp-content\/uploads\/2025\/01\/1932_08_05_-3-oldal-Atletika-remecz-olimpia-768x934.jpg 768w, https:\/\/rakosliget.hu\/wordpress\/wp-content\/uploads\/2025\/01\/1932_08_05_-3-oldal-Atletika-remecz-olimpia-1263x1536.jpg 1263w, https:\/\/rakosliget.hu\/wordpress\/wp-content\/uploads\/2025\/01\/1932_08_05_-3-oldal-Atletika-remecz-olimpia.jpg 1356w\" sizes=\"auto, (max-width: 842px) 100vw, 842px\" \/><figcaption class=\"wp-element-caption\">Nemzeti Sport 1932. 08. 05. 3. oldal <\/figcaption><\/figure>\n<\/div>\n\n\n<figure class=\"wp-block-image size-large\"><img loading=\"lazy\" decoding=\"async\" width=\"959\" height=\"1024\" src=\"https:\/\/rakosliget.hu\/wordpress\/wp-content\/uploads\/2025\/01\/1932_08_03-6-oldal-959x1024.jpg\" alt=\"\" class=\"wp-image-15205\" srcset=\"https:\/\/rakosliget.hu\/wordpress\/wp-content\/uploads\/2025\/01\/1932_08_03-6-oldal-959x1024.jpg 959w, https:\/\/rakosliget.hu\/wordpress\/wp-content\/uploads\/2025\/01\/1932_08_03-6-oldal-281x300.jpg 281w, https:\/\/rakosliget.hu\/wordpress\/wp-content\/uploads\/2025\/01\/1932_08_03-6-oldal-768x820.jpg 768w, https:\/\/rakosliget.hu\/wordpress\/wp-content\/uploads\/2025\/01\/1932_08_03-6-oldal-1439x1536.jpg 1439w, https:\/\/rakosliget.hu\/wordpress\/wp-content\/uploads\/2025\/01\/1932_08_03-6-oldal-1918x2048.jpg 1918w, https:\/\/rakosliget.hu\/wordpress\/wp-content\/uploads\/2025\/01\/1932_08_03-6-oldal.jpg 1984w\" sizes=\"auto, (max-width: 959px) 100vw, 959px\" \/><figcaption class=\"wp-element-caption\">Nemzeti Sport 1932. 08. 03. 6. oldal<\/figcaption><\/figure>\n\n\n<div class=\"wp-block-image\">\n<figure class=\"aligncenter size-large\"><img loading=\"lazy\" decoding=\"async\" width=\"410\" height=\"1024\" src=\"https:\/\/rakosliget.hu\/wordpress\/wp-content\/uploads\/2025\/01\/1932_08_05_-5-oldal-atletika-olimpia-410x1024.jpg\" alt=\"\" class=\"wp-image-15184\" srcset=\"https:\/\/rakosliget.hu\/wordpress\/wp-content\/uploads\/2025\/01\/1932_08_05_-5-oldal-atletika-olimpia-410x1024.jpg 410w, https:\/\/rakosliget.hu\/wordpress\/wp-content\/uploads\/2025\/01\/1932_08_05_-5-oldal-atletika-olimpia-120x300.jpg 120w, https:\/\/rakosliget.hu\/wordpress\/wp-content\/uploads\/2025\/01\/1932_08_05_-5-oldal-atletika-olimpia-768x1918.jpg 768w, https:\/\/rakosliget.hu\/wordpress\/wp-content\/uploads\/2025\/01\/1932_08_05_-5-oldal-atletika-olimpia-615x1536.jpg 615w, https:\/\/rakosliget.hu\/wordpress\/wp-content\/uploads\/2025\/01\/1932_08_05_-5-oldal-atletika-olimpia-820x2048.jpg 820w, https:\/\/rakosliget.hu\/wordpress\/wp-content\/uploads\/2025\/01\/1932_08_05_-5-oldal-atletika-olimpia-scaled.jpg 1025w\" sizes=\"auto, (max-width: 410px) 100vw, 410px\" \/><figcaption class=\"wp-element-caption\">Nemzeti Sport 1932. 08. 05. 5. oldal <\/figcaption><\/figure>\n<\/div>\n\n\n<figure class=\"wp-block-image size-large\"><img loading=\"lazy\" decoding=\"async\" width=\"1024\" height=\"624\" src=\"https:\/\/rakosliget.hu\/wordpress\/wp-content\/uploads\/2025\/01\/1932_08_09_-6-oldal-atletika-remecz-1024x624.jpg\" alt=\"\" class=\"wp-image-15186\" srcset=\"https:\/\/rakosliget.hu\/wordpress\/wp-content\/uploads\/2025\/01\/1932_08_09_-6-oldal-atletika-remecz-1024x624.jpg 1024w, https:\/\/rakosliget.hu\/wordpress\/wp-content\/uploads\/2025\/01\/1932_08_09_-6-oldal-atletika-remecz-300x183.jpg 300w, https:\/\/rakosliget.hu\/wordpress\/wp-content\/uploads\/2025\/01\/1932_08_09_-6-oldal-atletika-remecz-768x468.jpg 768w, https:\/\/rakosliget.hu\/wordpress\/wp-content\/uploads\/2025\/01\/1932_08_09_-6-oldal-atletika-remecz.jpg 1320w\" sizes=\"auto, (max-width: 1024px) 100vw, 1024px\" \/><figcaption class=\"wp-element-caption\">Nemzeti Sport 1932. 08. 09. 6. oldal<\/figcaption><\/figure>\n\n\n<div class=\"wp-block-image\">\n<figure class=\"aligncenter size-large\"><img loading=\"lazy\" decoding=\"async\" width=\"400\" height=\"1024\" src=\"https:\/\/rakosliget.hu\/wordpress\/wp-content\/uploads\/2025\/01\/1932_08_-17_-10-oldal-remec-400x1024.jpg\" alt=\"\" class=\"wp-image-15182\" srcset=\"https:\/\/rakosliget.hu\/wordpress\/wp-content\/uploads\/2025\/01\/1932_08_-17_-10-oldal-remec-400x1024.jpg 400w, https:\/\/rakosliget.hu\/wordpress\/wp-content\/uploads\/2025\/01\/1932_08_-17_-10-oldal-remec-117x300.jpg 117w, https:\/\/rakosliget.hu\/wordpress\/wp-content\/uploads\/2025\/01\/1932_08_-17_-10-oldal-remec-600x1536.jpg 600w, https:\/\/rakosliget.hu\/wordpress\/wp-content\/uploads\/2025\/01\/1932_08_-17_-10-oldal-remec.jpg 720w\" sizes=\"auto, (max-width: 400px) 100vw, 400px\" \/><figcaption class=\"wp-element-caption\">Nemzeti Sport 1932. 08. 17. 10 .oldal <\/figcaption><\/figure>\n<\/div>\n\n<div class=\"wp-block-image\">\n<figure class=\"aligncenter size-large\"><img loading=\"lazy\" decoding=\"async\" width=\"669\" height=\"1024\" src=\"https:\/\/rakosliget.hu\/wordpress\/wp-content\/uploads\/2025\/01\/1932_08_-19_-2-oldal-remec-669x1024.jpg\" alt=\"\" class=\"wp-image-15180\" srcset=\"https:\/\/rakosliget.hu\/wordpress\/wp-content\/uploads\/2025\/01\/1932_08_-19_-2-oldal-remec-669x1024.jpg 669w, https:\/\/rakosliget.hu\/wordpress\/wp-content\/uploads\/2025\/01\/1932_08_-19_-2-oldal-remec-196x300.jpg 196w, https:\/\/rakosliget.hu\/wordpress\/wp-content\/uploads\/2025\/01\/1932_08_-19_-2-oldal-remec-768x1175.jpg 768w, https:\/\/rakosliget.hu\/wordpress\/wp-content\/uploads\/2025\/01\/1932_08_-19_-2-oldal-remec-1004x1536.jpg 1004w, https:\/\/rakosliget.hu\/wordpress\/wp-content\/uploads\/2025\/01\/1932_08_-19_-2-oldal-remec-1339x2048.jpg 1339w, https:\/\/rakosliget.hu\/wordpress\/wp-content\/uploads\/2025\/01\/1932_08_-19_-2-oldal-remec-scaled.jpg 1673w\" sizes=\"auto, (max-width: 669px) 100vw, 669px\" \/><figcaption class=\"wp-element-caption\">Nemzeti Sport 1932. 08. 19. 2. oldal <\/figcaption><\/figure>\n<\/div>\n\n<div class=\"wp-block-image\">\n<figure class=\"aligncenter size-large is-resized\"><img loading=\"lazy\" decoding=\"async\" width=\"639\" height=\"1024\" src=\"https:\/\/rakosliget.hu\/wordpress\/wp-content\/uploads\/2025\/01\/1932_08_28_-5-oldal-remec-639x1024.jpg\" alt=\"\" class=\"wp-image-15187\" style=\"width:645px;height:auto\" srcset=\"https:\/\/rakosliget.hu\/wordpress\/wp-content\/uploads\/2025\/01\/1932_08_28_-5-oldal-remec-639x1024.jpg 639w, https:\/\/rakosliget.hu\/wordpress\/wp-content\/uploads\/2025\/01\/1932_08_28_-5-oldal-remec-187x300.jpg 187w, https:\/\/rakosliget.hu\/wordpress\/wp-content\/uploads\/2025\/01\/1932_08_28_-5-oldal-remec-768x1231.jpg 768w, https:\/\/rakosliget.hu\/wordpress\/wp-content\/uploads\/2025\/01\/1932_08_28_-5-oldal-remec-958x1536.jpg 958w, https:\/\/rakosliget.hu\/wordpress\/wp-content\/uploads\/2025\/01\/1932_08_28_-5-oldal-remec-1278x2048.jpg 1278w, https:\/\/rakosliget.hu\/wordpress\/wp-content\/uploads\/2025\/01\/1932_08_28_-5-oldal-remec.jpg 1392w\" sizes=\"auto, (max-width: 639px) 100vw, 639px\" \/><figcaption class=\"wp-element-caption\">Nemzeti Sport 1932. 08. 28. 5. oldal <\/figcaption><\/figure>\n<\/div>\n\n<div class=\"wp-block-image\">\n<figure class=\"aligncenter size-large\"><img loading=\"lazy\" decoding=\"async\" width=\"603\" height=\"1024\" src=\"https:\/\/rakosliget.hu\/wordpress\/wp-content\/uploads\/2025\/01\/1932_08_30_-2-oldal-atletika-remec-603x1024.jpg\" alt=\"\" class=\"wp-image-15190\" srcset=\"https:\/\/rakosliget.hu\/wordpress\/wp-content\/uploads\/2025\/01\/1932_08_30_-2-oldal-atletika-remec-603x1024.jpg 603w, https:\/\/rakosliget.hu\/wordpress\/wp-content\/uploads\/2025\/01\/1932_08_30_-2-oldal-atletika-remec-177x300.jpg 177w, https:\/\/rakosliget.hu\/wordpress\/wp-content\/uploads\/2025\/01\/1932_08_30_-2-oldal-atletika-remec-768x1304.jpg 768w, https:\/\/rakosliget.hu\/wordpress\/wp-content\/uploads\/2025\/01\/1932_08_30_-2-oldal-atletika-remec-905x1536.jpg 905w, https:\/\/rakosliget.hu\/wordpress\/wp-content\/uploads\/2025\/01\/1932_08_30_-2-oldal-atletika-remec-1206x2048.jpg 1206w, https:\/\/rakosliget.hu\/wordpress\/wp-content\/uploads\/2025\/01\/1932_08_30_-2-oldal-atletika-remec-scaled.jpg 1508w\" sizes=\"auto, (max-width: 603px) 100vw, 603px\" \/><figcaption class=\"wp-element-caption\">Nemzeti Sport 1932. 08. 30. 2. oldal <\/figcaption><\/figure>\n<\/div>\n\n\n<hr class=\"wp-block-separator has-alpha-channel-opacity\"\/>\n\n\n\n<figure class=\"wp-block-image size-large\"><img loading=\"lazy\" decoding=\"async\" width=\"691\" height=\"1024\" src=\"https:\/\/rakosliget.hu\/wordpress\/wp-content\/uploads\/2025\/01\/Remecz-edzoje-paulinyi-Jeno-1957-ben-a-Petofi-gimnazium-tablojan-691x1024.jpg\" alt=\"\" class=\"wp-image-15191\" srcset=\"https:\/\/rakosliget.hu\/wordpress\/wp-content\/uploads\/2025\/01\/Remecz-edzoje-paulinyi-Jeno-1957-ben-a-Petofi-gimnazium-tablojan-691x1024.jpg 691w, https:\/\/rakosliget.hu\/wordpress\/wp-content\/uploads\/2025\/01\/Remecz-edzoje-paulinyi-Jeno-1957-ben-a-Petofi-gimnazium-tablojan-202x300.jpg 202w, https:\/\/rakosliget.hu\/wordpress\/wp-content\/uploads\/2025\/01\/Remecz-edzoje-paulinyi-Jeno-1957-ben-a-Petofi-gimnazium-tablojan-768x1138.jpg 768w, https:\/\/rakosliget.hu\/wordpress\/wp-content\/uploads\/2025\/01\/Remecz-edzoje-paulinyi-Jeno-1957-ben-a-Petofi-gimnazium-tablojan.jpg 900w\" sizes=\"auto, (max-width: 691px) 100vw, 691px\" \/><figcaption class=\"wp-element-caption\">Remecz edz\u0151je Paulinyi Jen\u0151 1957-ben a Pet\u0151fi gimn\u00e1zium tabl\u00f3j\u00e1n<\/figcaption><\/figure>\n\n\n\n<figure class=\"wp-block-image size-large\"><img loading=\"lazy\" decoding=\"async\" width=\"400\" height=\"1024\" src=\"https:\/\/rakosliget.hu\/wordpress\/wp-content\/uploads\/2025\/01\/1932_09_05_10-oldal-atletika-400x1024.jpg\" alt=\"\" class=\"wp-image-15212\" srcset=\"https:\/\/rakosliget.hu\/wordpress\/wp-content\/uploads\/2025\/01\/1932_09_05_10-oldal-atletika-400x1024.jpg 400w, https:\/\/rakosliget.hu\/wordpress\/wp-content\/uploads\/2025\/01\/1932_09_05_10-oldal-atletika-117x300.jpg 117w, https:\/\/rakosliget.hu\/wordpress\/wp-content\/uploads\/2025\/01\/1932_09_05_10-oldal-atletika-768x1967.jpg 768w, https:\/\/rakosliget.hu\/wordpress\/wp-content\/uploads\/2025\/01\/1932_09_05_10-oldal-atletika-600x1536.jpg 600w, https:\/\/rakosliget.hu\/wordpress\/wp-content\/uploads\/2025\/01\/1932_09_05_10-oldal-atletika-800x2048.jpg 800w, https:\/\/rakosliget.hu\/wordpress\/wp-content\/uploads\/2025\/01\/1932_09_05_10-oldal-atletika-scaled.jpg 1000w\" sizes=\"auto, (max-width: 400px) 100vw, 400px\" \/><figcaption class=\"wp-element-caption\">Nemzeti Sport 1932. 09. 05. 10. oldal<\/figcaption><\/figure>\n\n\n\n<figure class=\"wp-block-image size-large\"><img loading=\"lazy\" decoding=\"async\" width=\"597\" height=\"1024\" src=\"https:\/\/rakosliget.hu\/wordpress\/wp-content\/uploads\/2025\/01\/1932_09_06_-7-oldal-atletika-597x1024.jpg\" alt=\"\" class=\"wp-image-15208\" srcset=\"https:\/\/rakosliget.hu\/wordpress\/wp-content\/uploads\/2025\/01\/1932_09_06_-7-oldal-atletika-597x1024.jpg 597w, https:\/\/rakosliget.hu\/wordpress\/wp-content\/uploads\/2025\/01\/1932_09_06_-7-oldal-atletika-175x300.jpg 175w, https:\/\/rakosliget.hu\/wordpress\/wp-content\/uploads\/2025\/01\/1932_09_06_-7-oldal-atletika.jpg 679w\" sizes=\"auto, (max-width: 597px) 100vw, 597px\" \/><figcaption class=\"wp-element-caption\">Nemzeti Sport 1932. 09. 06. 7. oldal <\/figcaption><\/figure>\n\n\n\n<figure class=\"wp-block-image size-full\"><img loading=\"lazy\" decoding=\"async\" width=\"691\" height=\"656\" src=\"https:\/\/rakosliget.hu\/wordpress\/wp-content\/uploads\/2025\/01\/1932_09_11_-6-oldal-atletika.jpg\" alt=\"\" class=\"wp-image-15210\" srcset=\"https:\/\/rakosliget.hu\/wordpress\/wp-content\/uploads\/2025\/01\/1932_09_11_-6-oldal-atletika.jpg 691w, https:\/\/rakosliget.hu\/wordpress\/wp-content\/uploads\/2025\/01\/1932_09_11_-6-oldal-atletika-300x285.jpg 300w\" sizes=\"auto, (max-width: 691px) 100vw, 691px\" \/><figcaption class=\"wp-element-caption\">Nemzeti Sport 1932. 09. 11. 6. oldal<\/figcaption><\/figure>\n\n\n<div class=\"wp-block-image\">\n<figure class=\"aligncenter size-large\"><img loading=\"lazy\" decoding=\"async\" width=\"411\" height=\"1024\" src=\"https:\/\/rakosliget.hu\/wordpress\/wp-content\/uploads\/2025\/01\/1932_09_19_-13-oldal-atletika-411x1024.jpg\" alt=\"\" class=\"wp-image-15214\" srcset=\"https:\/\/rakosliget.hu\/wordpress\/wp-content\/uploads\/2025\/01\/1932_09_19_-13-oldal-atletika-411x1024.jpg 411w, https:\/\/rakosliget.hu\/wordpress\/wp-content\/uploads\/2025\/01\/1932_09_19_-13-oldal-atletika-120x300.jpg 120w, https:\/\/rakosliget.hu\/wordpress\/wp-content\/uploads\/2025\/01\/1932_09_19_-13-oldal-atletika-616x1536.jpg 616w, https:\/\/rakosliget.hu\/wordpress\/wp-content\/uploads\/2025\/01\/1932_09_19_-13-oldal-atletika.jpg 732w\" sizes=\"auto, (max-width: 411px) 100vw, 411px\" \/><figcaption class=\"wp-element-caption\">Nemzeti Sport 1932. 09. 19. 13. oldal <\/figcaption><\/figure>\n<\/div>\n\n<div class=\"wp-block-image\">\n<figure class=\"aligncenter size-large\"><img loading=\"lazy\" decoding=\"async\" width=\"434\" height=\"1024\" src=\"https:\/\/rakosliget.hu\/wordpress\/wp-content\/uploads\/2025\/01\/1932_10_12_-7-oldal-atletika-434x1024.jpg\" alt=\"\" class=\"wp-image-15216\" srcset=\"https:\/\/rakosliget.hu\/wordpress\/wp-content\/uploads\/2025\/01\/1932_10_12_-7-oldal-atletika-434x1024.jpg 434w, https:\/\/rakosliget.hu\/wordpress\/wp-content\/uploads\/2025\/01\/1932_10_12_-7-oldal-atletika-127x300.jpg 127w, https:\/\/rakosliget.hu\/wordpress\/wp-content\/uploads\/2025\/01\/1932_10_12_-7-oldal-atletika-651x1536.jpg 651w, https:\/\/rakosliget.hu\/wordpress\/wp-content\/uploads\/2025\/01\/1932_10_12_-7-oldal-atletika.jpg 684w\" sizes=\"auto, (max-width: 434px) 100vw, 434px\" \/><figcaption class=\"wp-element-caption\">Nemzeti Sport 1932. 10. 12. 7. oldal <\/figcaption><\/figure>\n<\/div>\n\n\n<figure class=\"wp-block-image size-large\"><img loading=\"lazy\" decoding=\"async\" width=\"407\" height=\"1024\" src=\"https:\/\/rakosliget.hu\/wordpress\/wp-content\/uploads\/2025\/01\/1932_11_13_-8-oldal-atletika-407x1024.jpg\" alt=\"\" class=\"wp-image-15218\" srcset=\"https:\/\/rakosliget.hu\/wordpress\/wp-content\/uploads\/2025\/01\/1932_11_13_-8-oldal-atletika-407x1024.jpg 407w, https:\/\/rakosliget.hu\/wordpress\/wp-content\/uploads\/2025\/01\/1932_11_13_-8-oldal-atletika-119x300.jpg 119w, https:\/\/rakosliget.hu\/wordpress\/wp-content\/uploads\/2025\/01\/1932_11_13_-8-oldal-atletika-768x1935.jpg 768w, https:\/\/rakosliget.hu\/wordpress\/wp-content\/uploads\/2025\/01\/1932_11_13_-8-oldal-atletika-610x1536.jpg 610w, https:\/\/rakosliget.hu\/wordpress\/wp-content\/uploads\/2025\/01\/1932_11_13_-8-oldal-atletika-813x2048.jpg 813w\" sizes=\"auto, (max-width: 407px) 100vw, 407px\" \/><figcaption class=\"wp-element-caption\">Nemzeti Sport 1932. 11. 13. 8. oldal <\/figcaption><\/figure>\n\n\n<div class=\"wp-block-image\">\n<figure class=\"aligncenter size-large\"><img loading=\"lazy\" decoding=\"async\" width=\"276\" height=\"1024\" src=\"https:\/\/rakosliget.hu\/wordpress\/wp-content\/uploads\/2025\/01\/1932_11_30_-6-oldal-atletika-276x1024.jpg\" alt=\"\" class=\"wp-image-15221\" srcset=\"https:\/\/rakosliget.hu\/wordpress\/wp-content\/uploads\/2025\/01\/1932_11_30_-6-oldal-atletika-276x1024.jpg 276w, https:\/\/rakosliget.hu\/wordpress\/wp-content\/uploads\/2025\/01\/1932_11_30_-6-oldal-atletika-81x300.jpg 81w, https:\/\/rakosliget.hu\/wordpress\/wp-content\/uploads\/2025\/01\/1932_11_30_-6-oldal-atletika-768x2851.jpg 768w, https:\/\/rakosliget.hu\/wordpress\/wp-content\/uploads\/2025\/01\/1932_11_30_-6-oldal-atletika-414x1536.jpg 414w, https:\/\/rakosliget.hu\/wordpress\/wp-content\/uploads\/2025\/01\/1932_11_30_-6-oldal-atletika-552x2048.jpg 552w, https:\/\/rakosliget.hu\/wordpress\/wp-content\/uploads\/2025\/01\/1932_11_30_-6-oldal-atletika-scaled.jpg 690w\" sizes=\"auto, (max-width: 276px) 100vw, 276px\" \/><figcaption class=\"wp-element-caption\">Nemzeti Sport 1932. 11. 30. 6. oldal <\/figcaption><\/figure>\n<\/div>\n\n\n<p><a href=\"https:\/\/rakosliget.hu\/wordpress\/index.php\/atlatika-rakosligeti-move\/\">Vissza az ATL\u00c9TIKA lapra<\/a><\/p>\n","protected":false},"excerpt":{"rendered":"<p>Vissza az ATL\u00c9TIKA lapra Magyar \u00e9letrajzi lexikon Remecz J\u00f3zsef (Bp., 1907. m\u00e1rc. 3. \u2013 Bp., 1989. m\u00e1j. 17.): atl\u00e9ta. 1929-t\u0151l 1933-ig a R\u00e1kosligeti AC, 1934-35-ben a V\u00e1ci Rem\u00e9nys\u00e9g Egyes\u00fclet, 1936-t\u00f3l 1944-ig a Magy. Orsz. V\u00e9der\u0151 Egylet R\u00e1kosligeti T\u00e1rsadalmi SE atl\u00e9t\u00e1ja, diszkoszvet\u0151. 1932-ben a Los Angeles-i olimpi\u00e1n diszkoszvet\u00e9sben a 9. helyezett. 1934-ben diszkoszvet\u00e9sben 45, 54 m-rel &hellip; <a href=\"https:\/\/rakosliget.hu\/wordpress\/index.php\/atletika-1932\/\" class=\"more-link\"><span class=\"screen-reader-text\">ATL\u00c9TIKA 1932 REMECZ J\u00d3ZSEF<\/span> r\u00e9szletei&#8230;<\/a><\/p>\n","protected":false},"author":1,"featured_media":0,"parent":0,"menu_order":0,"comment_status":"closed","ping_status":"closed","template":"","meta":{"footnotes":""},"class_list":["post-15171","page","type-page","status-publish","hentry"],"_links":{"self":[{"href":"https:\/\/rakosliget.hu\/wordpress\/index.php\/wp-json\/wp\/v2\/pages\/15171","targetHints":{"allow":["GET"]}}],"collection":[{"href":"https:\/\/rakosliget.hu\/wordpress\/index.php\/wp-json\/wp\/v2\/pages"}],"about":[{"href":"https:\/\/rakosliget.hu\/wordpress\/index.php\/wp-json\/wp\/v2\/types\/page"}],"author":[{"embeddable":true,"href":"https:\/\/rakosliget.hu\/wordpress\/index.php\/wp-json\/wp\/v2\/users\/1"}],"replies":[{"embeddable":true,"href":"https:\/\/rakosliget.hu\/wordpress\/index.php\/wp-json\/wp\/v2\/comments?post=15171"}],"version-history":[{"count":28,"href":"https:\/\/rakosliget.hu\/wordpress\/index.php\/wp-json\/wp\/v2\/pages\/15171\/revisions"}],"predecessor-version":[{"id":15454,"href":"https:\/\/rakosliget.hu\/wordpress\/index.php\/wp-json\/wp\/v2\/pages\/15171\/revisions\/15454"}],"wp:attachment":[{"href":"https:\/\/rakosliget.hu\/wordpress\/index.php\/wp-json\/wp\/v2\/media?parent=15171"}],"curies":[{"name":"wp","href":"https:\/\/api.w.org\/{rel}","templated":true}]}}