{"id":15042,"date":"2025-01-11T15:35:10","date_gmt":"2025-01-11T14:35:10","guid":{"rendered":"https:\/\/rakosliget.hu\/wordpress\/?page_id=15042"},"modified":"2025-11-09T04:48:59","modified_gmt":"2025-11-09T03:48:59","slug":"move-loveszet","status":"publish","type":"page","link":"https:\/\/rakosliget.hu\/wordpress\/index.php\/move-loveszet\/","title":{"rendered":"MOVE &#8211; L\u00d6V\u00c9SZET"},"content":{"rendered":"\n<p>A MOVE r\u00e1kosligeti szervezet\u00e9vel 1934-ben egyes\u00fclt a R\u00e1kosligeti Atl\u00e9tikai Club (RAC) , ennek vezet\u0151je Paulinyi Jen\u0151 lett, illetve az aleln\u00f6k Dr. Berecz Ferenc volt. A l\u00f6v\u00e9szcsapat parancsnoka Dr. T\u00f3th Zolt\u00e1n k\u00f6zs\u00e9gi aljegyz\u0151 volt.<\/p>\n\n\n\n<figure class=\"wp-block-image size-large\"><img loading=\"lazy\" decoding=\"async\" width=\"1024\" height=\"807\" src=\"https:\/\/rakosliget.hu\/wordpress\/wp-content\/uploads\/2025\/03\/Pluhar-Istvan-szerk.-Magyarorszagi-sportegyesuletek-tortenete-Budapest-1942.-437.-oldal-1024x807.jpg\" alt=\"\" class=\"wp-image-17072\" srcset=\"https:\/\/rakosliget.hu\/wordpress\/wp-content\/uploads\/2025\/03\/Pluhar-Istvan-szerk.-Magyarorszagi-sportegyesuletek-tortenete-Budapest-1942.-437.-oldal-1024x807.jpg 1024w, https:\/\/rakosliget.hu\/wordpress\/wp-content\/uploads\/2025\/03\/Pluhar-Istvan-szerk.-Magyarorszagi-sportegyesuletek-tortenete-Budapest-1942.-437.-oldal-300x237.jpg 300w, https:\/\/rakosliget.hu\/wordpress\/wp-content\/uploads\/2025\/03\/Pluhar-Istvan-szerk.-Magyarorszagi-sportegyesuletek-tortenete-Budapest-1942.-437.-oldal-768x606.jpg 768w, https:\/\/rakosliget.hu\/wordpress\/wp-content\/uploads\/2025\/03\/Pluhar-Istvan-szerk.-Magyarorszagi-sportegyesuletek-tortenete-Budapest-1942.-437.-oldal-1536x1211.jpg 1536w, https:\/\/rakosliget.hu\/wordpress\/wp-content\/uploads\/2025\/03\/Pluhar-Istvan-szerk.-Magyarorszagi-sportegyesuletek-tortenete-Budapest-1942.-437.-oldal-2048x1615.jpg 2048w\" sizes=\"auto, (max-width: 1024px) 100vw, 1024px\" \/><figcaption class=\"wp-element-caption\">Pluh\u00e1r Istv\u00e1n szerk. Magyarorsz\u00e1gi sportegyes\u00fcletek t\u00f6rt\u00e9nete Budapest, 1942. 437. oldal<\/figcaption><\/figure>\n\n\n\n<h2 class=\"wp-block-heading\">1930<\/h2>\n\n\n\n<figure class=\"wp-block-image size-full\"><img loading=\"lazy\" decoding=\"async\" width=\"713\" height=\"632\" src=\"https:\/\/rakosliget.hu\/wordpress\/wp-content\/uploads\/2025\/01\/1930_07_15_-9-oldal-loveszet.jpg\" alt=\"\" class=\"wp-image-15044\" srcset=\"https:\/\/rakosliget.hu\/wordpress\/wp-content\/uploads\/2025\/01\/1930_07_15_-9-oldal-loveszet.jpg 713w, https:\/\/rakosliget.hu\/wordpress\/wp-content\/uploads\/2025\/01\/1930_07_15_-9-oldal-loveszet-300x266.jpg 300w\" sizes=\"auto, (max-width: 713px) 100vw, 713px\" \/><figcaption class=\"wp-element-caption\">Nemzeti Sport 1930. 07. 15. 9. oldal <\/figcaption><\/figure>\n\n\n\n<figure class=\"wp-block-image size-full\"><img loading=\"lazy\" decoding=\"async\" width=\"756\" height=\"949\" src=\"https:\/\/rakosliget.hu\/wordpress\/wp-content\/uploads\/2025\/01\/1930_09_24_-11-oldal-loveszet.jpg\" alt=\"\" class=\"wp-image-15046\" srcset=\"https:\/\/rakosliget.hu\/wordpress\/wp-content\/uploads\/2025\/01\/1930_09_24_-11-oldal-loveszet.jpg 756w, https:\/\/rakosliget.hu\/wordpress\/wp-content\/uploads\/2025\/01\/1930_09_24_-11-oldal-loveszet-239x300.jpg 239w\" sizes=\"auto, (max-width: 756px) 100vw, 756px\" \/><figcaption class=\"wp-element-caption\">Nemzeti Sport 1930. 09. 24. 11. oldal l\u00f6v\u00e9szet<\/figcaption><\/figure>\n\n\n\n<h2 class=\"wp-block-heading\">1931<\/h2>\n\n\n<div class=\"wp-block-image\">\n<figure class=\"aligncenter size-large\"><img loading=\"lazy\" decoding=\"async\" width=\"484\" height=\"1024\" src=\"https:\/\/rakosliget.hu\/wordpress\/wp-content\/uploads\/2025\/01\/1931_07_28_-8-oldal-loveszet-484x1024.jpg\" alt=\"\" class=\"wp-image-15157\" srcset=\"https:\/\/rakosliget.hu\/wordpress\/wp-content\/uploads\/2025\/01\/1931_07_28_-8-oldal-loveszet-484x1024.jpg 484w, https:\/\/rakosliget.hu\/wordpress\/wp-content\/uploads\/2025\/01\/1931_07_28_-8-oldal-loveszet-142x300.jpg 142w, https:\/\/rakosliget.hu\/wordpress\/wp-content\/uploads\/2025\/01\/1931_07_28_-8-oldal-loveszet.jpg 667w\" sizes=\"auto, (max-width: 484px) 100vw, 484px\" \/><figcaption class=\"wp-element-caption\">Nemzeti Sport  1931. 07. 28. 8. oldal <\/figcaption><\/figure>\n<\/div>\n\n\n<figure class=\"wp-block-image size-full\"><img loading=\"lazy\" decoding=\"async\" width=\"670\" height=\"859\" src=\"https:\/\/rakosliget.hu\/wordpress\/wp-content\/uploads\/2025\/01\/1931_08_23_-10-oldal-loveszet.jpg\" alt=\"\" class=\"wp-image-15159\" srcset=\"https:\/\/rakosliget.hu\/wordpress\/wp-content\/uploads\/2025\/01\/1931_08_23_-10-oldal-loveszet.jpg 670w, https:\/\/rakosliget.hu\/wordpress\/wp-content\/uploads\/2025\/01\/1931_08_23_-10-oldal-loveszet-234x300.jpg 234w\" sizes=\"auto, (max-width: 670px) 100vw, 670px\" \/><figcaption class=\"wp-element-caption\">Nemzeti Sport 1931. 08. 23. 10. oldal <\/figcaption><\/figure>\n\n\n<div class=\"wp-block-image\">\n<figure class=\"aligncenter size-large\"><img loading=\"lazy\" decoding=\"async\" width=\"419\" height=\"1024\" src=\"https:\/\/rakosliget.hu\/wordpress\/wp-content\/uploads\/2025\/01\/1931_08_25_-8-oldal-loveszet-419x1024.jpg\" alt=\"\" class=\"wp-image-15160\" srcset=\"https:\/\/rakosliget.hu\/wordpress\/wp-content\/uploads\/2025\/01\/1931_08_25_-8-oldal-loveszet-419x1024.jpg 419w, https:\/\/rakosliget.hu\/wordpress\/wp-content\/uploads\/2025\/01\/1931_08_25_-8-oldal-loveszet-123x300.jpg 123w, https:\/\/rakosliget.hu\/wordpress\/wp-content\/uploads\/2025\/01\/1931_08_25_-8-oldal-loveszet-768x1875.jpg 768w, https:\/\/rakosliget.hu\/wordpress\/wp-content\/uploads\/2025\/01\/1931_08_25_-8-oldal-loveszet-629x1536.jpg 629w, https:\/\/rakosliget.hu\/wordpress\/wp-content\/uploads\/2025\/01\/1931_08_25_-8-oldal-loveszet-839x2048.jpg 839w, https:\/\/rakosliget.hu\/wordpress\/wp-content\/uploads\/2025\/01\/1931_08_25_-8-oldal-loveszet-scaled.jpg 1048w\" sizes=\"auto, (max-width: 419px) 100vw, 419px\" \/><figcaption class=\"wp-element-caption\">Nemzeti Sport 1931. 08. 25. 8. oldal <\/figcaption><\/figure>\n<\/div>\n\n<div class=\"wp-block-image\">\n<figure class=\"aligncenter size-large\"><img loading=\"lazy\" decoding=\"async\" width=\"488\" height=\"1024\" src=\"https:\/\/rakosliget.hu\/wordpress\/wp-content\/uploads\/2025\/01\/1931_11_20_-6-oldal-loveszet-488x1024.jpg\" alt=\"\" class=\"wp-image-15161\" srcset=\"https:\/\/rakosliget.hu\/wordpress\/wp-content\/uploads\/2025\/01\/1931_11_20_-6-oldal-loveszet-488x1024.jpg 488w, https:\/\/rakosliget.hu\/wordpress\/wp-content\/uploads\/2025\/01\/1931_11_20_-6-oldal-loveszet-143x300.jpg 143w, https:\/\/rakosliget.hu\/wordpress\/wp-content\/uploads\/2025\/01\/1931_11_20_-6-oldal-loveszet.jpg 672w\" sizes=\"auto, (max-width: 488px) 100vw, 488px\" \/><figcaption class=\"wp-element-caption\">Nemzeti Sport 1931. 11. 20. 6. oldal <\/figcaption><\/figure>\n<\/div>\n\n\n<h2 class=\"wp-block-heading\">1935<\/h2>\n\n\n<div class=\"wp-block-image\">\n<figure class=\"aligncenter size-large\"><img loading=\"lazy\" decoding=\"async\" width=\"236\" height=\"1024\" src=\"https:\/\/rakosliget.hu\/wordpress\/wp-content\/uploads\/2025\/01\/1935_08_23_-6-oldal-loveszet-236x1024.jpg\" alt=\"\" class=\"wp-image-15529\" srcset=\"https:\/\/rakosliget.hu\/wordpress\/wp-content\/uploads\/2025\/01\/1935_08_23_-6-oldal-loveszet-236x1024.jpg 236w, https:\/\/rakosliget.hu\/wordpress\/wp-content\/uploads\/2025\/01\/1935_08_23_-6-oldal-loveszet-69x300.jpg 69w\" sizes=\"auto, (max-width: 236px) 100vw, 236px\" \/><figcaption class=\"wp-element-caption\">Nemzeti Sport 1935. 08. 23. 6. oldal <\/figcaption><\/figure>\n<\/div>\n\n\n<h2 class=\"wp-block-heading\">1938<\/h2>\n\n\n<div class=\"wp-block-image\">\n<figure class=\"aligncenter size-large\"><img loading=\"lazy\" decoding=\"async\" width=\"614\" height=\"1024\" src=\"https:\/\/rakosliget.hu\/wordpress\/wp-content\/uploads\/2025\/01\/1938_09_01_-6-oldal-loveszet-614x1024.jpg\" alt=\"\" class=\"wp-image-15733\" srcset=\"https:\/\/rakosliget.hu\/wordpress\/wp-content\/uploads\/2025\/01\/1938_09_01_-6-oldal-loveszet-614x1024.jpg 614w, https:\/\/rakosliget.hu\/wordpress\/wp-content\/uploads\/2025\/01\/1938_09_01_-6-oldal-loveszet-180x300.jpg 180w, https:\/\/rakosliget.hu\/wordpress\/wp-content\/uploads\/2025\/01\/1938_09_01_-6-oldal-loveszet.jpg 666w\" sizes=\"auto, (max-width: 614px) 100vw, 614px\" \/><figcaption class=\"wp-element-caption\">Nemzeti Sport 1938. 09. 01. 6. oldal <\/figcaption><\/figure>\n<\/div>\n\n\n<h2 class=\"wp-block-heading\">1940<\/h2>\n\n\n<div class=\"wp-block-image\">\n<figure class=\"aligncenter size-full\"><img loading=\"lazy\" decoding=\"async\" width=\"663\" height=\"1489\" src=\"https:\/\/rakosliget.hu\/wordpress\/wp-content\/uploads\/2025\/11\/MOVE-serleg.jpg\" alt=\"\" class=\"wp-image-18870\" srcset=\"https:\/\/rakosliget.hu\/wordpress\/wp-content\/uploads\/2025\/11\/MOVE-serleg.jpg 663w, https:\/\/rakosliget.hu\/wordpress\/wp-content\/uploads\/2025\/11\/MOVE-serleg-134x300.jpg 134w\" sizes=\"auto, (max-width: 663px) 100vw, 663px\" \/><figcaption class=\"wp-element-caption\">F\u00fcggetlens\u00e9g 1940. m\u00e1jus 21.<\/figcaption><\/figure>\n<\/div>\n\n\n<h2 class=\"wp-block-heading\">1942<\/h2>\n\n\n<div class=\"wp-block-image\">\n<figure class=\"aligncenter size-full\"><img loading=\"lazy\" decoding=\"async\" width=\"763\" height=\"643\" src=\"https:\/\/rakosliget.hu\/wordpress\/wp-content\/uploads\/2025\/03\/Pluhar-Istvan-szerk.-Magyarorszagi-sportegyesuletek-tortenete-Budapest-1942-104.-oldal-1.jpg\" alt=\"\" class=\"wp-image-17082\" srcset=\"https:\/\/rakosliget.hu\/wordpress\/wp-content\/uploads\/2025\/03\/Pluhar-Istvan-szerk.-Magyarorszagi-sportegyesuletek-tortenete-Budapest-1942-104.-oldal-1.jpg 763w, https:\/\/rakosliget.hu\/wordpress\/wp-content\/uploads\/2025\/03\/Pluhar-Istvan-szerk.-Magyarorszagi-sportegyesuletek-tortenete-Budapest-1942-104.-oldal-1-300x253.jpg 300w\" sizes=\"auto, (max-width: 763px) 100vw, 763px\" \/><figcaption class=\"wp-element-caption\">Pluh\u00e1r Istv\u00e1n szerk. Magyarorsz\u00e1gi sportegyes\u00fcletek t\u00f6rt\u00e9nete Budapest, 1942 104. oldal<\/figcaption><\/figure>\n<\/div>\n\n\n<h2 class=\"wp-block-heading\">1944<\/h2>\n\n\n<div class=\"wp-block-image\">\n<figure class=\"aligncenter size-full\"><img loading=\"lazy\" decoding=\"async\" width=\"805\" height=\"257\" src=\"https:\/\/rakosliget.hu\/wordpress\/wp-content\/uploads\/2025\/03\/Lovesz-Majnik.jpg\" alt=\"\" class=\"wp-image-17068\" srcset=\"https:\/\/rakosliget.hu\/wordpress\/wp-content\/uploads\/2025\/03\/Lovesz-Majnik.jpg 805w, https:\/\/rakosliget.hu\/wordpress\/wp-content\/uploads\/2025\/03\/Lovesz-Majnik-300x96.jpg 300w, https:\/\/rakosliget.hu\/wordpress\/wp-content\/uploads\/2025\/03\/Lovesz-Majnik-768x245.jpg 768w\" sizes=\"auto, (max-width: 805px) 100vw, 805px\" \/><figcaption class=\"wp-element-caption\">Magyarorsz\u00e1g 1944. j\u00fanius 21. 8. oldal<\/figcaption><\/figure>\n<\/div>\n\n\n<p><\/p>\n","protected":false},"excerpt":{"rendered":"<p>A MOVE r\u00e1kosligeti szervezet\u00e9vel 1934-ben egyes\u00fclt a R\u00e1kosligeti Atl\u00e9tikai Club (RAC) , ennek vezet\u0151je Paulinyi Jen\u0151 lett, illetve az aleln\u00f6k Dr. Berecz Ferenc volt. A l\u00f6v\u00e9szcsapat parancsnoka Dr. T\u00f3th Zolt\u00e1n k\u00f6zs\u00e9gi aljegyz\u0151 volt. 1930 1931 1935 1938 1940 1942 1944<\/p>\n","protected":false},"author":1,"featured_media":0,"parent":0,"menu_order":0,"comment_status":"closed","ping_status":"closed","template":"","meta":{"footnotes":""},"class_list":["post-15042","page","type-page","status-publish","hentry"],"_links":{"self":[{"href":"https:\/\/rakosliget.hu\/wordpress\/index.php\/wp-json\/wp\/v2\/pages\/15042","targetHints":{"allow":["GET"]}}],"collection":[{"href":"https:\/\/rakosliget.hu\/wordpress\/index.php\/wp-json\/wp\/v2\/pages"}],"about":[{"href":"https:\/\/rakosliget.hu\/wordpress\/index.php\/wp-json\/wp\/v2\/types\/page"}],"author":[{"embeddable":true,"href":"https:\/\/rakosliget.hu\/wordpress\/index.php\/wp-json\/wp\/v2\/users\/1"}],"replies":[{"embeddable":true,"href":"https:\/\/rakosliget.hu\/wordpress\/index.php\/wp-json\/wp\/v2\/comments?post=15042"}],"version-history":[{"count":9,"href":"https:\/\/rakosliget.hu\/wordpress\/index.php\/wp-json\/wp\/v2\/pages\/15042\/revisions"}],"predecessor-version":[{"id":18871,"href":"https:\/\/rakosliget.hu\/wordpress\/index.php\/wp-json\/wp\/v2\/pages\/15042\/revisions\/18871"}],"wp:attachment":[{"href":"https:\/\/rakosliget.hu\/wordpress\/index.php\/wp-json\/wp\/v2\/media?parent=15042"}],"curies":[{"name":"wp","href":"https:\/\/api.w.org\/{rel}","templated":true}]}}