{"id":15022,"date":"2025-01-11T15:22:32","date_gmt":"2025-01-11T14:22:32","guid":{"rendered":"https:\/\/rakosliget.hu\/wordpress\/?page_id=15022"},"modified":"2025-01-11T15:27:15","modified_gmt":"2025-01-11T14:27:15","slug":"rue-1930","status":"publish","type":"page","link":"https:\/\/rakosliget.hu\/wordpress\/index.php\/rue-1930\/","title":{"rendered":"RUE 1930"},"content":{"rendered":"\n<p><a href=\"https:\/\/rakosliget.hu\/wordpress\/index.php\/rakosligeti-uszo-egylet-rue\/\">Vissza az \u00daSZ\u00c1S lapra<\/a><\/p>\n\n\n\n<p>Ez \u00e9v december\u00e9ben adt\u00e1k \u00e1t a Margitszigeti Sportuszod\u00e1t, mely menyit\u00f3j\u00e1ra a RUE is megh\u00edv\u00e1st kapott. L.d. Nemzeti Sport 1930. 12. 02. 11. oldal .<\/p>\n\n\n\n<figure class=\"wp-block-image size-full\"><img loading=\"lazy\" decoding=\"async\" width=\"785\" height=\"372\" src=\"https:\/\/rakosliget.hu\/wordpress\/wp-content\/uploads\/2025\/01\/1930_07_01-9-oldal-uszas.jpg\" alt=\"\" class=\"wp-image-15024\" srcset=\"https:\/\/rakosliget.hu\/wordpress\/wp-content\/uploads\/2025\/01\/1930_07_01-9-oldal-uszas.jpg 785w, https:\/\/rakosliget.hu\/wordpress\/wp-content\/uploads\/2025\/01\/1930_07_01-9-oldal-uszas-300x142.jpg 300w, https:\/\/rakosliget.hu\/wordpress\/wp-content\/uploads\/2025\/01\/1930_07_01-9-oldal-uszas-768x364.jpg 768w\" sizes=\"auto, (max-width: 785px) 100vw, 785px\" \/><figcaption class=\"wp-element-caption\">Nemzeti Sport 1930. 07.01. 9. oldal <\/figcaption><\/figure>\n\n\n\n<figure class=\"wp-block-image size-full\"><img loading=\"lazy\" decoding=\"async\" width=\"745\" height=\"269\" src=\"https:\/\/rakosliget.hu\/wordpress\/wp-content\/uploads\/2025\/01\/1930_07_02_-9-oldal-vizilabda.jpg\" alt=\"\" class=\"wp-image-15026\" srcset=\"https:\/\/rakosliget.hu\/wordpress\/wp-content\/uploads\/2025\/01\/1930_07_02_-9-oldal-vizilabda.jpg 745w, https:\/\/rakosliget.hu\/wordpress\/wp-content\/uploads\/2025\/01\/1930_07_02_-9-oldal-vizilabda-300x108.jpg 300w\" sizes=\"auto, (max-width: 745px) 100vw, 745px\" \/><figcaption class=\"wp-element-caption\">Nemzeti Sport 1930. 07. 02. 9. oldal vizilabda<\/figcaption><\/figure>\n\n\n<div class=\"wp-block-image\">\n<figure class=\"aligncenter size-large\"><img loading=\"lazy\" decoding=\"async\" width=\"566\" height=\"1024\" src=\"https:\/\/rakosliget.hu\/wordpress\/wp-content\/uploads\/2025\/01\/1930_07_15_-4-oldal-uszas-566x1024.jpg\" alt=\"\" class=\"wp-image-15027\" srcset=\"https:\/\/rakosliget.hu\/wordpress\/wp-content\/uploads\/2025\/01\/1930_07_15_-4-oldal-uszas-566x1024.jpg 566w, https:\/\/rakosliget.hu\/wordpress\/wp-content\/uploads\/2025\/01\/1930_07_15_-4-oldal-uszas-166x300.jpg 166w, https:\/\/rakosliget.hu\/wordpress\/wp-content\/uploads\/2025\/01\/1930_07_15_-4-oldal-uszas.jpg 749w\" sizes=\"auto, (max-width: 566px) 100vw, 566px\" \/><figcaption class=\"wp-element-caption\">Nemzeti Sport 1930. 07. 15. 4. oldal <\/figcaption><\/figure>\n<\/div>\n\n\n<figure class=\"wp-block-image size-full\"><img loading=\"lazy\" decoding=\"async\" width=\"793\" height=\"293\" src=\"https:\/\/rakosliget.hu\/wordpress\/wp-content\/uploads\/2025\/01\/1930_07_25_-4-okldal-uszas.jpg\" alt=\"\" class=\"wp-image-15029\" srcset=\"https:\/\/rakosliget.hu\/wordpress\/wp-content\/uploads\/2025\/01\/1930_07_25_-4-okldal-uszas.jpg 793w, https:\/\/rakosliget.hu\/wordpress\/wp-content\/uploads\/2025\/01\/1930_07_25_-4-okldal-uszas-300x111.jpg 300w, https:\/\/rakosliget.hu\/wordpress\/wp-content\/uploads\/2025\/01\/1930_07_25_-4-okldal-uszas-768x284.jpg 768w\" sizes=\"auto, (max-width: 793px) 100vw, 793px\" \/><figcaption class=\"wp-element-caption\">Nemzeti Sport 1930. 07. 25. 4. oldal <\/figcaption><\/figure>\n\n\n<div class=\"wp-block-image\">\n<figure class=\"aligncenter size-large\"><img loading=\"lazy\" decoding=\"async\" width=\"514\" height=\"1024\" src=\"https:\/\/rakosliget.hu\/wordpress\/wp-content\/uploads\/2025\/01\/1930_12_02_-11-oldal-uszas-514x1024.jpg\" alt=\"\" class=\"wp-image-15031\" srcset=\"https:\/\/rakosliget.hu\/wordpress\/wp-content\/uploads\/2025\/01\/1930_12_02_-11-oldal-uszas-514x1024.jpg 514w, https:\/\/rakosliget.hu\/wordpress\/wp-content\/uploads\/2025\/01\/1930_12_02_-11-oldal-uszas-151x300.jpg 151w, https:\/\/rakosliget.hu\/wordpress\/wp-content\/uploads\/2025\/01\/1930_12_02_-11-oldal-uszas-768x1530.jpg 768w, https:\/\/rakosliget.hu\/wordpress\/wp-content\/uploads\/2025\/01\/1930_12_02_-11-oldal-uszas-771x1536.jpg 771w, https:\/\/rakosliget.hu\/wordpress\/wp-content\/uploads\/2025\/01\/1930_12_02_-11-oldal-uszas-1028x2048.jpg 1028w, https:\/\/rakosliget.hu\/wordpress\/wp-content\/uploads\/2025\/01\/1930_12_02_-11-oldal-uszas-scaled.jpg 1285w\" sizes=\"auto, (max-width: 514px) 100vw, 514px\" \/><figcaption class=\"wp-element-caption\">Nemzeti Sport 1930. 12. 02. 11. oldal <\/figcaption><\/figure>\n<\/div>\n\n\n<figure class=\"wp-block-image size-full\"><img loading=\"lazy\" decoding=\"async\" width=\"630\" height=\"423\" src=\"https:\/\/rakosliget.hu\/wordpress\/wp-content\/uploads\/2025\/01\/image-1.png\" alt=\"\" class=\"wp-image-15040\" srcset=\"https:\/\/rakosliget.hu\/wordpress\/wp-content\/uploads\/2025\/01\/image-1.png 630w, https:\/\/rakosliget.hu\/wordpress\/wp-content\/uploads\/2025\/01\/image-1-300x201.png 300w, https:\/\/rakosliget.hu\/wordpress\/wp-content\/uploads\/2025\/01\/image-1-272x182.png 272w\" sizes=\"auto, (max-width: 630px) 100vw, 630px\" \/><figcaption class=\"wp-element-caption\">A Haj\u00f3s Alfr\u00e9d Nemzeti Sportuszoda 1937-ben (Fortepan \/ Martin Korn\u00e9l)<\/figcaption><\/figure>\n","protected":false},"excerpt":{"rendered":"<p>Vissza az \u00daSZ\u00c1S lapra Ez \u00e9v december\u00e9ben adt\u00e1k \u00e1t a Margitszigeti Sportuszod\u00e1t, mely menyit\u00f3j\u00e1ra a RUE is megh\u00edv\u00e1st kapott. L.d. Nemzeti Sport 1930. 12. 02. 11. oldal .<\/p>\n","protected":false},"author":1,"featured_media":0,"parent":0,"menu_order":0,"comment_status":"closed","ping_status":"closed","template":"","meta":{"footnotes":""},"class_list":["post-15022","page","type-page","status-publish","hentry"],"_links":{"self":[{"href":"https:\/\/rakosliget.hu\/wordpress\/index.php\/wp-json\/wp\/v2\/pages\/15022","targetHints":{"allow":["GET"]}}],"collection":[{"href":"https:\/\/rakosliget.hu\/wordpress\/index.php\/wp-json\/wp\/v2\/pages"}],"about":[{"href":"https:\/\/rakosliget.hu\/wordpress\/index.php\/wp-json\/wp\/v2\/types\/page"}],"author":[{"embeddable":true,"href":"https:\/\/rakosliget.hu\/wordpress\/index.php\/wp-json\/wp\/v2\/users\/1"}],"replies":[{"embeddable":true,"href":"https:\/\/rakosliget.hu\/wordpress\/index.php\/wp-json\/wp\/v2\/comments?post=15022"}],"version-history":[{"count":7,"href":"https:\/\/rakosliget.hu\/wordpress\/index.php\/wp-json\/wp\/v2\/pages\/15022\/revisions"}],"predecessor-version":[{"id":15041,"href":"https:\/\/rakosliget.hu\/wordpress\/index.php\/wp-json\/wp\/v2\/pages\/15022\/revisions\/15041"}],"wp:attachment":[{"href":"https:\/\/rakosliget.hu\/wordpress\/index.php\/wp-json\/wp\/v2\/media?parent=15022"}],"curies":[{"name":"wp","href":"https:\/\/api.w.org\/{rel}","templated":true}]}}