{"id":15016,"date":"2025-01-11T15:16:09","date_gmt":"2025-01-11T14:16:09","guid":{"rendered":"https:\/\/rakosliget.hu\/wordpress\/?page_id=15016"},"modified":"2025-12-27T15:07:19","modified_gmt":"2025-12-27T14:07:19","slug":"rue-1929","status":"publish","type":"page","link":"https:\/\/rakosliget.hu\/wordpress\/index.php\/rue-1929\/","title":{"rendered":"RUE 1929"},"content":{"rendered":"\n<p><a href=\"https:\/\/rakosliget.hu\/wordpress\/index.php\/rue-1928\/\"><\/a><a href=\"https:\/\/rakosliget.hu\/wordpress\/index.php\/rakosligeti-uszo-egylet-rue\/\">Vissza az \u00daSZ\u00c1S lapra<\/a><\/p>\n\n\n<div class=\"wp-block-image\">\n<figure class=\"aligncenter size-full\"><img loading=\"lazy\" decoding=\"async\" width=\"759\" height=\"397\" src=\"https:\/\/rakosliget.hu\/wordpress\/wp-content\/uploads\/2025\/03\/Zuber-Ferenc-szerk.-Magyar-sport-almanach-1929-Budapest-1930-400.-oldal-2.jpg\" alt=\"\" class=\"wp-image-16925\" srcset=\"https:\/\/rakosliget.hu\/wordpress\/wp-content\/uploads\/2025\/03\/Zuber-Ferenc-szerk.-Magyar-sport-almanach-1929-Budapest-1930-400.-oldal-2.jpg 759w, https:\/\/rakosliget.hu\/wordpress\/wp-content\/uploads\/2025\/03\/Zuber-Ferenc-szerk.-Magyar-sport-almanach-1929-Budapest-1930-400.-oldal-2-300x157.jpg 300w\" sizes=\"auto, (max-width: 759px) 100vw, 759px\" \/><figcaption class=\"wp-element-caption\">Zuber Ferenc (szerk.) Magyar sport-almanach 1929 (Budapest, 1930) 400. oldal <\/figcaption><\/figure>\n<\/div>\n\n\n<figure class=\"wp-block-image size-large\"><img loading=\"lazy\" decoding=\"async\" width=\"698\" height=\"1024\" src=\"https:\/\/rakosliget.hu\/wordpress\/wp-content\/uploads\/2025\/01\/1929_03_13_-7-oldal-uszas-698x1024.jpg\" alt=\"\" class=\"wp-image-14902\" srcset=\"https:\/\/rakosliget.hu\/wordpress\/wp-content\/uploads\/2025\/01\/1929_03_13_-7-oldal-uszas-698x1024.jpg 698w, https:\/\/rakosliget.hu\/wordpress\/wp-content\/uploads\/2025\/01\/1929_03_13_-7-oldal-uszas-205x300.jpg 205w, https:\/\/rakosliget.hu\/wordpress\/wp-content\/uploads\/2025\/01\/1929_03_13_-7-oldal-uszas-768x1127.jpg 768w, https:\/\/rakosliget.hu\/wordpress\/wp-content\/uploads\/2025\/01\/1929_03_13_-7-oldal-uszas-1047x1536.jpg 1047w, https:\/\/rakosliget.hu\/wordpress\/wp-content\/uploads\/2025\/01\/1929_03_13_-7-oldal-uszas-1396x2048.jpg 1396w, https:\/\/rakosliget.hu\/wordpress\/wp-content\/uploads\/2025\/01\/1929_03_13_-7-oldal-uszas-scaled.jpg 1745w\" sizes=\"auto, (max-width: 698px) 100vw, 698px\" \/><figcaption class=\"wp-element-caption\">Nemzeti Sport 1929. 03. 13. 7. oldal <\/figcaption><\/figure>\n\n\n<div class=\"wp-block-image\">\n<figure class=\"aligncenter size-large\"><img loading=\"lazy\" decoding=\"async\" width=\"503\" height=\"1024\" src=\"https:\/\/rakosliget.hu\/wordpress\/wp-content\/uploads\/2025\/01\/1929_08_-27_-9-oldal-uszas-503x1024.jpg\" alt=\"\" class=\"wp-image-14896\" srcset=\"https:\/\/rakosliget.hu\/wordpress\/wp-content\/uploads\/2025\/01\/1929_08_-27_-9-oldal-uszas-503x1024.jpg 503w, https:\/\/rakosliget.hu\/wordpress\/wp-content\/uploads\/2025\/01\/1929_08_-27_-9-oldal-uszas-147x300.jpg 147w, https:\/\/rakosliget.hu\/wordpress\/wp-content\/uploads\/2025\/01\/1929_08_-27_-9-oldal-uszas.jpg 729w\" sizes=\"auto, (max-width: 503px) 100vw, 503px\" \/><figcaption class=\"wp-element-caption\">Nemezti Sport 1929. 08_.27_ 9. oldal <\/figcaption><\/figure>\n<\/div>\n\n\n<figure class=\"wp-block-image size-full\"><img loading=\"lazy\" decoding=\"async\" width=\"724\" height=\"881\" src=\"https:\/\/rakosliget.hu\/wordpress\/wp-content\/uploads\/2025\/01\/1929_08_11_-6-oldal-uszas.jpg\" alt=\"\" class=\"wp-image-14898\" srcset=\"https:\/\/rakosliget.hu\/wordpress\/wp-content\/uploads\/2025\/01\/1929_08_11_-6-oldal-uszas.jpg 724w, https:\/\/rakosliget.hu\/wordpress\/wp-content\/uploads\/2025\/01\/1929_08_11_-6-oldal-uszas-247x300.jpg 247w\" sizes=\"auto, (max-width: 724px) 100vw, 724px\" \/><figcaption class=\"wp-element-caption\">Nemzeti Sport 1929. 08. 11. 6. oldal <\/figcaption><\/figure>\n\n\n\n<figure class=\"wp-block-image size-full\"><img loading=\"lazy\" decoding=\"async\" width=\"757\" height=\"1004\" src=\"https:\/\/rakosliget.hu\/wordpress\/wp-content\/uploads\/2025\/01\/1929_08_16_-8-oldal-uszas.jpg\" alt=\"\" class=\"wp-image-14900\" srcset=\"https:\/\/rakosliget.hu\/wordpress\/wp-content\/uploads\/2025\/01\/1929_08_16_-8-oldal-uszas.jpg 757w, https:\/\/rakosliget.hu\/wordpress\/wp-content\/uploads\/2025\/01\/1929_08_16_-8-oldal-uszas-226x300.jpg 226w\" sizes=\"auto, (max-width: 757px) 100vw, 757px\" \/><figcaption class=\"wp-element-caption\">Nemzeti Sport 1929. 08. 16. 8. oldal <\/figcaption><\/figure>\n\n\n<div class=\"wp-block-image\">\n<figure class=\"aligncenter size-full\"><img loading=\"lazy\" decoding=\"async\" width=\"745\" height=\"458\" src=\"https:\/\/rakosliget.hu\/wordpress\/wp-content\/uploads\/2025\/12\/Uszas1929-08-19.jpg\" alt=\"\" class=\"wp-image-20376\" srcset=\"https:\/\/rakosliget.hu\/wordpress\/wp-content\/uploads\/2025\/12\/Uszas1929-08-19.jpg 745w, https:\/\/rakosliget.hu\/wordpress\/wp-content\/uploads\/2025\/12\/Uszas1929-08-19-300x184.jpg 300w\" sizes=\"auto, (max-width: 745px) 100vw, 745px\" \/><figcaption class=\"wp-element-caption\">Tempo 1929. augusztus 19. 4. oldal<\/figcaption><\/figure>\n<\/div>\n\n\n<p><a href=\"https:\/\/rakosliget.hu\/wordpress\/index.php\/rue-1928\/\"><\/a><a href=\"https:\/\/rakosliget.hu\/wordpress\/index.php\/rakosligeti-uszo-egylet-rue\/\">Vissza az \u00daSZ\u00c1S lapra<\/a><\/p>\n","protected":false},"excerpt":{"rendered":"<p>Vissza az \u00daSZ\u00c1S lapra Vissza az \u00daSZ\u00c1S lapra<\/p>\n","protected":false},"author":1,"featured_media":0,"parent":0,"menu_order":0,"comment_status":"closed","ping_status":"closed","template":"","meta":{"footnotes":""},"class_list":["post-15016","page","type-page","status-publish","hentry"],"_links":{"self":[{"href":"https:\/\/rakosliget.hu\/wordpress\/index.php\/wp-json\/wp\/v2\/pages\/15016","targetHints":{"allow":["GET"]}}],"collection":[{"href":"https:\/\/rakosliget.hu\/wordpress\/index.php\/wp-json\/wp\/v2\/pages"}],"about":[{"href":"https:\/\/rakosliget.hu\/wordpress\/index.php\/wp-json\/wp\/v2\/types\/page"}],"author":[{"embeddable":true,"href":"https:\/\/rakosliget.hu\/wordpress\/index.php\/wp-json\/wp\/v2\/users\/1"}],"replies":[{"embeddable":true,"href":"https:\/\/rakosliget.hu\/wordpress\/index.php\/wp-json\/wp\/v2\/comments?post=15016"}],"version-history":[{"count":5,"href":"https:\/\/rakosliget.hu\/wordpress\/index.php\/wp-json\/wp\/v2\/pages\/15016\/revisions"}],"predecessor-version":[{"id":20379,"href":"https:\/\/rakosliget.hu\/wordpress\/index.php\/wp-json\/wp\/v2\/pages\/15016\/revisions\/20379"}],"wp:attachment":[{"href":"https:\/\/rakosliget.hu\/wordpress\/index.php\/wp-json\/wp\/v2\/media?parent=15016"}],"curies":[{"name":"wp","href":"https:\/\/api.w.org\/{rel}","templated":true}]}}