{"id":15011,"date":"2025-01-11T15:13:45","date_gmt":"2025-01-11T14:13:45","guid":{"rendered":"https:\/\/rakosliget.hu\/wordpress\/?page_id=15011"},"modified":"2025-03-14T04:10:09","modified_gmt":"2025-03-14T03:10:09","slug":"rue-1928","status":"publish","type":"page","link":"https:\/\/rakosliget.hu\/wordpress\/index.php\/rue-1928\/","title":{"rendered":"RUE 1928"},"content":{"rendered":"\n<p><a href=\"https:\/\/rakosliget.hu\/wordpress\/index.php\/rakosligeti-uszo-egylet-rue\/\">Vissza az \u00daSZ\u00c1S lapra<\/a><\/p>\n\n\n<div class=\"wp-block-image\">\n<figure class=\"aligncenter size-full\"><img loading=\"lazy\" decoding=\"async\" width=\"694\" height=\"364\" src=\"https:\/\/rakosliget.hu\/wordpress\/wp-content\/uploads\/2025\/03\/Magyar-Sport-Almanach-1928-Budapest-1929-395-oldal.jpg\" alt=\"\" class=\"wp-image-16922\" srcset=\"https:\/\/rakosliget.hu\/wordpress\/wp-content\/uploads\/2025\/03\/Magyar-Sport-Almanach-1928-Budapest-1929-395-oldal.jpg 694w, https:\/\/rakosliget.hu\/wordpress\/wp-content\/uploads\/2025\/03\/Magyar-Sport-Almanach-1928-Budapest-1929-395-oldal-300x157.jpg 300w\" sizes=\"auto, (max-width: 694px) 100vw, 694px\" \/><figcaption class=\"wp-element-caption\">Magyar Sport Almanach 1928 (Budapest, 1929) 395 oldal<\/figcaption><\/figure>\n<\/div>\n\n<div class=\"wp-block-image\">\n<figure class=\"aligncenter size-large\"><img loading=\"lazy\" decoding=\"async\" width=\"202\" height=\"1024\" src=\"https:\/\/rakosliget.hu\/wordpress\/wp-content\/uploads\/2025\/01\/1928_08_13_10-oldal-uszas-202x1024.jpg\" alt=\"\" class=\"wp-image-14743\" srcset=\"https:\/\/rakosliget.hu\/wordpress\/wp-content\/uploads\/2025\/01\/1928_08_13_10-oldal-uszas-202x1024.jpg 202w, https:\/\/rakosliget.hu\/wordpress\/wp-content\/uploads\/2025\/01\/1928_08_13_10-oldal-uszas-59x300.jpg 59w\" sizes=\"auto, (max-width: 202px) 100vw, 202px\" \/><figcaption class=\"wp-element-caption\">Nemzeti Sport 1928. 08. 13. 10. oldal <\/figcaption><\/figure>\n<\/div>\n\n\n<figure class=\"wp-block-image size-large\"><img loading=\"lazy\" decoding=\"async\" width=\"574\" height=\"1024\" src=\"https:\/\/rakosliget.hu\/wordpress\/wp-content\/uploads\/2025\/01\/1928_09_5_-6-oldal-uszas-574x1024.jpg\" alt=\"\" class=\"wp-image-14810\" srcset=\"https:\/\/rakosliget.hu\/wordpress\/wp-content\/uploads\/2025\/01\/1928_09_5_-6-oldal-uszas-574x1024.jpg 574w, https:\/\/rakosliget.hu\/wordpress\/wp-content\/uploads\/2025\/01\/1928_09_5_-6-oldal-uszas-168x300.jpg 168w, https:\/\/rakosliget.hu\/wordpress\/wp-content\/uploads\/2025\/01\/1928_09_5_-6-oldal-uszas-768x1371.jpg 768w, https:\/\/rakosliget.hu\/wordpress\/wp-content\/uploads\/2025\/01\/1928_09_5_-6-oldal-uszas.jpg 789w\" sizes=\"auto, (max-width: 574px) 100vw, 574px\" \/><figcaption class=\"wp-element-caption\">Nemzeti Sport 1928. 09. 5. 6. oldal <\/figcaption><\/figure>\n\n\n\n<p><a href=\"https:\/\/rakosliget.hu\/wordpress\/index.php\/rakosligeti-uszo-egylet-rue\/\">Vissza az \u00daSZ\u00c1S lapra<\/a><\/p>\n","protected":false},"excerpt":{"rendered":"<p>Vissza az \u00daSZ\u00c1S lapra Vissza az \u00daSZ\u00c1S lapra<\/p>\n","protected":false},"author":1,"featured_media":0,"parent":0,"menu_order":0,"comment_status":"closed","ping_status":"closed","template":"","meta":{"footnotes":""},"class_list":["post-15011","page","type-page","status-publish","hentry"],"_links":{"self":[{"href":"https:\/\/rakosliget.hu\/wordpress\/index.php\/wp-json\/wp\/v2\/pages\/15011","targetHints":{"allow":["GET"]}}],"collection":[{"href":"https:\/\/rakosliget.hu\/wordpress\/index.php\/wp-json\/wp\/v2\/pages"}],"about":[{"href":"https:\/\/rakosliget.hu\/wordpress\/index.php\/wp-json\/wp\/v2\/types\/page"}],"author":[{"embeddable":true,"href":"https:\/\/rakosliget.hu\/wordpress\/index.php\/wp-json\/wp\/v2\/users\/1"}],"replies":[{"embeddable":true,"href":"https:\/\/rakosliget.hu\/wordpress\/index.php\/wp-json\/wp\/v2\/comments?post=15011"}],"version-history":[{"count":3,"href":"https:\/\/rakosliget.hu\/wordpress\/index.php\/wp-json\/wp\/v2\/pages\/15011\/revisions"}],"predecessor-version":[{"id":16924,"href":"https:\/\/rakosliget.hu\/wordpress\/index.php\/wp-json\/wp\/v2\/pages\/15011\/revisions\/16924"}],"wp:attachment":[{"href":"https:\/\/rakosliget.hu\/wordpress\/index.php\/wp-json\/wp\/v2\/media?parent=15011"}],"curies":[{"name":"wp","href":"https:\/\/api.w.org\/{rel}","templated":true}]}}