{"id":14999,"date":"2025-01-11T15:07:42","date_gmt":"2025-01-11T14:07:42","guid":{"rendered":"https:\/\/rakosliget.hu\/wordpress\/?page_id=14999"},"modified":"2025-03-14T04:32:39","modified_gmt":"2025-03-14T03:32:39","slug":"atletika-1930","status":"publish","type":"page","link":"https:\/\/rakosliget.hu\/wordpress\/index.php\/atletika-1930\/","title":{"rendered":"ATL\u00c9TIKA 1930"},"content":{"rendered":"\n<p><a href=\"https:\/\/rakosliget.hu\/wordpress\/index.php\/atlatika-rakosligeti-move\/\">Vissza az ATL\u00c9TIKA lapra<\/a><\/p>\n\n\n\n<figure class=\"wp-block-image size-large\"><img loading=\"lazy\" decoding=\"async\" width=\"1024\" height=\"843\" src=\"https:\/\/rakosliget.hu\/wordpress\/wp-content\/uploads\/2025\/01\/1930_06_16_-13-oldal-atletika-1024x843.jpg\" alt=\"\" class=\"wp-image-15006\" srcset=\"https:\/\/rakosliget.hu\/wordpress\/wp-content\/uploads\/2025\/01\/1930_06_16_-13-oldal-atletika-1024x843.jpg 1024w, https:\/\/rakosliget.hu\/wordpress\/wp-content\/uploads\/2025\/01\/1930_06_16_-13-oldal-atletika-300x247.jpg 300w, https:\/\/rakosliget.hu\/wordpress\/wp-content\/uploads\/2025\/01\/1930_06_16_-13-oldal-atletika-768x632.jpg 768w, https:\/\/rakosliget.hu\/wordpress\/wp-content\/uploads\/2025\/01\/1930_06_16_-13-oldal-atletika.jpg 1469w\" sizes=\"auto, (max-width: 1024px) 100vw, 1024px\" \/><figcaption class=\"wp-element-caption\">Nemzeti Sport 1930. 06. 16. 13. oldal <\/figcaption><\/figure>\n\n\n\n<figure class=\"wp-block-image size-large\"><img loading=\"lazy\" decoding=\"async\" width=\"746\" height=\"1024\" src=\"https:\/\/rakosliget.hu\/wordpress\/wp-content\/uploads\/2025\/01\/1930_07_14_-12-oldal-atletika-746x1024.jpg\" alt=\"\" class=\"wp-image-15008\" srcset=\"https:\/\/rakosliget.hu\/wordpress\/wp-content\/uploads\/2025\/01\/1930_07_14_-12-oldal-atletika-746x1024.jpg 746w, https:\/\/rakosliget.hu\/wordpress\/wp-content\/uploads\/2025\/01\/1930_07_14_-12-oldal-atletika-219x300.jpg 219w, https:\/\/rakosliget.hu\/wordpress\/wp-content\/uploads\/2025\/01\/1930_07_14_-12-oldal-atletika-768x1054.jpg 768w, https:\/\/rakosliget.hu\/wordpress\/wp-content\/uploads\/2025\/01\/1930_07_14_-12-oldal-atletika-1119x1536.jpg 1119w, https:\/\/rakosliget.hu\/wordpress\/wp-content\/uploads\/2025\/01\/1930_07_14_-12-oldal-atletika.jpg 1449w\" sizes=\"auto, (max-width: 746px) 100vw, 746px\" \/><figcaption class=\"wp-element-caption\">Nemzeti Sport 1930. 07. 14. 12. oldal <\/figcaption><\/figure>\n\n\n\n<p>REMECZ<\/p>\n\n\n<div class=\"wp-block-image\">\n<figure class=\"aligncenter size-large\"><a href=\"http:\/\/rakosliget.hu\/wordpress\/wp-content\/uploads\/2020\/11\/jpRemecz-atletika-1930-julius-15.jpg\"><img loading=\"lazy\" decoding=\"async\" width=\"518\" height=\"130\" src=\"http:\/\/rakosliget.hu\/wordpress\/wp-content\/uploads\/2020\/11\/jpRemecz-atletika-1930-julius-15.jpg\" alt=\"\" class=\"wp-image-6302\" srcset=\"https:\/\/rakosliget.hu\/wordpress\/wp-content\/uploads\/2020\/11\/jpRemecz-atletika-1930-julius-15.jpg 518w, https:\/\/rakosliget.hu\/wordpress\/wp-content\/uploads\/2020\/11\/jpRemecz-atletika-1930-julius-15-300x75.jpg 300w\" sizes=\"auto, (max-width: 518px) 100vw, 518px\" \/><\/a><figcaption class=\"wp-element-caption\">Remecz J\u00f3zsef aranyjelv\u00e9nyes atl\u00e9ta. 1930. j\u00falius 15. Az Ujs\u00e1g,<\/figcaption><\/figure>\n<\/div>\n\n\n<figure class=\"wp-block-image size-large\"><img loading=\"lazy\" decoding=\"async\" width=\"720\" height=\"1024\" src=\"https:\/\/rakosliget.hu\/wordpress\/wp-content\/uploads\/2025\/01\/1930_07_29_-8-oldal-Remecz-720x1024.jpg\" alt=\"\" class=\"wp-image-15004\" srcset=\"https:\/\/rakosliget.hu\/wordpress\/wp-content\/uploads\/2025\/01\/1930_07_29_-8-oldal-Remecz-720x1024.jpg 720w, https:\/\/rakosliget.hu\/wordpress\/wp-content\/uploads\/2025\/01\/1930_07_29_-8-oldal-Remecz-211x300.jpg 211w, https:\/\/rakosliget.hu\/wordpress\/wp-content\/uploads\/2025\/01\/1930_07_29_-8-oldal-Remecz-768x1092.jpg 768w, https:\/\/rakosliget.hu\/wordpress\/wp-content\/uploads\/2025\/01\/1930_07_29_-8-oldal-Remecz.jpg 777w\" sizes=\"auto, (max-width: 720px) 100vw, 720px\" \/><figcaption class=\"wp-element-caption\">Nemzeti Sport 1930. 07. 29. 8. oldal <\/figcaption><\/figure>\n\n\n<div class=\"wp-block-image\">\n<figure class=\"aligncenter size-large\"><a href=\"http:\/\/rakosliget.hu\/wordpress\/wp-content\/uploads\/2020\/11\/Remecz-1930-julius-26-.jpg\"><img loading=\"lazy\" decoding=\"async\" width=\"945\" height=\"1024\" src=\"http:\/\/rakosliget.hu\/wordpress\/wp-content\/uploads\/2020\/11\/Remecz-1930-julius-26--945x1024.jpg\" alt=\"\" class=\"wp-image-6304\" srcset=\"https:\/\/rakosliget.hu\/wordpress\/wp-content\/uploads\/2020\/11\/Remecz-1930-julius-26--945x1024.jpg 945w, https:\/\/rakosliget.hu\/wordpress\/wp-content\/uploads\/2020\/11\/Remecz-1930-julius-26--277x300.jpg 277w, https:\/\/rakosliget.hu\/wordpress\/wp-content\/uploads\/2020\/11\/Remecz-1930-julius-26--768x832.jpg 768w, https:\/\/rakosliget.hu\/wordpress\/wp-content\/uploads\/2020\/11\/Remecz-1930-julius-26-.jpg 958w\" sizes=\"auto, (max-width: 945px) 100vw, 945px\" \/><\/a><figcaption class=\"wp-element-caption\">1930 j\u00falius 26. Az Ujs\u00e1g<\/figcaption><\/figure>\n<\/div>\n\n<div class=\"wp-block-image\">\n<figure class=\"aligncenter size-large\"><img loading=\"lazy\" decoding=\"async\" width=\"880\" height=\"1024\" src=\"https:\/\/rakosliget.hu\/wordpress\/wp-content\/uploads\/2025\/03\/Magyar-sport-almanach-1930-Budapest-1931-48-oldal-Remecz-880x1024.jpg\" alt=\"\" class=\"wp-image-16931\" srcset=\"https:\/\/rakosliget.hu\/wordpress\/wp-content\/uploads\/2025\/03\/Magyar-sport-almanach-1930-Budapest-1931-48-oldal-Remecz-880x1024.jpg 880w, https:\/\/rakosliget.hu\/wordpress\/wp-content\/uploads\/2025\/03\/Magyar-sport-almanach-1930-Budapest-1931-48-oldal-Remecz-258x300.jpg 258w, https:\/\/rakosliget.hu\/wordpress\/wp-content\/uploads\/2025\/03\/Magyar-sport-almanach-1930-Budapest-1931-48-oldal-Remecz-768x894.jpg 768w, https:\/\/rakosliget.hu\/wordpress\/wp-content\/uploads\/2025\/03\/Magyar-sport-almanach-1930-Budapest-1931-48-oldal-Remecz-1319x1536.jpg 1319w, https:\/\/rakosliget.hu\/wordpress\/wp-content\/uploads\/2025\/03\/Magyar-sport-almanach-1930-Budapest-1931-48-oldal-Remecz.jpg 1474w\" sizes=\"auto, (max-width: 880px) 100vw, 880px\" \/><figcaption class=\"wp-element-caption\">Magyar sport-almanach 1930 (Budapest, 1931) 48 oldal <\/figcaption><\/figure>\n<\/div>\n\n\n<p><a href=\"https:\/\/rakosliget.hu\/wordpress\/index.php\/atlatika-rakosligeti-move\/\">Vissza az ATL\u00c9TIKA lapra<\/a><\/p>\n","protected":false},"excerpt":{"rendered":"<p>Vissza az ATL\u00c9TIKA lapra REMECZ Vissza az ATL\u00c9TIKA lapra<\/p>\n","protected":false},"author":1,"featured_media":0,"parent":0,"menu_order":0,"comment_status":"closed","ping_status":"closed","template":"","meta":{"footnotes":""},"class_list":["post-14999","page","type-page","status-publish","hentry"],"_links":{"self":[{"href":"https:\/\/rakosliget.hu\/wordpress\/index.php\/wp-json\/wp\/v2\/pages\/14999","targetHints":{"allow":["GET"]}}],"collection":[{"href":"https:\/\/rakosliget.hu\/wordpress\/index.php\/wp-json\/wp\/v2\/pages"}],"about":[{"href":"https:\/\/rakosliget.hu\/wordpress\/index.php\/wp-json\/wp\/v2\/types\/page"}],"author":[{"embeddable":true,"href":"https:\/\/rakosliget.hu\/wordpress\/index.php\/wp-json\/wp\/v2\/users\/1"}],"replies":[{"embeddable":true,"href":"https:\/\/rakosliget.hu\/wordpress\/index.php\/wp-json\/wp\/v2\/comments?post=14999"}],"version-history":[{"count":7,"href":"https:\/\/rakosliget.hu\/wordpress\/index.php\/wp-json\/wp\/v2\/pages\/14999\/revisions"}],"predecessor-version":[{"id":16932,"href":"https:\/\/rakosliget.hu\/wordpress\/index.php\/wp-json\/wp\/v2\/pages\/14999\/revisions\/16932"}],"wp:attachment":[{"href":"https:\/\/rakosliget.hu\/wordpress\/index.php\/wp-json\/wp\/v2\/media?parent=14999"}],"curies":[{"name":"wp","href":"https:\/\/api.w.org\/{rel}","templated":true}]}}