{"id":14913,"date":"2025-01-10T18:35:02","date_gmt":"2025-01-10T17:35:02","guid":{"rendered":"https:\/\/rakosliget.hu\/wordpress\/?page_id=14913"},"modified":"2025-12-27T15:11:32","modified_gmt":"2025-12-27T14:11:32","slug":"atletika-loveszet-1929","status":"publish","type":"page","link":"https:\/\/rakosliget.hu\/wordpress\/index.php\/atletika-loveszet-1929\/","title":{"rendered":"ATL\u00c9TIKA &#8211; L\u00d6V\u00c9SZET 1929"},"content":{"rendered":"\n<p><a href=\"https:\/\/rakosliget.hu\/wordpress\/index.php\/atlatika-rakosligeti-move\/\">Vissza az ATL\u00c9TIKA lapra<\/a><\/p>\n\n\n<div class=\"wp-block-image\">\n<figure class=\"aligncenter size-large\"><img loading=\"lazy\" decoding=\"async\" width=\"555\" height=\"1024\" src=\"https:\/\/rakosliget.hu\/wordpress\/wp-content\/uploads\/2025\/01\/1929_07_15-11-oldal-atletika-555x1024.jpg\" alt=\"\" class=\"wp-image-14904\" srcset=\"https:\/\/rakosliget.hu\/wordpress\/wp-content\/uploads\/2025\/01\/1929_07_15-11-oldal-atletika-555x1024.jpg 555w, https:\/\/rakosliget.hu\/wordpress\/wp-content\/uploads\/2025\/01\/1929_07_15-11-oldal-atletika-163x300.jpg 163w, https:\/\/rakosliget.hu\/wordpress\/wp-content\/uploads\/2025\/01\/1929_07_15-11-oldal-atletika-768x1417.jpg 768w, https:\/\/rakosliget.hu\/wordpress\/wp-content\/uploads\/2025\/01\/1929_07_15-11-oldal-atletika-832x1536.jpg 832w, https:\/\/rakosliget.hu\/wordpress\/wp-content\/uploads\/2025\/01\/1929_07_15-11-oldal-atletika-1110x2048.jpg 1110w, https:\/\/rakosliget.hu\/wordpress\/wp-content\/uploads\/2025\/01\/1929_07_15-11-oldal-atletika-scaled.jpg 1387w\" sizes=\"auto, (max-width: 555px) 100vw, 555px\" \/><figcaption class=\"wp-element-caption\">Nemzeti Sport 1929. 07. 15. 11. oldal <\/figcaption><\/figure>\n<\/div>\n\n\n<p>Levente versenyek:<\/p>\n\n\n<div class=\"wp-block-image\">\n<figure class=\"aligncenter size-large\"><img loading=\"lazy\" decoding=\"async\" width=\"369\" height=\"1024\" src=\"https:\/\/rakosliget.hu\/wordpress\/wp-content\/uploads\/2025\/01\/1929_06_05_-13-oldal-atkletika-levente-369x1024.jpg\" alt=\"\" class=\"wp-image-14907\" srcset=\"https:\/\/rakosliget.hu\/wordpress\/wp-content\/uploads\/2025\/01\/1929_06_05_-13-oldal-atkletika-levente-369x1024.jpg 369w, https:\/\/rakosliget.hu\/wordpress\/wp-content\/uploads\/2025\/01\/1929_06_05_-13-oldal-atkletika-levente-108x300.jpg 108w, https:\/\/rakosliget.hu\/wordpress\/wp-content\/uploads\/2025\/01\/1929_06_05_-13-oldal-atkletika-levente-553x1536.jpg 553w, https:\/\/rakosliget.hu\/wordpress\/wp-content\/uploads\/2025\/01\/1929_06_05_-13-oldal-atkletika-levente.jpg 709w\" sizes=\"auto, (max-width: 369px) 100vw, 369px\" \/><figcaption class=\"wp-element-caption\">Nemezti Sport 1929. 06. 05. 13. oldal <\/figcaption><\/figure>\n<\/div>\n\n\n<figure class=\"wp-block-image size-large\"><img loading=\"lazy\" decoding=\"async\" width=\"505\" height=\"1024\" src=\"https:\/\/rakosliget.hu\/wordpress\/wp-content\/uploads\/2025\/01\/1929_10_-08_10-oldal-atletika-levente-505x1024.jpg\" alt=\"\" class=\"wp-image-14908\" srcset=\"https:\/\/rakosliget.hu\/wordpress\/wp-content\/uploads\/2025\/01\/1929_10_-08_10-oldal-atletika-levente-505x1024.jpg 505w, https:\/\/rakosliget.hu\/wordpress\/wp-content\/uploads\/2025\/01\/1929_10_-08_10-oldal-atletika-levente-148x300.jpg 148w, https:\/\/rakosliget.hu\/wordpress\/wp-content\/uploads\/2025\/01\/1929_10_-08_10-oldal-atletika-levente-768x1558.jpg 768w, https:\/\/rakosliget.hu\/wordpress\/wp-content\/uploads\/2025\/01\/1929_10_-08_10-oldal-atletika-levente-757x1536.jpg 757w, https:\/\/rakosliget.hu\/wordpress\/wp-content\/uploads\/2025\/01\/1929_10_-08_10-oldal-atletika-levente.jpg 773w\" sizes=\"auto, (max-width: 505px) 100vw, 505px\" \/><figcaption class=\"wp-element-caption\">Nemzeti Sport 1929. 10. 08. 10. oldal <\/figcaption><\/figure>\n\n\n\n<p>R\u00e1kosligeti MOVE &#8211;  L\u00d6V\u00c9SZET<\/p>\n\n\n<div class=\"wp-block-image\">\n<figure class=\"aligncenter size-large\"><img loading=\"lazy\" decoding=\"async\" width=\"441\" height=\"1024\" src=\"https:\/\/rakosliget.hu\/wordpress\/wp-content\/uploads\/2025\/01\/1929_05_22_-16-oldal-loveszet-MOVE-441x1024.jpg\" alt=\"\" class=\"wp-image-14910\" srcset=\"https:\/\/rakosliget.hu\/wordpress\/wp-content\/uploads\/2025\/01\/1929_05_22_-16-oldal-loveszet-MOVE-441x1024.jpg 441w, https:\/\/rakosliget.hu\/wordpress\/wp-content\/uploads\/2025\/01\/1929_05_22_-16-oldal-loveszet-MOVE-129x300.jpg 129w, https:\/\/rakosliget.hu\/wordpress\/wp-content\/uploads\/2025\/01\/1929_05_22_-16-oldal-loveszet-MOVE-662x1536.jpg 662w, https:\/\/rakosliget.hu\/wordpress\/wp-content\/uploads\/2025\/01\/1929_05_22_-16-oldal-loveszet-MOVE.jpg 741w\" sizes=\"auto, (max-width: 441px) 100vw, 441px\" \/><figcaption class=\"wp-element-caption\">Nemzeti Sport 1929. 05. 22. 16. oldal <\/figcaption><\/figure>\n<\/div>\n\n<div class=\"wp-block-image\">\n<figure class=\"aligncenter size-full\"><img loading=\"lazy\" decoding=\"async\" width=\"688\" height=\"2560\" src=\"https:\/\/rakosliget.hu\/wordpress\/wp-content\/uploads\/2025\/12\/atletika-1929-07-15-scaled.jpg\" alt=\"\" class=\"wp-image-20383\" srcset=\"https:\/\/rakosliget.hu\/wordpress\/wp-content\/uploads\/2025\/12\/atletika-1929-07-15-scaled.jpg 688w, https:\/\/rakosliget.hu\/wordpress\/wp-content\/uploads\/2025\/12\/atletika-1929-07-15-81x300.jpg 81w, https:\/\/rakosliget.hu\/wordpress\/wp-content\/uploads\/2025\/12\/atletika-1929-07-15-768x2859.jpg 768w, https:\/\/rakosliget.hu\/wordpress\/wp-content\/uploads\/2025\/12\/atletika-1929-07-15-413x1536.jpg 413w, https:\/\/rakosliget.hu\/wordpress\/wp-content\/uploads\/2025\/12\/atletika-1929-07-15-550x2048.jpg 550w\" sizes=\"auto, (max-width: 688px) 100vw, 688px\" \/><figcaption class=\"wp-element-caption\">Tempo 1929. j\u00falius 15. 7. oldal<\/figcaption><\/figure>\n<\/div>\n\n\n<p><a href=\"https:\/\/rakosliget.hu\/wordpress\/index.php\/atlatika-rakosligeti-move\/\">Vissza az ATL\u00c9TIKA lapra<\/a><\/p>\n","protected":false},"excerpt":{"rendered":"<p>Vissza az ATL\u00c9TIKA lapra Levente versenyek: R\u00e1kosligeti MOVE &#8211; L\u00d6V\u00c9SZET Vissza az ATL\u00c9TIKA lapra<\/p>\n","protected":false},"author":1,"featured_media":0,"parent":0,"menu_order":0,"comment_status":"closed","ping_status":"closed","template":"","meta":{"footnotes":""},"class_list":["post-14913","page","type-page","status-publish","hentry"],"_links":{"self":[{"href":"https:\/\/rakosliget.hu\/wordpress\/index.php\/wp-json\/wp\/v2\/pages\/14913","targetHints":{"allow":["GET"]}}],"collection":[{"href":"https:\/\/rakosliget.hu\/wordpress\/index.php\/wp-json\/wp\/v2\/pages"}],"about":[{"href":"https:\/\/rakosliget.hu\/wordpress\/index.php\/wp-json\/wp\/v2\/types\/page"}],"author":[{"embeddable":true,"href":"https:\/\/rakosliget.hu\/wordpress\/index.php\/wp-json\/wp\/v2\/users\/1"}],"replies":[{"embeddable":true,"href":"https:\/\/rakosliget.hu\/wordpress\/index.php\/wp-json\/wp\/v2\/comments?post=14913"}],"version-history":[{"count":3,"href":"https:\/\/rakosliget.hu\/wordpress\/index.php\/wp-json\/wp\/v2\/pages\/14913\/revisions"}],"predecessor-version":[{"id":20385,"href":"https:\/\/rakosliget.hu\/wordpress\/index.php\/wp-json\/wp\/v2\/pages\/14913\/revisions\/20385"}],"wp:attachment":[{"href":"https:\/\/rakosliget.hu\/wordpress\/index.php\/wp-json\/wp\/v2\/media?parent=14913"}],"curies":[{"name":"wp","href":"https:\/\/api.w.org\/{rel}","templated":true}]}}