{"id":14713,"date":"2025-01-07T13:47:35","date_gmt":"2025-01-07T12:47:35","guid":{"rendered":"https:\/\/rakosliget.hu\/wordpress\/?page_id=14713"},"modified":"2025-01-07T13:47:35","modified_gmt":"2025-01-07T12:47:35","slug":"atletika-1921","status":"publish","type":"page","link":"https:\/\/rakosliget.hu\/wordpress\/index.php\/atletika-1921\/","title":{"rendered":"ATL\u00c9TIKA 1921"},"content":{"rendered":"\n<p><a href=\"https:\/\/rakosliget.hu\/wordpress\/index.php\/atlatika-rakosligeti-move\/\">Vissza az ATL\u00c9TIKA lapra<\/a><\/p>\n\n\n\n<figure class=\"wp-block-image size-full\"><img loading=\"lazy\" decoding=\"async\" width=\"734\" height=\"1023\" src=\"https:\/\/rakosliget.hu\/wordpress\/wp-content\/uploads\/2024\/12\/1921_09_17_-5-oldal-atletika.jpg\" alt=\"\" class=\"wp-image-13959\" srcset=\"https:\/\/rakosliget.hu\/wordpress\/wp-content\/uploads\/2024\/12\/1921_09_17_-5-oldal-atletika.jpg 734w, https:\/\/rakosliget.hu\/wordpress\/wp-content\/uploads\/2024\/12\/1921_09_17_-5-oldal-atletika-215x300.jpg 215w\" sizes=\"auto, (max-width: 734px) 100vw, 734px\" \/><figcaption class=\"wp-element-caption\">Nemzeti Sport 1921. szeptember 17. 5. oldal<\/figcaption><\/figure>\n\n\n<div class=\"wp-block-image\">\n<figure class=\"aligncenter size-large\"><img loading=\"lazy\" decoding=\"async\" width=\"494\" height=\"1024\" src=\"http:\/\/rakosliget.hu\/wordpress\/wp-content\/uploads\/2020\/01\/tenisz-atletika-1921-494x1024.jpg\" alt=\"\" class=\"wp-image-4101\" srcset=\"https:\/\/rakosliget.hu\/wordpress\/wp-content\/uploads\/2020\/01\/tenisz-atletika-1921-494x1024.jpg 494w, https:\/\/rakosliget.hu\/wordpress\/wp-content\/uploads\/2020\/01\/tenisz-atletika-1921-145x300.jpg 145w, https:\/\/rakosliget.hu\/wordpress\/wp-content\/uploads\/2020\/01\/tenisz-atletika-1921.jpg 620w\" sizes=\"auto, (max-width: 494px) 100vw, 494px\" \/><figcaption class=\"wp-element-caption\"> R\u00e1kos Vid\u00e9ke  36. sz\u00e1m 1921. szeptember 04 . <\/figcaption><\/figure>\n<\/div>\n\n\n<p><a href=\"https:\/\/rakosliget.hu\/wordpress\/index.php\/atlatika-rakosligeti-move\/\">Vissza az ATL\u00c9TIKA lapra<\/a><\/p>\n","protected":false},"excerpt":{"rendered":"<p>Vissza az ATL\u00c9TIKA lapra Vissza az ATL\u00c9TIKA lapra<\/p>\n","protected":false},"author":1,"featured_media":0,"parent":0,"menu_order":0,"comment_status":"closed","ping_status":"closed","template":"","meta":{"footnotes":""},"class_list":["post-14713","page","type-page","status-publish","hentry"],"_links":{"self":[{"href":"https:\/\/rakosliget.hu\/wordpress\/index.php\/wp-json\/wp\/v2\/pages\/14713","targetHints":{"allow":["GET"]}}],"collection":[{"href":"https:\/\/rakosliget.hu\/wordpress\/index.php\/wp-json\/wp\/v2\/pages"}],"about":[{"href":"https:\/\/rakosliget.hu\/wordpress\/index.php\/wp-json\/wp\/v2\/types\/page"}],"author":[{"embeddable":true,"href":"https:\/\/rakosliget.hu\/wordpress\/index.php\/wp-json\/wp\/v2\/users\/1"}],"replies":[{"embeddable":true,"href":"https:\/\/rakosliget.hu\/wordpress\/index.php\/wp-json\/wp\/v2\/comments?post=14713"}],"version-history":[{"count":2,"href":"https:\/\/rakosliget.hu\/wordpress\/index.php\/wp-json\/wp\/v2\/pages\/14713\/revisions"}],"predecessor-version":[{"id":14715,"href":"https:\/\/rakosliget.hu\/wordpress\/index.php\/wp-json\/wp\/v2\/pages\/14713\/revisions\/14715"}],"wp:attachment":[{"href":"https:\/\/rakosliget.hu\/wordpress\/index.php\/wp-json\/wp\/v2\/media?parent=14713"}],"curies":[{"name":"wp","href":"https:\/\/api.w.org\/{rel}","templated":true}]}}