{"id":14710,"date":"2025-01-07T13:45:29","date_gmt":"2025-01-07T12:45:29","guid":{"rendered":"https:\/\/rakosliget.hu\/wordpress\/?page_id=14710"},"modified":"2025-01-07T13:45:29","modified_gmt":"2025-01-07T12:45:29","slug":"atletika-1909","status":"publish","type":"page","link":"https:\/\/rakosliget.hu\/wordpress\/index.php\/atletika-1909\/","title":{"rendered":"ATL\u00c9TIKA 1909"},"content":{"rendered":"\n<p><a href=\"https:\/\/rakosliget.hu\/wordpress\/index.php\/atlatika-rakosligeti-move\/\">Vissza az ATL\u00c9TIKA lapra<\/a><\/p>\n\n\n<div class=\"wp-block-image\">\n<figure class=\"aligncenter size-large\"><a href=\"http:\/\/rakosliget.hu\/wordpress\/wp-content\/uploads\/2020\/11\/1909-augusztus-5-kereskedelmi-utazok.jpg\"><img loading=\"lazy\" decoding=\"async\" width=\"587\" height=\"136\" src=\"http:\/\/rakosliget.hu\/wordpress\/wp-content\/uploads\/2020\/11\/1909-augusztus-5-kereskedelmi-utazok.jpg\" alt=\"\" class=\"wp-image-5728\" srcset=\"https:\/\/rakosliget.hu\/wordpress\/wp-content\/uploads\/2020\/11\/1909-augusztus-5-kereskedelmi-utazok.jpg 587w, https:\/\/rakosliget.hu\/wordpress\/wp-content\/uploads\/2020\/11\/1909-augusztus-5-kereskedelmi-utazok-300x70.jpg 300w\" sizes=\"auto, (max-width: 587px) 100vw, 587px\" \/><\/a><figcaption class=\"wp-element-caption\">1909. augusztus 5. Az Ujs\u00e1g<\/figcaption><\/figure>\n<\/div>\n\n<div class=\"wp-block-image\">\n<figure class=\"aligncenter size-large\"><a href=\"http:\/\/rakosliget.hu\/wordpress\/wp-content\/uploads\/2020\/11\/1909-augusztus-11-atletika.jpg\"><img loading=\"lazy\" decoding=\"async\" width=\"558\" height=\"740\" src=\"http:\/\/rakosliget.hu\/wordpress\/wp-content\/uploads\/2020\/11\/1909-augusztus-11-atletika.jpg\" alt=\"\" class=\"wp-image-5730\" srcset=\"https:\/\/rakosliget.hu\/wordpress\/wp-content\/uploads\/2020\/11\/1909-augusztus-11-atletika.jpg 558w, https:\/\/rakosliget.hu\/wordpress\/wp-content\/uploads\/2020\/11\/1909-augusztus-11-atletika-226x300.jpg 226w\" sizes=\"auto, (max-width: 558px) 100vw, 558px\" \/><\/a><figcaption class=\"wp-element-caption\">1909. augusztus 11. Az Ujs\u00e1g<\/figcaption><\/figure>\n<\/div>\n\n<div class=\"wp-block-image\">\n<figure class=\"aligncenter size-large\"><img loading=\"lazy\" decoding=\"async\" width=\"606\" height=\"214\" src=\"http:\/\/rakosliget.hu\/wordpress\/wp-content\/uploads\/2020\/11\/Cellovok-1909-junius-6-.jpg\" alt=\"\" class=\"wp-image-5773\" srcset=\"https:\/\/rakosliget.hu\/wordpress\/wp-content\/uploads\/2020\/11\/Cellovok-1909-junius-6-.jpg 606w, https:\/\/rakosliget.hu\/wordpress\/wp-content\/uploads\/2020\/11\/Cellovok-1909-junius-6--300x106.jpg 300w\" sizes=\"auto, (max-width: 606px) 100vw, 606px\" \/><figcaption class=\"wp-element-caption\">C\u00e9ll\u00f6v\u00e9sz verseny 1909. j\u00fanius 6. Az ujs\u00e1g<\/figcaption><\/figure>\n<\/div>\n\n<div class=\"wp-block-image\">\n<figure class=\"aligncenter size-large\"><a href=\"http:\/\/rakosliget.hu\/wordpress\/wp-content\/uploads\/2020\/11\/Cellovesz-verseny-1909-junius-12.jpg\"><img loading=\"lazy\" decoding=\"async\" width=\"583\" height=\"229\" src=\"http:\/\/rakosliget.hu\/wordpress\/wp-content\/uploads\/2020\/11\/Cellovesz-verseny-1909-junius-12.jpg\" alt=\"\" class=\"wp-image-5777\" srcset=\"https:\/\/rakosliget.hu\/wordpress\/wp-content\/uploads\/2020\/11\/Cellovesz-verseny-1909-junius-12.jpg 583w, https:\/\/rakosliget.hu\/wordpress\/wp-content\/uploads\/2020\/11\/Cellovesz-verseny-1909-junius-12-300x118.jpg 300w\" sizes=\"auto, (max-width: 583px) 100vw, 583px\" \/><\/a><figcaption class=\"wp-element-caption\">1909. j\u00fanius 12. Az Ujs\u00e1g<\/figcaption><\/figure>\n<\/div>\n\n<div class=\"wp-block-image\">\n<figure class=\"aligncenter size-large\"><a href=\"http:\/\/rakosliget.hu\/wordpress\/wp-content\/uploads\/2020\/11\/1910-junius-7-celloveszet.jpg\"><img loading=\"lazy\" decoding=\"async\" width=\"557\" height=\"626\" src=\"http:\/\/rakosliget.hu\/wordpress\/wp-content\/uploads\/2020\/11\/1910-junius-7-celloveszet.jpg\" alt=\"\" class=\"wp-image-5832\" srcset=\"https:\/\/rakosliget.hu\/wordpress\/wp-content\/uploads\/2020\/11\/1910-junius-7-celloveszet.jpg 557w, https:\/\/rakosliget.hu\/wordpress\/wp-content\/uploads\/2020\/11\/1910-junius-7-celloveszet-267x300.jpg 267w\" sizes=\"auto, (max-width: 557px) 100vw, 557px\" \/><\/a><figcaption class=\"wp-element-caption\">1910. j\u00fanius 7. Az Ujs\u00e1g<\/figcaption><\/figure>\n<\/div>\n\n\n<p><a href=\"https:\/\/rakosliget.hu\/wordpress\/index.php\/atlatika-rakosligeti-move\/\">Vissza az ATL\u00c9TIKA lapra<\/a><\/p>\n","protected":false},"excerpt":{"rendered":"<p>Vissza az ATL\u00c9TIKA lapra Vissza az ATL\u00c9TIKA lapra<\/p>\n","protected":false},"author":1,"featured_media":0,"parent":0,"menu_order":0,"comment_status":"closed","ping_status":"closed","template":"","meta":{"footnotes":""},"class_list":["post-14710","page","type-page","status-publish","hentry"],"_links":{"self":[{"href":"https:\/\/rakosliget.hu\/wordpress\/index.php\/wp-json\/wp\/v2\/pages\/14710","targetHints":{"allow":["GET"]}}],"collection":[{"href":"https:\/\/rakosliget.hu\/wordpress\/index.php\/wp-json\/wp\/v2\/pages"}],"about":[{"href":"https:\/\/rakosliget.hu\/wordpress\/index.php\/wp-json\/wp\/v2\/types\/page"}],"author":[{"embeddable":true,"href":"https:\/\/rakosliget.hu\/wordpress\/index.php\/wp-json\/wp\/v2\/users\/1"}],"replies":[{"embeddable":true,"href":"https:\/\/rakosliget.hu\/wordpress\/index.php\/wp-json\/wp\/v2\/comments?post=14710"}],"version-history":[{"count":2,"href":"https:\/\/rakosliget.hu\/wordpress\/index.php\/wp-json\/wp\/v2\/pages\/14710\/revisions"}],"predecessor-version":[{"id":14712,"href":"https:\/\/rakosliget.hu\/wordpress\/index.php\/wp-json\/wp\/v2\/pages\/14710\/revisions\/14712"}],"wp:attachment":[{"href":"https:\/\/rakosliget.hu\/wordpress\/index.php\/wp-json\/wp\/v2\/media?parent=14710"}],"curies":[{"name":"wp","href":"https:\/\/api.w.org\/{rel}","templated":true}]}}