{"id":14625,"date":"2025-01-04T19:38:20","date_gmt":"2025-01-04T18:38:20","guid":{"rendered":"https:\/\/rakosliget.hu\/wordpress\/?page_id=14625"},"modified":"2025-03-14T04:03:05","modified_gmt":"2025-03-14T03:03:05","slug":"rue-1926","status":"publish","type":"page","link":"https:\/\/rakosliget.hu\/wordpress\/index.php\/rue-1926\/","title":{"rendered":"RUE 1926"},"content":{"rendered":"\n<p><a href=\"https:\/\/rakosliget.hu\/wordpress\/index.php\/rakosligeti-uszo-egylet-rue\/\">Vissza az \u00dasz\u00e1s lapra<\/a><\/p>\n\n\n<div class=\"wp-block-image\">\n<figure class=\"aligncenter size-full\"><img loading=\"lazy\" decoding=\"async\" width=\"688\" height=\"259\" src=\"https:\/\/rakosliget.hu\/wordpress\/wp-content\/uploads\/2025\/03\/Zuber-Ferenc-szerk.-Magyar-sport-almanach-1926-Budapest-1927-235.-oldal-2.jpg\" alt=\"\" class=\"wp-image-16917\" srcset=\"https:\/\/rakosliget.hu\/wordpress\/wp-content\/uploads\/2025\/03\/Zuber-Ferenc-szerk.-Magyar-sport-almanach-1926-Budapest-1927-235.-oldal-2.jpg 688w, https:\/\/rakosliget.hu\/wordpress\/wp-content\/uploads\/2025\/03\/Zuber-Ferenc-szerk.-Magyar-sport-almanach-1926-Budapest-1927-235.-oldal-2-300x113.jpg 300w\" sizes=\"auto, (max-width: 688px) 100vw, 688px\" \/><figcaption class=\"wp-element-caption\">Zuber Ferenc (szerk.) Magyar sport almanach 1926 (Budapest, 1927) 235. oldal<\/figcaption><\/figure>\n<\/div>\n\n<div class=\"wp-block-image\">\n<figure class=\"aligncenter size-large\"><img loading=\"lazy\" decoding=\"async\" width=\"720\" height=\"1024\" src=\"https:\/\/rakosliget.hu\/wordpress\/wp-content\/uploads\/2025\/01\/1926_02_15_-9-oldal-uszas-kisebb-720x1024.jpg\" alt=\"\" class=\"wp-image-14492\" srcset=\"https:\/\/rakosliget.hu\/wordpress\/wp-content\/uploads\/2025\/01\/1926_02_15_-9-oldal-uszas-kisebb-720x1024.jpg 720w, https:\/\/rakosliget.hu\/wordpress\/wp-content\/uploads\/2025\/01\/1926_02_15_-9-oldal-uszas-kisebb-211x300.jpg 211w, https:\/\/rakosliget.hu\/wordpress\/wp-content\/uploads\/2025\/01\/1926_02_15_-9-oldal-uszas-kisebb-768x1092.jpg 768w, https:\/\/rakosliget.hu\/wordpress\/wp-content\/uploads\/2025\/01\/1926_02_15_-9-oldal-uszas-kisebb-1080x1536.jpg 1080w, https:\/\/rakosliget.hu\/wordpress\/wp-content\/uploads\/2025\/01\/1926_02_15_-9-oldal-uszas-kisebb-1440x2048.jpg 1440w, https:\/\/rakosliget.hu\/wordpress\/wp-content\/uploads\/2025\/01\/1926_02_15_-9-oldal-uszas-kisebb-scaled.jpg 1800w\" sizes=\"auto, (max-width: 720px) 100vw, 720px\" \/><figcaption class=\"wp-element-caption\">Nemzeti Sport 1926. 02. 15. 9. oldal<\/figcaption><\/figure>\n<\/div>\n\n\n<figure class=\"wp-block-image size-full\"><img loading=\"lazy\" decoding=\"async\" width=\"697\" height=\"549\" src=\"https:\/\/rakosliget.hu\/wordpress\/wp-content\/uploads\/2025\/01\/1926_07_21-5-oldal-uszas.jpg\" alt=\"\" class=\"wp-image-14494\" srcset=\"https:\/\/rakosliget.hu\/wordpress\/wp-content\/uploads\/2025\/01\/1926_07_21-5-oldal-uszas.jpg 697w, https:\/\/rakosliget.hu\/wordpress\/wp-content\/uploads\/2025\/01\/1926_07_21-5-oldal-uszas-300x236.jpg 300w\" sizes=\"auto, (max-width: 697px) 100vw, 697px\" \/><figcaption class=\"wp-element-caption\">Nemzeti Sport 1926. 07. 21. 5. oldal <\/figcaption><\/figure>\n\n\n<div class=\"wp-block-image\">\n<figure class=\"aligncenter size-large\"><img loading=\"lazy\" decoding=\"async\" width=\"225\" height=\"1024\" src=\"https:\/\/rakosliget.hu\/wordpress\/wp-content\/uploads\/2025\/01\/1926_07_21-6-oldal-uszas-225x1024.jpg\" alt=\"\" class=\"wp-image-14496\" srcset=\"https:\/\/rakosliget.hu\/wordpress\/wp-content\/uploads\/2025\/01\/1926_07_21-6-oldal-uszas-225x1024.jpg 225w, https:\/\/rakosliget.hu\/wordpress\/wp-content\/uploads\/2025\/01\/1926_07_21-6-oldal-uszas-66x300.jpg 66w, https:\/\/rakosliget.hu\/wordpress\/wp-content\/uploads\/2025\/01\/1926_07_21-6-oldal-uszas-scaled.jpg 562w\" sizes=\"auto, (max-width: 225px) 100vw, 225px\" \/><figcaption class=\"wp-element-caption\">Nemzeti Sport 1926. 07. 21. 6. oldal<\/figcaption><\/figure>\n<\/div>\n\n<div class=\"wp-block-image\">\n<figure class=\"aligncenter size-large\"><img loading=\"lazy\" decoding=\"async\" width=\"531\" height=\"240\" src=\"http:\/\/rakosliget.hu\/wordpress\/wp-content\/uploads\/2020\/11\/1926-julius-25-uszoverseny.jpg\" alt=\"\" class=\"wp-image-6143\" srcset=\"https:\/\/rakosliget.hu\/wordpress\/wp-content\/uploads\/2020\/11\/1926-julius-25-uszoverseny.jpg 531w, https:\/\/rakosliget.hu\/wordpress\/wp-content\/uploads\/2020\/11\/1926-julius-25-uszoverseny-300x136.jpg 300w\" sizes=\"auto, (max-width: 531px) 100vw, 531px\" \/><figcaption class=\"wp-element-caption\">\u00dasz\u00f3verseny. 1926. j\u00falius 25. Az Ujs\u00e1g<br><\/figcaption><\/figure>\n<\/div>\n\n<div class=\"wp-block-image\">\n<figure class=\"aligncenter size-large\"><img loading=\"lazy\" decoding=\"async\" width=\"221\" height=\"1024\" src=\"https:\/\/rakosliget.hu\/wordpress\/wp-content\/uploads\/2025\/01\/1926_07_26_-9-oldal-uszas-221x1024.jpg\" alt=\"\" class=\"wp-image-14499\" srcset=\"https:\/\/rakosliget.hu\/wordpress\/wp-content\/uploads\/2025\/01\/1926_07_26_-9-oldal-uszas-221x1024.jpg 221w, https:\/\/rakosliget.hu\/wordpress\/wp-content\/uploads\/2025\/01\/1926_07_26_-9-oldal-uszas-65x300.jpg 65w, https:\/\/rakosliget.hu\/wordpress\/wp-content\/uploads\/2025\/01\/1926_07_26_-9-oldal-uszas-768x3561.jpg 768w, https:\/\/rakosliget.hu\/wordpress\/wp-content\/uploads\/2025\/01\/1926_07_26_-9-oldal-uszas-442x2048.jpg 442w, https:\/\/rakosliget.hu\/wordpress\/wp-content\/uploads\/2025\/01\/1926_07_26_-9-oldal-uszas-scaled.jpg 552w\" sizes=\"auto, (max-width: 221px) 100vw, 221px\" \/><figcaption class=\"wp-element-caption\">Nemzeti Sport 1926. 07. 26. 9. oldal <\/figcaption><\/figure>\n<\/div>\n\n\n<figure class=\"wp-block-image size-large\"><img loading=\"lazy\" decoding=\"async\" width=\"686\" height=\"1024\" src=\"https:\/\/rakosliget.hu\/wordpress\/wp-content\/uploads\/2025\/01\/1926_09_-06_-11-oldal-uszas-686x1024.jpg\" alt=\"\" class=\"wp-image-14500\" srcset=\"https:\/\/rakosliget.hu\/wordpress\/wp-content\/uploads\/2025\/01\/1926_09_-06_-11-oldal-uszas-686x1024.jpg 686w, https:\/\/rakosliget.hu\/wordpress\/wp-content\/uploads\/2025\/01\/1926_09_-06_-11-oldal-uszas-201x300.jpg 201w, https:\/\/rakosliget.hu\/wordpress\/wp-content\/uploads\/2025\/01\/1926_09_-06_-11-oldal-uszas-768x1146.jpg 768w, https:\/\/rakosliget.hu\/wordpress\/wp-content\/uploads\/2025\/01\/1926_09_-06_-11-oldal-uszas-1029x1536.jpg 1029w, https:\/\/rakosliget.hu\/wordpress\/wp-content\/uploads\/2025\/01\/1926_09_-06_-11-oldal-uszas-1372x2048.jpg 1372w, https:\/\/rakosliget.hu\/wordpress\/wp-content\/uploads\/2025\/01\/1926_09_-06_-11-oldal-uszas.jpg 1421w\" sizes=\"auto, (max-width: 686px) 100vw, 686px\" \/><figcaption class=\"wp-element-caption\">Nemzeti Sport 1926. 09. 06. 11. oldal <\/figcaption><\/figure>\n\n\n\n<figure class=\"wp-block-image size-full\"><img loading=\"lazy\" decoding=\"async\" width=\"703\" height=\"998\" src=\"https:\/\/rakosliget.hu\/wordpress\/wp-content\/uploads\/2025\/01\/1926_09_-10_-10-oldal-uszas.jpg\" alt=\"\" class=\"wp-image-14502\" srcset=\"https:\/\/rakosliget.hu\/wordpress\/wp-content\/uploads\/2025\/01\/1926_09_-10_-10-oldal-uszas.jpg 703w, https:\/\/rakosliget.hu\/wordpress\/wp-content\/uploads\/2025\/01\/1926_09_-10_-10-oldal-uszas-211x300.jpg 211w\" sizes=\"auto, (max-width: 703px) 100vw, 703px\" \/><figcaption class=\"wp-element-caption\">Nemzeti Sport 1926. 09. 10. 10. oldal <\/figcaption><\/figure>\n\n\n\n<p><a href=\"https:\/\/rakosliget.hu\/wordpress\/index.php\/rakosligeti-uszo-egylet-rue\/\">Vissza az \u00dasz\u00e1s lapra<\/a><\/p>\n","protected":false},"excerpt":{"rendered":"<p>Vissza az \u00dasz\u00e1s lapra Vissza az \u00dasz\u00e1s lapra<\/p>\n","protected":false},"author":1,"featured_media":0,"parent":0,"menu_order":0,"comment_status":"closed","ping_status":"closed","template":"","meta":{"footnotes":""},"class_list":["post-14625","page","type-page","status-publish","hentry"],"_links":{"self":[{"href":"https:\/\/rakosliget.hu\/wordpress\/index.php\/wp-json\/wp\/v2\/pages\/14625","targetHints":{"allow":["GET"]}}],"collection":[{"href":"https:\/\/rakosliget.hu\/wordpress\/index.php\/wp-json\/wp\/v2\/pages"}],"about":[{"href":"https:\/\/rakosliget.hu\/wordpress\/index.php\/wp-json\/wp\/v2\/types\/page"}],"author":[{"embeddable":true,"href":"https:\/\/rakosliget.hu\/wordpress\/index.php\/wp-json\/wp\/v2\/users\/1"}],"replies":[{"embeddable":true,"href":"https:\/\/rakosliget.hu\/wordpress\/index.php\/wp-json\/wp\/v2\/comments?post=14625"}],"version-history":[{"count":3,"href":"https:\/\/rakosliget.hu\/wordpress\/index.php\/wp-json\/wp\/v2\/pages\/14625\/revisions"}],"predecessor-version":[{"id":16919,"href":"https:\/\/rakosliget.hu\/wordpress\/index.php\/wp-json\/wp\/v2\/pages\/14625\/revisions\/16919"}],"wp:attachment":[{"href":"https:\/\/rakosliget.hu\/wordpress\/index.php\/wp-json\/wp\/v2\/media?parent=14625"}],"curies":[{"name":"wp","href":"https:\/\/api.w.org\/{rel}","templated":true}]}}