{"id":14621,"date":"2025-01-04T19:36:32","date_gmt":"2025-01-04T18:36:32","guid":{"rendered":"https:\/\/rakosliget.hu\/wordpress\/?page_id=14621"},"modified":"2025-03-14T03:46:59","modified_gmt":"2025-03-14T02:46:59","slug":"rue-1925","status":"publish","type":"page","link":"https:\/\/rakosliget.hu\/wordpress\/index.php\/rue-1925\/","title":{"rendered":"RUE 1925"},"content":{"rendered":"\n<p><a href=\"https:\/\/rakosliget.hu\/wordpress\/index.php\/rakosligeti-uszo-egylet-rue\/\">Vissza az \u00dasz\u00e1s lapra<\/a><\/p>\n\n\n<div class=\"wp-block-image\">\n<figure class=\"aligncenter size-full\"><img loading=\"lazy\" decoding=\"async\" width=\"744\" height=\"361\" src=\"https:\/\/rakosliget.hu\/wordpress\/wp-content\/uploads\/2025\/03\/Zuber-Ferenc-szerk.-Magyar-sport-almanach-1925-Budapest-1926-421.-oldal-2.jpg\" alt=\"\" class=\"wp-image-16913\" srcset=\"https:\/\/rakosliget.hu\/wordpress\/wp-content\/uploads\/2025\/03\/Zuber-Ferenc-szerk.-Magyar-sport-almanach-1925-Budapest-1926-421.-oldal-2.jpg 744w, https:\/\/rakosliget.hu\/wordpress\/wp-content\/uploads\/2025\/03\/Zuber-Ferenc-szerk.-Magyar-sport-almanach-1925-Budapest-1926-421.-oldal-2-300x146.jpg 300w\" sizes=\"auto, (max-width: 744px) 100vw, 744px\" \/><figcaption class=\"wp-element-caption\">Zuber Ferenc (szerk.) Magyar sport-almanach 1925 (Budapest, 1926) 421. oldal <\/figcaption><\/figure>\n<\/div>\n\n<div class=\"wp-block-image\">\n<figure class=\"aligncenter size-large\"><img loading=\"lazy\" decoding=\"async\" width=\"308\" height=\"1024\" src=\"https:\/\/rakosliget.hu\/wordpress\/wp-content\/uploads\/2024\/12\/1925_07_27_-7-oldal-uszas-2-308x1024.jpg\" alt=\"\" class=\"wp-image-14272\" srcset=\"https:\/\/rakosliget.hu\/wordpress\/wp-content\/uploads\/2024\/12\/1925_07_27_-7-oldal-uszas-2-308x1024.jpg 308w, https:\/\/rakosliget.hu\/wordpress\/wp-content\/uploads\/2024\/12\/1925_07_27_-7-oldal-uszas-2-90x300.jpg 90w, https:\/\/rakosliget.hu\/wordpress\/wp-content\/uploads\/2024\/12\/1925_07_27_-7-oldal-uszas-2.jpg 684w\" sizes=\"auto, (max-width: 308px) 100vw, 308px\" \/><figcaption class=\"wp-element-caption\">Nemzeti Sport 1925. 07. 27. 7. oldal <\/figcaption><\/figure>\n<\/div>\n\n\n<figure class=\"wp-block-image size-full\"><img loading=\"lazy\" decoding=\"async\" width=\"716\" height=\"913\" src=\"https:\/\/rakosliget.hu\/wordpress\/wp-content\/uploads\/2024\/12\/1925_08_01_-1-oldal-uszas.jpg\" alt=\"\" class=\"wp-image-14275\" srcset=\"https:\/\/rakosliget.hu\/wordpress\/wp-content\/uploads\/2024\/12\/1925_08_01_-1-oldal-uszas.jpg 716w, https:\/\/rakosliget.hu\/wordpress\/wp-content\/uploads\/2024\/12\/1925_08_01_-1-oldal-uszas-235x300.jpg 235w\" sizes=\"auto, (max-width: 716px) 100vw, 716px\" \/><figcaption class=\"wp-element-caption\">Nemzeti Sport 1925. 08. 01. 1. oldal <\/figcaption><\/figure>\n\n\n<div class=\"wp-block-image\">\n<figure class=\"aligncenter size-large\"><img loading=\"lazy\" decoding=\"async\" width=\"371\" height=\"1024\" src=\"https:\/\/rakosliget.hu\/wordpress\/wp-content\/uploads\/2024\/12\/1925_09_03_-6-oldal-uszas-371x1024.jpg\" alt=\"\" class=\"wp-image-14281\" srcset=\"https:\/\/rakosliget.hu\/wordpress\/wp-content\/uploads\/2024\/12\/1925_09_03_-6-oldal-uszas-371x1024.jpg 371w, https:\/\/rakosliget.hu\/wordpress\/wp-content\/uploads\/2024\/12\/1925_09_03_-6-oldal-uszas-109x300.jpg 109w, https:\/\/rakosliget.hu\/wordpress\/wp-content\/uploads\/2024\/12\/1925_09_03_-6-oldal-uszas-768x2119.jpg 768w, https:\/\/rakosliget.hu\/wordpress\/wp-content\/uploads\/2024\/12\/1925_09_03_-6-oldal-uszas-557x1536.jpg 557w, https:\/\/rakosliget.hu\/wordpress\/wp-content\/uploads\/2024\/12\/1925_09_03_-6-oldal-uszas-742x2048.jpg 742w, https:\/\/rakosliget.hu\/wordpress\/wp-content\/uploads\/2024\/12\/1925_09_03_-6-oldal-uszas.jpg 769w\" sizes=\"auto, (max-width: 371px) 100vw, 371px\" \/><figcaption class=\"wp-element-caption\">Nemzeti Sport 1925. 09. 03. 6. oldal <\/figcaption><\/figure>\n<\/div>\n\n<div class=\"wp-block-image\">\n<figure class=\"aligncenter size-large\"><a href=\"http:\/\/rakosliget.hu\/wordpress\/wp-content\/uploads\/2020\/11\/1925-augusztus-1-uszoverseny.jpg\"><img loading=\"lazy\" decoding=\"async\" width=\"529\" height=\"364\" src=\"http:\/\/rakosliget.hu\/wordpress\/wp-content\/uploads\/2020\/11\/1925-augusztus-1-uszoverseny.jpg\" alt=\"\" class=\"wp-image-6117\" srcset=\"https:\/\/rakosliget.hu\/wordpress\/wp-content\/uploads\/2020\/11\/1925-augusztus-1-uszoverseny.jpg 529w, https:\/\/rakosliget.hu\/wordpress\/wp-content\/uploads\/2020\/11\/1925-augusztus-1-uszoverseny-300x206.jpg 300w\" sizes=\"auto, (max-width: 529px) 100vw, 529px\" \/><\/a><figcaption class=\"wp-element-caption\">1925. augusztus 1. Az Ujs\u00e1g<\/figcaption><\/figure>\n<\/div>\n\n<div class=\"wp-block-image\">\n<figure class=\"aligncenter size-large\"><img loading=\"lazy\" decoding=\"async\" width=\"628\" height=\"183\" src=\"http:\/\/rakosliget.hu\/wordpress\/wp-content\/uploads\/2020\/01\/RUE-1925.jpg\" alt=\"\" class=\"wp-image-4074\" srcset=\"https:\/\/rakosliget.hu\/wordpress\/wp-content\/uploads\/2020\/01\/RUE-1925.jpg 628w, https:\/\/rakosliget.hu\/wordpress\/wp-content\/uploads\/2020\/01\/RUE-1925-300x87.jpg 300w\" sizes=\"auto, (max-width: 628px) 100vw, 628px\" \/><figcaption class=\"wp-element-caption\">R\u00e1kos Vid\u00e9ke 1925. augusztus 2. <\/figcaption><\/figure>\n<\/div>\n\n\n<p><a href=\"https:\/\/rakosliget.hu\/wordpress\/index.php\/rakosligeti-uszo-egylet-rue\/\">Vissza az \u00dasz\u00e1s lapra<\/a><\/p>\n","protected":false},"excerpt":{"rendered":"<p>Vissza az \u00dasz\u00e1s lapra Vissza az \u00dasz\u00e1s lapra<\/p>\n","protected":false},"author":1,"featured_media":0,"parent":0,"menu_order":0,"comment_status":"closed","ping_status":"closed","template":"","meta":{"footnotes":""},"class_list":["post-14621","page","type-page","status-publish","hentry"],"_links":{"self":[{"href":"https:\/\/rakosliget.hu\/wordpress\/index.php\/wp-json\/wp\/v2\/pages\/14621","targetHints":{"allow":["GET"]}}],"collection":[{"href":"https:\/\/rakosliget.hu\/wordpress\/index.php\/wp-json\/wp\/v2\/pages"}],"about":[{"href":"https:\/\/rakosliget.hu\/wordpress\/index.php\/wp-json\/wp\/v2\/types\/page"}],"author":[{"embeddable":true,"href":"https:\/\/rakosliget.hu\/wordpress\/index.php\/wp-json\/wp\/v2\/users\/1"}],"replies":[{"embeddable":true,"href":"https:\/\/rakosliget.hu\/wordpress\/index.php\/wp-json\/wp\/v2\/comments?post=14621"}],"version-history":[{"count":4,"href":"https:\/\/rakosliget.hu\/wordpress\/index.php\/wp-json\/wp\/v2\/pages\/14621\/revisions"}],"predecessor-version":[{"id":16915,"href":"https:\/\/rakosliget.hu\/wordpress\/index.php\/wp-json\/wp\/v2\/pages\/14621\/revisions\/16915"}],"wp:attachment":[{"href":"https:\/\/rakosliget.hu\/wordpress\/index.php\/wp-json\/wp\/v2\/media?parent=14621"}],"curies":[{"name":"wp","href":"https:\/\/api.w.org\/{rel}","templated":true}]}}